{"id":3299,"date":"2024-11-12T11:16:17","date_gmt":"2024-11-12T05:46:17","guid":{"rendered":"https:\/\/nongnoochtickets.com\/?post_type=product&#038;p=3299"},"modified":"2024-12-17T20:19:37","modified_gmt":"2024-12-17T14:49:37","slug":"ingresso-para-o-jardim-tropical-nong-nooch-show-compartilhado-traslados-de-ida-e-volta-do-hotel","status":"publish","type":"product","link":"https:\/\/nongnoochtickets.com\/pt\/ingressos\/ingresso-para-o-jardim-tropical-nong-nooch-show-compartilhado-traslados-de-ida-e-volta-do-hotel\/","title":{"rendered":"Ingresso para o Jardim Tropical Nong Nooch + Show + Traslados compartilhados de ida e volta do hotel"},"content":{"rendered":"<h2>Sobre o Jardim Tropical Nong Nooch \u2013 Ingresso + Show + Traslados compartilhados de ida e volta do hotel<\/h2>\n<p>O <strong>Ingresso + Show + Traslados compartilhados de ida e volta do hotel<\/strong> O pacote oferece uma experi\u00eancia conveniente e envolvente em <strong>Jardim Tropical Nong Nooch<\/strong>. Com este pacote, os visitantes desfrutam de transporte sem complica\u00e7\u00f5es de seu hotel em Pattaya, entrada no jardim e acesso a dois shows emocionantes - o <strong>Show Cultural Tailand\u00eas<\/strong> e o <strong>Show de elefantes<\/strong>. Esta \u00e9 uma op\u00e7\u00e3o ideal para quem busca uma experi\u00eancia cultural sem estresse, com a conveni\u00eancia adicional de traslados de ida e volta compartilhados.<\/p>\n<hr \/>\n<h3>Hor\u00e1rios<\/h3>\n<ul>\n<li><strong>Hor\u00e1rio do Jardim<\/strong>: 08:00 AM \u2013 06:00 PM, diariamente.<\/li>\n<li><strong>Hor\u00e1rios dos shows<\/strong>: Quatro rodadas di\u00e1rias \u00e0s 10h30, 11h30, 13h30 e 15h30 (Show Cultural Tailand\u00eas + Show de Elefantes).<\/li>\n<li><strong>Transfer\u00eancia Pick-Up<\/strong>: Os hor\u00e1rios de retirada variam; confirme seu hor\u00e1rio espec\u00edfico de retirada ap\u00f3s a reserva.<\/li>\n<\/ul>\n<hr \/>\n<h3>Destaques<\/h3>\n<ul>\n<li><strong>Traslados de ida e volta<\/strong>: Aproveite traslados confort\u00e1veis e compartilhados do seu hotel em Pattaya para o Jardim Tropical Nong Nooch e vice-versa.<\/li>\n<li><strong>Shows Cativantes<\/strong>: Assista ao Show Cultural Tailand\u00eas, com apresenta\u00e7\u00f5es de m\u00fasica e dan\u00e7a tradicionais, e ao Show dos Elefantes, com truques e apresenta\u00e7\u00f5es divertidas.<\/li>\n<li><strong>Experi\u00eancia sem estresse<\/strong>: Concentre-se em aproveitar o seu dia sem se preocupar com transporte ou log\u00edstica.<\/li>\n<li><strong>Perfeito para entusiastas da cultura<\/strong>: Experimente as tradi\u00e7\u00f5es vibrantes e a rica heran\u00e7a da Tail\u00e2ndia em um dos cen\u00e1rios mais pitorescos do pa\u00eds.<\/li>\n<\/ul>\n<hr \/>\n<h3>O que est\u00e1 inclu\u00eddo<\/h3>\n<ul>\n<li><strong>Admiss\u00e3o<\/strong> para o Jardim Tropical Nong Nooch.<\/li>\n<li><strong>Traslados compartilhados de ida e volta do hotel<\/strong> dentro de Pattaya.<\/li>\n<li><strong>Acesso ao Show Cultural Tailand\u00eas<\/strong> e <strong>Show de elefantes<\/strong> com assentos padr\u00e3o.<\/li>\n<\/ul>\n<hr \/>\n<h3>Inclus\u00f5es \/ Exclus\u00f5es<\/h3>\n<p><strong>Inclus\u00f5es<\/strong>:<\/p>\n<ul>\n<li>Entrada para o jardim.<\/li>\n<li>Traslados compartilhados de ida e volta de hot\u00e9is em Pattaya.<\/li>\n<li>Entrada para o Show Cultural Tailand\u00eas e o Show de Elefantes.<\/li>\n<\/ul>\n<p><strong>Exclus\u00f5es<\/strong>:<\/p>\n<ul>\n<li>Almo\u00e7o em estilo buf\u00ea ou outras op\u00e7\u00f5es de refei\u00e7\u00f5es (dispon\u00edveis como complemento).<\/li>\n<li>Assentos VIP para shows (dispon\u00edveis com certos upgrades de ingressos).<\/li>\n<li>Atividades ou experi\u00eancias adicionais fora das ofertas do pacote.<\/li>\n<\/ul>\n<hr \/>\n<h3>Pol\u00edtica da Crian\u00e7a<\/h3>\n<ul>\n<li><strong>Elegibilidade para ingresso infantil<\/strong>: Crian\u00e7as entre 90 e 130 cm de altura se qualificam para o pre\u00e7o infantil.<\/li>\n<li><strong>Admiss\u00e3o de beb\u00eas<\/strong>:Crian\u00e7as menores de 90 cm n\u00e3o pagam.<\/li>\n<\/ul>\n<hr \/>\n<h3>Pol\u00edtica de Reembolso e Cancelamento<\/h3>\n<ul>\n<li><strong>Sem Reembolsos<\/strong>: Este pacote n\u00e3o \u00e9 reembols\u00e1vel nem cancel\u00e1vel.<\/li>\n<li><strong>Reagendamento<\/strong>: O reagendamento pode estar dispon\u00edvel com aviso pr\u00e9vio de 48 horas para pacotes com traslados compartilhados, sujeito \u00e0 disponibilidade.<\/li>\n<\/ul>\n<hr \/>\n<h3>O que mais?<\/h3>\n<ul>\n<li><strong>Jornada sem emendas<\/strong>: O traslado compartilhado garante uma experi\u00eancia conveniente e sem preocupa\u00e7\u00f5es, com embarque e desembarque no seu hotel.<\/li>\n<li><strong>Shows culturais ricos<\/strong>: Aproveite o melhor da tradi\u00e7\u00e3o tailandesa com o Show Cultural Tailand\u00eas e o Show de Elefantes, projetados para entreter e educar.<\/li>\n<li><strong>Ideal para todas as idades<\/strong>: Este pacote \u00e9 adequado para fam\u00edlias e para visitantes de todas as idades, especialmente aqueles que buscam um passeio relaxante e enriquecedor.<\/li>\n<\/ul>\n<hr \/>\n<h3>Dicas privilegiadas<\/h3>\n<ul>\n<li><strong>Planeje os hor\u00e1rios dos shows<\/strong>:Coordene sua visita e traslados de acordo com os hor\u00e1rios dos shows para aproveitar ao m\u00e1ximo seu dia.<\/li>\n<li><strong>Traga o essencial<\/strong>: Leve uma c\u00e2mera, \u00e1gua e cal\u00e7ados confort\u00e1veis para aproveitar ao m\u00e1ximo o jardim e os shows.<\/li>\n<li><strong>Esteja pronto para a coleta<\/strong>: Certifique-se de estar pronto no lobby do seu hotel no hor\u00e1rio designado para come\u00e7ar sua viagem com tranquilidade.<\/li>\n<\/ul>\n<hr \/>\n<h3>O que fazer e o que n\u00e3o fazer<\/h3>\n<p><strong>O que fazer<\/strong>:<\/p>\n<ul>\n<li>Leve um documento de identifica\u00e7\u00e3o v\u00e1lido com foto para verifica\u00e7\u00e3o de entrada.<\/li>\n<li>Chegue ao local do show alguns minutos antes para garantir bons assentos.<\/li>\n<li>Vista-se confortavelmente, pois as \u00e1reas do jardim podem exigir alguma caminhada.<\/li>\n<\/ul>\n<p><strong>N\u00e3o fa\u00e7a<\/strong>:<\/p>\n<ul>\n<li>Evite trazer comidas e bebidas de fora, pois h\u00e1 op\u00e7\u00f5es de refei\u00e7\u00f5es no local.<\/li>\n<li>N\u00e3o interrompa os shows usando flash ou fazendo barulhos altos.<\/li>\n<\/ul>\n<hr \/>\n<h3>Saiba antes de ir<\/h3>\n<ul>\n<li><strong>Requisito de identifica\u00e7\u00e3o<\/strong>: Os estrangeiros devem portar o passaporte como prova de identidade.<\/li>\n<li><strong>Prepara\u00e7\u00e3o para o clima<\/strong>: O Jardim Tropical Nong Nooch permanece aberto durante chuvas leves, ent\u00e3o traga um guarda-chuva ou capa de chuva, se necess\u00e1rio.<\/li>\n<li><strong>Coordena\u00e7\u00e3o de tempo de exibi\u00e7\u00e3o<\/strong>: Planeje comparecer a um dos hor\u00e1rios de exibi\u00e7\u00e3o programados (10h30, 11h30, 13h30 ou 15h30) para aproveitar ao m\u00e1ximo sua visita.<\/li>\n<\/ul>\n<hr \/>\n<h3>Endere\u00e7o, Mapas e Localiza\u00e7\u00e3o<\/h3>\n<ul>\n<li><strong>Endere\u00e7o<\/strong>: 34\/1 Sukhumvit Road, Na Chom Thian, distrito de Sattahip, Chon Buri 20250, Tail\u00e2ndia<\/li>\n<li><strong>Localiza\u00e7\u00e3o do Google Maps<\/strong>: <a href=\"https:\/\/maps.app.goo.gl\/AwWepSfe6DdhvcTr8\" target=\"_new\" rel=\"noopener\">Localiza\u00e7\u00e3o do Jardim Tropical Nong Nooch<\/a><\/li>\n<\/ul>\n<hr \/>\n<h3>Como chegar<\/h3>\n<ul>\n<li><strong>Transfer\u00eancias Compartilhadas Inclu\u00eddas<\/strong>: Traslados compartilhados de ida e volta dos hot\u00e9is de Pattaya est\u00e3o inclu\u00eddos neste pacote para m\u00e1xima conveni\u00eancia.<\/li>\n<li><strong>Transporte Pessoal<\/strong>:Para aqueles que n\u00e3o usam traslados compartilhados, Nong Nooch fica a aproximadamente 20 minutos de carro do centro de Pattaya.<\/li>\n<\/ul>\n<hr \/>\n<h3>Perguntas Frequentes (FAQs)<\/h3>\n<p><strong>1. O que o pacote Ingresso + Show + Traslados Compartilhados de Ida e Volta ao Hotel inclui?<\/strong><br \/>\nEste pacote inclui entrada no jardim, traslados compartilhados de ida e volta do seu hotel em Pattaya e acesso ao Show Cultural Tailand\u00eas e ao Show de Elefantes.<\/p>\n<p><strong>2. As transfer\u00eancias s\u00e3o privadas ou compartilhadas?<\/strong><br \/>\nEste pacote inclui transfer\u00eancias compartilhadas. Transfer\u00eancias privadas podem estar dispon\u00edveis por um custo adicional.<\/p>\n<p><strong>3. Posso fazer upgrade dos meus assentos para os shows?<\/strong><br \/>\nAssentos VIP podem estar dispon\u00edveis no local por uma taxa adicional, dependendo da disponibilidade.<\/p>\n<p><strong>4. Existe um hor\u00e1rio espec\u00edfico para retirada dos traslados?<\/strong><br \/>\nO hor\u00e1rio de busca ser\u00e1 confirmado ap\u00f3s a reserva, com base na localiza\u00e7\u00e3o do seu hotel e no hor\u00e1rio do show escolhido.<\/p>\n<p><strong>5. Posso trazer minha pr\u00f3pria comida e bebida?<\/strong><br \/>\nN\u00e3o s\u00e3o permitidas bebidas e alimentos de fora, mas h\u00e1 diversas op\u00e7\u00f5es de restaurantes dispon\u00edveis no local.<\/p>\n<p><strong>6. Quanto tempo duram os shows?<\/strong><br \/>\nCada show dura aproximadamente 20 a 30 minutos, oferecendo uma vis\u00e3o concisa e envolvente da cultura e do entretenimento tailandeses.<\/p>\n<p><strong>7. Os shows s\u00e3o adequados para crian\u00e7as?<\/strong><br \/>\nSim, tanto o Show Cultural Tailand\u00eas quanto o Show dos Elefantes s\u00e3o adequados para toda a fam\u00edlia e para todas as idades.<\/p>\n<p><strong>8. O que devo vestir?<\/strong><br \/>\nUse roupas e cal\u00e7ados confort\u00e1veis, adequados para caminhar e explorar o jardim.<\/p>\n<p>O <strong>Ingresso + Show + Traslados compartilhados de ida e volta do hotel<\/strong> O pacote oferece uma maneira confort\u00e1vel, conveniente e enriquecedora de vivenciar <a href=\"https:\/\/nongnoochtickets.com\/pt\/\">Jardim Tropical Nong Nooch<\/a>belas paisagens e apresenta\u00e7\u00f5es culturais, perfeitas para visitantes que querem um dia sem complica\u00e7\u00f5es imersos na beleza natural e cultural da Tail\u00e2ndia.<\/p>","protected":false},"excerpt":{"rendered":"<p>About Nong Nooch Tropical Garden \u2013 Admission Ticket + Show + Shared Round-Trip Hotel Transfers The Admission Ticket + Show + Shared Round-Trip Hotel Transfers package offers a convenient and immersive experience at Nong Nooch Tropical Garden. With this package, visitors enjoy hassle-free transportation from their hotel in Pattaya, admission to the garden, and access [&hellip;]<\/p>\n","protected":false},"featured_media":3169,"template":"","meta":{"ocean_post_layout":"","ocean_both_sidebars_style":"","ocean_both_sidebars_content_width":0,"ocean_both_sidebars_sidebars_width":0,"ocean_sidebar":"0","ocean_second_sidebar":"0","ocean_disable_margins":"enable","ocean_add_body_class":"","ocean_shortcode_before_top_bar":"","ocean_shortcode_after_top_bar":"","ocean_shortcode_before_header":"","ocean_shortcode_after_header":"","ocean_has_shortcode":"","ocean_shortcode_after_title":"","ocean_shortcode_before_footer_widgets":"","ocean_shortcode_after_footer_widgets":"","ocean_shortcode_before_footer_bottom":"","ocean_shortcode_after_footer_bottom":"","ocean_display_top_bar":"default","ocean_display_header":"default","ocean_header_style":"","ocean_center_header_left_menu":"0","ocean_custom_header_template":"0","ocean_custom_logo":0,"ocean_custom_retina_logo":0,"ocean_custom_logo_max_width":0,"ocean_custom_logo_tablet_max_width":0,"ocean_custom_logo_mobile_max_width":0,"ocean_custom_logo_max_height":0,"ocean_custom_logo_tablet_max_height":0,"ocean_custom_logo_mobile_max_height":0,"ocean_header_custom_menu":"0","ocean_menu_typo_font_family":"0","ocean_menu_typo_font_subset":"","ocean_menu_typo_font_size":0,"ocean_menu_typo_font_size_tablet":0,"ocean_menu_typo_font_size_mobile":0,"ocean_menu_typo_font_size_unit":"px","ocean_menu_typo_font_weight":"","ocean_menu_typo_font_weight_tablet":"","ocean_menu_typo_font_weight_mobile":"","ocean_menu_typo_transform":"","ocean_menu_typo_transform_tablet":"","ocean_menu_typo_transform_mobile":"","ocean_menu_typo_line_height":0,"ocean_menu_typo_line_height_tablet":0,"ocean_menu_typo_line_height_mobile":0,"ocean_menu_typo_line_height_unit":"","ocean_menu_typo_spacing":0,"ocean_menu_typo_spacing_tablet":0,"ocean_menu_typo_spacing_mobile":0,"ocean_menu_typo_spacing_unit":"","ocean_menu_link_color":"","ocean_menu_link_color_hover":"","ocean_menu_link_color_active":"","ocean_menu_link_background":"","ocean_menu_link_hover_background":"","ocean_menu_link_active_background":"","ocean_menu_social_links_bg":"","ocean_menu_social_hover_links_bg":"","ocean_menu_social_links_color":"","ocean_menu_social_hover_links_color":"","ocean_disable_title":"default","ocean_disable_heading":"default","ocean_post_title":"","ocean_post_subheading":"","ocean_post_title_style":"","ocean_post_title_background_color":"","ocean_post_title_background":0,"ocean_post_title_bg_image_position":"","ocean_post_title_bg_image_attachment":"","ocean_post_title_bg_image_repeat":"","ocean_post_title_bg_image_size":"","ocean_post_title_height":0,"ocean_post_title_bg_overlay":0.5,"ocean_post_title_bg_overlay_color":"","ocean_disable_breadcrumbs":"default","ocean_breadcrumbs_color":"","ocean_breadcrumbs_separator_color":"","ocean_breadcrumbs_links_color":"","ocean_breadcrumbs_links_hover_color":"","ocean_display_footer_widgets":"default","ocean_display_footer_bottom":"default","ocean_custom_footer_template":"0"},"product_brand":[],"product_cat":[20],"product_tag":[472,517,514,478,446,515,473,512,471,498,475,501,516,513],"class_list":{"0":"post-3299","1":"product","2":"type-product","3":"status-publish","4":"has-post-thumbnail","6":"product_cat-tickets","7":"product_tag-nong-nooch-admission-show","8":"product_tag-nong-nooch-combo","9":"product_tag-nong-nooch-entry-transfer","10":"product_tag-nong-nooch-event-ticket","11":"product_tag-nong-nooch-garden-thailand","12":"product_tag-nong-nooch-hotel-transfer","13":"product_tag-nong-nooch-performance","14":"product_tag-nong-nooch-shared-transfer","15":"product_tag-nong-nooch-show-ticket","16":"product_tag-nong-nooch-thailand-tour","17":"product_tag-nong-nooch-tickets","18":"product_tag-nong-nooch-tickets-combo","19":"product_tag-nong-nooch-transfer-package","20":"product_tag-nong-nooch-transport-package","22":"entry","23":"has-media","24":"tm-has-options","26":"first","27":"instock","28":"virtual","29":"taxable","30":"purchasable","31":"product-type-simple","32":"has-product-nav","33":"col","34":"span_1_of_3","35":"owp-content-center","36":"owp-thumbs-layout-horizontal","37":"owp-btn-normal","38":"owp-tabs-layout-horizontal"},"yoast_head":"<!-- This site is optimized with the Yoast SEO plugin v27.5 - https:\/\/yoast.com\/product\/yoast-seo-wordpress\/ -->\n<title>Book Nong Nooch Entry, Show And Transfers \u2013 Hassle-Free Tour<\/title>\n<meta name=\"description\" content=\"Enjoy Nong Nooch Admission, A Captivating Show, And Convenient Shared Hotel Transfers. Experience The Best, Stress-Free! Book Your Tickets Now.\" \/>\n<meta name=\"robots\" content=\"index, follow, max-snippet:-1, max-image-preview:large, max-video-preview:-1\" \/>\n<link rel=\"canonical\" href=\"https:\/\/nongnoochtickets.com\/pt\/ingressos\/ingresso-para-o-jardim-tropical-nong-nooch-show-compartilhado-traslados-de-ida-e-volta-do-hotel\/\" \/>\n<meta property=\"og:locale\" content=\"pt_PT\" \/>\n<meta property=\"og:type\" content=\"article\" \/>\n<meta property=\"og:title\" content=\"Book Nong Nooch Entry, Show And Transfers \u2013 Hassle-Free Tour\" \/>\n<meta property=\"og:description\" content=\"Enjoy Nong Nooch Admission, A Captivating Show, And Convenient Shared Hotel Transfers. Experience The Best, Stress-Free! Book Your Tickets Now.\" \/>\n<meta property=\"og:url\" content=\"https:\/\/nongnoochtickets.com\/pt\/ingressos\/ingresso-para-o-jardim-tropical-nong-nooch-show-compartilhado-traslados-de-ida-e-volta-do-hotel\/\" \/>\n<meta property=\"og:site_name\" content=\"Nong Nooch Tropical Garden\" \/>\n<meta property=\"article:modified_time\" content=\"2024-12-17T14:49:37+00:00\" \/>\n<meta name=\"twitter:card\" content=\"summary_large_image\" \/>\n<meta name=\"twitter:label1\" content=\"Tempo estimado de leitura\" \/>\n\t<meta name=\"twitter:data1\" content=\"5 minutos\" \/>\n<script type=\"application\/ld+json\" class=\"yoast-schema-graph\">{\"@context\":\"https:\\\/\\\/schema.org\",\"@graph\":[{\"@type\":\"WebPage\",\"@id\":\"https:\\\/\\\/nongnoochtickets.com\\\/tickets\\\/nong-nooch-tropical-garden-admission-ticket-show-shared-round-trip-hotel-transfers\\\/\",\"url\":\"https:\\\/\\\/nongnoochtickets.com\\\/tickets\\\/nong-nooch-tropical-garden-admission-ticket-show-shared-round-trip-hotel-transfers\\\/\",\"name\":\"Book Nong Nooch Entry, Show And Transfers \u2013 Hassle-Free Tour\",\"isPartOf\":{\"@id\":\"https:\\\/\\\/nongnoochtickets.com\\\/#website\"},\"primaryImageOfPage\":{\"@id\":\"https:\\\/\\\/nongnoochtickets.com\\\/tickets\\\/nong-nooch-tropical-garden-admission-ticket-show-shared-round-trip-hotel-transfers\\\/#primaryimage\"},\"image\":{\"@id\":\"https:\\\/\\\/nongnoochtickets.com\\\/tickets\\\/nong-nooch-tropical-garden-admission-ticket-show-shared-round-trip-hotel-transfers\\\/#primaryimage\"},\"thumbnailUrl\":\"https:\\\/\\\/nongnoochtickets.com\\\/wp-content\\\/uploads\\\/2024\\\/11\\\/Nong-Nooch-Tropical-Garden.avif\",\"datePublished\":\"2024-11-12T05:46:17+00:00\",\"dateModified\":\"2024-12-17T14:49:37+00:00\",\"description\":\"Enjoy Nong Nooch Admission, A Captivating Show, And Convenient Shared Hotel Transfers. Experience The Best, Stress-Free! Book Your Tickets Now.\",\"breadcrumb\":{\"@id\":\"https:\\\/\\\/nongnoochtickets.com\\\/tickets\\\/nong-nooch-tropical-garden-admission-ticket-show-shared-round-trip-hotel-transfers\\\/#breadcrumb\"},\"inLanguage\":\"pt-PT\",\"potentialAction\":[{\"@type\":\"ReadAction\",\"target\":[\"https:\\\/\\\/nongnoochtickets.com\\\/tickets\\\/nong-nooch-tropical-garden-admission-ticket-show-shared-round-trip-hotel-transfers\\\/\"]}]},{\"@type\":\"ImageObject\",\"inLanguage\":\"pt-PT\",\"@id\":\"https:\\\/\\\/nongnoochtickets.com\\\/tickets\\\/nong-nooch-tropical-garden-admission-ticket-show-shared-round-trip-hotel-transfers\\\/#primaryimage\",\"url\":\"https:\\\/\\\/nongnoochtickets.com\\\/wp-content\\\/uploads\\\/2024\\\/11\\\/Nong-Nooch-Tropical-Garden.avif\",\"contentUrl\":\"https:\\\/\\\/nongnoochtickets.com\\\/wp-content\\\/uploads\\\/2024\\\/11\\\/Nong-Nooch-Tropical-Garden.avif\",\"width\":1058,\"height\":540,\"caption\":\"Nong Nooch Tropical Garden\"},{\"@type\":\"BreadcrumbList\",\"@id\":\"https:\\\/\\\/nongnoochtickets.com\\\/tickets\\\/nong-nooch-tropical-garden-admission-ticket-show-shared-round-trip-hotel-transfers\\\/#breadcrumb\",\"itemListElement\":[{\"@type\":\"ListItem\",\"position\":1,\"name\":\"Home\",\"item\":\"https:\\\/\\\/nongnoochtickets.com\\\/\"},{\"@type\":\"ListItem\",\"position\":2,\"name\":\"Tickets\",\"item\":\"https:\\\/\\\/nongnoochtickets.com\\\/tickets\\\/\"},{\"@type\":\"ListItem\",\"position\":3,\"name\":\"Nong Nooch Tropical Garden Admission Ticket + Show + Shared Round-Trip Hotel Transfers\"}]},{\"@type\":\"WebSite\",\"@id\":\"https:\\\/\\\/nongnoochtickets.com\\\/#website\",\"url\":\"https:\\\/\\\/nongnoochtickets.com\\\/\",\"name\":\"Nong Nooch Tropical Garden\",\"description\":\"\",\"publisher\":{\"@id\":\"https:\\\/\\\/nongnoochtickets.com\\\/#organization\"},\"potentialAction\":[{\"@type\":\"SearchAction\",\"target\":{\"@type\":\"EntryPoint\",\"urlTemplate\":\"https:\\\/\\\/nongnoochtickets.com\\\/?s={search_term_string}\"},\"query-input\":{\"@type\":\"PropertyValueSpecification\",\"valueRequired\":true,\"valueName\":\"search_term_string\"}}],\"inLanguage\":\"pt-PT\"},{\"@type\":\"Organization\",\"@id\":\"https:\\\/\\\/nongnoochtickets.com\\\/#organization\",\"name\":\"Nong Nooch Tropical Garden\",\"url\":\"https:\\\/\\\/nongnoochtickets.com\\\/\",\"logo\":{\"@type\":\"ImageObject\",\"inLanguage\":\"pt-PT\",\"@id\":\"https:\\\/\\\/nongnoochtickets.com\\\/#\\\/schema\\\/logo\\\/image\\\/\",\"url\":\"https:\\\/\\\/nongnoochtickets.com\\\/wp-content\\\/uploads\\\/2024\\\/08\\\/Nong-Nooch-Tropical-Garden.png\",\"contentUrl\":\"https:\\\/\\\/nongnoochtickets.com\\\/wp-content\\\/uploads\\\/2024\\\/08\\\/Nong-Nooch-Tropical-Garden.png\",\"width\":350,\"height\":100,\"caption\":\"Nong Nooch Tropical Garden\"},\"image\":{\"@id\":\"https:\\\/\\\/nongnoochtickets.com\\\/#\\\/schema\\\/logo\\\/image\\\/\"}}]}<\/script>\n<!-- \/ Yoast SEO plugin. -->","yoast_head_json":{"title":"Reserve a entrada, o show e as transfer\u00eancias de Nong Nooch \u2013 Tour sem complica\u00e7\u00f5es","description":"Aproveite a entrada para Nong Nooch, um show cativante e traslados convenientes compartilhados de hotel. Experimente o melhor, sem estresse! Reserve seus ingressos agora.","robots":{"index":"index","follow":"follow","max-snippet":"max-snippet:-1","max-image-preview":"max-image-preview:large","max-video-preview":"max-video-preview:-1"},"canonical":"https:\/\/nongnoochtickets.com\/pt\/ingressos\/ingresso-para-o-jardim-tropical-nong-nooch-show-compartilhado-traslados-de-ida-e-volta-do-hotel\/","og_locale":"pt_PT","og_type":"article","og_title":"Book Nong Nooch Entry, Show And Transfers \u2013 Hassle-Free Tour","og_description":"Enjoy Nong Nooch Admission, A Captivating Show, And Convenient Shared Hotel Transfers. Experience The Best, Stress-Free! Book Your Tickets Now.","og_url":"https:\/\/nongnoochtickets.com\/pt\/ingressos\/ingresso-para-o-jardim-tropical-nong-nooch-show-compartilhado-traslados-de-ida-e-volta-do-hotel\/","og_site_name":"Nong Nooch Tropical Garden","article_modified_time":"2024-12-17T14:49:37+00:00","twitter_card":"summary_large_image","twitter_misc":{"Tempo estimado de leitura":"5 minutos"},"schema":{"@context":"https:\/\/schema.org","@graph":[{"@type":"WebPage","@id":"https:\/\/nongnoochtickets.com\/tickets\/nong-nooch-tropical-garden-admission-ticket-show-shared-round-trip-hotel-transfers\/","url":"https:\/\/nongnoochtickets.com\/tickets\/nong-nooch-tropical-garden-admission-ticket-show-shared-round-trip-hotel-transfers\/","name":"Reserve a entrada, o show e as transfer\u00eancias de Nong Nooch \u2013 Tour sem complica\u00e7\u00f5es","isPartOf":{"@id":"https:\/\/nongnoochtickets.com\/#website"},"primaryImageOfPage":{"@id":"https:\/\/nongnoochtickets.com\/tickets\/nong-nooch-tropical-garden-admission-ticket-show-shared-round-trip-hotel-transfers\/#primaryimage"},"image":{"@id":"https:\/\/nongnoochtickets.com\/tickets\/nong-nooch-tropical-garden-admission-ticket-show-shared-round-trip-hotel-transfers\/#primaryimage"},"thumbnailUrl":"https:\/\/nongnoochtickets.com\/wp-content\/uploads\/2024\/11\/Nong-Nooch-Tropical-Garden.avif","datePublished":"2024-11-12T05:46:17+00:00","dateModified":"2024-12-17T14:49:37+00:00","description":"Aproveite a entrada para Nong Nooch, um show cativante e traslados convenientes compartilhados de hotel. Experimente o melhor, sem estresse! Reserve seus ingressos agora.","breadcrumb":{"@id":"https:\/\/nongnoochtickets.com\/tickets\/nong-nooch-tropical-garden-admission-ticket-show-shared-round-trip-hotel-transfers\/#breadcrumb"},"inLanguage":"pt-PT","potentialAction":[{"@type":"ReadAction","target":["https:\/\/nongnoochtickets.com\/tickets\/nong-nooch-tropical-garden-admission-ticket-show-shared-round-trip-hotel-transfers\/"]}]},{"@type":"ImageObject","inLanguage":"pt-PT","@id":"https:\/\/nongnoochtickets.com\/tickets\/nong-nooch-tropical-garden-admission-ticket-show-shared-round-trip-hotel-transfers\/#primaryimage","url":"https:\/\/nongnoochtickets.com\/wp-content\/uploads\/2024\/11\/Nong-Nooch-Tropical-Garden.avif","contentUrl":"https:\/\/nongnoochtickets.com\/wp-content\/uploads\/2024\/11\/Nong-Nooch-Tropical-Garden.avif","width":1058,"height":540,"caption":"Nong Nooch Tropical Garden"},{"@type":"BreadcrumbList","@id":"https:\/\/nongnoochtickets.com\/tickets\/nong-nooch-tropical-garden-admission-ticket-show-shared-round-trip-hotel-transfers\/#breadcrumb","itemListElement":[{"@type":"ListItem","position":1,"name":"Home","item":"https:\/\/nongnoochtickets.com\/"},{"@type":"ListItem","position":2,"name":"Tickets","item":"https:\/\/nongnoochtickets.com\/tickets\/"},{"@type":"ListItem","position":3,"name":"Nong Nooch Tropical Garden Admission Ticket + Show + Shared Round-Trip Hotel Transfers"}]},{"@type":"WebSite","@id":"https:\/\/nongnoochtickets.com\/#website","url":"https:\/\/nongnoochtickets.com\/","name":"Jardim Tropical Nong Nooch","description":"","publisher":{"@id":"https:\/\/nongnoochtickets.com\/#organization"},"potentialAction":[{"@type":"SearchAction","target":{"@type":"EntryPoint","urlTemplate":"https:\/\/nongnoochtickets.com\/?s={search_term_string}"},"query-input":{"@type":"PropertyValueSpecification","valueRequired":true,"valueName":"search_term_string"}}],"inLanguage":"pt-PT"},{"@type":"Organization","@id":"https:\/\/nongnoochtickets.com\/#organization","name":"Jardim Tropical Nong Nooch","url":"https:\/\/nongnoochtickets.com\/","logo":{"@type":"ImageObject","inLanguage":"pt-PT","@id":"https:\/\/nongnoochtickets.com\/#\/schema\/logo\/image\/","url":"https:\/\/nongnoochtickets.com\/wp-content\/uploads\/2024\/08\/Nong-Nooch-Tropical-Garden.png","contentUrl":"https:\/\/nongnoochtickets.com\/wp-content\/uploads\/2024\/08\/Nong-Nooch-Tropical-Garden.png","width":350,"height":100,"caption":"Nong Nooch Tropical Garden"},"image":{"@id":"https:\/\/nongnoochtickets.com\/#\/schema\/logo\/image\/"}}]}},"jetpack_sharing_enabled":true,"_links":{"self":[{"href":"https:\/\/nongnoochtickets.com\/pt\/wp-json\/wp\/v2\/product\/3299","targetHints":{"allow":["GET"]}}],"collection":[{"href":"https:\/\/nongnoochtickets.com\/pt\/wp-json\/wp\/v2\/product"}],"about":[{"href":"https:\/\/nongnoochtickets.com\/pt\/wp-json\/wp\/v2\/types\/product"}],"wp:featuredmedia":[{"embeddable":true,"href":"https:\/\/nongnoochtickets.com\/pt\/wp-json\/wp\/v2\/media\/3169"}],"wp:attachment":[{"href":"https:\/\/nongnoochtickets.com\/pt\/wp-json\/wp\/v2\/media?parent=3299"}],"wp:term":[{"taxonomy":"product_brand","embeddable":true,"href":"https:\/\/nongnoochtickets.com\/pt\/wp-json\/wp\/v2\/product_brand?post=3299"},{"taxonomy":"product_cat","embeddable":true,"href":"https:\/\/nongnoochtickets.com\/pt\/wp-json\/wp\/v2\/product_cat?post=3299"},{"taxonomy":"product_tag","embeddable":true,"href":"https:\/\/nongnoochtickets.com\/pt\/wp-json\/wp\/v2\/product_tag?post=3299"}],"curies":[{"name":"wp","href":"https:\/\/api.w.org\/{rel}","templated":true}]}}