{"id":3298,"date":"2024-11-12T11:14:01","date_gmt":"2024-11-12T05:44:01","guid":{"rendered":"https:\/\/nongnoochtickets.com\/?post_type=product&#038;p=3298"},"modified":"2025-09-29T13:01:15","modified_gmt":"2025-09-29T07:31:15","slug":"ingresso-para-o-jardim-tropical-nong-nooch-onibus-turistico-buffet-almoco-show","status":"publish","type":"product","link":"https:\/\/nongnoochtickets.com\/pt\/ingressos\/ingresso-para-o-jardim-tropical-nong-nooch-onibus-turistico-buffet-almoco-show\/","title":{"rendered":"Ingresso para o Jardim Tropical Nong Nooch + \u00d4nibus tur\u00edstico + Almo\u00e7o buffet + Show"},"content":{"rendered":"<h2>Sobre o Jardim Tropical Nong Nooch \u2013 Ingresso + \u00d4nibus Tur\u00edstico + Almo\u00e7o Buffet + Show<\/h2>\n<p>O <strong>Ingresso + \u00d4nibus tur\u00edstico + Almo\u00e7o buffet + Show<\/strong> pacote em <strong>Jardim Tropical Nong Nooch<\/strong> proporciona a melhor experi\u00eancia, combinando acesso \u00e0s paisagens espetaculares do jardim, uma visita guiada <strong>\u00d4nibus tur\u00edstico<\/strong> passeio, uma del\u00edcia <strong>almo\u00e7o buffet<\/strong> com op\u00e7\u00f5es de culin\u00e1ria tailandesa, internacional e indiana, e acesso a duas vibrantes apresenta\u00e7\u00f5es culturais - o <strong>Show Cultural Tailand\u00eas<\/strong> e o <strong>Show de elefantes<\/strong>. Este pacote abrangente \u00e9 perfeito para visitantes que desejam aproveitar tudo o que Nong Nooch tem a oferecer em um \u00fanico dia, desde relaxamento e explora\u00e7\u00e3o at\u00e9 restaurantes e entretenimento.<\/p>\n<hr \/>\n<h3>Hor\u00e1rios<\/h3>\n<ul>\n<li><strong>Hor\u00e1rio do Jardim<\/strong>: 08:00 AM \u2013 06:00 PM, diariamente.<\/li>\n<li><strong>Hor\u00e1rio do Buffet de Almo\u00e7o<\/strong>: 11h30 \u2013 14h00.<\/li>\n<li><strong>Hor\u00e1rios dos shows<\/strong>: Quatro rodadas di\u00e1rias \u00e0s 10h30, 11h30, 13h30 e 15h30 (Show Cultural Tailand\u00eas + Show de Elefantes).<\/li>\n<li><strong>Passeios de \u00f4nibus tur\u00edsticos<\/strong>: Funciona durante todo o dia; verifique no local os hor\u00e1rios espec\u00edficos dos passeios.<\/li>\n<\/ul>\n<hr \/>\n<h3>Destaques<\/h3>\n<ul>\n<li><strong>Explora\u00e7\u00e3o completa do jardim<\/strong>: Pegue o \u00f4nibus tur\u00edstico para uma visita guiada a todas as \u00e1reas principais, incluindo o Jardim Franc\u00eas, o Vale dos Dinossauros e o Jardim de Cactos.<\/li>\n<li><strong>Shows culturais<\/strong>: Assista ao cativante Show Cultural Tailand\u00eas, com m\u00fasica e dan\u00e7a tradicionais, e ao emocionante Show dos Elefantes.<\/li>\n<li><strong>Almo\u00e7o Buffet<\/strong>: Delicie-se com um delicioso buf\u00ea com op\u00e7\u00f5es de culin\u00e1ria tailandesa, internacional e indiana, em uma \u00e1rea de jantar panor\u00e2mica no jardim.<\/li>\n<li><strong>Pacote tudo-em-um perfeito<\/strong>: Este pacote combina natureza, cultura e culin\u00e1ria para uma experi\u00eancia memor\u00e1vel de dia inteiro.<\/li>\n<\/ul>\n<hr \/>\n<h3>O que est\u00e1 inclu\u00eddo<\/h3>\n<ul>\n<li><strong>Admiss\u00e3o<\/strong> para o Jardim Tropical Nong Nooch.<\/li>\n<li><strong>\u00d4nibus tur\u00edstico<\/strong> passeio para f\u00e1cil explora\u00e7\u00e3o de todas as principais atra\u00e7\u00f5es.<\/li>\n<li><strong>Almo\u00e7o Buffet<\/strong> com uma variedade de pratos da culin\u00e1ria tailandesa, internacional e indiana.<\/li>\n<li><strong>Acesso ao Show Cultural Tailand\u00eas<\/strong> e <strong>Show de elefantes<\/strong> com assentos padr\u00e3o.<\/li>\n<\/ul>\n<hr \/>\n<h3>Inclus\u00f5es \/ Exclus\u00f5es<\/h3>\n<p><strong>Inclus\u00f5es<\/strong>:<\/p>\n<ul>\n<li>Entrada para o jardim.<\/li>\n<li>Passeio tur\u00edstico de \u00f4nibus.<\/li>\n<li>Almo\u00e7o buffet com diversas op\u00e7\u00f5es de culin\u00e1ria.<\/li>\n<li>Assentos padr\u00e3o para o Show Cultural Tailand\u00eas e o Show de Elefantes.<\/li>\n<\/ul>\n<p><strong>Exclus\u00f5es<\/strong>:<\/p>\n<ul>\n<li>Assentos VIP para shows (dispon\u00edveis com diferentes op\u00e7\u00f5es de ingressos).<\/li>\n<li>Transporte de ida e volta para o jardim (dispon\u00edvel como um complemento em pacotes selecionados).<\/li>\n<li>Compras adicionais, como lembran\u00e7as, lanches ou bebidas fora do buf\u00ea.<\/li>\n<\/ul>\n<hr \/>\n<h3>Pol\u00edtica da Crian\u00e7a<\/h3>\n<ul>\n<li><strong>Elegibilidade para ingresso infantil<\/strong>: Crian\u00e7as entre 90 e 130 cm de altura se qualificam para o pre\u00e7o infantil.<\/li>\n<li><strong>Admiss\u00e3o de beb\u00eas<\/strong>:Crian\u00e7as menores de 90 cm n\u00e3o pagam.<\/li>\n<\/ul>\n<hr \/>\n<h3>Pol\u00edtica de Reembolso e Cancelamento<\/h3>\n<ul>\n<li><strong>Sem Reembolsos<\/strong>: Este pacote n\u00e3o \u00e9 reembols\u00e1vel nem cancel\u00e1vel.<\/li>\n<li><strong>Reagendamento<\/strong>: O reagendamento pode ser poss\u00edvel com aviso pr\u00e9vio de 48 horas para pacotes que incluem transporte, sujeito \u00e0 disponibilidade.<\/li>\n<\/ul>\n<hr \/>\n<h3>O que mais?<\/h3>\n<ul>\n<li><strong>Passeios tur\u00edsticos convenientes<\/strong>: Com o \u00f4nibus tur\u00edstico, explore as atra\u00e7\u00f5es de Nong Nooch confortavelmente, sem precisar caminhar muito.<\/li>\n<li><strong>Variedade de Culin\u00e1rias<\/strong>: O buffet de almo\u00e7o oferece uma variedade de pratos das culin\u00e1rias tailandesa, indiana e internacional, perfeitos para todos os gostos.<\/li>\n<li><strong>Performances envolventes<\/strong>: O Show Cultural Tailand\u00eas e o Show de Elefantes proporcionam uma experi\u00eancia animada e envolvente nas tradi\u00e7\u00f5es e no charme cultural da Tail\u00e2ndia.<\/li>\n<\/ul>\n<hr \/>\n<h3>Dicas privilegiadas<\/h3>\n<ul>\n<li><strong>Chegue cedo<\/strong>:Chegar cedo garante que voc\u00ea tenha tempo suficiente para explorar, aproveitar o buf\u00ea e assistir aos shows.<\/li>\n<li><strong>Planeje os hor\u00e1rios dos shows<\/strong>: Programe sua explora\u00e7\u00e3o do jardim e seu almo\u00e7o para coincidir com um dos hor\u00e1rios do show para uma experi\u00eancia tranquila.<\/li>\n<li><strong>Traga uma c\u00e2mera<\/strong>:Os jardins e apresenta\u00e7\u00f5es de Nong Nooch oferecem oportunidades fant\u00e1sticas de fotos para mem\u00f3rias duradouras.<\/li>\n<\/ul>\n<hr \/>\n<h3>O que fazer e o que n\u00e3o fazer<\/h3>\n<p><strong>O que fazer<\/strong>:<\/p>\n<ul>\n<li>Leve um documento de identifica\u00e7\u00e3o v\u00e1lido com foto para verifica\u00e7\u00e3o na entrada.<\/li>\n<li>Chegue ao local do show 10 minutos antes do hor\u00e1rio marcado para garantir um bom lugar.<\/li>\n<li>Use o \u00f4nibus tur\u00edstico para explorar confortavelmente o amplo jardim.<\/li>\n<\/ul>\n<p><strong>N\u00e3o fa\u00e7a<\/strong>:<\/p>\n<ul>\n<li>Evite trazer comidas ou bebidas de fora, pois o almo\u00e7o em estilo buf\u00ea est\u00e1 inclu\u00eddo.<\/li>\n<li>N\u00e3o tente interagir com os animais fora das \u00e1reas designadas.<\/li>\n<\/ul>\n<hr \/>\n<h3>Saiba antes de ir<\/h3>\n<ul>\n<li><strong>Requisito de identifica\u00e7\u00e3o<\/strong>: Os estrangeiros devem portar o passaporte como prova de identidade.<\/li>\n<li><strong>Prepara\u00e7\u00e3o para o clima<\/strong>: O jardim fica aberto durante chuvas leves; pode ser \u00fatil trazer um guarda-chuva ou capa de chuva.<\/li>\n<li><strong>Planeje sua visita<\/strong>: O buffet de almo\u00e7o \u00e9 servido entre 11h30 e 14h, e os shows acontecem em hor\u00e1rios espec\u00edficos, ent\u00e3o planeje-se adequadamente.<\/li>\n<\/ul>\n<hr \/>\n<h3>Endere\u00e7o, Mapas e Localiza\u00e7\u00e3o<\/h3>\n<ul>\n<li><strong>Endere\u00e7o<\/strong>: 34\/1 Sukhumvit Road, Na Chom Thian, distrito de Sattahip, Chon Buri 20250, Tail\u00e2ndia<\/li>\n<li><strong>Localiza\u00e7\u00e3o do Google Maps<\/strong>: <a href=\"https:\/\/maps.app.goo.gl\/AwWepSfe6DdhvcTr8\" target=\"_new\" rel=\"noopener\">Localiza\u00e7\u00e3o do Jardim Tropical Nong Nooch<\/a><\/li>\n<\/ul>\n<hr \/>\n<h3>Como chegar<\/h3>\n<ul>\n<li><strong>De carro ou t\u00e1xi<\/strong>: Localizado a cerca de 20 minutos do centro da cidade de Pattaya.<\/li>\n<li><strong>Transporte p\u00fablico<\/strong>: Acess\u00edvel por \u00f4nibus locais ou t\u00e1xis.<\/li>\n<li><strong>Pacote de transporte<\/strong>: Op\u00e7\u00f5es de transporte de ida e volta est\u00e3o dispon\u00edveis com certos pacotes de ingressos.<\/li>\n<\/ul>\n<hr \/>\n<h3>Perguntas Frequentes (FAQs)<\/h3>\n<p><strong>1. O que o pacote Ingresso + \u00d4nibus Tur\u00edstico + Almo\u00e7o Buffet + Show inclui?<\/strong><br \/>\nEste pacote inclui entrada no Jardim Tropical Nong Nooch, um passeio de \u00f4nibus tur\u00edstico, um almo\u00e7o com buf\u00ea com uma variedade de pratos e acesso ao Show Cultural Tailand\u00eas e ao Show de Elefantes.<\/p>\n<p><strong>2. Posso atualizar meu ingresso para incluir assentos VIP para os shows?<\/strong><br \/>\nSim, upgrades de assentos VIP podem estar dispon\u00edveis no local ou com op\u00e7\u00f5es selecionadas de ingressos.<\/p>\n<p><strong>3. H\u00e1 op\u00e7\u00f5es vegetarianas no buffet de almo\u00e7o?<\/strong><br \/>\nSim, o buffet inclui pratos vegetarianos das culin\u00e1rias tailandesa, internacional e indiana.<\/p>\n<p><strong>4. Posso pegar o \u00f4nibus tur\u00edstico mais de uma vez?<\/strong><br \/>\nNormalmente, cada ingresso inclui um circuito completo do Sightseeing Bus. Verifique no local os detalhes sobre usos m\u00faltiplos.<\/p>\n<p><strong>5. As bebidas est\u00e3o inclu\u00eddas no buffet?<\/strong><br \/>\nAlgumas bebidas n\u00e3o alco\u00f3licas est\u00e3o inclu\u00eddas; bebidas adicionais e alco\u00f3licas podem ser adquiridas separadamente.<\/p>\n<p><strong>6. Existe um limite de tempo para o almo\u00e7o em estilo buffet?<\/strong><br \/>\nVoc\u00ea pode aproveitar o buf\u00ea no hor\u00e1rio designado, das 11h30 \u00e0s 14h.<\/p>\n<p><strong>7. Quanto tempo duram os shows?<\/strong><br \/>\nCada show normalmente dura de 20 a 30 minutos.<\/p>\n<p><strong>8. Os shows s\u00e3o adequados para crian\u00e7as?<\/strong><br \/>\nSim, tanto o Show Cultural Tailand\u00eas quanto o Show dos Elefantes s\u00e3o adequados para toda a fam\u00edlia e divertidos para crian\u00e7as e adultos.<\/p>\n<p>O <strong>Ingresso + \u00d4nibus tur\u00edstico + Almo\u00e7o buffet + Show<\/strong> pacote em <a href=\"https:\/\/nongnoochtickets.com\/pt\/\"><strong>Jardim Tropical Nong Nooch<\/strong><\/a> oferece a mistura perfeita de explora\u00e7\u00e3o c\u00eanica, imers\u00e3o cultural e gastronomia deliciosa, tornando-se uma escolha maravilhosa para uma experi\u00eancia de dia inteiro nesta renomada atra\u00e7\u00e3o tailandesa.<\/p>","protected":false},"excerpt":{"rendered":"<p>About Nong Nooch Tropical Garden \u2013 Admission Ticket + Sightseeing Bus + Buffet Lunch + Show The Admission Ticket + Sightseeing Bus + Buffet Lunch + Show package at Nong Nooch Tropical Garden provides the ultimate experience, combining access to the garden\u2019s spectacular landscapes, a guided Sightseeing Bus tour, a delectable buffet lunch with Thai, [&hellip;]<\/p>\n","protected":false},"featured_media":3176,"template":"","meta":{"ocean_post_layout":"","ocean_both_sidebars_style":"","ocean_both_sidebars_content_width":0,"ocean_both_sidebars_sidebars_width":0,"ocean_sidebar":"0","ocean_second_sidebar":"0","ocean_disable_margins":"enable","ocean_add_body_class":"","ocean_shortcode_before_top_bar":"","ocean_shortcode_after_top_bar":"","ocean_shortcode_before_header":"","ocean_shortcode_after_header":"","ocean_has_shortcode":"","ocean_shortcode_after_title":"","ocean_shortcode_before_footer_widgets":"","ocean_shortcode_after_footer_widgets":"","ocean_shortcode_before_footer_bottom":"","ocean_shortcode_after_footer_bottom":"","ocean_display_top_bar":"default","ocean_display_header":"default","ocean_header_style":"","ocean_center_header_left_menu":"0","ocean_custom_header_template":"0","ocean_custom_logo":0,"ocean_custom_retina_logo":0,"ocean_custom_logo_max_width":0,"ocean_custom_logo_tablet_max_width":0,"ocean_custom_logo_mobile_max_width":0,"ocean_custom_logo_max_height":0,"ocean_custom_logo_tablet_max_height":0,"ocean_custom_logo_mobile_max_height":0,"ocean_header_custom_menu":"0","ocean_menu_typo_font_family":"0","ocean_menu_typo_font_subset":"","ocean_menu_typo_font_size":0,"ocean_menu_typo_font_size_tablet":0,"ocean_menu_typo_font_size_mobile":0,"ocean_menu_typo_font_size_unit":"px","ocean_menu_typo_font_weight":"","ocean_menu_typo_font_weight_tablet":"","ocean_menu_typo_font_weight_mobile":"","ocean_menu_typo_transform":"","ocean_menu_typo_transform_tablet":"","ocean_menu_typo_transform_mobile":"","ocean_menu_typo_line_height":0,"ocean_menu_typo_line_height_tablet":0,"ocean_menu_typo_line_height_mobile":0,"ocean_menu_typo_line_height_unit":"","ocean_menu_typo_spacing":0,"ocean_menu_typo_spacing_tablet":0,"ocean_menu_typo_spacing_mobile":0,"ocean_menu_typo_spacing_unit":"","ocean_menu_link_color":"","ocean_menu_link_color_hover":"","ocean_menu_link_color_active":"","ocean_menu_link_background":"","ocean_menu_link_hover_background":"","ocean_menu_link_active_background":"","ocean_menu_social_links_bg":"","ocean_menu_social_hover_links_bg":"","ocean_menu_social_links_color":"","ocean_menu_social_hover_links_color":"","ocean_disable_title":"default","ocean_disable_heading":"default","ocean_post_title":"","ocean_post_subheading":"","ocean_post_title_style":"","ocean_post_title_background_color":"","ocean_post_title_background":0,"ocean_post_title_bg_image_position":"","ocean_post_title_bg_image_attachment":"","ocean_post_title_bg_image_repeat":"","ocean_post_title_bg_image_size":"","ocean_post_title_height":0,"ocean_post_title_bg_overlay":0.5,"ocean_post_title_bg_overlay_color":"","ocean_disable_breadcrumbs":"default","ocean_breadcrumbs_color":"","ocean_breadcrumbs_separator_color":"","ocean_breadcrumbs_links_color":"","ocean_breadcrumbs_links_hover_color":"","ocean_display_footer_widgets":"default","ocean_display_footer_bottom":"default","ocean_custom_footer_template":"0"},"product_brand":[],"product_cat":[20],"product_tag":[472,499,509,503,489,510,507,465,446,447,508,458,498,501,511],"class_list":{"0":"post-3298","1":"product","2":"type-product","3":"status-publish","4":"has-post-thumbnail","6":"product_cat-tickets","7":"product_tag-nong-nooch-admission-show","8":"product_tag-nong-nooch-buffet","9":"product_tag-nong-nooch-combo-deal","10":"product_tag-nong-nooch-cultural-show","11":"product_tag-nong-nooch-entry-meal","12":"product_tag-nong-nooch-full-experience","13":"product_tag-nong-nooch-full-package","14":"product_tag-nong-nooch-garden-pass","15":"product_tag-nong-nooch-garden-thailand","16":"product_tag-nong-nooch-garden-ticket","17":"product_tag-nong-nooch-show-lunch","18":"product_tag-nong-nooch-sightseeing-bus","19":"product_tag-nong-nooch-thailand-tour","20":"product_tag-nong-nooch-tickets-combo","21":"product_tag-thailand-nature-tour","23":"entry","24":"has-media","25":"tm-has-options","27":"first","28":"instock","29":"virtual","30":"taxable","31":"purchasable","32":"product-type-simple","33":"has-product-nav","34":"col","35":"span_1_of_3","36":"owp-content-center","37":"owp-thumbs-layout-horizontal","38":"owp-btn-normal","39":"owp-tabs-layout-horizontal"},"yoast_head":"<!-- This site is optimized with the Yoast SEO plugin v27.5 - https:\/\/yoast.com\/product\/yoast-seo-wordpress\/ -->\n<title>Book Nong Nooch Full Package - Admission, Bus, Lunch And Show<\/title>\n<meta name=\"description\" content=\"Get Admission, A Sightseeing Bus Tour, Buffet Lunch, And Cultural Show At Nong Nooch For The Ultimate Experience. Reserve Your Spot! Book Tickets Now.\" \/>\n<meta name=\"robots\" content=\"index, follow, max-snippet:-1, max-image-preview:large, max-video-preview:-1\" \/>\n<link rel=\"canonical\" href=\"https:\/\/nongnoochtickets.com\/pt\/ingressos\/ingresso-para-o-jardim-tropical-nong-nooch-onibus-turistico-buffet-almoco-show\/\" \/>\n<meta property=\"og:locale\" content=\"pt_PT\" \/>\n<meta property=\"og:type\" content=\"article\" \/>\n<meta property=\"og:title\" content=\"Book Nong Nooch Full Package - Admission, Bus, Lunch And Show\" \/>\n<meta property=\"og:description\" content=\"Get Admission, A Sightseeing Bus Tour, Buffet Lunch, And Cultural Show At Nong Nooch For The Ultimate Experience. Reserve Your Spot! Book Tickets Now.\" \/>\n<meta property=\"og:url\" content=\"https:\/\/nongnoochtickets.com\/pt\/ingressos\/ingresso-para-o-jardim-tropical-nong-nooch-onibus-turistico-buffet-almoco-show\/\" \/>\n<meta property=\"og:site_name\" content=\"Nong Nooch Tropical Garden\" \/>\n<meta property=\"article:modified_time\" content=\"2025-09-29T07:31:15+00:00\" \/>\n<meta name=\"twitter:card\" content=\"summary_large_image\" \/>\n<meta name=\"twitter:label1\" content=\"Tempo estimado de leitura\" \/>\n\t<meta name=\"twitter:data1\" content=\"5 minutos\" \/>\n<script type=\"application\/ld+json\" class=\"yoast-schema-graph\">{\"@context\":\"https:\\\/\\\/schema.org\",\"@graph\":[{\"@type\":\"WebPage\",\"@id\":\"https:\\\/\\\/nongnoochtickets.com\\\/tickets\\\/nong-nooch-tropical-garden-admission-ticket-sightseeing-bus-buffet-lunch-show\\\/\",\"url\":\"https:\\\/\\\/nongnoochtickets.com\\\/tickets\\\/nong-nooch-tropical-garden-admission-ticket-sightseeing-bus-buffet-lunch-show\\\/\",\"name\":\"Book Nong Nooch Full Package - Admission, Bus, Lunch And Show\",\"isPartOf\":{\"@id\":\"https:\\\/\\\/nongnoochtickets.com\\\/#website\"},\"primaryImageOfPage\":{\"@id\":\"https:\\\/\\\/nongnoochtickets.com\\\/tickets\\\/nong-nooch-tropical-garden-admission-ticket-sightseeing-bus-buffet-lunch-show\\\/#primaryimage\"},\"image\":{\"@id\":\"https:\\\/\\\/nongnoochtickets.com\\\/tickets\\\/nong-nooch-tropical-garden-admission-ticket-sightseeing-bus-buffet-lunch-show\\\/#primaryimage\"},\"thumbnailUrl\":\"https:\\\/\\\/nongnoochtickets.com\\\/wp-content\\\/uploads\\\/2024\\\/11\\\/Nong-Nooch-Garden.avif\",\"datePublished\":\"2024-11-12T05:44:01+00:00\",\"dateModified\":\"2025-09-29T07:31:15+00:00\",\"description\":\"Get Admission, A Sightseeing Bus Tour, Buffet Lunch, And Cultural Show At Nong Nooch For The Ultimate Experience. Reserve Your Spot! Book Tickets Now.\",\"breadcrumb\":{\"@id\":\"https:\\\/\\\/nongnoochtickets.com\\\/tickets\\\/nong-nooch-tropical-garden-admission-ticket-sightseeing-bus-buffet-lunch-show\\\/#breadcrumb\"},\"inLanguage\":\"pt-PT\",\"potentialAction\":[{\"@type\":\"ReadAction\",\"target\":[\"https:\\\/\\\/nongnoochtickets.com\\\/tickets\\\/nong-nooch-tropical-garden-admission-ticket-sightseeing-bus-buffet-lunch-show\\\/\"]}]},{\"@type\":\"ImageObject\",\"inLanguage\":\"pt-PT\",\"@id\":\"https:\\\/\\\/nongnoochtickets.com\\\/tickets\\\/nong-nooch-tropical-garden-admission-ticket-sightseeing-bus-buffet-lunch-show\\\/#primaryimage\",\"url\":\"https:\\\/\\\/nongnoochtickets.com\\\/wp-content\\\/uploads\\\/2024\\\/11\\\/Nong-Nooch-Garden.avif\",\"contentUrl\":\"https:\\\/\\\/nongnoochtickets.com\\\/wp-content\\\/uploads\\\/2024\\\/11\\\/Nong-Nooch-Garden.avif\",\"width\":1205,\"height\":904,\"caption\":\"Nong Nooch Garden\"},{\"@type\":\"BreadcrumbList\",\"@id\":\"https:\\\/\\\/nongnoochtickets.com\\\/tickets\\\/nong-nooch-tropical-garden-admission-ticket-sightseeing-bus-buffet-lunch-show\\\/#breadcrumb\",\"itemListElement\":[{\"@type\":\"ListItem\",\"position\":1,\"name\":\"Home\",\"item\":\"https:\\\/\\\/nongnoochtickets.com\\\/\"},{\"@type\":\"ListItem\",\"position\":2,\"name\":\"Tickets\",\"item\":\"https:\\\/\\\/nongnoochtickets.com\\\/tickets\\\/\"},{\"@type\":\"ListItem\",\"position\":3,\"name\":\"Nong Nooch Tropical Garden Admission Ticket + Sightseeing Bus + Buffet Lunch + Show\"}]},{\"@type\":\"WebSite\",\"@id\":\"https:\\\/\\\/nongnoochtickets.com\\\/#website\",\"url\":\"https:\\\/\\\/nongnoochtickets.com\\\/\",\"name\":\"Nong Nooch Tropical Garden\",\"description\":\"\",\"publisher\":{\"@id\":\"https:\\\/\\\/nongnoochtickets.com\\\/#organization\"},\"potentialAction\":[{\"@type\":\"SearchAction\",\"target\":{\"@type\":\"EntryPoint\",\"urlTemplate\":\"https:\\\/\\\/nongnoochtickets.com\\\/?s={search_term_string}\"},\"query-input\":{\"@type\":\"PropertyValueSpecification\",\"valueRequired\":true,\"valueName\":\"search_term_string\"}}],\"inLanguage\":\"pt-PT\"},{\"@type\":\"Organization\",\"@id\":\"https:\\\/\\\/nongnoochtickets.com\\\/#organization\",\"name\":\"Nong Nooch Tropical Garden\",\"url\":\"https:\\\/\\\/nongnoochtickets.com\\\/\",\"logo\":{\"@type\":\"ImageObject\",\"inLanguage\":\"pt-PT\",\"@id\":\"https:\\\/\\\/nongnoochtickets.com\\\/#\\\/schema\\\/logo\\\/image\\\/\",\"url\":\"https:\\\/\\\/nongnoochtickets.com\\\/wp-content\\\/uploads\\\/2024\\\/08\\\/Nong-Nooch-Tropical-Garden.png\",\"contentUrl\":\"https:\\\/\\\/nongnoochtickets.com\\\/wp-content\\\/uploads\\\/2024\\\/08\\\/Nong-Nooch-Tropical-Garden.png\",\"width\":350,\"height\":100,\"caption\":\"Nong Nooch Tropical Garden\"},\"image\":{\"@id\":\"https:\\\/\\\/nongnoochtickets.com\\\/#\\\/schema\\\/logo\\\/image\\\/\"}}]}<\/script>\n<!-- \/ Yoast SEO plugin. -->","yoast_head_json":{"title":"Reserve o pacote completo Nong Nooch - Admiss\u00e3o, \u00f4nibus, almo\u00e7o e show","description":"Obtenha entrada, um passeio tur\u00edstico de \u00f4nibus, almo\u00e7o buffet e show cultural no Nong Nooch para a melhor experi\u00eancia. Reserve seu lugar! Reserve ingressos agora.","robots":{"index":"index","follow":"follow","max-snippet":"max-snippet:-1","max-image-preview":"max-image-preview:large","max-video-preview":"max-video-preview:-1"},"canonical":"https:\/\/nongnoochtickets.com\/pt\/ingressos\/ingresso-para-o-jardim-tropical-nong-nooch-onibus-turistico-buffet-almoco-show\/","og_locale":"pt_PT","og_type":"article","og_title":"Book Nong Nooch Full Package - Admission, Bus, Lunch And Show","og_description":"Get Admission, A Sightseeing Bus Tour, Buffet Lunch, And Cultural Show At Nong Nooch For The Ultimate Experience. Reserve Your Spot! Book Tickets Now.","og_url":"https:\/\/nongnoochtickets.com\/pt\/ingressos\/ingresso-para-o-jardim-tropical-nong-nooch-onibus-turistico-buffet-almoco-show\/","og_site_name":"Nong Nooch Tropical Garden","article_modified_time":"2025-09-29T07:31:15+00:00","twitter_card":"summary_large_image","twitter_misc":{"Tempo estimado de leitura":"5 minutos"},"schema":{"@context":"https:\/\/schema.org","@graph":[{"@type":"WebPage","@id":"https:\/\/nongnoochtickets.com\/tickets\/nong-nooch-tropical-garden-admission-ticket-sightseeing-bus-buffet-lunch-show\/","url":"https:\/\/nongnoochtickets.com\/tickets\/nong-nooch-tropical-garden-admission-ticket-sightseeing-bus-buffet-lunch-show\/","name":"Reserve o pacote completo Nong Nooch - Admiss\u00e3o, \u00f4nibus, almo\u00e7o e show","isPartOf":{"@id":"https:\/\/nongnoochtickets.com\/#website"},"primaryImageOfPage":{"@id":"https:\/\/nongnoochtickets.com\/tickets\/nong-nooch-tropical-garden-admission-ticket-sightseeing-bus-buffet-lunch-show\/#primaryimage"},"image":{"@id":"https:\/\/nongnoochtickets.com\/tickets\/nong-nooch-tropical-garden-admission-ticket-sightseeing-bus-buffet-lunch-show\/#primaryimage"},"thumbnailUrl":"https:\/\/nongnoochtickets.com\/wp-content\/uploads\/2024\/11\/Nong-Nooch-Garden.avif","datePublished":"2024-11-12T05:44:01+00:00","dateModified":"2025-09-29T07:31:15+00:00","description":"Obtenha entrada, um passeio tur\u00edstico de \u00f4nibus, almo\u00e7o buffet e show cultural no Nong Nooch para a melhor experi\u00eancia. Reserve seu lugar! Reserve ingressos agora.","breadcrumb":{"@id":"https:\/\/nongnoochtickets.com\/tickets\/nong-nooch-tropical-garden-admission-ticket-sightseeing-bus-buffet-lunch-show\/#breadcrumb"},"inLanguage":"pt-PT","potentialAction":[{"@type":"ReadAction","target":["https:\/\/nongnoochtickets.com\/tickets\/nong-nooch-tropical-garden-admission-ticket-sightseeing-bus-buffet-lunch-show\/"]}]},{"@type":"ImageObject","inLanguage":"pt-PT","@id":"https:\/\/nongnoochtickets.com\/tickets\/nong-nooch-tropical-garden-admission-ticket-sightseeing-bus-buffet-lunch-show\/#primaryimage","url":"https:\/\/nongnoochtickets.com\/wp-content\/uploads\/2024\/11\/Nong-Nooch-Garden.avif","contentUrl":"https:\/\/nongnoochtickets.com\/wp-content\/uploads\/2024\/11\/Nong-Nooch-Garden.avif","width":1205,"height":904,"caption":"Nong Nooch Garden"},{"@type":"BreadcrumbList","@id":"https:\/\/nongnoochtickets.com\/tickets\/nong-nooch-tropical-garden-admission-ticket-sightseeing-bus-buffet-lunch-show\/#breadcrumb","itemListElement":[{"@type":"ListItem","position":1,"name":"Home","item":"https:\/\/nongnoochtickets.com\/"},{"@type":"ListItem","position":2,"name":"Tickets","item":"https:\/\/nongnoochtickets.com\/tickets\/"},{"@type":"ListItem","position":3,"name":"Nong Nooch Tropical Garden Admission Ticket + Sightseeing Bus + Buffet Lunch + Show"}]},{"@type":"WebSite","@id":"https:\/\/nongnoochtickets.com\/#website","url":"https:\/\/nongnoochtickets.com\/","name":"Jardim Tropical Nong Nooch","description":"","publisher":{"@id":"https:\/\/nongnoochtickets.com\/#organization"},"potentialAction":[{"@type":"SearchAction","target":{"@type":"EntryPoint","urlTemplate":"https:\/\/nongnoochtickets.com\/?s={search_term_string}"},"query-input":{"@type":"PropertyValueSpecification","valueRequired":true,"valueName":"search_term_string"}}],"inLanguage":"pt-PT"},{"@type":"Organization","@id":"https:\/\/nongnoochtickets.com\/#organization","name":"Jardim Tropical Nong Nooch","url":"https:\/\/nongnoochtickets.com\/","logo":{"@type":"ImageObject","inLanguage":"pt-PT","@id":"https:\/\/nongnoochtickets.com\/#\/schema\/logo\/image\/","url":"https:\/\/nongnoochtickets.com\/wp-content\/uploads\/2024\/08\/Nong-Nooch-Tropical-Garden.png","contentUrl":"https:\/\/nongnoochtickets.com\/wp-content\/uploads\/2024\/08\/Nong-Nooch-Tropical-Garden.png","width":350,"height":100,"caption":"Nong Nooch Tropical Garden"},"image":{"@id":"https:\/\/nongnoochtickets.com\/#\/schema\/logo\/image\/"}}]}},"jetpack_sharing_enabled":true,"_links":{"self":[{"href":"https:\/\/nongnoochtickets.com\/pt\/wp-json\/wp\/v2\/product\/3298","targetHints":{"allow":["GET"]}}],"collection":[{"href":"https:\/\/nongnoochtickets.com\/pt\/wp-json\/wp\/v2\/product"}],"about":[{"href":"https:\/\/nongnoochtickets.com\/pt\/wp-json\/wp\/v2\/types\/product"}],"wp:featuredmedia":[{"embeddable":true,"href":"https:\/\/nongnoochtickets.com\/pt\/wp-json\/wp\/v2\/media\/3176"}],"wp:attachment":[{"href":"https:\/\/nongnoochtickets.com\/pt\/wp-json\/wp\/v2\/media?parent=3298"}],"wp:term":[{"taxonomy":"product_brand","embeddable":true,"href":"https:\/\/nongnoochtickets.com\/pt\/wp-json\/wp\/v2\/product_brand?post=3298"},{"taxonomy":"product_cat","embeddable":true,"href":"https:\/\/nongnoochtickets.com\/pt\/wp-json\/wp\/v2\/product_cat?post=3298"},{"taxonomy":"product_tag","embeddable":true,"href":"https:\/\/nongnoochtickets.com\/pt\/wp-json\/wp\/v2\/product_tag?post=3298"}],"curies":[{"name":"wp","href":"https:\/\/api.w.org\/{rel}","templated":true}]}}