{"id":3296,"date":"2024-11-12T10:40:47","date_gmt":"2024-11-12T05:10:47","guid":{"rendered":"https:\/\/nongnoochtickets.com\/?post_type=product&#038;p=3296"},"modified":"2025-09-19T15:22:22","modified_gmt":"2025-09-19T09:52:22","slug":"ingresso-para-o-jardim-tropical-nong-nooch-onibus-turistico-show","status":"publish","type":"product","link":"https:\/\/nongnoochtickets.com\/pt\/ingressos\/ingresso-para-o-jardim-tropical-nong-nooch-onibus-turistico-show\/","title":{"rendered":"Ingresso para o Jardim Tropical Nong Nooch + \u00d4nibus Tur\u00edstico + Show"},"content":{"rendered":"<h2>Sobre o Jardim Tropical Nong Nooch \u2013 Ingresso + \u00d4nibus Tur\u00edstico + Show<\/h2>\n<p>O <strong>Ingresso + \u00d4nibus tur\u00edstico + Show<\/strong> pacote em <strong>Jardim Tropical Nong Nooch<\/strong> \u00e9 uma experi\u00eancia completa que permite aos visitantes explorar completamente a beleza, a cultura e o entretenimento do jardim. Aproveite um conveniente <strong>\u00d4nibus tur\u00edstico<\/strong> passeio que abrange todas as principais \u00e1reas do jardim e assistir a duas das apresenta\u00e7\u00f5es mais populares - o <strong>Show Cultural Tailand\u00eas<\/strong> e o <strong>Show de elefantes<\/strong>. Este pacote \u00e9 perfeito para quem quer vivenciar a cultura vibrante e a beleza natural da Tail\u00e2ndia em uma visita emocionante.<\/p>\n<hr \/>\n<h3>Hor\u00e1rios<\/h3>\n<ul>\n<li><strong>Hor\u00e1rio do Jardim<\/strong>: 08:00 AM \u2013 06:00 PM, diariamente.<\/li>\n<li><strong>Hor\u00e1rios dos shows<\/strong>: Quatro rodadas di\u00e1rias \u00e0s 10h30, 11h30, 13h30 e 15h30 (Show Cultural Tailand\u00eas + Show de Elefantes).<\/li>\n<li><strong>Passeios de \u00f4nibus tur\u00edsticos<\/strong>: Dispon\u00edvel durante todo o dia; verifique no local os hor\u00e1rios espec\u00edficos dos passeios.<\/li>\n<\/ul>\n<hr \/>\n<h3>Destaques<\/h3>\n<ul>\n<li><strong>Explora\u00e7\u00e3o guiada do jardim<\/strong>: Desfrute de um conveniente passeio de \u00f4nibus tur\u00edstico que cobre todas as principais atra\u00e7\u00f5es do jardim.<\/li>\n<li><strong>Performances emocionantes<\/strong>: Assista ao Show Cultural Tailand\u00eas, que apresenta m\u00fasica, dan\u00e7a e trajes tradicionais, al\u00e9m do famoso Show dos Elefantes.<\/li>\n<li><strong>Vistas panor\u00e2micas e fotografia<\/strong>: Tire fotos deslumbrantes em jardins tem\u00e1ticos como Butterfly Hill, French Garden e Dinosaur Valley.<\/li>\n<li><strong>Entretenimento para a fam\u00edlia<\/strong>: Perfeito para visitantes de todas as idades, desde crian\u00e7as at\u00e9 idosos.<\/li>\n<\/ul>\n<hr \/>\n<h3>O que est\u00e1 inclu\u00eddo<\/h3>\n<ul>\n<li><strong>Admiss\u00e3o<\/strong> para o Jardim Tropical Nong Nooch.<\/li>\n<li><strong>\u00d4nibus tur\u00edstico<\/strong> passeio, oferecendo uma vis\u00e3o geral das principais \u00e1reas do jardim.<\/li>\n<li><strong>Acesso ao Show Cultural Tailand\u00eas<\/strong> e <strong>Show de elefantes<\/strong> com assentos padr\u00e3o.<\/li>\n<\/ul>\n<hr \/>\n<h3>Inclus\u00f5es \/ Exclus\u00f5es<\/h3>\n<p><strong>Inclus\u00f5es<\/strong>:<\/p>\n<ul>\n<li>Entrada no Jardim Tropical Nong Nooch.<\/li>\n<li>Passeio tur\u00edstico de \u00f4nibus que abrange todas as principais atra\u00e7\u00f5es.<\/li>\n<li>Entrada para o Show Cultural Tailand\u00eas e o Show de Elefantes.<\/li>\n<\/ul>\n<p><strong>Exclus\u00f5es<\/strong>:<\/p>\n<ul>\n<li>Almo\u00e7o em estilo buf\u00ea ou outras op\u00e7\u00f5es de refei\u00e7\u00f5es (dispon\u00edveis como complemento).<\/li>\n<li>Transporte de ida e volta para o jardim.<\/li>\n<li>Atividades adicionais como assentos VIP ou passeio de elefante (dispon\u00edveis em diferentes pacotes).<\/li>\n<\/ul>\n<hr \/>\n<h3>Pol\u00edtica da Crian\u00e7a<\/h3>\n<ul>\n<li><strong>Elegibilidade para ingresso infantil<\/strong>: Crian\u00e7as entre 90 e 130 cm de altura t\u00eam direito ao pre\u00e7o infantil.<\/li>\n<li><strong>Admiss\u00e3o de beb\u00eas<\/strong>:Crian\u00e7as menores de 90 cm n\u00e3o pagam entrada.<\/li>\n<\/ul>\n<hr \/>\n<h3>Pol\u00edtica de Reembolso e Cancelamento<\/h3>\n<ul>\n<li><strong>Sem Reembolsos<\/strong>: Este pacote n\u00e3o \u00e9 reembols\u00e1vel nem cancel\u00e1vel.<\/li>\n<li><strong>Reagendamento<\/strong>: O reagendamento pode estar dispon\u00edvel para pacotes espec\u00edficos com transporte mediante aviso pr\u00e9vio de 48 horas, sujeito \u00e0 disponibilidade.<\/li>\n<\/ul>\n<hr \/>\n<h3>O que mais?<\/h3>\n<ul>\n<li><strong>Cobertura completa de Nong Nooch<\/strong>: O \u00f4nibus tur\u00edstico facilita a visita a todas as principais atra\u00e7\u00f5es sem precisar caminhar muito.<\/li>\n<li><strong>Experi\u00eancia Cultural \u00danica<\/strong>: O Show Cultural Tailand\u00eas e o Show de Elefantes oferecem uma vis\u00e3o aut\u00eantica da heran\u00e7a cultural da Tail\u00e2ndia.<\/li>\n<li><strong>Ideal para fam\u00edlias e grupos<\/strong>: Este pacote \u00e9 perfeito para fam\u00edlias, grupos e visitantes que buscam uma maneira descomplicada de aproveitar o melhor de Nong Nooch.<\/li>\n<\/ul>\n<hr \/>\n<h3>Dicas privilegiadas<\/h3>\n<ul>\n<li><strong>Chegue cedo<\/strong>: Chegue cedo para aproveitar mais tempo no jardim antes do show come\u00e7ar.<\/li>\n<li><strong>Escolha o seu hor\u00e1rio de exibi\u00e7\u00e3o<\/strong>: Planeje sua visita de acordo com os hor\u00e1rios dos shows para garantir que voc\u00ea n\u00e3o perca nenhuma apresenta\u00e7\u00e3o.<\/li>\n<li><strong>Use o \u00f4nibus tur\u00edstico<\/strong>:Aproveite ao m\u00e1ximo seu tempo e energia usando o \u00f4nibus tur\u00edstico para passear pelo jardim.<\/li>\n<\/ul>\n<hr \/>\n<h3>O que fazer e o que n\u00e3o fazer<\/h3>\n<p><strong>O que fazer<\/strong>:<\/p>\n<ul>\n<li>Traga um documento de identifica\u00e7\u00e3o v\u00e1lido com foto para verifica\u00e7\u00e3o de entrada.<\/li>\n<li>Chegue aos shows 10 minutos antes do in\u00edcio para ter uma melhor acomoda\u00e7\u00e3o.<\/li>\n<li>Use cal\u00e7ados confort\u00e1veis para caminhar pelo jardim.<\/li>\n<\/ul>\n<p><strong>N\u00e3o fa\u00e7a<\/strong>:<\/p>\n<ul>\n<li>Evite trazer comidas e bebidas de fora.<\/li>\n<li>N\u00e3o se aproxime nem alimente os animais, a menos que seja permitido.<\/li>\n<\/ul>\n<hr \/>\n<h3>Saiba antes de ir<\/h3>\n<ul>\n<li><strong>Requisito de identifica\u00e7\u00e3o<\/strong>:Todos os estrangeiros devem portar seu passaporte como prova de identidade.<\/li>\n<li><strong>Prepara\u00e7\u00e3o para o clima<\/strong>: O jardim fica aberto durante chuvas leves; traga um guarda-chuva ou capa de chuva, se necess\u00e1rio.<\/li>\n<li><strong>Mostrar tempo<\/strong>: Planeje comparecer a um dos hor\u00e1rios de exibi\u00e7\u00e3o programados (10h30, 11h30, 13h30 ou 15h30) para uma experi\u00eancia tranquila.<\/li>\n<\/ul>\n<hr \/>\n<h3>Endere\u00e7o, Mapas e Localiza\u00e7\u00e3o<\/h3>\n<ul>\n<li><strong>Endere\u00e7o<\/strong>: 34\/1 Sukhumvit Road, Na Chom Thian, distrito de Sattahip, Chon Buri 20250, Tail\u00e2ndia<\/li>\n<li><strong>Localiza\u00e7\u00e3o do Google Maps<\/strong>: <a href=\"https:\/\/maps.app.goo.gl\/AwWepSfe6DdhvcTr8\" target=\"_new\" rel=\"noopener\">Localiza\u00e7\u00e3o do Jardim Tropical Nong Nooch<\/a><\/li>\n<\/ul>\n<hr \/>\n<h3>Como chegar<\/h3>\n<ul>\n<li><strong>De carro ou t\u00e1xi<\/strong>: Localizado a cerca de 20 minutos do centro da cidade de Pattaya.<\/li>\n<li><strong>Transporte p\u00fablico<\/strong>: Facilmente acess\u00edvel por \u00f4nibus e t\u00e1xis locais.<\/li>\n<li><strong>Pacote de transporte<\/strong>: Op\u00e7\u00f5es de transporte de ida e volta est\u00e3o dispon\u00edveis com pacotes de ingressos selecionados.<\/li>\n<\/ul>\n<hr \/>\n<h3>Perguntas Frequentes (FAQs)<\/h3>\n<p><strong>1. O que inclui o Ingresso + \u00d4nibus Tur\u00edstico + Show?<\/strong><br \/>\nEste pacote inclui entrada no jardim, um passeio guiado de \u00f4nibus tur\u00edstico e acesso ao Show Cultural Tailand\u00eas e ao Show de Elefantes.<\/p>\n<p><strong>2. H\u00e1 op\u00e7\u00f5es de assentos para os shows?<\/strong><br \/>\nEste pacote inclui assentos padr\u00e3o para ambos os shows. Assentos VIP est\u00e3o dispon\u00edveis com outros tipos de ingresso.<\/p>\n<p><strong>3. Posso atualizar meu ingresso para incluir um almo\u00e7o com buf\u00ea?<\/strong><br \/>\nSim, voc\u00ea pode comprar um complemento para o buf\u00ea de almo\u00e7o se desejar jantar no local.<\/p>\n<p><strong>4. O \u00f4nibus tur\u00edstico \u00e9 acess\u00edvel a todas as idades?<\/strong><br \/>\nSim, o \u00f4nibus tur\u00edstico \u00e9 adequado para fam\u00edlias e para todas as idades.<\/p>\n<p><strong>5. O que devo vestir para o passeio de \u00f4nibus tur\u00edstico?<\/strong><br \/>\nRecomenda-se o uso de roupas e cal\u00e7ados confort\u00e1veis, pois voc\u00ea poder\u00e1 explorar diversas partes do jardim ap\u00f3s o passeio de \u00f4nibus.<\/p>\n<p><strong>6. Os shows s\u00e3o adequados para crian\u00e7as?<\/strong><br \/>\nSim, tanto o Show Cultural Tailand\u00eas quanto o Show dos Elefantes s\u00e3o divertidos para crian\u00e7as e adultos.<\/p>\n<p><strong>7. Posso tirar fotos durante os shows?<\/strong><br \/>\n\u00c9 permitido tirar fotos, mas evite usar flash para n\u00e3o distrair os artistas e os animais.<\/p>\n<p><strong>8. Quanto tempo dura o passeio de \u00f4nibus tur\u00edstico?<\/strong><br \/>\nO passeio de \u00f4nibus normalmente dura de 20 a 30 minutos e cobre todas as principais \u00e1reas do jardim.<\/p>\n<p>O <strong>Ingresso + \u00d4nibus tur\u00edstico + Show<\/strong> O pacote oferece uma mistura maravilhosa de explora\u00e7\u00e3o, cultura e entretenimento, tornando-o ideal para uma experi\u00eancia completa em <a href=\"https:\/\/nongnoochtickets.com\/pt\/\"><strong>Jardim Tropical Nong Nooch<\/strong><\/a>.<\/p>","protected":false},"excerpt":{"rendered":"<p>About Nong Nooch Tropical Garden \u2013 Admission Ticket + Sightseeing Bus + Show The Admission Ticket + Sightseeing Bus + Show package at Nong Nooch Tropical Garden is an all-in-one experience that lets visitors fully explore the garden\u2019s beauty, culture, and entertainment. Enjoy a convenient Sightseeing Bus tour covering all major garden areas, and attend [&hellip;]<\/p>\n","protected":false},"featured_media":3179,"template":"","meta":{"ocean_post_layout":"","ocean_both_sidebars_style":"","ocean_both_sidebars_content_width":0,"ocean_both_sidebars_sidebars_width":0,"ocean_sidebar":"0","ocean_second_sidebar":"0","ocean_disable_margins":"enable","ocean_add_body_class":"","ocean_shortcode_before_top_bar":"","ocean_shortcode_after_top_bar":"","ocean_shortcode_before_header":"","ocean_shortcode_after_header":"","ocean_has_shortcode":"","ocean_shortcode_after_title":"","ocean_shortcode_before_footer_widgets":"","ocean_shortcode_after_footer_widgets":"","ocean_shortcode_before_footer_bottom":"","ocean_shortcode_after_footer_bottom":"","ocean_display_top_bar":"default","ocean_display_header":"default","ocean_header_style":"","ocean_center_header_left_menu":"0","ocean_custom_header_template":"0","ocean_custom_logo":0,"ocean_custom_retina_logo":0,"ocean_custom_logo_max_width":0,"ocean_custom_logo_tablet_max_width":0,"ocean_custom_logo_mobile_max_width":0,"ocean_custom_logo_max_height":0,"ocean_custom_logo_tablet_max_height":0,"ocean_custom_logo_mobile_max_height":0,"ocean_header_custom_menu":"0","ocean_menu_typo_font_family":"0","ocean_menu_typo_font_subset":"","ocean_menu_typo_font_size":0,"ocean_menu_typo_font_size_tablet":0,"ocean_menu_typo_font_size_mobile":0,"ocean_menu_typo_font_size_unit":"px","ocean_menu_typo_font_weight":"","ocean_menu_typo_font_weight_tablet":"","ocean_menu_typo_font_weight_mobile":"","ocean_menu_typo_transform":"","ocean_menu_typo_transform_tablet":"","ocean_menu_typo_transform_mobile":"","ocean_menu_typo_line_height":0,"ocean_menu_typo_line_height_tablet":0,"ocean_menu_typo_line_height_mobile":0,"ocean_menu_typo_line_height_unit":"","ocean_menu_typo_spacing":0,"ocean_menu_typo_spacing_tablet":0,"ocean_menu_typo_spacing_mobile":0,"ocean_menu_typo_spacing_unit":"","ocean_menu_link_color":"","ocean_menu_link_color_hover":"","ocean_menu_link_color_active":"","ocean_menu_link_background":"","ocean_menu_link_hover_background":"","ocean_menu_link_active_background":"","ocean_menu_social_links_bg":"","ocean_menu_social_hover_links_bg":"","ocean_menu_social_links_color":"","ocean_menu_social_hover_links_color":"","ocean_disable_title":"default","ocean_disable_heading":"default","ocean_post_title":"","ocean_post_subheading":"","ocean_post_title_style":"","ocean_post_title_background_color":"","ocean_post_title_background":0,"ocean_post_title_bg_image_position":"","ocean_post_title_bg_image_attachment":"","ocean_post_title_bg_image_repeat":"","ocean_post_title_bg_image_size":"","ocean_post_title_height":0,"ocean_post_title_bg_overlay":0.5,"ocean_post_title_bg_overlay_color":"","ocean_disable_breadcrumbs":"default","ocean_breadcrumbs_color":"","ocean_breadcrumbs_separator_color":"","ocean_breadcrumbs_links_color":"","ocean_breadcrumbs_links_hover_color":"","ocean_display_footer_widgets":"default","ocean_display_footer_bottom":"default","ocean_custom_footer_template":"0"},"product_brand":[],"product_cat":[20],"product_tag":[472,456,502,504,503,478,474,446,471,458,470,492,501,464],"class_list":{"0":"post-3296","1":"product","2":"type-product","3":"status-publish","4":"has-post-thumbnail","6":"product_cat-tickets","7":"product_tag-nong-nooch-admission-show","8":"product_tag-nong-nooch-attraction","9":"product_tag-nong-nooch-bus-show","10":"product_tag-nong-nooch-combo-package","11":"product_tag-nong-nooch-cultural-show","12":"product_tag-nong-nooch-event-ticket","13":"product_tag-nong-nooch-garden-show","14":"product_tag-nong-nooch-garden-thailand","15":"product_tag-nong-nooch-show-ticket","16":"product_tag-nong-nooch-sightseeing-bus","17":"product_tag-nong-nooch-thailand-entry","18":"product_tag-nong-nooch-thailand-ticket","19":"product_tag-nong-nooch-tickets-combo","20":"product_tag-nong-nooch-tour-package","22":"entry","23":"has-media","24":"tm-has-options","26":"first","27":"instock","28":"virtual","29":"taxable","30":"purchasable","31":"product-type-simple","32":"has-product-nav","33":"col","34":"span_1_of_3","35":"owp-content-center","36":"owp-thumbs-layout-horizontal","37":"owp-btn-normal","38":"owp-tabs-layout-horizontal"},"yoast_head":"<!-- This site is optimized with the Yoast SEO plugin v27.5 - https:\/\/yoast.com\/product\/yoast-seo-wordpress\/ -->\n<title>Book Nong Nooch Entry, Bus And Show \u2013 Ultimate Garden Tour<\/title>\n<meta name=\"description\" content=\"Experience Nong Nooch With An Admission Ticket, Scenic Bus Tour, And Cultural Show. Enjoy The Best Of Nature And Culture! Book Your Tickets Now.\" \/>\n<meta name=\"robots\" content=\"index, follow, max-snippet:-1, max-image-preview:large, max-video-preview:-1\" \/>\n<link rel=\"canonical\" href=\"https:\/\/nongnoochtickets.com\/pt\/ingressos\/ingresso-para-o-jardim-tropical-nong-nooch-onibus-turistico-show\/\" \/>\n<meta property=\"og:locale\" content=\"pt_PT\" \/>\n<meta property=\"og:type\" content=\"article\" \/>\n<meta property=\"og:title\" content=\"Book Nong Nooch Entry, Bus And Show \u2013 Ultimate Garden Tour\" \/>\n<meta property=\"og:description\" content=\"Experience Nong Nooch With An Admission Ticket, Scenic Bus Tour, And Cultural Show. Enjoy The Best Of Nature And Culture! Book Your Tickets Now.\" \/>\n<meta property=\"og:url\" content=\"https:\/\/nongnoochtickets.com\/pt\/ingressos\/ingresso-para-o-jardim-tropical-nong-nooch-onibus-turistico-show\/\" \/>\n<meta property=\"og:site_name\" content=\"Nong Nooch Tropical Garden\" \/>\n<meta property=\"article:modified_time\" content=\"2025-09-19T09:52:22+00:00\" \/>\n<meta property=\"og:image\" content=\"https:\/\/nongnoochtickets.com\/wp-content\/uploads\/2024\/11\/Nong-Nooch-Tropical-Garden.webp\" \/>\n\t<meta property=\"og:image:width\" content=\"1607\" \/>\n\t<meta property=\"og:image:height\" content=\"904\" \/>\n\t<meta property=\"og:image:type\" content=\"image\/webp\" \/>\n<meta name=\"twitter:card\" content=\"summary_large_image\" \/>\n<meta name=\"twitter:label1\" content=\"Tempo estimado de leitura\" \/>\n\t<meta name=\"twitter:data1\" content=\"4 minutos\" \/>\n<script type=\"application\/ld+json\" class=\"yoast-schema-graph\">{\"@context\":\"https:\\\/\\\/schema.org\",\"@graph\":[{\"@type\":\"WebPage\",\"@id\":\"https:\\\/\\\/nongnoochtickets.com\\\/tickets\\\/nong-nooch-tropical-garden-admission-ticket-sightseeing-bus-show\\\/\",\"url\":\"https:\\\/\\\/nongnoochtickets.com\\\/tickets\\\/nong-nooch-tropical-garden-admission-ticket-sightseeing-bus-show\\\/\",\"name\":\"Book Nong Nooch Entry, Bus And Show \u2013 Ultimate Garden Tour\",\"isPartOf\":{\"@id\":\"https:\\\/\\\/nongnoochtickets.com\\\/#website\"},\"primaryImageOfPage\":{\"@id\":\"https:\\\/\\\/nongnoochtickets.com\\\/tickets\\\/nong-nooch-tropical-garden-admission-ticket-sightseeing-bus-show\\\/#primaryimage\"},\"image\":{\"@id\":\"https:\\\/\\\/nongnoochtickets.com\\\/tickets\\\/nong-nooch-tropical-garden-admission-ticket-sightseeing-bus-show\\\/#primaryimage\"},\"thumbnailUrl\":\"https:\\\/\\\/nongnoochtickets.com\\\/wp-content\\\/uploads\\\/2024\\\/11\\\/Nong-Nooch-Tropical-Garden.webp\",\"datePublished\":\"2024-11-12T05:10:47+00:00\",\"dateModified\":\"2025-09-19T09:52:22+00:00\",\"description\":\"Experience Nong Nooch With An Admission Ticket, Scenic Bus Tour, And Cultural Show. Enjoy The Best Of Nature And Culture! Book Your Tickets Now.\",\"breadcrumb\":{\"@id\":\"https:\\\/\\\/nongnoochtickets.com\\\/tickets\\\/nong-nooch-tropical-garden-admission-ticket-sightseeing-bus-show\\\/#breadcrumb\"},\"inLanguage\":\"pt-PT\",\"potentialAction\":[{\"@type\":\"ReadAction\",\"target\":[\"https:\\\/\\\/nongnoochtickets.com\\\/tickets\\\/nong-nooch-tropical-garden-admission-ticket-sightseeing-bus-show\\\/\"]}]},{\"@type\":\"ImageObject\",\"inLanguage\":\"pt-PT\",\"@id\":\"https:\\\/\\\/nongnoochtickets.com\\\/tickets\\\/nong-nooch-tropical-garden-admission-ticket-sightseeing-bus-show\\\/#primaryimage\",\"url\":\"https:\\\/\\\/nongnoochtickets.com\\\/wp-content\\\/uploads\\\/2024\\\/11\\\/Nong-Nooch-Tropical-Garden.webp\",\"contentUrl\":\"https:\\\/\\\/nongnoochtickets.com\\\/wp-content\\\/uploads\\\/2024\\\/11\\\/Nong-Nooch-Tropical-Garden.webp\",\"width\":1607,\"height\":904,\"caption\":\"Nong Nooch Tropical Garden\"},{\"@type\":\"BreadcrumbList\",\"@id\":\"https:\\\/\\\/nongnoochtickets.com\\\/tickets\\\/nong-nooch-tropical-garden-admission-ticket-sightseeing-bus-show\\\/#breadcrumb\",\"itemListElement\":[{\"@type\":\"ListItem\",\"position\":1,\"name\":\"Home\",\"item\":\"https:\\\/\\\/nongnoochtickets.com\\\/\"},{\"@type\":\"ListItem\",\"position\":2,\"name\":\"Tickets\",\"item\":\"https:\\\/\\\/nongnoochtickets.com\\\/tickets\\\/\"},{\"@type\":\"ListItem\",\"position\":3,\"name\":\"Nong Nooch Tropical Garden Admission Ticket + Sightseeing Bus + Show\"}]},{\"@type\":\"WebSite\",\"@id\":\"https:\\\/\\\/nongnoochtickets.com\\\/#website\",\"url\":\"https:\\\/\\\/nongnoochtickets.com\\\/\",\"name\":\"Nong Nooch Tropical Garden\",\"description\":\"\",\"publisher\":{\"@id\":\"https:\\\/\\\/nongnoochtickets.com\\\/#organization\"},\"potentialAction\":[{\"@type\":\"SearchAction\",\"target\":{\"@type\":\"EntryPoint\",\"urlTemplate\":\"https:\\\/\\\/nongnoochtickets.com\\\/?s={search_term_string}\"},\"query-input\":{\"@type\":\"PropertyValueSpecification\",\"valueRequired\":true,\"valueName\":\"search_term_string\"}}],\"inLanguage\":\"pt-PT\"},{\"@type\":\"Organization\",\"@id\":\"https:\\\/\\\/nongnoochtickets.com\\\/#organization\",\"name\":\"Nong Nooch Tropical Garden\",\"url\":\"https:\\\/\\\/nongnoochtickets.com\\\/\",\"logo\":{\"@type\":\"ImageObject\",\"inLanguage\":\"pt-PT\",\"@id\":\"https:\\\/\\\/nongnoochtickets.com\\\/#\\\/schema\\\/logo\\\/image\\\/\",\"url\":\"https:\\\/\\\/nongnoochtickets.com\\\/wp-content\\\/uploads\\\/2024\\\/08\\\/Nong-Nooch-Tropical-Garden.png\",\"contentUrl\":\"https:\\\/\\\/nongnoochtickets.com\\\/wp-content\\\/uploads\\\/2024\\\/08\\\/Nong-Nooch-Tropical-Garden.png\",\"width\":350,\"height\":100,\"caption\":\"Nong Nooch Tropical Garden\"},\"image\":{\"@id\":\"https:\\\/\\\/nongnoochtickets.com\\\/#\\\/schema\\\/logo\\\/image\\\/\"}}]}<\/script>\n<!-- \/ Yoast SEO plugin. -->","yoast_head_json":{"title":"Reserve a entrada, o \u00f4nibus e o show de Nong Nooch \u2013 Ultimate Garden Tour","description":"Experimente Nong Nooch com um ingresso, passeio panor\u00e2mico de \u00f4nibus e show cultural. Aproveite o melhor da natureza e da cultura! Reserve seus ingressos agora.","robots":{"index":"index","follow":"follow","max-snippet":"max-snippet:-1","max-image-preview":"max-image-preview:large","max-video-preview":"max-video-preview:-1"},"canonical":"https:\/\/nongnoochtickets.com\/pt\/ingressos\/ingresso-para-o-jardim-tropical-nong-nooch-onibus-turistico-show\/","og_locale":"pt_PT","og_type":"article","og_title":"Book Nong Nooch Entry, Bus And Show \u2013 Ultimate Garden Tour","og_description":"Experience Nong Nooch With An Admission Ticket, Scenic Bus Tour, And Cultural Show. Enjoy The Best Of Nature And Culture! Book Your Tickets Now.","og_url":"https:\/\/nongnoochtickets.com\/pt\/ingressos\/ingresso-para-o-jardim-tropical-nong-nooch-onibus-turistico-show\/","og_site_name":"Nong Nooch Tropical Garden","article_modified_time":"2025-09-19T09:52:22+00:00","og_image":[{"width":1607,"height":904,"url":"https:\/\/nongnoochtickets.com\/wp-content\/uploads\/2024\/11\/Nong-Nooch-Tropical-Garden.webp","type":"image\/webp"}],"twitter_card":"summary_large_image","twitter_misc":{"Tempo estimado de leitura":"4 minutos"},"schema":{"@context":"https:\/\/schema.org","@graph":[{"@type":"WebPage","@id":"https:\/\/nongnoochtickets.com\/tickets\/nong-nooch-tropical-garden-admission-ticket-sightseeing-bus-show\/","url":"https:\/\/nongnoochtickets.com\/tickets\/nong-nooch-tropical-garden-admission-ticket-sightseeing-bus-show\/","name":"Reserve a entrada, o \u00f4nibus e o show de Nong Nooch \u2013 Ultimate Garden Tour","isPartOf":{"@id":"https:\/\/nongnoochtickets.com\/#website"},"primaryImageOfPage":{"@id":"https:\/\/nongnoochtickets.com\/tickets\/nong-nooch-tropical-garden-admission-ticket-sightseeing-bus-show\/#primaryimage"},"image":{"@id":"https:\/\/nongnoochtickets.com\/tickets\/nong-nooch-tropical-garden-admission-ticket-sightseeing-bus-show\/#primaryimage"},"thumbnailUrl":"https:\/\/nongnoochtickets.com\/wp-content\/uploads\/2024\/11\/Nong-Nooch-Tropical-Garden.webp","datePublished":"2024-11-12T05:10:47+00:00","dateModified":"2025-09-19T09:52:22+00:00","description":"Experimente Nong Nooch com um ingresso, passeio panor\u00e2mico de \u00f4nibus e show cultural. Aproveite o melhor da natureza e da cultura! Reserve seus ingressos agora.","breadcrumb":{"@id":"https:\/\/nongnoochtickets.com\/tickets\/nong-nooch-tropical-garden-admission-ticket-sightseeing-bus-show\/#breadcrumb"},"inLanguage":"pt-PT","potentialAction":[{"@type":"ReadAction","target":["https:\/\/nongnoochtickets.com\/tickets\/nong-nooch-tropical-garden-admission-ticket-sightseeing-bus-show\/"]}]},{"@type":"ImageObject","inLanguage":"pt-PT","@id":"https:\/\/nongnoochtickets.com\/tickets\/nong-nooch-tropical-garden-admission-ticket-sightseeing-bus-show\/#primaryimage","url":"https:\/\/nongnoochtickets.com\/wp-content\/uploads\/2024\/11\/Nong-Nooch-Tropical-Garden.webp","contentUrl":"https:\/\/nongnoochtickets.com\/wp-content\/uploads\/2024\/11\/Nong-Nooch-Tropical-Garden.webp","width":1607,"height":904,"caption":"Nong Nooch Tropical Garden"},{"@type":"BreadcrumbList","@id":"https:\/\/nongnoochtickets.com\/tickets\/nong-nooch-tropical-garden-admission-ticket-sightseeing-bus-show\/#breadcrumb","itemListElement":[{"@type":"ListItem","position":1,"name":"Home","item":"https:\/\/nongnoochtickets.com\/"},{"@type":"ListItem","position":2,"name":"Tickets","item":"https:\/\/nongnoochtickets.com\/tickets\/"},{"@type":"ListItem","position":3,"name":"Nong Nooch Tropical Garden Admission Ticket + Sightseeing Bus + Show"}]},{"@type":"WebSite","@id":"https:\/\/nongnoochtickets.com\/#website","url":"https:\/\/nongnoochtickets.com\/","name":"Jardim Tropical Nong Nooch","description":"","publisher":{"@id":"https:\/\/nongnoochtickets.com\/#organization"},"potentialAction":[{"@type":"SearchAction","target":{"@type":"EntryPoint","urlTemplate":"https:\/\/nongnoochtickets.com\/?s={search_term_string}"},"query-input":{"@type":"PropertyValueSpecification","valueRequired":true,"valueName":"search_term_string"}}],"inLanguage":"pt-PT"},{"@type":"Organization","@id":"https:\/\/nongnoochtickets.com\/#organization","name":"Jardim Tropical Nong Nooch","url":"https:\/\/nongnoochtickets.com\/","logo":{"@type":"ImageObject","inLanguage":"pt-PT","@id":"https:\/\/nongnoochtickets.com\/#\/schema\/logo\/image\/","url":"https:\/\/nongnoochtickets.com\/wp-content\/uploads\/2024\/08\/Nong-Nooch-Tropical-Garden.png","contentUrl":"https:\/\/nongnoochtickets.com\/wp-content\/uploads\/2024\/08\/Nong-Nooch-Tropical-Garden.png","width":350,"height":100,"caption":"Nong Nooch Tropical Garden"},"image":{"@id":"https:\/\/nongnoochtickets.com\/#\/schema\/logo\/image\/"}}]}},"jetpack_sharing_enabled":true,"_links":{"self":[{"href":"https:\/\/nongnoochtickets.com\/pt\/wp-json\/wp\/v2\/product\/3296","targetHints":{"allow":["GET"]}}],"collection":[{"href":"https:\/\/nongnoochtickets.com\/pt\/wp-json\/wp\/v2\/product"}],"about":[{"href":"https:\/\/nongnoochtickets.com\/pt\/wp-json\/wp\/v2\/types\/product"}],"wp:featuredmedia":[{"embeddable":true,"href":"https:\/\/nongnoochtickets.com\/pt\/wp-json\/wp\/v2\/media\/3179"}],"wp:attachment":[{"href":"https:\/\/nongnoochtickets.com\/pt\/wp-json\/wp\/v2\/media?parent=3296"}],"wp:term":[{"taxonomy":"product_brand","embeddable":true,"href":"https:\/\/nongnoochtickets.com\/pt\/wp-json\/wp\/v2\/product_brand?post=3296"},{"taxonomy":"product_cat","embeddable":true,"href":"https:\/\/nongnoochtickets.com\/pt\/wp-json\/wp\/v2\/product_cat?post=3296"},{"taxonomy":"product_tag","embeddable":true,"href":"https:\/\/nongnoochtickets.com\/pt\/wp-json\/wp\/v2\/product_tag?post=3296"}],"curies":[{"name":"wp","href":"https:\/\/api.w.org\/{rel}","templated":true}]}}