{"id":3294,"date":"2024-11-12T10:30:46","date_gmt":"2024-11-12T05:00:46","guid":{"rendered":"https:\/\/nongnoochtickets.com\/?post_type=product&#038;p=3294"},"modified":"2025-09-29T13:00:07","modified_gmt":"2025-09-29T07:30:07","slug":"nong-nooch-ingresso-para-jardim-tropical-almoco-buffet","status":"publish","type":"product","link":"https:\/\/nongnoochtickets.com\/pt\/ingressos\/nong-nooch-ingresso-para-jardim-tropical-almoco-buffet\/","title":{"rendered":"Ingresso para o Jardim Tropical Nong Nooch + Almo\u00e7o Buffet"},"content":{"rendered":"<h2>Sobre o Jardim Tropical Nong Nooch \u2013 Ingresso + Almo\u00e7o Buffet<\/h2>\n<p>Com o <strong>Ingresso + Almo\u00e7o Buffet<\/strong> pacote em <strong>Jardim Tropical Nong Nooch<\/strong>, aproveite n\u00e3o s\u00f3 o acesso a este para\u00edso bot\u00e2nico de tirar o f\u00f4lego, mas tamb\u00e9m uma experi\u00eancia deliciosa de buffet. Escolha entre uma variedade de op\u00e7\u00f5es de culin\u00e1ria, incluindo <strong>Pratos internacionais, tailandeses e indianos<\/strong>, garantindo uma refei\u00e7\u00e3o memor\u00e1vel cercada pela beleza das paisagens exuberantes de Nong Nooch. Este pacote \u00e9 perfeito para uma experi\u00eancia de dia inteiro, combinando natureza, cultura e prazer culin\u00e1rio em uma das principais atra\u00e7\u00f5es da Tail\u00e2ndia.<\/p>\n<hr \/>\n<h3>Hor\u00e1rios<\/h3>\n<ul>\n<li><strong>Hor\u00e1rio do Jardim<\/strong>: 08:00 AM \u2013 06:00 PM, diariamente.<\/li>\n<li><strong>Hor\u00e1rio do Buffet de Almo\u00e7o<\/strong>: Servido entre 11h30 e 14h.<\/li>\n<\/ul>\n<hr \/>\n<h3>Destaques<\/h3>\n<ul>\n<li><strong>Beleza C\u00eanica<\/strong>: Passeie por jardins tem\u00e1ticos como o Jardim Franc\u00eas, o Jardim dos Cactos e o Vale dos Dinossauros.<\/li>\n<li><strong>Jantar delicioso<\/strong>: Saboreie um buffet de almo\u00e7o com pratos tailandeses, internacionais e indianos.<\/li>\n<li><strong>Relaxe e recarregue as energias<\/strong>: Perfeito para fam\u00edlias ou grupos que desejam desfrutar de uma refei\u00e7\u00e3o e um dia inteiro de explora\u00e7\u00e3o.<\/li>\n<\/ul>\n<hr \/>\n<h3>O que est\u00e1 inclu\u00eddo<\/h3>\n<ul>\n<li><strong>Admiss\u00e3o<\/strong> para o Jardim Tropical Nong Nooch.<\/li>\n<li><strong>Almo\u00e7o Buffet<\/strong> com op\u00e7\u00f5es de culin\u00e1ria tailandesa, internacional e indiana.<\/li>\n<li>Acesso a todas as \u00e1reas de jardins p\u00fablicos, trilhas e paisagens tem\u00e1ticas.<\/li>\n<\/ul>\n<hr \/>\n<h3>Inclus\u00f5es \/ Exclus\u00f5es<\/h3>\n<p><strong>Inclus\u00f5es<\/strong>:<\/p>\n<ul>\n<li>Entrada para o jardim.<\/li>\n<li>Almo\u00e7o buffet com pratos das culin\u00e1rias tailandesa, internacional e indiana.<\/li>\n<\/ul>\n<p><strong>Exclus\u00f5es<\/strong>:<\/p>\n<ul>\n<li>\u00d4nibus tur\u00edstico (dispon\u00edvel como complemento).<\/li>\n<li>Acesso a shows ao vivo (dispon\u00edvel com diferentes op\u00e7\u00f5es de ingressos).<\/li>\n<li>Transporte de ida e volta para o jardim.<\/li>\n<\/ul>\n<hr \/>\n<h3>Pol\u00edtica da Crian\u00e7a<\/h3>\n<ul>\n<li><strong>Elegibilidade para ingresso infantil<\/strong>: Crian\u00e7as entre 90 e 130 cm de altura t\u00eam direito ao pre\u00e7o infantil.<\/li>\n<li><strong>Admiss\u00e3o de beb\u00eas<\/strong>:Crian\u00e7as menores de 90 cm n\u00e3o pagam entrada.<\/li>\n<\/ul>\n<hr \/>\n<h3>Pol\u00edtica de Reembolso e Cancelamento<\/h3>\n<ul>\n<li><strong>Sem Reembolsos<\/strong>: Os ingressos n\u00e3o s\u00e3o reembols\u00e1veis nem cancel\u00e1veis.<\/li>\n<li><strong>Reagendamento<\/strong>: O reagendamento pode ser poss\u00edvel para pacotes espec\u00edficos com transporte, com aviso pr\u00e9vio de 48 horas e sujeito \u00e0 disponibilidade.<\/li>\n<\/ul>\n<hr \/>\n<h3>O que mais?<\/h3>\n<ul>\n<li><strong>Variedade de cozinha<\/strong>: Desfrute de um menu de buf\u00ea diversificado, com saborosos pratos tailandeses, sele\u00e7\u00f5es internacionais populares e op\u00e7\u00f5es tradicionais indianas.<\/li>\n<li><strong>Ambiente de jantar<\/strong>:O buffet fica em um jardim pitoresco, oferecendo vista para a vegeta\u00e7\u00e3o ao redor e um ambiente tranquilo.<\/li>\n<\/ul>\n<hr \/>\n<h3>Dicas privilegiadas<\/h3>\n<ul>\n<li><strong>Chegue cedo<\/strong>:Chegar cedo lhe dar\u00e1 mais tempo para explorar o jardim antes de aproveitar o almo\u00e7o.<\/li>\n<li><strong>Experimente todas as cozinhas<\/strong>: Aproveite ao m\u00e1ximo o buf\u00ea experimentando pratos de cada culin\u00e1ria: tailandesa, indiana e internacional.<\/li>\n<li><strong>Planeje em torno do hor\u00e1rio de almo\u00e7o<\/strong>: Para aproveitar ao m\u00e1ximo o seu dia, planeje visitar as principais atra\u00e7\u00f5es antes ou depois do hor\u00e1rio de servi\u00e7o do buf\u00ea.<\/li>\n<\/ul>\n<hr \/>\n<h3>O que fazer e o que n\u00e3o fazer<\/h3>\n<p><strong>O que fazer<\/strong>:<\/p>\n<ul>\n<li>Leve um documento de identifica\u00e7\u00e3o v\u00e1lido com foto para entrar.<\/li>\n<li>Chegue ao buf\u00ea dentro do hor\u00e1rio de servi\u00e7o para garantir acesso ao menu completo.<\/li>\n<li>Use sapatos confort\u00e1veis para explorar a grande \u00e1rea do jardim.<\/li>\n<\/ul>\n<p><strong>N\u00e3o fa\u00e7a<\/strong>:<\/p>\n<ul>\n<li>Evite trazer comidas e bebidas de fora, pois n\u00e3o s\u00e3o permitidas.<\/li>\n<li>N\u00e3o alimente nenhum animal dentro do jardim.<\/li>\n<\/ul>\n<hr \/>\n<h3>Saiba antes de ir<\/h3>\n<ul>\n<li><strong>Requisito de identifica\u00e7\u00e3o<\/strong>:Todos os estrangeiros devem portar seu passaporte como prova de identidade.<\/li>\n<li><strong>Prepara\u00e7\u00e3o para o clima<\/strong>: O jardim fica aberto durante chuvas leves; traga um guarda-chuva ou capa de chuva, se necess\u00e1rio.<\/li>\n<li><strong>Plano para o almo\u00e7o<\/strong>: Chegue durante o hor\u00e1rio de almo\u00e7o designado (11h30 - 14h) para aproveitar o buf\u00ea.<\/li>\n<\/ul>\n<hr \/>\n<h3>Endere\u00e7o, Mapas e Localiza\u00e7\u00e3o<\/h3>\n<ul>\n<li><strong>Endere\u00e7o<\/strong>: 34\/1 Sukhumvit Road, Na Chom Thian, distrito de Sattahip, Chon Buri 20250, Tail\u00e2ndia<\/li>\n<li><strong>Localiza\u00e7\u00e3o do Google Maps<\/strong>: <a href=\"https:\/\/maps.app.goo.gl\/AwWepSfe6DdhvcTr8\" target=\"_new\" rel=\"noopener\">Localiza\u00e7\u00e3o do Jardim Tropical Nong Nooch<\/a><\/li>\n<\/ul>\n<hr \/>\n<h3>Como chegar<\/h3>\n<ul>\n<li><strong>De carro ou t\u00e1xi<\/strong>: Localizado a cerca de 20 minutos do centro da cidade de Pattaya.<\/li>\n<li><strong>Transporte p\u00fablico<\/strong>: Facilmente acess\u00edvel por servi\u00e7os de \u00f4nibus locais ou t\u00e1xi.<\/li>\n<li><strong>Pacote de transporte<\/strong>: Dispon\u00edvel com ingressos selecionados para maior comodidade.<\/li>\n<\/ul>\n<hr \/>\n<h3>Perguntas Frequentes (FAQs)<\/h3>\n<p><strong>1. O que o Ingresso + Almo\u00e7o Buffet inclui?<\/strong><br \/>\nO pacote inclui entrada no jardim e acesso a um buffet de almo\u00e7o com op\u00e7\u00f5es de culin\u00e1ria tailandesa, internacional e indiana.<\/p>\n<p><strong>2. H\u00e1 outras op\u00e7\u00f5es de refei\u00e7\u00f5es dispon\u00edveis?<\/strong><br \/>\nO buffet oferece uma grande variedade de op\u00e7\u00f5es, e tamb\u00e9m h\u00e1 outros restaurantes no local que oferecem diversos pratos (por um custo adicional).<\/p>\n<p><strong>3. Posso atualizar meu ingresso para incluir os shows ao vivo?<\/strong><br \/>\nSim, os visitantes podem fazer upgrade ou comprar ingressos adicionais para os shows, se dispon\u00edveis.<\/p>\n<p><strong>4. O buffet de almo\u00e7o \u00e9 adequado para vegetarianos?<\/strong><br \/>\nSim, o buf\u00ea inclui uma sele\u00e7\u00e3o de pratos vegetarianos de todas as tr\u00eas culin\u00e1rias.<\/p>\n<p><strong>5. As bebidas est\u00e3o inclu\u00eddas no buffet?<\/strong><br \/>\nAlgumas bebidas n\u00e3o alco\u00f3licas est\u00e3o inclu\u00eddas; bebidas alco\u00f3licas est\u00e3o dispon\u00edveis para compra.<\/p>\n<p><strong>6. Posso solicitar acomoda\u00e7\u00f5es alimentares espec\u00edficas?<\/strong><br \/>\nEntre em contato com a equipe do jardim ao chegar; o buf\u00ea geralmente oferece uma variedade de pratos que atendem a diferentes necessidades alimentares.<\/p>\n<p><strong>7. H\u00e1 \u00e1reas de estar para almo\u00e7o?<\/strong><br \/>\nSim, o buf\u00ea fica em uma \u00e1rea de jantar confort\u00e1vel com amplos assentos para visitantes.<\/p>\n<p><strong>8. Existe um limite de tempo para o buffet?<\/strong><br \/>\nVoc\u00ea pode aproveitar o buffet no hor\u00e1rio de servi\u00e7o, das 11h30 \u00e0s 14h.<\/p>\n<p>Esse <strong>Ingresso + Almo\u00e7o Buffet<\/strong> pacote em <a href=\"https:\/\/nongnoochtickets.com\/pt\"><strong>Jardim Tropical Nong Nooch<\/strong><\/a> oferece uma deliciosa combina\u00e7\u00e3o de explora\u00e7\u00e3o e gastronomia, garantindo uma experi\u00eancia completa em um dos destinos mais belos da Tail\u00e2ndia.<\/p>","protected":false},"excerpt":{"rendered":"<p>About Nong Nooch Tropical Garden \u2013 Admission Ticket + Buffet Lunch With the Admission Ticket + Buffet Lunch package at Nong Nooch Tropical Garden, enjoy not only access to this breathtaking botanical paradise but also a delightful buffet experience. Choose from a variety of cuisine options, including International, Thai, and Indian dishes, ensuring a memorable [&hellip;]<\/p>\n","protected":false},"featured_media":3177,"template":"","meta":{"ocean_post_layout":"","ocean_both_sidebars_style":"","ocean_both_sidebars_content_width":0,"ocean_both_sidebars_sidebars_width":0,"ocean_sidebar":"0","ocean_second_sidebar":"0","ocean_disable_margins":"enable","ocean_add_body_class":"","ocean_shortcode_before_top_bar":"","ocean_shortcode_after_top_bar":"","ocean_shortcode_before_header":"","ocean_shortcode_after_header":"","ocean_has_shortcode":"","ocean_shortcode_after_title":"","ocean_shortcode_before_footer_widgets":"","ocean_shortcode_after_footer_widgets":"","ocean_shortcode_before_footer_bottom":"","ocean_shortcode_after_footer_bottom":"","ocean_display_top_bar":"default","ocean_display_header":"default","ocean_header_style":"","ocean_center_header_left_menu":"0","ocean_custom_header_template":"0","ocean_custom_logo":0,"ocean_custom_retina_logo":0,"ocean_custom_logo_max_width":0,"ocean_custom_logo_tablet_max_width":0,"ocean_custom_logo_mobile_max_width":0,"ocean_custom_logo_max_height":0,"ocean_custom_logo_tablet_max_height":0,"ocean_custom_logo_mobile_max_height":0,"ocean_header_custom_menu":"0","ocean_menu_typo_font_family":"0","ocean_menu_typo_font_subset":"","ocean_menu_typo_font_size":0,"ocean_menu_typo_font_size_tablet":0,"ocean_menu_typo_font_size_mobile":0,"ocean_menu_typo_font_size_unit":"px","ocean_menu_typo_font_weight":"","ocean_menu_typo_font_weight_tablet":"","ocean_menu_typo_font_weight_mobile":"","ocean_menu_typo_transform":"","ocean_menu_typo_transform_tablet":"","ocean_menu_typo_transform_mobile":"","ocean_menu_typo_line_height":0,"ocean_menu_typo_line_height_tablet":0,"ocean_menu_typo_line_height_mobile":0,"ocean_menu_typo_line_height_unit":"","ocean_menu_typo_spacing":0,"ocean_menu_typo_spacing_tablet":0,"ocean_menu_typo_spacing_mobile":0,"ocean_menu_typo_spacing_unit":"","ocean_menu_link_color":"","ocean_menu_link_color_hover":"","ocean_menu_link_color_active":"","ocean_menu_link_background":"","ocean_menu_link_hover_background":"","ocean_menu_link_active_background":"","ocean_menu_social_links_bg":"","ocean_menu_social_hover_links_bg":"","ocean_menu_social_links_color":"","ocean_menu_social_hover_links_color":"","ocean_disable_title":"default","ocean_disable_heading":"default","ocean_post_title":"","ocean_post_subheading":"","ocean_post_title_style":"","ocean_post_title_background_color":"","ocean_post_title_background":0,"ocean_post_title_bg_image_position":"","ocean_post_title_bg_image_attachment":"","ocean_post_title_bg_image_repeat":"","ocean_post_title_bg_image_size":"","ocean_post_title_height":0,"ocean_post_title_bg_overlay":0.5,"ocean_post_title_bg_overlay_color":"","ocean_disable_breadcrumbs":"default","ocean_breadcrumbs_color":"","ocean_breadcrumbs_separator_color":"","ocean_breadcrumbs_links_color":"","ocean_breadcrumbs_links_hover_color":"","ocean_display_footer_widgets":"default","ocean_display_footer_bottom":"default","ocean_custom_footer_template":"0"},"product_brand":[],"product_cat":[20],"product_tag":[485,484,491,489,486,493,446,483,488,494,490,492,487,495],"class_list":{"0":"post-3294","1":"product","2":"type-product","3":"status-publish","4":"has-post-thumbnail","6":"product_cat-tickets","7":"product_tag-nong-nooch-admission-lunch","8":"product_tag-nong-nooch-buffet-entry","9":"product_tag-nong-nooch-buffet-package","10":"product_tag-nong-nooch-entry-meal","11":"product_tag-nong-nooch-garden-buffet","12":"product_tag-nong-nooch-garden-lunch","13":"product_tag-nong-nooch-garden-thailand","14":"product_tag-nong-nooch-lunch-ticket","15":"product_tag-nong-nooch-meal-package","16":"product_tag-nong-nooch-meal-plan","17":"product_tag-nong-nooch-park-access","18":"product_tag-nong-nooch-thailand-ticket","19":"product_tag-nong-nooch-tickets-lunch","20":"product_tag-thailand-buffet-ticket","22":"entry","23":"has-media","24":"tm-has-options","26":"first","27":"instock","28":"virtual","29":"taxable","30":"purchasable","31":"product-type-simple","32":"has-product-nav","33":"col","34":"span_1_of_3","35":"owp-content-center","36":"owp-thumbs-layout-horizontal","37":"owp-btn-normal","38":"owp-tabs-layout-horizontal"},"yoast_head":"<!-- This site is optimized with the Yoast SEO plugin v27.3 - https:\/\/yoast.com\/product\/yoast-seo-wordpress\/ -->\n<title>Book Nong Nooch Entry &amp; Buffet Lunch - Delight In Nature &amp; Food<\/title>\n<meta name=\"description\" content=\"Experience Nong Nooch Admission With A Delicious Buffet Lunch Included. Nature And Flavor Await \u2013 Reserve Your Tickets Now!\" \/>\n<meta name=\"robots\" content=\"index, follow, max-snippet:-1, max-image-preview:large, max-video-preview:-1\" \/>\n<link rel=\"canonical\" href=\"https:\/\/nongnoochtickets.com\/pt\/ingressos\/nong-nooch-ingresso-para-jardim-tropical-almoco-buffet\/\" \/>\n<meta property=\"og:locale\" content=\"pt_PT\" \/>\n<meta property=\"og:type\" content=\"article\" \/>\n<meta property=\"og:title\" content=\"Book Nong Nooch Entry &amp; Buffet Lunch - Delight In Nature &amp; Food\" \/>\n<meta property=\"og:description\" content=\"Experience Nong Nooch Admission With A Delicious Buffet Lunch Included. Nature And Flavor Await \u2013 Reserve Your Tickets Now!\" \/>\n<meta property=\"og:url\" content=\"https:\/\/nongnoochtickets.com\/pt\/ingressos\/nong-nooch-ingresso-para-jardim-tropical-almoco-buffet\/\" \/>\n<meta property=\"og:site_name\" content=\"Nong Nooch Tropical Garden\" \/>\n<meta property=\"article:modified_time\" content=\"2025-09-29T07:30:07+00:00\" \/>\n<meta name=\"twitter:card\" content=\"summary_large_image\" \/>\n<meta name=\"twitter:label1\" content=\"Tempo estimado de leitura\" \/>\n\t<meta name=\"twitter:data1\" content=\"4 minutos\" \/>\n<script type=\"application\/ld+json\" class=\"yoast-schema-graph\">{\"@context\":\"https:\\\/\\\/schema.org\",\"@graph\":[{\"@type\":\"WebPage\",\"@id\":\"https:\\\/\\\/nongnoochtickets.com\\\/tickets\\\/nong-nooch-tropical-garden-admission-ticket-buffet-lunch\\\/\",\"url\":\"https:\\\/\\\/nongnoochtickets.com\\\/tickets\\\/nong-nooch-tropical-garden-admission-ticket-buffet-lunch\\\/\",\"name\":\"Book Nong Nooch Entry & Buffet Lunch - Delight In Nature & Food\",\"isPartOf\":{\"@id\":\"https:\\\/\\\/nongnoochtickets.com\\\/#website\"},\"primaryImageOfPage\":{\"@id\":\"https:\\\/\\\/nongnoochtickets.com\\\/tickets\\\/nong-nooch-tropical-garden-admission-ticket-buffet-lunch\\\/#primaryimage\"},\"image\":{\"@id\":\"https:\\\/\\\/nongnoochtickets.com\\\/tickets\\\/nong-nooch-tropical-garden-admission-ticket-buffet-lunch\\\/#primaryimage\"},\"thumbnailUrl\":\"https:\\\/\\\/nongnoochtickets.com\\\/wp-content\\\/uploads\\\/2024\\\/11\\\/Nong-Nooch-Tickets.avif\",\"datePublished\":\"2024-11-12T05:00:46+00:00\",\"dateModified\":\"2025-09-29T07:30:07+00:00\",\"description\":\"Experience Nong Nooch Admission With A Delicious Buffet Lunch Included. Nature And Flavor Await \u2013 Reserve Your Tickets Now!\",\"breadcrumb\":{\"@id\":\"https:\\\/\\\/nongnoochtickets.com\\\/tickets\\\/nong-nooch-tropical-garden-admission-ticket-buffet-lunch\\\/#breadcrumb\"},\"inLanguage\":\"pt-PT\",\"potentialAction\":[{\"@type\":\"ReadAction\",\"target\":[\"https:\\\/\\\/nongnoochtickets.com\\\/tickets\\\/nong-nooch-tropical-garden-admission-ticket-buffet-lunch\\\/\"]}]},{\"@type\":\"ImageObject\",\"inLanguage\":\"pt-PT\",\"@id\":\"https:\\\/\\\/nongnoochtickets.com\\\/tickets\\\/nong-nooch-tropical-garden-admission-ticket-buffet-lunch\\\/#primaryimage\",\"url\":\"https:\\\/\\\/nongnoochtickets.com\\\/wp-content\\\/uploads\\\/2024\\\/11\\\/Nong-Nooch-Tickets.avif\",\"contentUrl\":\"https:\\\/\\\/nongnoochtickets.com\\\/wp-content\\\/uploads\\\/2024\\\/11\\\/Nong-Nooch-Tickets.avif\",\"width\":1356,\"height\":904,\"caption\":\"Nong Nooch Tickets\"},{\"@type\":\"BreadcrumbList\",\"@id\":\"https:\\\/\\\/nongnoochtickets.com\\\/tickets\\\/nong-nooch-tropical-garden-admission-ticket-buffet-lunch\\\/#breadcrumb\",\"itemListElement\":[{\"@type\":\"ListItem\",\"position\":1,\"name\":\"Home\",\"item\":\"https:\\\/\\\/nongnoochtickets.com\\\/\"},{\"@type\":\"ListItem\",\"position\":2,\"name\":\"Tickets\",\"item\":\"https:\\\/\\\/nongnoochtickets.com\\\/tickets\\\/\"},{\"@type\":\"ListItem\",\"position\":3,\"name\":\"Nong Nooch Tropical Garden Admission Ticket + Buffet Lunch\"}]},{\"@type\":\"WebSite\",\"@id\":\"https:\\\/\\\/nongnoochtickets.com\\\/#website\",\"url\":\"https:\\\/\\\/nongnoochtickets.com\\\/\",\"name\":\"Nong Nooch Tropical Garden\",\"description\":\"\",\"publisher\":{\"@id\":\"https:\\\/\\\/nongnoochtickets.com\\\/#organization\"},\"potentialAction\":[{\"@type\":\"SearchAction\",\"target\":{\"@type\":\"EntryPoint\",\"urlTemplate\":\"https:\\\/\\\/nongnoochtickets.com\\\/?s={search_term_string}\"},\"query-input\":{\"@type\":\"PropertyValueSpecification\",\"valueRequired\":true,\"valueName\":\"search_term_string\"}}],\"inLanguage\":\"pt-PT\"},{\"@type\":\"Organization\",\"@id\":\"https:\\\/\\\/nongnoochtickets.com\\\/#organization\",\"name\":\"Nong Nooch Tropical Garden\",\"url\":\"https:\\\/\\\/nongnoochtickets.com\\\/\",\"logo\":{\"@type\":\"ImageObject\",\"inLanguage\":\"pt-PT\",\"@id\":\"https:\\\/\\\/nongnoochtickets.com\\\/#\\\/schema\\\/logo\\\/image\\\/\",\"url\":\"https:\\\/\\\/nongnoochtickets.com\\\/wp-content\\\/uploads\\\/2024\\\/08\\\/Nong-Nooch-Tropical-Garden.png\",\"contentUrl\":\"https:\\\/\\\/nongnoochtickets.com\\\/wp-content\\\/uploads\\\/2024\\\/08\\\/Nong-Nooch-Tropical-Garden.png\",\"width\":350,\"height\":100,\"caption\":\"Nong Nooch Tropical Garden\"},\"image\":{\"@id\":\"https:\\\/\\\/nongnoochtickets.com\\\/#\\\/schema\\\/logo\\\/image\\\/\"}}]}<\/script>\n<!-- \/ Yoast SEO plugin. -->","yoast_head_json":{"title":"Reserve a entrada e o almo\u00e7o buffet de Nong Nooch - Delight In Nature &amp; Food","description":"Experimente a entrada para Nong Nooch com um delicioso almo\u00e7o buffet incluso. Natureza e sabor aguardam \u2013 reserve seus ingressos agora!","robots":{"index":"index","follow":"follow","max-snippet":"max-snippet:-1","max-image-preview":"max-image-preview:large","max-video-preview":"max-video-preview:-1"},"canonical":"https:\/\/nongnoochtickets.com\/pt\/ingressos\/nong-nooch-ingresso-para-jardim-tropical-almoco-buffet\/","og_locale":"pt_PT","og_type":"article","og_title":"Book Nong Nooch Entry & Buffet Lunch - Delight In Nature & Food","og_description":"Experience Nong Nooch Admission With A Delicious Buffet Lunch Included. Nature And Flavor Await \u2013 Reserve Your Tickets Now!","og_url":"https:\/\/nongnoochtickets.com\/pt\/ingressos\/nong-nooch-ingresso-para-jardim-tropical-almoco-buffet\/","og_site_name":"Nong Nooch Tropical Garden","article_modified_time":"2025-09-29T07:30:07+00:00","twitter_card":"summary_large_image","twitter_misc":{"Tempo estimado de leitura":"4 minutos"},"schema":{"@context":"https:\/\/schema.org","@graph":[{"@type":"WebPage","@id":"https:\/\/nongnoochtickets.com\/tickets\/nong-nooch-tropical-garden-admission-ticket-buffet-lunch\/","url":"https:\/\/nongnoochtickets.com\/tickets\/nong-nooch-tropical-garden-admission-ticket-buffet-lunch\/","name":"Reserve a entrada e o almo\u00e7o buffet de Nong Nooch - Delight In Nature &amp; Food","isPartOf":{"@id":"https:\/\/nongnoochtickets.com\/#website"},"primaryImageOfPage":{"@id":"https:\/\/nongnoochtickets.com\/tickets\/nong-nooch-tropical-garden-admission-ticket-buffet-lunch\/#primaryimage"},"image":{"@id":"https:\/\/nongnoochtickets.com\/tickets\/nong-nooch-tropical-garden-admission-ticket-buffet-lunch\/#primaryimage"},"thumbnailUrl":"https:\/\/nongnoochtickets.com\/wp-content\/uploads\/2024\/11\/Nong-Nooch-Tickets.avif","datePublished":"2024-11-12T05:00:46+00:00","dateModified":"2025-09-29T07:30:07+00:00","description":"Experimente a entrada para Nong Nooch com um delicioso almo\u00e7o buffet incluso. Natureza e sabor aguardam \u2013 reserve seus ingressos agora!","breadcrumb":{"@id":"https:\/\/nongnoochtickets.com\/tickets\/nong-nooch-tropical-garden-admission-ticket-buffet-lunch\/#breadcrumb"},"inLanguage":"pt-PT","potentialAction":[{"@type":"ReadAction","target":["https:\/\/nongnoochtickets.com\/tickets\/nong-nooch-tropical-garden-admission-ticket-buffet-lunch\/"]}]},{"@type":"ImageObject","inLanguage":"pt-PT","@id":"https:\/\/nongnoochtickets.com\/tickets\/nong-nooch-tropical-garden-admission-ticket-buffet-lunch\/#primaryimage","url":"https:\/\/nongnoochtickets.com\/wp-content\/uploads\/2024\/11\/Nong-Nooch-Tickets.avif","contentUrl":"https:\/\/nongnoochtickets.com\/wp-content\/uploads\/2024\/11\/Nong-Nooch-Tickets.avif","width":1356,"height":904,"caption":"Nong Nooch Tickets"},{"@type":"BreadcrumbList","@id":"https:\/\/nongnoochtickets.com\/tickets\/nong-nooch-tropical-garden-admission-ticket-buffet-lunch\/#breadcrumb","itemListElement":[{"@type":"ListItem","position":1,"name":"Home","item":"https:\/\/nongnoochtickets.com\/"},{"@type":"ListItem","position":2,"name":"Tickets","item":"https:\/\/nongnoochtickets.com\/tickets\/"},{"@type":"ListItem","position":3,"name":"Nong Nooch Tropical Garden Admission Ticket + Buffet Lunch"}]},{"@type":"WebSite","@id":"https:\/\/nongnoochtickets.com\/#website","url":"https:\/\/nongnoochtickets.com\/","name":"Jardim Tropical Nong Nooch","description":"","publisher":{"@id":"https:\/\/nongnoochtickets.com\/#organization"},"potentialAction":[{"@type":"SearchAction","target":{"@type":"EntryPoint","urlTemplate":"https:\/\/nongnoochtickets.com\/?s={search_term_string}"},"query-input":{"@type":"PropertyValueSpecification","valueRequired":true,"valueName":"search_term_string"}}],"inLanguage":"pt-PT"},{"@type":"Organization","@id":"https:\/\/nongnoochtickets.com\/#organization","name":"Jardim Tropical Nong Nooch","url":"https:\/\/nongnoochtickets.com\/","logo":{"@type":"ImageObject","inLanguage":"pt-PT","@id":"https:\/\/nongnoochtickets.com\/#\/schema\/logo\/image\/","url":"https:\/\/nongnoochtickets.com\/wp-content\/uploads\/2024\/08\/Nong-Nooch-Tropical-Garden.png","contentUrl":"https:\/\/nongnoochtickets.com\/wp-content\/uploads\/2024\/08\/Nong-Nooch-Tropical-Garden.png","width":350,"height":100,"caption":"Nong Nooch Tropical Garden"},"image":{"@id":"https:\/\/nongnoochtickets.com\/#\/schema\/logo\/image\/"}}]}},"jetpack_sharing_enabled":true,"_links":{"self":[{"href":"https:\/\/nongnoochtickets.com\/pt\/wp-json\/wp\/v2\/product\/3294","targetHints":{"allow":["GET"]}}],"collection":[{"href":"https:\/\/nongnoochtickets.com\/pt\/wp-json\/wp\/v2\/product"}],"about":[{"href":"https:\/\/nongnoochtickets.com\/pt\/wp-json\/wp\/v2\/types\/product"}],"wp:featuredmedia":[{"embeddable":true,"href":"https:\/\/nongnoochtickets.com\/pt\/wp-json\/wp\/v2\/media\/3177"}],"wp:attachment":[{"href":"https:\/\/nongnoochtickets.com\/pt\/wp-json\/wp\/v2\/media?parent=3294"}],"wp:term":[{"taxonomy":"product_brand","embeddable":true,"href":"https:\/\/nongnoochtickets.com\/pt\/wp-json\/wp\/v2\/product_brand?post=3294"},{"taxonomy":"product_cat","embeddable":true,"href":"https:\/\/nongnoochtickets.com\/pt\/wp-json\/wp\/v2\/product_cat?post=3294"},{"taxonomy":"product_tag","embeddable":true,"href":"https:\/\/nongnoochtickets.com\/pt\/wp-json\/wp\/v2\/product_tag?post=3294"}],"curies":[{"name":"wp","href":"https:\/\/api.w.org\/{rel}","templated":true}]}}