{"id":2602,"date":"2024-10-17T07:09:30","date_gmt":"2024-10-17T01:39:30","guid":{"rendered":"https:\/\/nongnoochtickets.com\/?page_id=2602"},"modified":"2024-11-04T05:57:07","modified_gmt":"2024-11-04T00:27:07","slug":"politica-de-reembolso-de-cancelamento","status":"publish","type":"page","link":"https:\/\/nongnoochtickets.com\/pt\/politica-de-reembolso-de-cancelamento\/","title":{"rendered":"Pol\u00edtica de cancelamento e reembolso"},"content":{"rendered":"<div data-elementor-type=\"wp-page\" data-elementor-id=\"2602\" class=\"elementor elementor-2602\" data-elementor-post-type=\"page\">\n\t\t\t\t\t\t<section data-particle_enable=\"false\" data-particle-mobile-disabled=\"false\" class=\"elementor-section elementor-top-section elementor-element elementor-element-dd1cff4 elementor-section-boxed elementor-section-height-default elementor-section-height-default\" data-id=\"dd1cff4\" data-element_type=\"section\" data-e-type=\"section\">\n\t\t\t\t\t\t<div class=\"elementor-container elementor-column-gap-default\">\n\t\t\t\t\t<div class=\"elementor-column elementor-col-100 elementor-top-column elementor-element elementor-element-66f8870\" data-id=\"66f8870\" data-element_type=\"column\" data-e-type=\"column\">\n\t\t\t<div class=\"elementor-widget-wrap elementor-element-populated\">\n\t\t\t\t\t\t<div class=\"elementor-element elementor-element-8bde37f elementor-widget elementor-widget-text-editor\" data-id=\"8bde37f\" data-element_type=\"widget\" data-e-type=\"widget\" data-widget_type=\"text-editor.default\">\n\t\t\t\t<div class=\"elementor-widget-container\">\n\t\t\t\t\t\t\t\t\t<h3 style=\"text-align: center;\"><span style=\"color: #000000;\">Pol\u00edtica de cancelamento e reembolso \u2013 Triplyn Holidays at Nong Nooch Tropical Garden<\/span><\/h3><p><span style=\"color: #000000;\">No <strong>F\u00e9rias Triplyn<\/strong>, nos dedicamos a oferecer uma experi\u00eancia de reserva de passagens transparente e sem interrup\u00e7\u00f5es para <strong>Jardim Tropical Nong Nooch<\/strong>. Esta pol\u00edtica descreve diretrizes claras para cancelamentos e reembolsos de reservas feitas por meio de nosso site oficial, <a style=\"color: #000000;\" href=\"https:\/\/nongnoochtickets.com\/pt\/\" target=\"_new\" rel=\"noopener\">https:\/\/nongnoochtickets.com<\/a>.<\/span><\/p><h3><span style=\"color: #000000;\">1. Pol\u00edtica geral de cancelamento<\/span><\/h3><ul><li><span style=\"color: #000000;\"><strong>Aviso pr\u00e9vio<\/strong>: Os cancelamentos devem ser feitos pelo menos 48 horas antes da sua visita para ter direito ao reembolso.<\/span><\/li><li><span style=\"color: #000000;\"><strong>Pedidos de cancelamento<\/strong>: Para solicitar um cancelamento, envie um e-mail para <a style=\"color: #000000;\" href=\"mailto:contact@nongnoochtickets.com\" rel=\"noopener\">contact@nongnoochtickets.com<\/a> com todos os detalhes da sua reserva, incluindo seu nome, refer\u00eancia da reserva e motivo do cancelamento.<\/span><\/li><li><span style=\"color: #000000;\"><strong>Cancelamentos tardios<\/strong>: Cancelamentos feitos dentro de 48 horas da data da visita n\u00e3o s\u00e3o reembols\u00e1veis, exceto em casos de emerg\u00eancia a crit\u00e9rio da <strong>F\u00e9rias Triplyn<\/strong>.<\/span><\/li><\/ul><h3><span style=\"color: #000000;\">2. Ingressos n\u00e3o reembols\u00e1veis<\/span><\/h3><ul><li><span style=\"color: #000000;\"><strong>Ingressos promocionais<\/strong>: Alguns ingressos, incluindo aqueles com promo\u00e7\u00f5es ou descontos especiais, podem n\u00e3o ser reembols\u00e1veis. Isso ser\u00e1 claramente indicado durante o processo de reserva, ent\u00e3o, revise todos os termos do ingresso cuidadosamente antes de comprar.<\/span><\/li><\/ul><h3><span style=\"color: #000000;\">3. Pol\u00edtica de Reembolso<\/span><\/h3><ul><li><span style=\"color: #000000;\"><strong>Elegibilidade<\/strong>: Ser\u00e3o fornecidos reembolsos para cancelamentos feitos dentro do per\u00edodo de aviso pr\u00e9vio de 48 horas.<\/span><\/li><li><span style=\"color: #000000;\"><strong>Tempo de processamento<\/strong>: Os reembolsos s\u00e3o processados dentro de 7 a 14 dias \u00fateis ap\u00f3s a confirma\u00e7\u00e3o.<\/span><\/li><li><span style=\"color: #000000;\"><strong>M\u00e9todo de Reembolso<\/strong>: Os reembolsos s\u00e3o emitidos para o m\u00e9todo de pagamento original usado durante a reserva.<\/span><\/li><\/ul><h3><span style=\"color: #000000;\">4. N\u00e3o comparecimento e cancelamentos no mesmo dia<\/span><\/h3><ul><li><span style=\"color: #000000;\"><strong>Pol\u00edtica<\/strong>: Nenhum reembolso ser\u00e1 emitido para n\u00e3o comparecimentos ou cancelamentos feitos no dia da visita agendada.<\/span><\/li><\/ul><h3><span style=\"color: #000000;\">5. Pol\u00edtica de reagendamento<\/span><\/h3><ul><li><span style=\"color: #000000;\"><strong>Solicita\u00e7\u00f5es de reagendamento<\/strong>: Os pedidos de reagendamento devem ser enviados com pelo menos 48 horas de anteced\u00eancia e est\u00e3o sujeitos \u00e0 disponibilidade.<\/span><\/li><li><span style=\"color: #000000;\"><strong>Reservas remarcadas<\/strong>: Reservas remarcadas seguem a mesma pol\u00edtica de cancelamento da reserva original.<\/span><\/li><\/ul><h3><span style=\"color: #000000;\">6. Cancelamentos por Triplyn Holidays<\/span><\/h3><p><span style=\"color: #000000;\">No caso improv\u00e1vel de que <strong>F\u00e9rias Triplyn<\/strong> deve cancelar sua reserva em <a href=\"https:\/\/nongnoochtickets.com\/pt\"><strong>Jardim Tropical Nong Nooch<\/strong><\/a>, voc\u00ea ter\u00e1 a op\u00e7\u00e3o de:<\/span><\/p><ul><li><span style=\"color: #000000;\"><strong>Reprogramar<\/strong>: Reagende sua visita sem custo adicional.<\/span><\/li><li><span style=\"color: #000000;\"><strong>Reembolso total<\/strong>: Receba um reembolso total, incluindo quaisquer taxas relacionadas.<\/span><\/li><\/ul><h3><span style=\"color: #000000;\">7. Reservas de terceiros<\/span><\/h3><ul><li><span style=\"color: #000000;\"><strong>Fornecedores externos<\/strong>: Para reservas feitas por meio de parceiros terceirizados, ser\u00e3o aplicadas suas pol\u00edticas espec\u00edficas de cancelamento e reembolso. <strong>F\u00e9rias Triplyn<\/strong> n\u00e3o \u00e9 respons\u00e1vel por cancelamentos ou reembolsos gerenciados por fornecedores externos.<\/span><\/li><\/ul><h3><span style=\"color: #000000;\">8. Considera\u00e7\u00f5es especiais<\/span><\/h3><ul><li><span style=\"color: #000000;\"><strong>Reservas de Grupo e Eventos<\/strong>: Pol\u00edticas personalizadas podem ser aplicadas para visitas em grupo ou eventos privados. Consulte os termos fornecidos durante a reserva ou entre em contato conosco para obter mais assist\u00eancia.<\/span><\/li><\/ul><h3><span style=\"color: #000000;\">9. Informa\u00e7\u00f5es de contato<\/span><\/h3><p><span style=\"color: #000000;\">Para mais informa\u00e7\u00f5es ou suporte sobre cancelamentos e reembolsos, entre em contato conosco:<\/span><\/p><ul><li><span style=\"color: #000000;\"><strong>E-mail<\/strong>: <a style=\"color: #000000;\" href=\"mailto:contact@nongnoochtickets.com\" rel=\"noopener\">contact@nongnoochtickets.com<\/a><\/span><\/li><li><span style=\"color: #000000;\"><strong>Bate-papo ao vivo<\/strong>: Dispon\u00edvel em nosso site<\/span><\/li><\/ul><p><span style=\"color: #000000;\">N\u00f3s nos esfor\u00e7amos para responder a todas as perguntas dentro de 24 horas.<\/span><\/p><h3><span style=\"color: #000000;\">10. Mudan\u00e7as de pol\u00edtica<\/span><\/h3><p><span style=\"color: #000000;\"><strong>F\u00e9rias Triplyn<\/strong> reserva-se o direito de alterar esta pol\u00edtica a qualquer momento. Atualiza\u00e7\u00f5es ser\u00e3o publicadas em nosso site, e \u00e9 sua responsabilidade revisar a pol\u00edtica periodicamente.<\/span><\/p><p><span style=\"color: #000000;\">Ao reservar com <strong>F\u00e9rias Triplyn<\/strong> para <strong>Jardim Tropical Nong Nooch<\/strong>, voc\u00ea reconhece e concorda com isso <strong>Pol\u00edtica de cancelamento e reembolso<\/strong>.<\/span><\/p>\t\t\t\t\t\t\t\t<\/div>\n\t\t\t\t<\/div>\n\t\t\t\t\t<\/div>\n\t\t<\/div>\n\t\t\t\t\t<\/div>\n\t\t<\/section>\n\t\t\t\t<\/div>","protected":false},"excerpt":{"rendered":"<p>Cancellation &amp; Refund Policy \u2013 Triplyn Holidays at Nong Nooch Tropical Garden At Triplyn Holidays, we are dedicated to offering a seamless and transparent ticket booking experience for Nong Nooch Tropical Garden. This policy outlines clear guidelines for cancellations and refunds for bookings made through our official website, https:\/\/nongnoochtickets.com. 1. General Cancellation Policy Advance Notice: [&hellip;]<\/p>\n","protected":false},"author":1,"featured_media":0,"parent":0,"menu_order":0,"comment_status":"closed","ping_status":"closed","template":"","meta":{"ocean_post_layout":"","ocean_both_sidebars_style":"","ocean_both_sidebars_content_width":0,"ocean_both_sidebars_sidebars_width":0,"ocean_sidebar":"","ocean_second_sidebar":"","ocean_disable_margins":"enable","ocean_add_body_class":"","ocean_shortcode_before_top_bar":"","ocean_shortcode_after_top_bar":"","ocean_shortcode_before_header":"","ocean_shortcode_after_header":"","ocean_has_shortcode":"","ocean_shortcode_after_title":"","ocean_shortcode_before_footer_widgets":"","ocean_shortcode_after_footer_widgets":"","ocean_shortcode_before_footer_bottom":"","ocean_shortcode_after_footer_bottom":"","ocean_display_top_bar":"default","ocean_display_header":"default","ocean_header_style":"","ocean_center_header_left_menu":"","ocean_custom_header_template":"","ocean_custom_logo":0,"ocean_custom_retina_logo":0,"ocean_custom_logo_max_width":0,"ocean_custom_logo_tablet_max_width":0,"ocean_custom_logo_mobile_max_width":0,"ocean_custom_logo_max_height":0,"ocean_custom_logo_tablet_max_height":0,"ocean_custom_logo_mobile_max_height":0,"ocean_header_custom_menu":"","ocean_menu_typo_font_family":"","ocean_menu_typo_font_subset":"","ocean_menu_typo_font_size":0,"ocean_menu_typo_font_size_tablet":0,"ocean_menu_typo_font_size_mobile":0,"ocean_menu_typo_font_size_unit":"px","ocean_menu_typo_font_weight":"","ocean_menu_typo_font_weight_tablet":"","ocean_menu_typo_font_weight_mobile":"","ocean_menu_typo_transform":"","ocean_menu_typo_transform_tablet":"","ocean_menu_typo_transform_mobile":"","ocean_menu_typo_line_height":0,"ocean_menu_typo_line_height_tablet":0,"ocean_menu_typo_line_height_mobile":0,"ocean_menu_typo_line_height_unit":"","ocean_menu_typo_spacing":0,"ocean_menu_typo_spacing_tablet":0,"ocean_menu_typo_spacing_mobile":0,"ocean_menu_typo_spacing_unit":"","ocean_menu_link_color":"","ocean_menu_link_color_hover":"","ocean_menu_link_color_active":"","ocean_menu_link_background":"","ocean_menu_link_hover_background":"","ocean_menu_link_active_background":"","ocean_menu_social_links_bg":"","ocean_menu_social_hover_links_bg":"","ocean_menu_social_links_color":"","ocean_menu_social_hover_links_color":"","ocean_disable_title":"default","ocean_disable_heading":"default","ocean_post_title":"","ocean_post_subheading":"","ocean_post_title_style":"","ocean_post_title_background_color":"","ocean_post_title_background":0,"ocean_post_title_bg_image_position":"","ocean_post_title_bg_image_attachment":"","ocean_post_title_bg_image_repeat":"","ocean_post_title_bg_image_size":"","ocean_post_title_height":0,"ocean_post_title_bg_overlay":0.5,"ocean_post_title_bg_overlay_color":"","ocean_disable_breadcrumbs":"default","ocean_breadcrumbs_color":"","ocean_breadcrumbs_separator_color":"","ocean_breadcrumbs_links_color":"","ocean_breadcrumbs_links_hover_color":"","ocean_display_footer_widgets":"default","ocean_display_footer_bottom":"default","ocean_custom_footer_template":"","footnotes":""},"class_list":["post-2602","page","type-page","status-publish","hentry","entry","owp-thumbs-layout-horizontal","owp-btn-normal","owp-tabs-layout-horizontal","has-no-thumbnails","has-product-nav"],"yoast_head":"<!-- This site is optimized with the Yoast SEO plugin v27.3 - https:\/\/yoast.com\/product\/yoast-seo-wordpress\/ -->\n<title>Cancellation &amp; Refund Policy | Nong Nooch Tropical Garden<\/title>\n<meta name=\"description\" content=\"Review Our Clear Cancellation &amp; Refund Policy For Nong Nooch Tropical Garden Tickets. Book Confidently With Transparent Guidelines.\" \/>\n<meta name=\"robots\" content=\"noindex, follow\" \/>\n<meta property=\"og:locale\" content=\"pt_PT\" \/>\n<meta property=\"og:type\" content=\"article\" \/>\n<meta property=\"og:title\" content=\"Cancellation &amp; Refund Policy | Nong Nooch Tropical Garden\" \/>\n<meta property=\"og:description\" content=\"Review Our Clear Cancellation &amp; Refund Policy For Nong Nooch Tropical Garden Tickets. Book Confidently With Transparent Guidelines.\" \/>\n<meta property=\"og:url\" content=\"https:\/\/nongnoochtickets.com\/pt\/politica-de-reembolso-de-cancelamento\/\" \/>\n<meta property=\"og:site_name\" content=\"Nong Nooch Tropical Garden\" \/>\n<meta property=\"article:modified_time\" content=\"2024-11-04T00:27:07+00:00\" \/>\n<meta name=\"twitter:card\" content=\"summary_large_image\" \/>\n<meta name=\"twitter:label1\" content=\"Tempo estimado de leitura\" \/>\n\t<meta name=\"twitter:data1\" content=\"2 minutos\" \/>\n<script type=\"application\/ld+json\" class=\"yoast-schema-graph\">{\"@context\":\"https:\\\/\\\/schema.org\",\"@graph\":[{\"@type\":\"WebPage\",\"@id\":\"https:\\\/\\\/nongnoochtickets.com\\\/cancellation-refund-policy\\\/\",\"url\":\"https:\\\/\\\/nongnoochtickets.com\\\/cancellation-refund-policy\\\/\",\"name\":\"Cancellation & Refund Policy | Nong Nooch Tropical Garden\",\"isPartOf\":{\"@id\":\"https:\\\/\\\/nongnoochtickets.com\\\/#website\"},\"datePublished\":\"2024-10-17T01:39:30+00:00\",\"dateModified\":\"2024-11-04T00:27:07+00:00\",\"description\":\"Review Our Clear Cancellation & Refund Policy For Nong Nooch Tropical Garden Tickets. Book Confidently With Transparent Guidelines.\",\"breadcrumb\":{\"@id\":\"https:\\\/\\\/nongnoochtickets.com\\\/cancellation-refund-policy\\\/#breadcrumb\"},\"inLanguage\":\"pt-PT\",\"potentialAction\":[{\"@type\":\"ReadAction\",\"target\":[\"https:\\\/\\\/nongnoochtickets.com\\\/cancellation-refund-policy\\\/\"]}]},{\"@type\":\"BreadcrumbList\",\"@id\":\"https:\\\/\\\/nongnoochtickets.com\\\/cancellation-refund-policy\\\/#breadcrumb\",\"itemListElement\":[{\"@type\":\"ListItem\",\"position\":1,\"name\":\"Home\",\"item\":\"https:\\\/\\\/nongnoochtickets.com\\\/\"},{\"@type\":\"ListItem\",\"position\":2,\"name\":\"Cancellation &amp; Refund Policy\"}]},{\"@type\":\"WebSite\",\"@id\":\"https:\\\/\\\/nongnoochtickets.com\\\/#website\",\"url\":\"https:\\\/\\\/nongnoochtickets.com\\\/\",\"name\":\"Nong Nooch Tropical Garden\",\"description\":\"\",\"publisher\":{\"@id\":\"https:\\\/\\\/nongnoochtickets.com\\\/#organization\"},\"potentialAction\":[{\"@type\":\"SearchAction\",\"target\":{\"@type\":\"EntryPoint\",\"urlTemplate\":\"https:\\\/\\\/nongnoochtickets.com\\\/?s={search_term_string}\"},\"query-input\":{\"@type\":\"PropertyValueSpecification\",\"valueRequired\":true,\"valueName\":\"search_term_string\"}}],\"inLanguage\":\"pt-PT\"},{\"@type\":\"Organization\",\"@id\":\"https:\\\/\\\/nongnoochtickets.com\\\/#organization\",\"name\":\"Nong Nooch Tropical Garden\",\"url\":\"https:\\\/\\\/nongnoochtickets.com\\\/\",\"logo\":{\"@type\":\"ImageObject\",\"inLanguage\":\"pt-PT\",\"@id\":\"https:\\\/\\\/nongnoochtickets.com\\\/#\\\/schema\\\/logo\\\/image\\\/\",\"url\":\"https:\\\/\\\/nongnoochtickets.com\\\/wp-content\\\/uploads\\\/2024\\\/08\\\/Nong-Nooch-Tropical-Garden.png\",\"contentUrl\":\"https:\\\/\\\/nongnoochtickets.com\\\/wp-content\\\/uploads\\\/2024\\\/08\\\/Nong-Nooch-Tropical-Garden.png\",\"width\":350,\"height\":100,\"caption\":\"Nong Nooch Tropical Garden\"},\"image\":{\"@id\":\"https:\\\/\\\/nongnoochtickets.com\\\/#\\\/schema\\\/logo\\\/image\\\/\"}}]}<\/script>\n<!-- \/ Yoast SEO plugin. -->","yoast_head_json":{"title":"Pol\u00edtica de cancelamento e reembolso | Nong Nooch Tropical Garden","description":"Revise nossa pol\u00edtica clara de cancelamento e reembolso para ingressos do Nong Nooch Tropical Garden. Reserve com confian\u00e7a com diretrizes transparentes.","robots":{"index":"noindex","follow":"follow"},"og_locale":"pt_PT","og_type":"article","og_title":"Cancellation & Refund Policy | Nong Nooch Tropical Garden","og_description":"Review Our Clear Cancellation & Refund Policy For Nong Nooch Tropical Garden Tickets. Book Confidently With Transparent Guidelines.","og_url":"https:\/\/nongnoochtickets.com\/pt\/politica-de-reembolso-de-cancelamento\/","og_site_name":"Nong Nooch Tropical Garden","article_modified_time":"2024-11-04T00:27:07+00:00","twitter_card":"summary_large_image","twitter_misc":{"Tempo estimado de leitura":"2 minutos"},"schema":{"@context":"https:\/\/schema.org","@graph":[{"@type":"WebPage","@id":"https:\/\/nongnoochtickets.com\/cancellation-refund-policy\/","url":"https:\/\/nongnoochtickets.com\/cancellation-refund-policy\/","name":"Pol\u00edtica de cancelamento e reembolso | Nong Nooch Tropical Garden","isPartOf":{"@id":"https:\/\/nongnoochtickets.com\/#website"},"datePublished":"2024-10-17T01:39:30+00:00","dateModified":"2024-11-04T00:27:07+00:00","description":"Revise nossa pol\u00edtica clara de cancelamento e reembolso para ingressos do Nong Nooch Tropical Garden. Reserve com confian\u00e7a com diretrizes transparentes.","breadcrumb":{"@id":"https:\/\/nongnoochtickets.com\/cancellation-refund-policy\/#breadcrumb"},"inLanguage":"pt-PT","potentialAction":[{"@type":"ReadAction","target":["https:\/\/nongnoochtickets.com\/cancellation-refund-policy\/"]}]},{"@type":"BreadcrumbList","@id":"https:\/\/nongnoochtickets.com\/cancellation-refund-policy\/#breadcrumb","itemListElement":[{"@type":"ListItem","position":1,"name":"Home","item":"https:\/\/nongnoochtickets.com\/"},{"@type":"ListItem","position":2,"name":"Cancellation &amp; Refund Policy"}]},{"@type":"WebSite","@id":"https:\/\/nongnoochtickets.com\/#website","url":"https:\/\/nongnoochtickets.com\/","name":"Jardim Tropical Nong Nooch","description":"","publisher":{"@id":"https:\/\/nongnoochtickets.com\/#organization"},"potentialAction":[{"@type":"SearchAction","target":{"@type":"EntryPoint","urlTemplate":"https:\/\/nongnoochtickets.com\/?s={search_term_string}"},"query-input":{"@type":"PropertyValueSpecification","valueRequired":true,"valueName":"search_term_string"}}],"inLanguage":"pt-PT"},{"@type":"Organization","@id":"https:\/\/nongnoochtickets.com\/#organization","name":"Jardim Tropical Nong Nooch","url":"https:\/\/nongnoochtickets.com\/","logo":{"@type":"ImageObject","inLanguage":"pt-PT","@id":"https:\/\/nongnoochtickets.com\/#\/schema\/logo\/image\/","url":"https:\/\/nongnoochtickets.com\/wp-content\/uploads\/2024\/08\/Nong-Nooch-Tropical-Garden.png","contentUrl":"https:\/\/nongnoochtickets.com\/wp-content\/uploads\/2024\/08\/Nong-Nooch-Tropical-Garden.png","width":350,"height":100,"caption":"Nong Nooch Tropical Garden"},"image":{"@id":"https:\/\/nongnoochtickets.com\/#\/schema\/logo\/image\/"}}]}},"jetpack_sharing_enabled":true,"_links":{"self":[{"href":"https:\/\/nongnoochtickets.com\/pt\/wp-json\/wp\/v2\/pages\/2602","targetHints":{"allow":["GET"]}}],"collection":[{"href":"https:\/\/nongnoochtickets.com\/pt\/wp-json\/wp\/v2\/pages"}],"about":[{"href":"https:\/\/nongnoochtickets.com\/pt\/wp-json\/wp\/v2\/types\/page"}],"author":[{"embeddable":true,"href":"https:\/\/nongnoochtickets.com\/pt\/wp-json\/wp\/v2\/users\/1"}],"replies":[{"embeddable":true,"href":"https:\/\/nongnoochtickets.com\/pt\/wp-json\/wp\/v2\/comments?post=2602"}],"version-history":[{"count":16,"href":"https:\/\/nongnoochtickets.com\/pt\/wp-json\/wp\/v2\/pages\/2602\/revisions"}],"predecessor-version":[{"id":3278,"href":"https:\/\/nongnoochtickets.com\/pt\/wp-json\/wp\/v2\/pages\/2602\/revisions\/3278"}],"wp:attachment":[{"href":"https:\/\/nongnoochtickets.com\/pt\/wp-json\/wp\/v2\/media?parent=2602"}],"curies":[{"name":"wp","href":"https:\/\/api.w.org\/{rel}","templated":true}]}}