{"id":3295,"date":"2024-11-12T10:37:46","date_gmt":"2024-11-12T05:07:46","guid":{"rendered":"https:\/\/nongnoochtickets.com\/?post_type=product&#038;p=3295"},"modified":"2025-09-19T15:22:07","modified_gmt":"2025-09-19T09:52:07","slug":"biglietto-dingresso-al-giardino-tropicale-di-nong-nooch-bus-turistico-pranzo-a-buffet","status":"publish","type":"product","link":"https:\/\/nongnoochtickets.com\/it\/biglietti\/biglietto-dingresso-al-giardino-tropicale-di-nong-nooch-bus-turistico-pranzo-a-buffet\/","title":{"rendered":"Biglietto d&#039;ingresso al giardino tropicale di Nong Nooch + bus turistico + pranzo a buffet"},"content":{"rendered":"<h2>Informazioni sul giardino tropicale di Nong Nooch \u2013 Biglietto d&#039;ingresso + autobus turistico + pranzo a buffet<\/h2>\n<p>IL <strong>Biglietto d&#039;ingresso + bus turistico + pranzo a buffet<\/strong> il pacchetto offre un&#039;esperienza all-inclusive a <strong>Giardino tropicale di Nong Nooch<\/strong>. Godetevi l&#039;accesso senza interruzioni agli splendidi paesaggi del giardino, fate un tour guidato sul <strong>Autobus turistico<\/strong> per esplorare ogni angolo di questo vasto paese delle meraviglie botanico e concedersi una deliziosa <strong>pranzo a buffet<\/strong> con opzioni di cucina tailandese, internazionale e indiana. Questo pacchetto \u00e8 pensato per coloro che vogliono massimizzare la loro visita con comodit\u00e0, relax e un&#039;esperienza culinaria memorabile.<\/p>\n<hr \/>\n<h3>Tempistiche<\/h3>\n<ul>\n<li><strong>Orari del giardino<\/strong>: 08:00 \u2013 18:00, tutti i giorni.<\/li>\n<li><strong>Orari del pranzo a buffet<\/strong>: 11:30 \u2013 14:00.<\/li>\n<li><strong>Tour in autobus turistici<\/strong>: Disponibile tutto il giorno; verificare in loco gli orari del tour.<\/li>\n<\/ul>\n<hr \/>\n<h3>Punti salienti<\/h3>\n<ul>\n<li><strong>Esplorazione completa<\/strong>: Scopri l&#039;intero giardino con la comodit\u00e0 di un tour guidato in autobus turistico.<\/li>\n<li><strong>Cena deliziosa<\/strong>: Gustatevi un pranzo a buffet con piatti della cucina tailandese, internazionale e indiana.<\/li>\n<li><strong>Paesaggi panoramici<\/strong>: Visita luoghi iconici come la Dinosaur Valley, il French Garden e il Cactus Garden.<\/li>\n<li><strong>Perfetto per tutte le et\u00e0<\/strong>: Un modo senza stress per esplorare, adatto a famiglie, anziani e gruppi.<\/li>\n<\/ul>\n<hr \/>\n<h3>Cosa \u00e8 incluso<\/h3>\n<ul>\n<li><strong>Ammissione<\/strong> al giardino tropicale di Nong Nooch.<\/li>\n<li><strong>Autobus turistico<\/strong> visita guidata che copre tutte le aree principali del giardino.<\/li>\n<li><strong>Pranzo a buffet<\/strong> con una variet\u00e0 di piatti tailandesi, internazionali e indiani.<\/li>\n<\/ul>\n<hr \/>\n<h3>Inclusioni \/ Esclusioni<\/h3>\n<p><strong>Inclusioni<\/strong>:<\/p>\n<ul>\n<li>Ingresso al giardino.<\/li>\n<li>Giro turistico in autobus.<\/li>\n<li>Pranzo a buffet con piatti della cucina tailandese, internazionale e indiana.<\/li>\n<\/ul>\n<p><strong>Esclusioni<\/strong>:<\/p>\n<ul>\n<li>Spettacoli culturali dal vivo e spettacoli con gli elefanti (disponibili con specifici upgrade del biglietto).<\/li>\n<li>Pasti o bevande aggiuntivi oltre al pranzo a buffet.<\/li>\n<li>Trasporto da e per il giardino.<\/li>\n<\/ul>\n<hr \/>\n<h3>Politica per i bambini<\/h3>\n<ul>\n<li><strong>Requisiti per il biglietto per bambini<\/strong>: I bambini di altezza compresa tra 90 e 130 cm hanno diritto alla tariffa bambini.<\/li>\n<li><strong>Ammissione dei neonati<\/strong>: I bambini di altezza inferiore a 90 cm entrano gratuitamente.<\/li>\n<\/ul>\n<hr \/>\n<h3>Politica di rimborso e cancellazione<\/h3>\n<ul>\n<li><strong>Nessun rimborso<\/strong>: Questo pacchetto non \u00e8 rimborsabile n\u00e9 annullabile.<\/li>\n<li><strong>Ripianificazione<\/strong>: La riprogrammazione potrebbe essere disponibile con un preavviso di 48 ore per pacchetti specifici che includono il trasporto, in base alla disponibilit\u00e0.<\/li>\n<\/ul>\n<hr \/>\n<h3>Cosa c&#039;\u00e8 di pi\u00f9?<\/h3>\n<ul>\n<li><strong>Viaggio conveniente<\/strong>: Il bus turistico copre tutte le principali attrazioni, risparmiandoti lunghe camminate.<\/li>\n<li><strong>Deliziose opzioni a buffet<\/strong>: Gustate un&#039;ampia gamma di sapori, dagli autentici piatti tailandesi alle popolari opzioni internazionali e indiane.<\/li>\n<li><strong>Viste panoramiche<\/strong>: Cenate ammirando gli splendidi paesaggi del giardino, per un&#039;esperienza complessiva ancora pi\u00f9 piacevole.<\/li>\n<\/ul>\n<hr \/>\n<h3>Consigli da insider<\/h3>\n<ul>\n<li><strong>Pianifica la tua visita<\/strong>: Arriva presto per goderti il giardino, il giro in autobus turistico e il pranzo in tutta tranquillit\u00e0.<\/li>\n<li><strong>Prova tutte le cucine<\/strong>: Provate la variet\u00e0 di piatti del buffet per assaporare i sapori tailandesi, indiani e internazionali.<\/li>\n<li><strong>Utilizzare l&#039;autobus turistico<\/strong>:Il bus turistico \u00e8 un mezzo comodo per visitare l&#039;intero giardino ed \u00e8 perfetto per riposarsi tra una passeggiata e l&#039;altra.<\/li>\n<\/ul>\n<hr \/>\n<h3>Cosa fare e cosa non fare<\/h3>\n<p><strong>Cosa fare<\/strong>:<\/p>\n<ul>\n<li>Portare con s\u00e9 un documento d&#039;identit\u00e0 valido con foto per la verifica dell&#039;ingresso.<\/li>\n<li>Arriva presto per assicurarti la fascia oraria preferita per il tour in autobus turistico.<\/li>\n<li>Per ottimizzare il tempo a disposizione, organizza il tuo pranzo a buffet in base al tour.<\/li>\n<\/ul>\n<p><strong>Cosa non fare<\/strong>:<\/p>\n<ul>\n<li>Evitare di portare cibo o bevande dall&#039;esterno.<\/li>\n<li>Non lasciare effetti personali incustoditi sull&#039;autobus.<\/li>\n<\/ul>\n<hr \/>\n<h3>Da sapere prima di partire<\/h3>\n<ul>\n<li><strong>Requisito di ID<\/strong>: I cittadini stranieri devono portare con s\u00e9 il passaporto come prova d&#039;identit\u00e0.<\/li>\n<li><strong>Consigli meteo<\/strong>: Il giardino \u00e8 aperto anche in caso di pioggia leggera; portare con s\u00e9 un ombrello o un impermeabile, se necessario.<\/li>\n<li><strong>Pianificare in anticipo<\/strong>: Il buffet viene servito solo durante l&#039;orario di pranzo (11:30-14:00), quindi assicuratevi di arrivare in orario.<\/li>\n<\/ul>\n<hr \/>\n<h3>Indirizzo, mappe e posizione<\/h3>\n<ul>\n<li><strong>Indirizzo<\/strong>: 34\/1 Sukhumvit Road, Na Chom Thian, Distretto di Sattahip, Chon Buri 20250, Tailandia<\/li>\n<li><strong>Posizione di Google Maps<\/strong>: <a href=\"https:\/\/maps.app.goo.gl\/AwWepSfe6DdhvcTr8\" target=\"_new\" rel=\"noopener\">Posizione del giardino tropicale di Nong Nooch<\/a><\/li>\n<\/ul>\n<hr \/>\n<h3>Come arrivare<\/h3>\n<ul>\n<li><strong>In auto o in taxi<\/strong>: A circa 20 minuti di auto dal centro di Pattaya.<\/li>\n<li><strong>Trasporto pubblico<\/strong>:Gli autobus locali e i taxi garantiscono un facile accesso a Nong Nooch.<\/li>\n<li><strong>Pacchetto di trasporto<\/strong>: Disponibile come componente aggiuntivo per biglietti selezionati.<\/li>\n<\/ul>\n<hr \/>\n<h3>Domande frequenti (FAQ)<\/h3>\n<p><strong>1. Cosa include il biglietto d&#039;ingresso + autobus turistico + pranzo a buffet?<\/strong><br \/>\nQuesto pacchetto include l&#039;ingresso al giardino, un tour guidato in autobus turistico e l&#039;accesso a un pranzo a buffet con opzioni di cucina tailandese, internazionale e indiana.<\/p>\n<p><strong>2. Posso aggiornare il mio biglietto per includere gli spettacoli?<\/strong><br \/>\nS\u00ec, l&#039;accesso allo spettacolo pu\u00f2 essere aggiunto separatamente o tramite altre opzioni di biglietto.<\/p>\n<p><strong>3. Ci sono opzioni vegetariane al buffet?<\/strong><br \/>\nS\u00ec, il buffet comprende una serie di piatti vegetariani che spaziano tra tutti i tipi di cucina.<\/p>\n<p><strong>4. Il tour in autobus turistico \u00e8 adatto a tutte le et\u00e0?<\/strong><br \/>\nAssolutamente! Il tour in autobus turistico \u00e8 un modo comodo per i visitatori di tutte le et\u00e0 di esplorare il giardino.<\/p>\n<p><strong>5. Posso utilizzare il bus turistico pi\u00f9 volte nello stesso giorno?<\/strong><br \/>\nIn genere, ogni biglietto comprende un circuito completo; per maggiori dettagli sugli utilizzi multipli, consultare il sito.<\/p>\n<p><strong>6. Le bevande sono incluse nel buffet?<\/strong><br \/>\nLe bevande analcoliche sono incluse nel buffet; eventuali altre bevande possono essere acquistate separatamente.<\/p>\n<p><strong>7. Cosa dovrei indossare per il giro turistico in autobus?<\/strong><br \/>\nIndossate abiti comodi e portate un cappello o degli occhiali da sole, poich\u00e9 il tour prevede viste all&#039;aperto.<\/p>\n<p><strong>8. Il bus turistico \u00e8 accessibile alle persone con difficolt\u00e0 motorie?<\/strong><br \/>\nS\u00ec, il Sightseeing Bus \u00e8 accessibile e quindi adatto anche ai visitatori con difficolt\u00e0 motorie.<\/p>\n<p>IL <strong>Biglietto d&#039;ingresso + bus turistico + pranzo a buffet<\/strong> pacchetto a <a href=\"https:\/\/nongnoochtickets.com\/it\/\"><strong>Giardino tropicale di Nong Nooch<\/strong><\/a> combina esplorazione, relax e ristorazione, diventando la scelta ideale per una giornata appagante in questa splendida attrazione.<\/p>","protected":false},"excerpt":{"rendered":"<p>About Nong Nooch Tropical Garden \u2013 Admission Ticket + Sightseeing Bus + Buffet Lunch The Admission Ticket + Sightseeing Bus + Buffet Lunch package offers an all-inclusive experience at Nong Nooch Tropical Garden. Enjoy seamless access to the garden\u2019s stunning landscapes, take a guided tour on the Sightseeing Bus to explore every corner of this [&hellip;]<\/p>\n","protected":false},"featured_media":3177,"template":"","meta":{"ocean_post_layout":"","ocean_both_sidebars_style":"","ocean_both_sidebars_content_width":0,"ocean_both_sidebars_sidebars_width":0,"ocean_sidebar":"0","ocean_second_sidebar":"0","ocean_disable_margins":"enable","ocean_add_body_class":"","ocean_shortcode_before_top_bar":"","ocean_shortcode_after_top_bar":"","ocean_shortcode_before_header":"","ocean_shortcode_after_header":"","ocean_has_shortcode":"","ocean_shortcode_after_title":"","ocean_shortcode_before_footer_widgets":"","ocean_shortcode_after_footer_widgets":"","ocean_shortcode_before_footer_bottom":"","ocean_shortcode_after_footer_bottom":"","ocean_display_top_bar":"default","ocean_display_header":"default","ocean_header_style":"","ocean_center_header_left_menu":"0","ocean_custom_header_template":"0","ocean_custom_logo":0,"ocean_custom_retina_logo":0,"ocean_custom_logo_max_width":0,"ocean_custom_logo_tablet_max_width":0,"ocean_custom_logo_mobile_max_width":0,"ocean_custom_logo_max_height":0,"ocean_custom_logo_tablet_max_height":0,"ocean_custom_logo_mobile_max_height":0,"ocean_header_custom_menu":"0","ocean_menu_typo_font_family":"0","ocean_menu_typo_font_subset":"","ocean_menu_typo_font_size":0,"ocean_menu_typo_font_size_tablet":0,"ocean_menu_typo_font_size_mobile":0,"ocean_menu_typo_font_size_unit":"px","ocean_menu_typo_font_weight":"","ocean_menu_typo_font_weight_tablet":"","ocean_menu_typo_font_weight_mobile":"","ocean_menu_typo_transform":"","ocean_menu_typo_transform_tablet":"","ocean_menu_typo_transform_mobile":"","ocean_menu_typo_line_height":0,"ocean_menu_typo_line_height_tablet":0,"ocean_menu_typo_line_height_mobile":0,"ocean_menu_typo_line_height_unit":"","ocean_menu_typo_spacing":0,"ocean_menu_typo_spacing_tablet":0,"ocean_menu_typo_spacing_mobile":0,"ocean_menu_typo_spacing_unit":"","ocean_menu_link_color":"","ocean_menu_link_color_hover":"","ocean_menu_link_color_active":"","ocean_menu_link_background":"","ocean_menu_link_hover_background":"","ocean_menu_link_active_background":"","ocean_menu_social_links_bg":"","ocean_menu_social_hover_links_bg":"","ocean_menu_social_links_color":"","ocean_menu_social_hover_links_color":"","ocean_disable_title":"default","ocean_disable_heading":"default","ocean_post_title":"","ocean_post_subheading":"","ocean_post_title_style":"","ocean_post_title_background_color":"","ocean_post_title_background":0,"ocean_post_title_bg_image_position":"","ocean_post_title_bg_image_attachment":"","ocean_post_title_bg_image_repeat":"","ocean_post_title_bg_image_size":"","ocean_post_title_height":0,"ocean_post_title_bg_overlay":0.5,"ocean_post_title_bg_overlay_color":"","ocean_disable_breadcrumbs":"default","ocean_breadcrumbs_color":"","ocean_breadcrumbs_separator_color":"","ocean_breadcrumbs_links_color":"","ocean_breadcrumbs_links_hover_color":"","ocean_display_footer_widgets":"default","ocean_display_footer_bottom":"default","ocean_custom_footer_template":"0"},"product_brand":[],"product_cat":[20],"product_tag":[485,499,489,465,446,447,496,488,490,458,470,498,475,497,500],"class_list":{"0":"post-3295","1":"product","2":"type-product","3":"status-publish","4":"has-post-thumbnail","6":"product_cat-tickets","7":"product_tag-nong-nooch-admission-lunch","8":"product_tag-nong-nooch-buffet","9":"product_tag-nong-nooch-entry-meal","10":"product_tag-nong-nooch-garden-pass","11":"product_tag-nong-nooch-garden-thailand","12":"product_tag-nong-nooch-garden-ticket","13":"product_tag-nong-nooch-lunch-combo","14":"product_tag-nong-nooch-meal-package","15":"product_tag-nong-nooch-park-access","16":"product_tag-nong-nooch-sightseeing-bus","17":"product_tag-nong-nooch-thailand-entry","18":"product_tag-nong-nooch-thailand-tour","19":"product_tag-nong-nooch-tickets","20":"product_tag-nong-nooch-tour-buffet","21":"product_tag-thailand-bus-tour","23":"entry","24":"has-media","25":"tm-has-options","27":"first","28":"instock","29":"virtual","30":"taxable","31":"purchasable","32":"product-type-simple","33":"has-product-nav","34":"col","35":"span_1_of_3","36":"owp-content-center","37":"owp-thumbs-layout-horizontal","38":"owp-btn-normal","39":"owp-tabs-layout-horizontal"},"yoast_head":"<!-- This site is optimized with the Yoast SEO plugin v27.5 - https:\/\/yoast.com\/product\/yoast-seo-wordpress\/ -->\n<title>Book Nong Nooch Admission, Bus Tour &amp; Buffet - Full Experience<\/title>\n<meta name=\"description\" content=\"Book Admission, A Sightseeing Bus Tour, And Buffet Lunch At Nong Nooch For The Ultimate Experience. Reserve This All-In-One Package Now!\" \/>\n<meta name=\"robots\" content=\"index, follow, max-snippet:-1, max-image-preview:large, max-video-preview:-1\" \/>\n<link rel=\"canonical\" href=\"https:\/\/nongnoochtickets.com\/it\/biglietti\/biglietto-dingresso-al-giardino-tropicale-di-nong-nooch-bus-turistico-pranzo-a-buffet\/\" \/>\n<meta property=\"og:locale\" content=\"it_IT\" \/>\n<meta property=\"og:type\" content=\"article\" \/>\n<meta property=\"og:title\" content=\"Book Nong Nooch Admission, Bus Tour &amp; Buffet - Full Experience\" \/>\n<meta property=\"og:description\" content=\"Book Admission, A Sightseeing Bus Tour, And Buffet Lunch At Nong Nooch For The Ultimate Experience. Reserve This All-In-One Package Now!\" \/>\n<meta property=\"og:url\" content=\"https:\/\/nongnoochtickets.com\/it\/biglietti\/biglietto-dingresso-al-giardino-tropicale-di-nong-nooch-bus-turistico-pranzo-a-buffet\/\" \/>\n<meta property=\"og:site_name\" content=\"Nong Nooch Tropical Garden\" \/>\n<meta property=\"article:modified_time\" content=\"2025-09-19T09:52:07+00:00\" \/>\n<meta name=\"twitter:card\" content=\"summary_large_image\" \/>\n<meta name=\"twitter:label1\" content=\"Tempo di lettura stimato\" \/>\n\t<meta name=\"twitter:data1\" content=\"4 minuti\" \/>\n<script type=\"application\/ld+json\" class=\"yoast-schema-graph\">{\"@context\":\"https:\\\/\\\/schema.org\",\"@graph\":[{\"@type\":\"WebPage\",\"@id\":\"https:\\\/\\\/nongnoochtickets.com\\\/tickets\\\/nong-nooch-tropical-garden-admission-ticket-sightseeing-bus-buffet-lunch\\\/\",\"url\":\"https:\\\/\\\/nongnoochtickets.com\\\/tickets\\\/nong-nooch-tropical-garden-admission-ticket-sightseeing-bus-buffet-lunch\\\/\",\"name\":\"Book Nong Nooch Admission, Bus Tour & Buffet - Full Experience\",\"isPartOf\":{\"@id\":\"https:\\\/\\\/nongnoochtickets.com\\\/#website\"},\"primaryImageOfPage\":{\"@id\":\"https:\\\/\\\/nongnoochtickets.com\\\/tickets\\\/nong-nooch-tropical-garden-admission-ticket-sightseeing-bus-buffet-lunch\\\/#primaryimage\"},\"image\":{\"@id\":\"https:\\\/\\\/nongnoochtickets.com\\\/tickets\\\/nong-nooch-tropical-garden-admission-ticket-sightseeing-bus-buffet-lunch\\\/#primaryimage\"},\"thumbnailUrl\":\"https:\\\/\\\/nongnoochtickets.com\\\/wp-content\\\/uploads\\\/2024\\\/11\\\/Nong-Nooch-Tickets.avif\",\"datePublished\":\"2024-11-12T05:07:46+00:00\",\"dateModified\":\"2025-09-19T09:52:07+00:00\",\"description\":\"Book Admission, A Sightseeing Bus Tour, And Buffet Lunch At Nong Nooch For The Ultimate Experience. Reserve This All-In-One Package Now!\",\"breadcrumb\":{\"@id\":\"https:\\\/\\\/nongnoochtickets.com\\\/tickets\\\/nong-nooch-tropical-garden-admission-ticket-sightseeing-bus-buffet-lunch\\\/#breadcrumb\"},\"inLanguage\":\"it-IT\",\"potentialAction\":[{\"@type\":\"ReadAction\",\"target\":[\"https:\\\/\\\/nongnoochtickets.com\\\/tickets\\\/nong-nooch-tropical-garden-admission-ticket-sightseeing-bus-buffet-lunch\\\/\"]}]},{\"@type\":\"ImageObject\",\"inLanguage\":\"it-IT\",\"@id\":\"https:\\\/\\\/nongnoochtickets.com\\\/tickets\\\/nong-nooch-tropical-garden-admission-ticket-sightseeing-bus-buffet-lunch\\\/#primaryimage\",\"url\":\"https:\\\/\\\/nongnoochtickets.com\\\/wp-content\\\/uploads\\\/2024\\\/11\\\/Nong-Nooch-Tickets.avif\",\"contentUrl\":\"https:\\\/\\\/nongnoochtickets.com\\\/wp-content\\\/uploads\\\/2024\\\/11\\\/Nong-Nooch-Tickets.avif\",\"width\":1356,\"height\":904,\"caption\":\"Nong Nooch Tickets\"},{\"@type\":\"BreadcrumbList\",\"@id\":\"https:\\\/\\\/nongnoochtickets.com\\\/tickets\\\/nong-nooch-tropical-garden-admission-ticket-sightseeing-bus-buffet-lunch\\\/#breadcrumb\",\"itemListElement\":[{\"@type\":\"ListItem\",\"position\":1,\"name\":\"Home\",\"item\":\"https:\\\/\\\/nongnoochtickets.com\\\/\"},{\"@type\":\"ListItem\",\"position\":2,\"name\":\"Tickets\",\"item\":\"https:\\\/\\\/nongnoochtickets.com\\\/tickets\\\/\"},{\"@type\":\"ListItem\",\"position\":3,\"name\":\"Nong Nooch Tropical Garden Admission Ticket + Sightseeing Bus + Buffet Lunch\"}]},{\"@type\":\"WebSite\",\"@id\":\"https:\\\/\\\/nongnoochtickets.com\\\/#website\",\"url\":\"https:\\\/\\\/nongnoochtickets.com\\\/\",\"name\":\"Nong Nooch Tropical Garden\",\"description\":\"\",\"publisher\":{\"@id\":\"https:\\\/\\\/nongnoochtickets.com\\\/#organization\"},\"potentialAction\":[{\"@type\":\"SearchAction\",\"target\":{\"@type\":\"EntryPoint\",\"urlTemplate\":\"https:\\\/\\\/nongnoochtickets.com\\\/?s={search_term_string}\"},\"query-input\":{\"@type\":\"PropertyValueSpecification\",\"valueRequired\":true,\"valueName\":\"search_term_string\"}}],\"inLanguage\":\"it-IT\"},{\"@type\":\"Organization\",\"@id\":\"https:\\\/\\\/nongnoochtickets.com\\\/#organization\",\"name\":\"Nong Nooch Tropical Garden\",\"url\":\"https:\\\/\\\/nongnoochtickets.com\\\/\",\"logo\":{\"@type\":\"ImageObject\",\"inLanguage\":\"it-IT\",\"@id\":\"https:\\\/\\\/nongnoochtickets.com\\\/#\\\/schema\\\/logo\\\/image\\\/\",\"url\":\"https:\\\/\\\/nongnoochtickets.com\\\/wp-content\\\/uploads\\\/2024\\\/08\\\/Nong-Nooch-Tropical-Garden.png\",\"contentUrl\":\"https:\\\/\\\/nongnoochtickets.com\\\/wp-content\\\/uploads\\\/2024\\\/08\\\/Nong-Nooch-Tropical-Garden.png\",\"width\":350,\"height\":100,\"caption\":\"Nong Nooch Tropical Garden\"},\"image\":{\"@id\":\"https:\\\/\\\/nongnoochtickets.com\\\/#\\\/schema\\\/logo\\\/image\\\/\"}}]}<\/script>\n<!-- \/ Yoast SEO plugin. -->","yoast_head_json":{"title":"Prenota l&#039;ingresso a Nong Nooch, il tour in autobus e il buffet - Esperienza completa","description":"Prenota l&#039;ingresso, un tour in autobus turistico e un pranzo a buffet a Nong Nooch per un&#039;esperienza unica. Prenota subito questo pacchetto tutto in uno!","robots":{"index":"index","follow":"follow","max-snippet":"max-snippet:-1","max-image-preview":"max-image-preview:large","max-video-preview":"max-video-preview:-1"},"canonical":"https:\/\/nongnoochtickets.com\/it\/biglietti\/biglietto-dingresso-al-giardino-tropicale-di-nong-nooch-bus-turistico-pranzo-a-buffet\/","og_locale":"it_IT","og_type":"article","og_title":"Book Nong Nooch Admission, Bus Tour & Buffet - Full Experience","og_description":"Book Admission, A Sightseeing Bus Tour, And Buffet Lunch At Nong Nooch For The Ultimate Experience. Reserve This All-In-One Package Now!","og_url":"https:\/\/nongnoochtickets.com\/it\/biglietti\/biglietto-dingresso-al-giardino-tropicale-di-nong-nooch-bus-turistico-pranzo-a-buffet\/","og_site_name":"Nong Nooch Tropical Garden","article_modified_time":"2025-09-19T09:52:07+00:00","twitter_card":"summary_large_image","twitter_misc":{"Tempo di lettura stimato":"4 minuti"},"schema":{"@context":"https:\/\/schema.org","@graph":[{"@type":"WebPage","@id":"https:\/\/nongnoochtickets.com\/tickets\/nong-nooch-tropical-garden-admission-ticket-sightseeing-bus-buffet-lunch\/","url":"https:\/\/nongnoochtickets.com\/tickets\/nong-nooch-tropical-garden-admission-ticket-sightseeing-bus-buffet-lunch\/","name":"Prenota l&#039;ingresso a Nong Nooch, il tour in autobus e il buffet - Esperienza completa","isPartOf":{"@id":"https:\/\/nongnoochtickets.com\/#website"},"primaryImageOfPage":{"@id":"https:\/\/nongnoochtickets.com\/tickets\/nong-nooch-tropical-garden-admission-ticket-sightseeing-bus-buffet-lunch\/#primaryimage"},"image":{"@id":"https:\/\/nongnoochtickets.com\/tickets\/nong-nooch-tropical-garden-admission-ticket-sightseeing-bus-buffet-lunch\/#primaryimage"},"thumbnailUrl":"https:\/\/nongnoochtickets.com\/wp-content\/uploads\/2024\/11\/Nong-Nooch-Tickets.avif","datePublished":"2024-11-12T05:07:46+00:00","dateModified":"2025-09-19T09:52:07+00:00","description":"Prenota l&#039;ingresso, un tour in autobus turistico e un pranzo a buffet a Nong Nooch per un&#039;esperienza unica. Prenota subito questo pacchetto tutto in uno!","breadcrumb":{"@id":"https:\/\/nongnoochtickets.com\/tickets\/nong-nooch-tropical-garden-admission-ticket-sightseeing-bus-buffet-lunch\/#breadcrumb"},"inLanguage":"it-IT","potentialAction":[{"@type":"ReadAction","target":["https:\/\/nongnoochtickets.com\/tickets\/nong-nooch-tropical-garden-admission-ticket-sightseeing-bus-buffet-lunch\/"]}]},{"@type":"ImageObject","inLanguage":"it-IT","@id":"https:\/\/nongnoochtickets.com\/tickets\/nong-nooch-tropical-garden-admission-ticket-sightseeing-bus-buffet-lunch\/#primaryimage","url":"https:\/\/nongnoochtickets.com\/wp-content\/uploads\/2024\/11\/Nong-Nooch-Tickets.avif","contentUrl":"https:\/\/nongnoochtickets.com\/wp-content\/uploads\/2024\/11\/Nong-Nooch-Tickets.avif","width":1356,"height":904,"caption":"Nong Nooch Tickets"},{"@type":"BreadcrumbList","@id":"https:\/\/nongnoochtickets.com\/tickets\/nong-nooch-tropical-garden-admission-ticket-sightseeing-bus-buffet-lunch\/#breadcrumb","itemListElement":[{"@type":"ListItem","position":1,"name":"Home","item":"https:\/\/nongnoochtickets.com\/"},{"@type":"ListItem","position":2,"name":"Tickets","item":"https:\/\/nongnoochtickets.com\/tickets\/"},{"@type":"ListItem","position":3,"name":"Nong Nooch Tropical Garden Admission Ticket + Sightseeing Bus + Buffet Lunch"}]},{"@type":"WebSite","@id":"https:\/\/nongnoochtickets.com\/#website","url":"https:\/\/nongnoochtickets.com\/","name":"Giardino tropicale di Nong Nooch","description":"","publisher":{"@id":"https:\/\/nongnoochtickets.com\/#organization"},"potentialAction":[{"@type":"SearchAction","target":{"@type":"EntryPoint","urlTemplate":"https:\/\/nongnoochtickets.com\/?s={search_term_string}"},"query-input":{"@type":"PropertyValueSpecification","valueRequired":true,"valueName":"search_term_string"}}],"inLanguage":"it-IT"},{"@type":"Organization","@id":"https:\/\/nongnoochtickets.com\/#organization","name":"Giardino tropicale di Nong Nooch","url":"https:\/\/nongnoochtickets.com\/","logo":{"@type":"ImageObject","inLanguage":"it-IT","@id":"https:\/\/nongnoochtickets.com\/#\/schema\/logo\/image\/","url":"https:\/\/nongnoochtickets.com\/wp-content\/uploads\/2024\/08\/Nong-Nooch-Tropical-Garden.png","contentUrl":"https:\/\/nongnoochtickets.com\/wp-content\/uploads\/2024\/08\/Nong-Nooch-Tropical-Garden.png","width":350,"height":100,"caption":"Nong Nooch Tropical Garden"},"image":{"@id":"https:\/\/nongnoochtickets.com\/#\/schema\/logo\/image\/"}}]}},"jetpack_sharing_enabled":true,"_links":{"self":[{"href":"https:\/\/nongnoochtickets.com\/it\/wp-json\/wp\/v2\/product\/3295","targetHints":{"allow":["GET"]}}],"collection":[{"href":"https:\/\/nongnoochtickets.com\/it\/wp-json\/wp\/v2\/product"}],"about":[{"href":"https:\/\/nongnoochtickets.com\/it\/wp-json\/wp\/v2\/types\/product"}],"wp:featuredmedia":[{"embeddable":true,"href":"https:\/\/nongnoochtickets.com\/it\/wp-json\/wp\/v2\/media\/3177"}],"wp:attachment":[{"href":"https:\/\/nongnoochtickets.com\/it\/wp-json\/wp\/v2\/media?parent=3295"}],"wp:term":[{"taxonomy":"product_brand","embeddable":true,"href":"https:\/\/nongnoochtickets.com\/it\/wp-json\/wp\/v2\/product_brand?post=3295"},{"taxonomy":"product_cat","embeddable":true,"href":"https:\/\/nongnoochtickets.com\/it\/wp-json\/wp\/v2\/product_cat?post=3295"},{"taxonomy":"product_tag","embeddable":true,"href":"https:\/\/nongnoochtickets.com\/it\/wp-json\/wp\/v2\/product_tag?post=3295"}],"curies":[{"name":"wp","href":"https:\/\/api.w.org\/{rel}","templated":true}]}}