{"id":3168,"date":"2024-11-03T05:11:27","date_gmt":"2024-11-02T23:41:27","guid":{"rendered":"https:\/\/nongnoochtickets.com\/?post_type=product&#038;p=3168"},"modified":"2026-04-29T15:26:10","modified_gmt":"2026-04-29T09:56:10","slug":"biglietto-dingresso-al-giardino-tropicale-di-nong-nooch","status":"publish","type":"product","link":"https:\/\/nongnoochtickets.com\/it\/biglietti\/biglietto-dingresso-al-giardino-tropicale-di-nong-nooch\/","title":{"rendered":"Biglietto d&#039;ingresso al giardino tropicale di Nong Nooch"},"content":{"rendered":"<h2><span style=\"color: #000000;\">Informazioni sul giardino tropicale di Nong Nooch \u2013 Biglietto d&#039;ingresso<\/span><\/h2>\n<p><span style=\"color: #000000;\"><a href=\"https:\/\/nongnoochtickets.com\/it\/\">Giardino tropicale di Nong Nooch<\/a> \u00e8 una meraviglia culturale e botanica di fama mondiale situata a Pattaya, in Thailandia. Noto per i suoi vasti paesaggi, il giardino ospita giardini a tema squisitamente curati, architettura tradizionale thailandese e vivaci spettacoli culturali. <strong>Biglietto d&#039;ingresso<\/strong> offre ai visitatori l&#039;opportunit\u00e0 di immergersi nella serena bellezza del giardino e di assistere a spettacoli accattivanti, rendendolo una tappa fondamentale sia per i turisti che per la gente del posto in cerca di un mix di natura e cultura.<\/span><\/p>\n<h3><span style=\"color: #000000;\">Tempistiche<\/span><\/h3>\n<ul>\n<li><span style=\"color: #000000;\"><strong>Orari di apertura<\/strong>: 08:00 \u2013 18:00 (aperto tutti i giorni)<\/span><\/li>\n<li><span style=\"color: #000000;\"><strong>Mostra orari<\/strong>:<\/span>\n<ul>\n<li><span style=\"color: #000000;\">Spettacolo degli elefanti + spettacolo culturale thailandese: 10:30, 11:30, 13:30 e 15:30 (quattro turni al giorno)<\/span><\/li>\n<\/ul>\n<\/li>\n<\/ul>\n<h3><span style=\"color: #000000;\">Punti salienti<\/span><\/h3>\n<ul>\n<li><span style=\"color: #000000;\"><strong>Giardini espansivi<\/strong>: Esplora giardini a tema pieni di piante esotiche e paesaggi accuratamente realizzati.<\/span><\/li>\n<li><span style=\"color: #000000;\"><strong>Spettacoli culturali<\/strong>: Godetevi il famoso spettacolo degli elefanti e lo spettacolo culturale thailandese, inclusi nel biglietto d&#039;ingresso.<\/span><\/li>\n<li><span style=\"color: #000000;\"><strong>Prezzi adatti alle famiglie<\/strong>: Tariffe speciali per bambini di altezza compresa tra 90 e 130 cm.<\/span><\/li>\n<li><span style=\"color: #000000;\"><strong>Conferma immediata della prenotazione<\/strong>: Goditi un&#039;esperienza fluida con la biglietteria mobile.<\/span><\/li>\n<li><span style=\"color: #000000;\"><strong>Aperto in qualsiasi condizione atmosferica<\/strong>: Il giardino rimane aperto durante le leggere pioggerelline.<\/span><\/li>\n<\/ul>\n<h3><span style=\"color: #000000;\">Cosa \u00e8 incluso<\/span><\/h3>\n<ul>\n<li><span style=\"color: #000000;\"><strong>Accesso per l&#039;intera giornata<\/strong> al giardino tropicale di Nong Nooch.<\/span><\/li>\n<\/ul>\n<h3><span style=\"color: #000000;\">Inclusioni \/ Esclusioni<\/span><\/h3>\n<h4><span style=\"color: #000000;\"><strong>Inclusioni<\/strong>:<\/span><\/h4>\n<ul>\n<li><span style=\"color: #000000;\">Full-day garden admission.<\/span><\/li>\n<li><span style=\"color: #000000;\">Child-friendly pricing.<\/span><\/li>\n<\/ul>\n<h4><span style=\"color: #000000;\"><strong>Esclusioni<\/strong>:<\/span><\/h4>\n<ul>\n<li><span style=\"color: #000000;\">Meals and dining (unless specified with other ticket types).<\/span><\/li>\n<li><span style=\"color: #000000;\">Sightseeing bus tour and additional activities.<\/span><\/li>\n<li><span style=\"color: #000000;\">Access to cultural shows (Optional).<\/span><\/li>\n<li><span style=\"color: #000000;\">Trasporto da\/per la sede dell&#039;evento.<\/span><\/li>\n<\/ul>\n<h3><span style=\"color: #000000;\">Politica per i bambini<\/span><\/h3>\n<ul>\n<li><span style=\"color: #000000;\">Sono disponibili prezzi speciali per bambini con altezza compresa tra 90 e 130 cm.<\/span><\/li>\n<li><span style=\"color: #000000;\">I bambini di altezza inferiore a 90 cm spesso entrano gratuitamente, ma potrebbero essere previste delle condizioni.<\/span><\/li>\n<\/ul>\n<h3><span style=\"color: #000000;\">Politica di rimborso e cancellazione<\/span><\/h3>\n<ul>\n<li><span style=\"color: #000000;\"><strong>Nessun rimborso o cancellazione<\/strong>: Tutti gli acquisti di biglietti sono definitivi. Assicurati che i tuoi piani di viaggio siano confermati prima di prenotare.<\/span><\/li>\n<\/ul>\n<h3><span style=\"color: #000000;\">Cosa c&#039;\u00e8 di pi\u00f9?<\/span><\/h3>\n<ul>\n<li><span style=\"color: #000000;\"><strong>Opzioni di ristorazione<\/strong>: Visitate il ristorante Plub Plueng per un pasto tradizionale thailandese (disponibile con alcuni tipi di biglietto).<\/span><\/li>\n<li><span style=\"color: #000000;\"><strong>Autobus turistico<\/strong>: Esplorate il giardino comodamente con un giro turistico in autobus (disponibile nei pacchetti aggiuntivi).<\/span><\/li>\n<li><span style=\"color: #000000;\"><strong>Cavalcare l&#039;elefante<\/strong>: Attivit\u00e0 facoltativa con tipologie di biglietti selezionate per un&#039;esperienza avventurosa.<\/span><\/li>\n<\/ul>\n<h3><span style=\"color: #000000;\">Consigli da insider<\/span><\/h3>\n<ul>\n<li><span style=\"color: #000000;\">Arrivate presto per godervi tutte le attrazioni con calma.<\/span><\/li>\n<li><span style=\"color: #000000;\">Per una visuale ottimale, scegli i posti a sedere per lo spettacolo culturale thailandese.<\/span><\/li>\n<li><span style=\"color: #000000;\">Portate con voi una macchina fotografica per immortalare gli splendidi paesaggi e i momenti memorabili degli spettacoli.<\/span><\/li>\n<\/ul>\n<h3><span style=\"color: #000000;\">Cosa fare e cosa non fare<\/span><\/h3>\n<h4><span style=\"color: #000000;\"><strong>Cosa fare<\/strong>:<\/span><\/h4>\n<ul>\n<li><span style=\"color: #000000;\">Arrive at least 10 minutes before showtime for easy entry.<\/span><\/li>\n<li><span style=\"color: #000000;\">Carry a valid photo ID or passport (required for foreign nationals).<\/span><\/li>\n<li><span style=\"color: #000000;\">Wear comfortable shoes suitable for walking.<\/span><\/li>\n<\/ul>\n<h4><span style=\"color: #000000;\"><strong>Cosa non fare<\/strong>:<\/span><\/h4>\n<ul>\n<li><span style=\"color: #000000;\">Don\u2019t bring outside food or beverages.<\/span><\/li>\n<li><span style=\"color: #000000;\">Avoid littering; help keep the garden clean.<\/span><\/li>\n<li><span style=\"color: #000000;\">Don\u2019t forget your umbrella or raincoat if rain is expected.<\/span><\/li>\n<\/ul>\n<h3><span style=\"color: #000000;\">Da sapere prima di partire<\/span><\/h3>\n<ul>\n<li><span style=\"color: #000000;\">Portare con s\u00e9 un documento d&#039;identit\u00e0 valido con foto. I cittadini stranieri devono portare con s\u00e9 il passaporto.<\/span><\/li>\n<li><span style=\"color: #000000;\">Il giardino \u00e8 accessibile con qualsiasi condizione atmosferica: una leggera pioggerellina non costituisce un ostacolo all&#039;ingresso.<\/span><\/li>\n<li><span style=\"color: #000000;\">Per un&#039;esperienza completa, pianifica la tua visita in base agli orari dello spettacolo.<\/span><\/li>\n<\/ul>\n<h3><span style=\"color: #000000;\">Indirizzo, mappe e posizione<\/span><\/h3>\n<p><span style=\"color: #000000;\"><strong>Indirizzo<\/strong>: Giardino tropicale di Nong Nooch, 34\/1 Sukhumvit Road, Na Chom Thian, distretto di Sattahip, Chon Buri 20250, Tailandia.<\/span><\/p>\n<p><span style=\"color: #000000;\"><strong>Mappa della posizione<\/strong>: <span style=\"color: #008000;\"><a style=\"color: #008000;\" href=\"https:\/\/maps.app.goo.gl\/AwWepSfe6DdhvcTr8\" target=\"_blank\" rel=\"noopener\">Collegamento a Google Maps<\/a><\/span><\/span><\/p>\n<h3><span style=\"color: #000000;\">Come arrivare<\/span><\/h3>\n<ul>\n<li><span style=\"color: #000000;\"><strong>In auto<\/strong>: A 20 minuti di auto dal centro di Pattaya. Ampio parcheggio disponibile in loco.<\/span><\/li>\n<li><span style=\"color: #000000;\"><strong>In taxi<\/strong>: Facilmente raggiungibile tramite taxi o servizi di car sharing.<\/span><\/li>\n<li><span style=\"color: #000000;\"><strong>Trasporto pubblico<\/strong>: Per un&#039;esperienza di viaggio pi\u00f9 tradizionale thailandese, usate gli autobus locali o noleggiate un tuk-tuk.<\/span><\/li>\n<\/ul>\n<h3><span style=\"color: #000000;\">Domande frequenti (FAQ)<\/span><\/h3>\n<p><span style=\"color: #000000;\"><strong>1. Quali sono gli orari di apertura del Nong Nooch Tropical Garden?<\/strong><\/span><br \/>\n<span style=\"color: #000000;\">Il giardino \u00e8 aperto tutti i giorni dalle 08:00 alle 18:00.<\/span><\/p>\n<p><span style=\"color: #000000;\"><strong>2. Quali spettacoli sono inclusi nel biglietto d&#039;ingresso?<\/strong><\/span><br \/>\n<span style=\"color: #000000;\">Il biglietto include l&#039;accesso all&#039;Elephant Show e al Thai Cultural Show.<\/span><\/p>\n<p><span style=\"color: #000000;\"><strong>3. I pasti sono inclusi nel biglietto d&#039;ingresso?<\/strong><\/span><br \/>\n<span style=\"color: #000000;\">I pasti non sono inclusi nel biglietto d&#039;ingresso standard, ma possono essere aggiunti con determinate tipologie di biglietto.<\/span><\/p>\n<p><span style=\"color: #000000;\"><strong>4. Esiste una politica per i bambini?<\/strong><\/span><br \/>\n<span style=\"color: #000000;\">S\u00ec, si applicano prezzi speciali per i bambini di altezza compresa tra 90 e 130 cm.<\/span><\/p>\n<p><span style=\"color: #000000;\"><strong>5. Posso ottenere un rimborso se annullo il biglietto?<\/strong><\/span><br \/>\n<span style=\"color: #000000;\">No, tutti i biglietti non sono rimborsabili n\u00e9 annullabili.<\/span><\/p>\n<p><span style=\"color: #000000;\"><strong>6. Cosa dovrei portare con me?<\/strong><\/span><br \/>\n<span style=\"color: #000000;\">Portare con s\u00e9 un documento d&#039;identit\u00e0 valido con foto o un passaporto, comode scarpe da passeggio e un ombrello o un impermeabile se si prevede pioggia.<\/span><\/p>\n<p><span style=\"color: #000000;\"><strong>7. Sono disponibili componenti aggiuntivi?<\/strong><\/span><br \/>\n<span style=\"color: #000000;\">S\u00ec, sono disponibili biglietti con pasti, tour in autobus turistici, posti VIP per spettacoli e giro sugli elefanti.<\/span><\/p>","protected":false},"excerpt":{"rendered":"<p>About Nong Nooch Tropical Garden &#8211; Admission Ticket Nong Nooch Tropical Garden is a world-renowned cultural and botanical wonder located in Pattaya, Thailand. Known for its vast landscapes, the garden is home to exquisitely manicured themed gardens, traditional Thai architecture, and vibrant cultural performances. The Admission Ticket offers visitors an opportunity to immerse themselves in [&hellip;]<\/p>\n","protected":false},"featured_media":3179,"template":"","meta":{"ocean_post_layout":"","ocean_both_sidebars_style":"","ocean_both_sidebars_content_width":0,"ocean_both_sidebars_sidebars_width":0,"ocean_sidebar":"0","ocean_second_sidebar":"0","ocean_disable_margins":"enable","ocean_add_body_class":"","ocean_shortcode_before_top_bar":"","ocean_shortcode_after_top_bar":"","ocean_shortcode_before_header":"","ocean_shortcode_after_header":"","ocean_has_shortcode":"","ocean_shortcode_after_title":"","ocean_shortcode_before_footer_widgets":"","ocean_shortcode_after_footer_widgets":"","ocean_shortcode_before_footer_bottom":"","ocean_shortcode_after_footer_bottom":"","ocean_display_top_bar":"default","ocean_display_header":"default","ocean_header_style":"","ocean_center_header_left_menu":"0","ocean_custom_header_template":"0","ocean_custom_logo":0,"ocean_custom_retina_logo":0,"ocean_custom_logo_max_width":0,"ocean_custom_logo_tablet_max_width":0,"ocean_custom_logo_mobile_max_width":0,"ocean_custom_logo_max_height":0,"ocean_custom_logo_tablet_max_height":0,"ocean_custom_logo_mobile_max_height":0,"ocean_header_custom_menu":"0","ocean_menu_typo_font_family":"0","ocean_menu_typo_font_subset":"","ocean_menu_typo_font_size":0,"ocean_menu_typo_font_size_tablet":0,"ocean_menu_typo_font_size_mobile":0,"ocean_menu_typo_font_size_unit":"px","ocean_menu_typo_font_weight":"","ocean_menu_typo_font_weight_tablet":"","ocean_menu_typo_font_weight_mobile":"","ocean_menu_typo_transform":"","ocean_menu_typo_transform_tablet":"","ocean_menu_typo_transform_mobile":"","ocean_menu_typo_line_height":0,"ocean_menu_typo_line_height_tablet":0,"ocean_menu_typo_line_height_mobile":0,"ocean_menu_typo_line_height_unit":"","ocean_menu_typo_spacing":0,"ocean_menu_typo_spacing_tablet":0,"ocean_menu_typo_spacing_mobile":0,"ocean_menu_typo_spacing_unit":"","ocean_menu_link_color":"","ocean_menu_link_color_hover":"","ocean_menu_link_color_active":"","ocean_menu_link_background":"","ocean_menu_link_hover_background":"","ocean_menu_link_active_background":"","ocean_menu_social_links_bg":"","ocean_menu_social_hover_links_bg":"","ocean_menu_social_links_color":"","ocean_menu_social_hover_links_color":"","ocean_disable_title":"default","ocean_disable_heading":"default","ocean_post_title":"","ocean_post_subheading":"","ocean_post_title_style":"","ocean_post_title_background_color":"","ocean_post_title_background":0,"ocean_post_title_bg_image_position":"","ocean_post_title_bg_image_attachment":"","ocean_post_title_bg_image_repeat":"","ocean_post_title_bg_image_size":"","ocean_post_title_height":0,"ocean_post_title_bg_overlay":0.5,"ocean_post_title_bg_overlay_color":"","ocean_disable_breadcrumbs":"default","ocean_breadcrumbs_color":"","ocean_breadcrumbs_separator_color":"","ocean_breadcrumbs_links_color":"","ocean_breadcrumbs_links_hover_color":"","ocean_display_footer_widgets":"default","ocean_display_footer_bottom":"default","ocean_custom_footer_template":"0"},"product_brand":[],"product_cat":[20],"product_tag":[449,453,443,456,455,444,452,446,447,451,450,445,457,448,454],"class_list":{"0":"post-3168","1":"product","2":"type-product","3":"status-publish","4":"has-post-thumbnail","6":"product_cat-tickets","7":"product_tag-nong-nooch-access","8":"product_tag-nong-nooch-admission-price","9":"product_tag-nong-nooch-admission-ticket","10":"product_tag-nong-nooch-attraction","11":"product_tag-nong-nooch-garden-admission","12":"product_tag-nong-nooch-garden-entry","13":"product_tag-nong-nooch-garden-entry-fee","14":"product_tag-nong-nooch-garden-thailand","15":"product_tag-nong-nooch-garden-ticket","16":"product_tag-nong-nooch-park-ticket","17":"product_tag-nong-nooch-pass","18":"product_tag-nong-nooch-ticket-booking","19":"product_tag-nong-nooch-ticket-price","20":"product_tag-nong-nooch-tickets-online","21":"product_tag-thailand-garden-entry","23":"entry","24":"has-media","25":"tm-has-options","27":"first","28":"instock","29":"virtual","30":"taxable","31":"purchasable","32":"product-type-simple","33":"has-product-nav","34":"col","35":"span_1_of_3","36":"owp-content-center","37":"owp-thumbs-layout-horizontal","38":"owp-btn-normal","39":"owp-tabs-layout-horizontal"},"yoast_head":"<!-- This site is optimized with the Yoast SEO plugin v27.5 - https:\/\/yoast.com\/product\/yoast-seo-wordpress\/ -->\n<title>Explore Nong Nooch With Admission Ticket - Book Now<\/title>\n<meta name=\"description\" content=\"Book Your Nong Nooch Admission Ticket For An Amazing Day Among Thailand\u2019s Stunning Gardens. Experience Nature\u2019s Beauty Firsthand!\" \/>\n<meta name=\"robots\" content=\"index, follow, max-snippet:-1, max-image-preview:large, max-video-preview:-1\" \/>\n<link rel=\"canonical\" href=\"https:\/\/nongnoochtickets.com\/it\/biglietti\/biglietto-dingresso-al-giardino-tropicale-di-nong-nooch\/\" \/>\n<meta property=\"og:locale\" content=\"it_IT\" \/>\n<meta property=\"og:type\" content=\"article\" \/>\n<meta property=\"og:title\" content=\"Explore Nong Nooch With Admission Ticket - Book Now\" \/>\n<meta property=\"og:description\" content=\"Book Your Nong Nooch Admission Ticket For An Amazing Day Among Thailand\u2019s Stunning Gardens. Experience Nature\u2019s Beauty Firsthand!\" \/>\n<meta property=\"og:url\" content=\"https:\/\/nongnoochtickets.com\/it\/biglietti\/biglietto-dingresso-al-giardino-tropicale-di-nong-nooch\/\" \/>\n<meta property=\"og:site_name\" content=\"Nong Nooch Tropical Garden\" \/>\n<meta property=\"article:modified_time\" content=\"2026-04-29T09:56:10+00:00\" \/>\n<meta property=\"og:image\" content=\"https:\/\/nongnoochtickets.com\/wp-content\/uploads\/2024\/11\/Nong-Nooch-Tropical-Garden.webp\" \/>\n\t<meta property=\"og:image:width\" content=\"1607\" \/>\n\t<meta property=\"og:image:height\" content=\"904\" \/>\n\t<meta property=\"og:image:type\" content=\"image\/webp\" \/>\n<meta name=\"twitter:card\" content=\"summary_large_image\" \/>\n<meta name=\"twitter:label1\" content=\"Tempo di lettura stimato\" \/>\n\t<meta name=\"twitter:data1\" content=\"4 minuti\" \/>\n<script type=\"application\/ld+json\" class=\"yoast-schema-graph\">{\"@context\":\"https:\\\/\\\/schema.org\",\"@graph\":[{\"@type\":\"WebPage\",\"@id\":\"https:\\\/\\\/nongnoochtickets.com\\\/tickets\\\/nong-nooch-tropical-garden-admission-ticket\\\/\",\"url\":\"https:\\\/\\\/nongnoochtickets.com\\\/tickets\\\/nong-nooch-tropical-garden-admission-ticket\\\/\",\"name\":\"Explore Nong Nooch With Admission Ticket - Book Now\",\"isPartOf\":{\"@id\":\"https:\\\/\\\/nongnoochtickets.com\\\/#website\"},\"primaryImageOfPage\":{\"@id\":\"https:\\\/\\\/nongnoochtickets.com\\\/tickets\\\/nong-nooch-tropical-garden-admission-ticket\\\/#primaryimage\"},\"image\":{\"@id\":\"https:\\\/\\\/nongnoochtickets.com\\\/tickets\\\/nong-nooch-tropical-garden-admission-ticket\\\/#primaryimage\"},\"thumbnailUrl\":\"https:\\\/\\\/nongnoochtickets.com\\\/wp-content\\\/uploads\\\/2024\\\/11\\\/Nong-Nooch-Tropical-Garden.webp\",\"datePublished\":\"2024-11-02T23:41:27+00:00\",\"dateModified\":\"2026-04-29T09:56:10+00:00\",\"description\":\"Book Your Nong Nooch Admission Ticket For An Amazing Day Among Thailand\u2019s Stunning Gardens. Experience Nature\u2019s Beauty Firsthand!\",\"breadcrumb\":{\"@id\":\"https:\\\/\\\/nongnoochtickets.com\\\/tickets\\\/nong-nooch-tropical-garden-admission-ticket\\\/#breadcrumb\"},\"inLanguage\":\"it-IT\",\"potentialAction\":[{\"@type\":\"ReadAction\",\"target\":[\"https:\\\/\\\/nongnoochtickets.com\\\/tickets\\\/nong-nooch-tropical-garden-admission-ticket\\\/\"]}]},{\"@type\":\"ImageObject\",\"inLanguage\":\"it-IT\",\"@id\":\"https:\\\/\\\/nongnoochtickets.com\\\/tickets\\\/nong-nooch-tropical-garden-admission-ticket\\\/#primaryimage\",\"url\":\"https:\\\/\\\/nongnoochtickets.com\\\/wp-content\\\/uploads\\\/2024\\\/11\\\/Nong-Nooch-Tropical-Garden.webp\",\"contentUrl\":\"https:\\\/\\\/nongnoochtickets.com\\\/wp-content\\\/uploads\\\/2024\\\/11\\\/Nong-Nooch-Tropical-Garden.webp\",\"width\":1607,\"height\":904,\"caption\":\"Nong Nooch Tropical Garden\"},{\"@type\":\"BreadcrumbList\",\"@id\":\"https:\\\/\\\/nongnoochtickets.com\\\/tickets\\\/nong-nooch-tropical-garden-admission-ticket\\\/#breadcrumb\",\"itemListElement\":[{\"@type\":\"ListItem\",\"position\":1,\"name\":\"Home\",\"item\":\"https:\\\/\\\/nongnoochtickets.com\\\/\"},{\"@type\":\"ListItem\",\"position\":2,\"name\":\"Tickets\",\"item\":\"https:\\\/\\\/nongnoochtickets.com\\\/tickets\\\/\"},{\"@type\":\"ListItem\",\"position\":3,\"name\":\"Nong Nooch Tropical Garden Admission Ticket\u200b\"}]},{\"@type\":\"WebSite\",\"@id\":\"https:\\\/\\\/nongnoochtickets.com\\\/#website\",\"url\":\"https:\\\/\\\/nongnoochtickets.com\\\/\",\"name\":\"Nong Nooch Tropical Garden\",\"description\":\"\",\"publisher\":{\"@id\":\"https:\\\/\\\/nongnoochtickets.com\\\/#organization\"},\"potentialAction\":[{\"@type\":\"SearchAction\",\"target\":{\"@type\":\"EntryPoint\",\"urlTemplate\":\"https:\\\/\\\/nongnoochtickets.com\\\/?s={search_term_string}\"},\"query-input\":{\"@type\":\"PropertyValueSpecification\",\"valueRequired\":true,\"valueName\":\"search_term_string\"}}],\"inLanguage\":\"it-IT\"},{\"@type\":\"Organization\",\"@id\":\"https:\\\/\\\/nongnoochtickets.com\\\/#organization\",\"name\":\"Nong Nooch Tropical Garden\",\"url\":\"https:\\\/\\\/nongnoochtickets.com\\\/\",\"logo\":{\"@type\":\"ImageObject\",\"inLanguage\":\"it-IT\",\"@id\":\"https:\\\/\\\/nongnoochtickets.com\\\/#\\\/schema\\\/logo\\\/image\\\/\",\"url\":\"https:\\\/\\\/nongnoochtickets.com\\\/wp-content\\\/uploads\\\/2024\\\/08\\\/Nong-Nooch-Tropical-Garden.png\",\"contentUrl\":\"https:\\\/\\\/nongnoochtickets.com\\\/wp-content\\\/uploads\\\/2024\\\/08\\\/Nong-Nooch-Tropical-Garden.png\",\"width\":350,\"height\":100,\"caption\":\"Nong Nooch Tropical Garden\"},\"image\":{\"@id\":\"https:\\\/\\\/nongnoochtickets.com\\\/#\\\/schema\\\/logo\\\/image\\\/\"}}]}<\/script>\n<!-- \/ Yoast SEO plugin. -->","yoast_head_json":{"title":"Esplora Nong Nooch con il biglietto d&#039;ingresso - Prenota ora","description":"Prenota il tuo biglietto d&#039;ingresso a Nong Nooch per una giornata fantastica tra gli splendidi giardini della Thailandia. Vivi la bellezza della natura in prima persona!","robots":{"index":"index","follow":"follow","max-snippet":"max-snippet:-1","max-image-preview":"max-image-preview:large","max-video-preview":"max-video-preview:-1"},"canonical":"https:\/\/nongnoochtickets.com\/it\/biglietti\/biglietto-dingresso-al-giardino-tropicale-di-nong-nooch\/","og_locale":"it_IT","og_type":"article","og_title":"Explore Nong Nooch With Admission Ticket - Book Now","og_description":"Book Your Nong Nooch Admission Ticket For An Amazing Day Among Thailand\u2019s Stunning Gardens. Experience Nature\u2019s Beauty Firsthand!","og_url":"https:\/\/nongnoochtickets.com\/it\/biglietti\/biglietto-dingresso-al-giardino-tropicale-di-nong-nooch\/","og_site_name":"Nong Nooch Tropical Garden","article_modified_time":"2026-04-29T09:56:10+00:00","og_image":[{"width":1607,"height":904,"url":"https:\/\/nongnoochtickets.com\/wp-content\/uploads\/2024\/11\/Nong-Nooch-Tropical-Garden.webp","type":"image\/webp"}],"twitter_card":"summary_large_image","twitter_misc":{"Tempo di lettura stimato":"4 minuti"},"schema":{"@context":"https:\/\/schema.org","@graph":[{"@type":"WebPage","@id":"https:\/\/nongnoochtickets.com\/tickets\/nong-nooch-tropical-garden-admission-ticket\/","url":"https:\/\/nongnoochtickets.com\/tickets\/nong-nooch-tropical-garden-admission-ticket\/","name":"Esplora Nong Nooch con il biglietto d&#039;ingresso - Prenota ora","isPartOf":{"@id":"https:\/\/nongnoochtickets.com\/#website"},"primaryImageOfPage":{"@id":"https:\/\/nongnoochtickets.com\/tickets\/nong-nooch-tropical-garden-admission-ticket\/#primaryimage"},"image":{"@id":"https:\/\/nongnoochtickets.com\/tickets\/nong-nooch-tropical-garden-admission-ticket\/#primaryimage"},"thumbnailUrl":"https:\/\/nongnoochtickets.com\/wp-content\/uploads\/2024\/11\/Nong-Nooch-Tropical-Garden.webp","datePublished":"2024-11-02T23:41:27+00:00","dateModified":"2026-04-29T09:56:10+00:00","description":"Prenota il tuo biglietto d&#039;ingresso a Nong Nooch per una giornata fantastica tra gli splendidi giardini della Thailandia. Vivi la bellezza della natura in prima persona!","breadcrumb":{"@id":"https:\/\/nongnoochtickets.com\/tickets\/nong-nooch-tropical-garden-admission-ticket\/#breadcrumb"},"inLanguage":"it-IT","potentialAction":[{"@type":"ReadAction","target":["https:\/\/nongnoochtickets.com\/tickets\/nong-nooch-tropical-garden-admission-ticket\/"]}]},{"@type":"ImageObject","inLanguage":"it-IT","@id":"https:\/\/nongnoochtickets.com\/tickets\/nong-nooch-tropical-garden-admission-ticket\/#primaryimage","url":"https:\/\/nongnoochtickets.com\/wp-content\/uploads\/2024\/11\/Nong-Nooch-Tropical-Garden.webp","contentUrl":"https:\/\/nongnoochtickets.com\/wp-content\/uploads\/2024\/11\/Nong-Nooch-Tropical-Garden.webp","width":1607,"height":904,"caption":"Nong Nooch Tropical Garden"},{"@type":"BreadcrumbList","@id":"https:\/\/nongnoochtickets.com\/tickets\/nong-nooch-tropical-garden-admission-ticket\/#breadcrumb","itemListElement":[{"@type":"ListItem","position":1,"name":"Home","item":"https:\/\/nongnoochtickets.com\/"},{"@type":"ListItem","position":2,"name":"Tickets","item":"https:\/\/nongnoochtickets.com\/tickets\/"},{"@type":"ListItem","position":3,"name":"Nong Nooch Tropical Garden Admission Ticket\u200b"}]},{"@type":"WebSite","@id":"https:\/\/nongnoochtickets.com\/#website","url":"https:\/\/nongnoochtickets.com\/","name":"Giardino tropicale di Nong Nooch","description":"","publisher":{"@id":"https:\/\/nongnoochtickets.com\/#organization"},"potentialAction":[{"@type":"SearchAction","target":{"@type":"EntryPoint","urlTemplate":"https:\/\/nongnoochtickets.com\/?s={search_term_string}"},"query-input":{"@type":"PropertyValueSpecification","valueRequired":true,"valueName":"search_term_string"}}],"inLanguage":"it-IT"},{"@type":"Organization","@id":"https:\/\/nongnoochtickets.com\/#organization","name":"Giardino tropicale di Nong Nooch","url":"https:\/\/nongnoochtickets.com\/","logo":{"@type":"ImageObject","inLanguage":"it-IT","@id":"https:\/\/nongnoochtickets.com\/#\/schema\/logo\/image\/","url":"https:\/\/nongnoochtickets.com\/wp-content\/uploads\/2024\/08\/Nong-Nooch-Tropical-Garden.png","contentUrl":"https:\/\/nongnoochtickets.com\/wp-content\/uploads\/2024\/08\/Nong-Nooch-Tropical-Garden.png","width":350,"height":100,"caption":"Nong Nooch Tropical Garden"},"image":{"@id":"https:\/\/nongnoochtickets.com\/#\/schema\/logo\/image\/"}}]}},"jetpack_sharing_enabled":true,"_links":{"self":[{"href":"https:\/\/nongnoochtickets.com\/it\/wp-json\/wp\/v2\/product\/3168","targetHints":{"allow":["GET"]}}],"collection":[{"href":"https:\/\/nongnoochtickets.com\/it\/wp-json\/wp\/v2\/product"}],"about":[{"href":"https:\/\/nongnoochtickets.com\/it\/wp-json\/wp\/v2\/types\/product"}],"wp:featuredmedia":[{"embeddable":true,"href":"https:\/\/nongnoochtickets.com\/it\/wp-json\/wp\/v2\/media\/3179"}],"wp:attachment":[{"href":"https:\/\/nongnoochtickets.com\/it\/wp-json\/wp\/v2\/media?parent=3168"}],"wp:term":[{"taxonomy":"product_brand","embeddable":true,"href":"https:\/\/nongnoochtickets.com\/it\/wp-json\/wp\/v2\/product_brand?post=3168"},{"taxonomy":"product_cat","embeddable":true,"href":"https:\/\/nongnoochtickets.com\/it\/wp-json\/wp\/v2\/product_cat?post=3168"},{"taxonomy":"product_tag","embeddable":true,"href":"https:\/\/nongnoochtickets.com\/it\/wp-json\/wp\/v2\/product_tag?post=3168"}],"curies":[{"name":"wp","href":"https:\/\/api.w.org\/{rel}","templated":true}]}}