{"id":3299,"date":"2024-11-12T11:16:17","date_gmt":"2024-11-12T05:46:17","guid":{"rendered":"https:\/\/nongnoochtickets.com\/?post_type=product&#038;p=3299"},"modified":"2024-12-17T20:19:37","modified_gmt":"2024-12-17T14:49:37","slug":"billet-dentree-au-jardin-tropical-de-nong-nooch-spectacle-transferts-aller-retour-partages-a-lhotel","status":"publish","type":"product","link":"https:\/\/nongnoochtickets.com\/fr\/billets\/billet-dentree-au-jardin-tropical-de-nong-nooch-spectacle-transferts-aller-retour-partages-a-lhotel\/","title":{"rendered":"Billet d&#039;entr\u00e9e au jardin tropical de Nong Nooch + spectacle + transferts aller-retour partag\u00e9s vers l&#039;h\u00f4tel"},"content":{"rendered":"<h2>\u00c0 propos du jardin tropical de Nong Nooch \u2013 Billet d\u2019entr\u00e9e + spectacle + transferts aller-retour partag\u00e9s \u00e0 l\u2019h\u00f4tel<\/h2>\n<p>Le <strong>Billet d&#039;entr\u00e9e + spectacle + transferts aller-retour partag\u00e9s \u00e0 l&#039;h\u00f4tel<\/strong> le forfait offre une exp\u00e9rience pratique et immersive \u00e0 <strong>Jardin tropical de Nong Nooch<\/strong>Avec ce forfait, les visiteurs b\u00e9n\u00e9ficient d&#039;un transport sans tracas depuis leur h\u00f4tel \u00e0 Pattaya, d&#039;une entr\u00e9e au jardin et d&#039;un acc\u00e8s \u00e0 deux spectacles passionnants : le <strong>Spectacle culturel tha\u00eflandais<\/strong> et le <strong>Spectacle d&#039;\u00e9l\u00e9phants<\/strong>Il s&#039;agit d&#039;une option id\u00e9ale pour ceux qui recherchent une exp\u00e9rience culturelle sans stress avec la commodit\u00e9 suppl\u00e9mentaire des transferts aller-retour partag\u00e9s.<\/p>\n<hr \/>\n<h3>Horaires<\/h3>\n<ul>\n<li><strong>Horaires du jardin<\/strong>:08h00 \u2013 18h00, tous les jours.<\/li>\n<li><strong>Horaires des spectacles<\/strong>: Quatre tours quotidiens \u00e0 10h30, 11h30, 13h30 et 15h30 (spectacle culturel tha\u00eflandais + spectacle d&#039;\u00e9l\u00e9phants).<\/li>\n<li><strong>Prise en charge du transfert<\/strong>: Les heures de prise en charge varient ; veuillez confirmer votre heure de prise en charge sp\u00e9cifique apr\u00e8s la r\u00e9servation.<\/li>\n<\/ul>\n<hr \/>\n<h3>Points forts<\/h3>\n<ul>\n<li><strong>Transferts aller-retour<\/strong>: Profitez de transferts partag\u00e9s confortables depuis votre h\u00f4tel de Pattaya jusqu&#039;au jardin tropical de Nong Nooch et retour.<\/li>\n<li><strong>Des spectacles captivants<\/strong>:Assistez au spectacle culturel tha\u00eflandais, mettant en vedette la musique et la danse traditionnelles, et au spectacle d&#039;\u00e9l\u00e9phants, avec des tours et des performances divertissants.<\/li>\n<li><strong>Exp\u00e9rience sans stress<\/strong>:Concentrez-vous sur le plaisir de votre journ\u00e9e sans vous soucier du transport ou de la logistique.<\/li>\n<li><strong>Id\u00e9al pour les passionn\u00e9s de culture<\/strong>:D\u00e9couvrez les traditions vibrantes et le riche patrimoine de la Tha\u00eflande dans l\u2019un des environnements les plus pittoresques du pays.<\/li>\n<\/ul>\n<hr \/>\n<h3>Ce qui est inclus<\/h3>\n<ul>\n<li><strong>Admission<\/strong> au jardin tropical de Nong Nooch.<\/li>\n<li><strong>Transferts partag\u00e9s aller-retour \u00e0 l&#039;h\u00f4tel<\/strong> dans Pattaya.<\/li>\n<li><strong>Acc\u00e8s au spectacle culturel tha\u00eflandais<\/strong> et <strong>Spectacle d&#039;\u00e9l\u00e9phants<\/strong> avec si\u00e8ges standards.<\/li>\n<\/ul>\n<hr \/>\n<h3>Inclusions \/ Exclusions<\/h3>\n<p><strong>Inclusions<\/strong>:<\/p>\n<ul>\n<li>Entr\u00e9e au jardin.<\/li>\n<li>Transferts aller-retour partag\u00e9s depuis les h\u00f4tels de Pattaya.<\/li>\n<li>Entr\u00e9e au spectacle culturel tha\u00eflandais et au spectacle d&#039;\u00e9l\u00e9phants.<\/li>\n<\/ul>\n<p><strong>Exclusions<\/strong>:<\/p>\n<ul>\n<li>D\u00e9jeuner buffet ou autres options de restauration (disponibles en compl\u00e9ment).<\/li>\n<li>Places VIP pour les spectacles (disponibles avec certains surclassements de billets).<\/li>\n<li>Activit\u00e9s ou exp\u00e9riences suppl\u00e9mentaires en dehors des offres du forfait.<\/li>\n<\/ul>\n<hr \/>\n<h3>Politique relative \u00e0 l&#039;enfance<\/h3>\n<ul>\n<li><strong>Admissibilit\u00e9 au billet pour enfant<\/strong>:Les enfants mesurant entre 90 et 130 cm b\u00e9n\u00e9ficient du tarif enfant.<\/li>\n<li><strong>Admission des nourrissons<\/strong>:Les enfants de moins de 90 cm peuvent entrer gratuitement.<\/li>\n<\/ul>\n<hr \/>\n<h3>Politique de remboursement et d&#039;annulation<\/h3>\n<ul>\n<li><strong>Aucun remboursement<\/strong>:Ce forfait est non remboursable et non annulable.<\/li>\n<li><strong>Reprogrammation<\/strong>:Une reprogrammation peut \u00eatre disponible avec un pr\u00e9avis de 48 heures pour les forfaits avec transferts partag\u00e9s, sous r\u00e9serve de disponibilit\u00e9.<\/li>\n<\/ul>\n<hr \/>\n<h3>Quoi de plus ?<\/h3>\n<ul>\n<li><strong>Un voyage sans faille<\/strong>:Le transfert partag\u00e9 garantit une exp\u00e9rience pratique et sans souci, avec prise en charge et retour directement \u00e0 votre h\u00f4tel.<\/li>\n<li><strong>Des spectacles culturels riches<\/strong>:Profitez du meilleur de la tradition tha\u00eflandaise avec le spectacle culturel tha\u00eflandais et le spectacle d&#039;\u00e9l\u00e9phants, con\u00e7us pour divertir et \u00e9duquer.<\/li>\n<li><strong>Id\u00e9al pour tous les \u00e2ges<\/strong>:Ce forfait est familial et convient aux visiteurs de tous \u00e2ges, particuli\u00e8rement \u00e0 ceux qui recherchent une sortie relaxante mais enrichissante.<\/li>\n<\/ul>\n<hr \/>\n<h3>Conseils d&#039;initi\u00e9s<\/h3>\n<ul>\n<li><strong>Planifier les horaires des spectacles<\/strong>:Coordonnez votre visite et vos transferts en fonction des horaires des spectacles pour profiter au maximum de votre journ\u00e9e.<\/li>\n<li><strong>Apportez l&#039;essentiel<\/strong>:Emportez un appareil photo, de l&#039;eau et des chaussures confortables pour profiter pleinement du jardin et des spectacles.<\/li>\n<li><strong>Soyez pr\u00eat pour le ramassage<\/strong>: Assurez-vous d&#039;\u00eatre pr\u00eat dans le hall de votre h\u00f4tel \u00e0 l&#039;heure de prise en charge pr\u00e9vue pour un d\u00e9but de voyage en douceur.<\/li>\n<\/ul>\n<hr \/>\n<h3>\u00c0 faire et \u00e0 ne pas faire<\/h3>\n<p><strong>\u00c0 faire<\/strong>:<\/p>\n<ul>\n<li>Munissez-vous d&#039;une pi\u00e8ce d&#039;identit\u00e9 valide avec photo pour la v\u00e9rification de l&#039;entr\u00e9e.<\/li>\n<li>Arrivez sur les lieux du spectacle quelques minutes \u00e0 l\u2019avance pour vous assurer d\u2019avoir de bonnes places.<\/li>\n<li>Habillez-vous confortablement, car les jardins peuvent n\u00e9cessiter une certaine marche.<\/li>\n<\/ul>\n<p><strong>\u00c0 ne pas faire<\/strong>:<\/p>\n<ul>\n<li>\u00c9vitez d\u2019apporter de la nourriture et des boissons de l\u2019ext\u00e9rieur, car il existe des options de restauration sur place.<\/li>\n<li>Ne perturbez pas les spectacles en utilisant des flashs ou en faisant des bruits forts.<\/li>\n<\/ul>\n<hr \/>\n<h3>\u00c0 savoir avant de partir<\/h3>\n<ul>\n<li><strong>Exigence d&#039;identification<\/strong>:Les ressortissants \u00e9trangers doivent \u00eatre munis d\u2019un passeport comme preuve d\u2019identit\u00e9.<\/li>\n<li><strong>Pr\u00e9paration aux intemp\u00e9ries<\/strong>:Le jardin tropical de Nong Nooch reste ouvert en cas de pluie l\u00e9g\u00e8re, alors apportez un parapluie ou un imperm\u00e9able si n\u00e9cessaire.<\/li>\n<li><strong>Coordination du timing du spectacle<\/strong>:Pr\u00e9voyez d&#039;assister \u00e0 l&#039;une des repr\u00e9sentations pr\u00e9vues (10 h 30, 11 h 30, 13 h 30 ou 15 h 30) pour profiter au maximum de votre visite.<\/li>\n<\/ul>\n<hr \/>\n<h3>Adresse, Plans et Localisation<\/h3>\n<ul>\n<li><strong>Adresse<\/strong>: 34\/1 Sukhumvit Road, Na Chom Thian, district de Sattahip, Chon Buri 20250, Tha\u00eflande<\/li>\n<li><strong>Localisation sur Google Maps<\/strong>: <a href=\"https:\/\/maps.app.goo.gl\/AwWepSfe6DdhvcTr8\" target=\"_new\" rel=\"noopener\">Emplacement du jardin tropical de Nong Nooch<\/a><\/li>\n<\/ul>\n<hr \/>\n<h3>Comment arriver<\/h3>\n<ul>\n<li><strong>Transferts partag\u00e9s inclus<\/strong>:Les transferts aller-retour partag\u00e9s depuis les h\u00f4tels de Pattaya sont inclus dans ce forfait pour un maximum de commodit\u00e9.<\/li>\n<li><strong>Transport personnel<\/strong>:Pour ceux qui n&#039;utilisent pas de transferts partag\u00e9s, Nong Nooch est \u00e0 environ 20 minutes en voiture du centre de Pattaya.<\/li>\n<\/ul>\n<hr \/>\n<h3>Questions fr\u00e9quemment pos\u00e9es (FAQ)<\/h3>\n<p><strong>1. Que comprend le forfait Billet d&#039;entr\u00e9e + Spectacle + Transferts aller-retour partag\u00e9s \u00e0 l&#039;h\u00f4tel ?<\/strong><br \/>\nCe forfait comprend l&#039;entr\u00e9e au jardin, les transferts aller-retour partag\u00e9s depuis votre h\u00f4tel de Pattaya et l&#039;acc\u00e8s au spectacle culturel tha\u00eflandais et au spectacle d&#039;\u00e9l\u00e9phants.<\/p>\n<p><strong>2. Les transferts sont-ils priv\u00e9s ou partag\u00e9s ?<\/strong><br \/>\nCe forfait comprend les transferts partag\u00e9s. Des transferts priv\u00e9s peuvent \u00eatre disponibles moyennant un co\u00fbt suppl\u00e9mentaire.<\/p>\n<p><strong>3. Puis-je surclasser mes places pour les spectacles ?<\/strong><br \/>\nDes si\u00e8ges VIP peuvent \u00eatre disponibles sur place moyennant des frais suppl\u00e9mentaires, selon les disponibilit\u00e9s.<\/p>\n<p><strong>4. Existe-t-il une heure de prise en charge sp\u00e9cifique pour les transferts ?<\/strong><br \/>\nVotre heure de prise en charge sera confirm\u00e9e apr\u00e8s la r\u00e9servation, en fonction de l&#039;emplacement de votre h\u00f4tel et de l&#039;heure de spectacle choisie.<\/p>\n<p><strong>5. Puis-je apporter ma propre nourriture et mes boissons ?<\/strong><br \/>\nLa nourriture et les boissons de l&#039;ext\u00e9rieur ne sont pas autoris\u00e9es, mais plusieurs options de restauration sont disponibles sur place.<\/p>\n<p><strong>6. Combien de temps durent les spectacles ?<\/strong><br \/>\nChaque spectacle dure environ 20 \u00e0 30 minutes, offrant un aper\u00e7u concis mais engageant de la culture et du divertissement tha\u00eflandais.<\/p>\n<p><strong>7. Les spectacles sont-ils adapt\u00e9s aux enfants ?<\/strong><br \/>\nOui, le spectacle culturel tha\u00eflandais et le spectacle d&#039;\u00e9l\u00e9phants sont tous deux adapt\u00e9s aux familles et \u00e0 tous les \u00e2ges.<\/p>\n<p><strong>8. Que dois-je porter ?<\/strong><br \/>\nPortez des v\u00eatements et des chaussures confortables adapt\u00e9s \u00e0 la marche et \u00e0 l&#039;exploration du jardin.<\/p>\n<p>Le <strong>Billet d&#039;entr\u00e9e + spectacle + transferts aller-retour partag\u00e9s \u00e0 l&#039;h\u00f4tel<\/strong> Le forfait offre une mani\u00e8re confortable, pratique et enrichissante de vivre une exp\u00e9rience <a href=\"https:\/\/nongnoochtickets.com\/fr\/\">Jardin tropical de Nong Nooch<\/a>Les magnifiques paysages et les spectacles culturels de la Tha\u00eflande sont parfaits pour les visiteurs qui souhaitent passer une journ\u00e9e sans tracas immerg\u00e9s dans la beaut\u00e9 naturelle et culturelle de la Tha\u00eflande.<\/p>","protected":false},"excerpt":{"rendered":"<p>About Nong Nooch Tropical Garden \u2013 Admission Ticket + Show + Shared Round-Trip Hotel Transfers The Admission Ticket + Show + Shared Round-Trip Hotel Transfers package offers a convenient and immersive experience at Nong Nooch Tropical Garden. With this package, visitors enjoy hassle-free transportation from their hotel in Pattaya, admission to the garden, and access [&hellip;]<\/p>\n","protected":false},"featured_media":3169,"template":"","meta":{"ocean_post_layout":"","ocean_both_sidebars_style":"","ocean_both_sidebars_content_width":0,"ocean_both_sidebars_sidebars_width":0,"ocean_sidebar":"0","ocean_second_sidebar":"0","ocean_disable_margins":"enable","ocean_add_body_class":"","ocean_shortcode_before_top_bar":"","ocean_shortcode_after_top_bar":"","ocean_shortcode_before_header":"","ocean_shortcode_after_header":"","ocean_has_shortcode":"","ocean_shortcode_after_title":"","ocean_shortcode_before_footer_widgets":"","ocean_shortcode_after_footer_widgets":"","ocean_shortcode_before_footer_bottom":"","ocean_shortcode_after_footer_bottom":"","ocean_display_top_bar":"default","ocean_display_header":"default","ocean_header_style":"","ocean_center_header_left_menu":"0","ocean_custom_header_template":"0","ocean_custom_logo":0,"ocean_custom_retina_logo":0,"ocean_custom_logo_max_width":0,"ocean_custom_logo_tablet_max_width":0,"ocean_custom_logo_mobile_max_width":0,"ocean_custom_logo_max_height":0,"ocean_custom_logo_tablet_max_height":0,"ocean_custom_logo_mobile_max_height":0,"ocean_header_custom_menu":"0","ocean_menu_typo_font_family":"0","ocean_menu_typo_font_subset":"","ocean_menu_typo_font_size":0,"ocean_menu_typo_font_size_tablet":0,"ocean_menu_typo_font_size_mobile":0,"ocean_menu_typo_font_size_unit":"px","ocean_menu_typo_font_weight":"","ocean_menu_typo_font_weight_tablet":"","ocean_menu_typo_font_weight_mobile":"","ocean_menu_typo_transform":"","ocean_menu_typo_transform_tablet":"","ocean_menu_typo_transform_mobile":"","ocean_menu_typo_line_height":0,"ocean_menu_typo_line_height_tablet":0,"ocean_menu_typo_line_height_mobile":0,"ocean_menu_typo_line_height_unit":"","ocean_menu_typo_spacing":0,"ocean_menu_typo_spacing_tablet":0,"ocean_menu_typo_spacing_mobile":0,"ocean_menu_typo_spacing_unit":"","ocean_menu_link_color":"","ocean_menu_link_color_hover":"","ocean_menu_link_color_active":"","ocean_menu_link_background":"","ocean_menu_link_hover_background":"","ocean_menu_link_active_background":"","ocean_menu_social_links_bg":"","ocean_menu_social_hover_links_bg":"","ocean_menu_social_links_color":"","ocean_menu_social_hover_links_color":"","ocean_disable_title":"default","ocean_disable_heading":"default","ocean_post_title":"","ocean_post_subheading":"","ocean_post_title_style":"","ocean_post_title_background_color":"","ocean_post_title_background":0,"ocean_post_title_bg_image_position":"","ocean_post_title_bg_image_attachment":"","ocean_post_title_bg_image_repeat":"","ocean_post_title_bg_image_size":"","ocean_post_title_height":0,"ocean_post_title_bg_overlay":0.5,"ocean_post_title_bg_overlay_color":"","ocean_disable_breadcrumbs":"default","ocean_breadcrumbs_color":"","ocean_breadcrumbs_separator_color":"","ocean_breadcrumbs_links_color":"","ocean_breadcrumbs_links_hover_color":"","ocean_display_footer_widgets":"default","ocean_display_footer_bottom":"default","ocean_custom_footer_template":"0"},"product_brand":[],"product_cat":[20],"product_tag":[472,517,514,478,446,515,473,512,471,498,475,501,516,513],"class_list":{"0":"post-3299","1":"product","2":"type-product","3":"status-publish","4":"has-post-thumbnail","6":"product_cat-tickets","7":"product_tag-nong-nooch-admission-show","8":"product_tag-nong-nooch-combo","9":"product_tag-nong-nooch-entry-transfer","10":"product_tag-nong-nooch-event-ticket","11":"product_tag-nong-nooch-garden-thailand","12":"product_tag-nong-nooch-hotel-transfer","13":"product_tag-nong-nooch-performance","14":"product_tag-nong-nooch-shared-transfer","15":"product_tag-nong-nooch-show-ticket","16":"product_tag-nong-nooch-thailand-tour","17":"product_tag-nong-nooch-tickets","18":"product_tag-nong-nooch-tickets-combo","19":"product_tag-nong-nooch-transfer-package","20":"product_tag-nong-nooch-transport-package","22":"entry","23":"has-media","24":"tm-has-options","26":"first","27":"instock","28":"virtual","29":"taxable","30":"purchasable","31":"product-type-simple","32":"has-product-nav","33":"col","34":"span_1_of_3","35":"owp-content-center","36":"owp-thumbs-layout-horizontal","37":"owp-btn-normal","38":"owp-tabs-layout-horizontal"},"yoast_head":"<!-- This site is optimized with the Yoast SEO plugin v27.5 - https:\/\/yoast.com\/product\/yoast-seo-wordpress\/ -->\n<title>Book Nong Nooch Entry, Show And Transfers \u2013 Hassle-Free Tour<\/title>\n<meta name=\"description\" content=\"Enjoy Nong Nooch Admission, A Captivating Show, And Convenient Shared Hotel Transfers. Experience The Best, Stress-Free! Book Your Tickets Now.\" \/>\n<meta name=\"robots\" content=\"index, follow, max-snippet:-1, max-image-preview:large, max-video-preview:-1\" \/>\n<link rel=\"canonical\" href=\"https:\/\/nongnoochtickets.com\/fr\/billets\/billet-dentree-au-jardin-tropical-de-nong-nooch-spectacle-transferts-aller-retour-partages-a-lhotel\/\" \/>\n<meta property=\"og:locale\" content=\"fr_FR\" \/>\n<meta property=\"og:type\" content=\"article\" \/>\n<meta property=\"og:title\" content=\"Book Nong Nooch Entry, Show And Transfers \u2013 Hassle-Free Tour\" \/>\n<meta property=\"og:description\" content=\"Enjoy Nong Nooch Admission, A Captivating Show, And Convenient Shared Hotel Transfers. Experience The Best, Stress-Free! Book Your Tickets Now.\" \/>\n<meta property=\"og:url\" content=\"https:\/\/nongnoochtickets.com\/fr\/billets\/billet-dentree-au-jardin-tropical-de-nong-nooch-spectacle-transferts-aller-retour-partages-a-lhotel\/\" \/>\n<meta property=\"og:site_name\" content=\"Nong Nooch Tropical Garden\" \/>\n<meta property=\"article:modified_time\" content=\"2024-12-17T14:49:37+00:00\" \/>\n<meta name=\"twitter:card\" content=\"summary_large_image\" \/>\n<meta name=\"twitter:label1\" content=\"Dur\u00e9e de lecture estim\u00e9e\" \/>\n\t<meta name=\"twitter:data1\" content=\"5 minutes\" \/>\n<script type=\"application\/ld+json\" class=\"yoast-schema-graph\">{\"@context\":\"https:\\\/\\\/schema.org\",\"@graph\":[{\"@type\":\"WebPage\",\"@id\":\"https:\\\/\\\/nongnoochtickets.com\\\/tickets\\\/nong-nooch-tropical-garden-admission-ticket-show-shared-round-trip-hotel-transfers\\\/\",\"url\":\"https:\\\/\\\/nongnoochtickets.com\\\/tickets\\\/nong-nooch-tropical-garden-admission-ticket-show-shared-round-trip-hotel-transfers\\\/\",\"name\":\"Book Nong Nooch Entry, Show And Transfers \u2013 Hassle-Free Tour\",\"isPartOf\":{\"@id\":\"https:\\\/\\\/nongnoochtickets.com\\\/#website\"},\"primaryImageOfPage\":{\"@id\":\"https:\\\/\\\/nongnoochtickets.com\\\/tickets\\\/nong-nooch-tropical-garden-admission-ticket-show-shared-round-trip-hotel-transfers\\\/#primaryimage\"},\"image\":{\"@id\":\"https:\\\/\\\/nongnoochtickets.com\\\/tickets\\\/nong-nooch-tropical-garden-admission-ticket-show-shared-round-trip-hotel-transfers\\\/#primaryimage\"},\"thumbnailUrl\":\"https:\\\/\\\/nongnoochtickets.com\\\/wp-content\\\/uploads\\\/2024\\\/11\\\/Nong-Nooch-Tropical-Garden.avif\",\"datePublished\":\"2024-11-12T05:46:17+00:00\",\"dateModified\":\"2024-12-17T14:49:37+00:00\",\"description\":\"Enjoy Nong Nooch Admission, A Captivating Show, And Convenient Shared Hotel Transfers. Experience The Best, Stress-Free! Book Your Tickets Now.\",\"breadcrumb\":{\"@id\":\"https:\\\/\\\/nongnoochtickets.com\\\/tickets\\\/nong-nooch-tropical-garden-admission-ticket-show-shared-round-trip-hotel-transfers\\\/#breadcrumb\"},\"inLanguage\":\"fr-FR\",\"potentialAction\":[{\"@type\":\"ReadAction\",\"target\":[\"https:\\\/\\\/nongnoochtickets.com\\\/tickets\\\/nong-nooch-tropical-garden-admission-ticket-show-shared-round-trip-hotel-transfers\\\/\"]}]},{\"@type\":\"ImageObject\",\"inLanguage\":\"fr-FR\",\"@id\":\"https:\\\/\\\/nongnoochtickets.com\\\/tickets\\\/nong-nooch-tropical-garden-admission-ticket-show-shared-round-trip-hotel-transfers\\\/#primaryimage\",\"url\":\"https:\\\/\\\/nongnoochtickets.com\\\/wp-content\\\/uploads\\\/2024\\\/11\\\/Nong-Nooch-Tropical-Garden.avif\",\"contentUrl\":\"https:\\\/\\\/nongnoochtickets.com\\\/wp-content\\\/uploads\\\/2024\\\/11\\\/Nong-Nooch-Tropical-Garden.avif\",\"width\":1058,\"height\":540,\"caption\":\"Nong Nooch Tropical Garden\"},{\"@type\":\"BreadcrumbList\",\"@id\":\"https:\\\/\\\/nongnoochtickets.com\\\/tickets\\\/nong-nooch-tropical-garden-admission-ticket-show-shared-round-trip-hotel-transfers\\\/#breadcrumb\",\"itemListElement\":[{\"@type\":\"ListItem\",\"position\":1,\"name\":\"Home\",\"item\":\"https:\\\/\\\/nongnoochtickets.com\\\/\"},{\"@type\":\"ListItem\",\"position\":2,\"name\":\"Tickets\",\"item\":\"https:\\\/\\\/nongnoochtickets.com\\\/tickets\\\/\"},{\"@type\":\"ListItem\",\"position\":3,\"name\":\"Nong Nooch Tropical Garden Admission Ticket + Show + Shared Round-Trip Hotel Transfers\"}]},{\"@type\":\"WebSite\",\"@id\":\"https:\\\/\\\/nongnoochtickets.com\\\/#website\",\"url\":\"https:\\\/\\\/nongnoochtickets.com\\\/\",\"name\":\"Nong Nooch Tropical Garden\",\"description\":\"\",\"publisher\":{\"@id\":\"https:\\\/\\\/nongnoochtickets.com\\\/#organization\"},\"potentialAction\":[{\"@type\":\"SearchAction\",\"target\":{\"@type\":\"EntryPoint\",\"urlTemplate\":\"https:\\\/\\\/nongnoochtickets.com\\\/?s={search_term_string}\"},\"query-input\":{\"@type\":\"PropertyValueSpecification\",\"valueRequired\":true,\"valueName\":\"search_term_string\"}}],\"inLanguage\":\"fr-FR\"},{\"@type\":\"Organization\",\"@id\":\"https:\\\/\\\/nongnoochtickets.com\\\/#organization\",\"name\":\"Nong Nooch Tropical Garden\",\"url\":\"https:\\\/\\\/nongnoochtickets.com\\\/\",\"logo\":{\"@type\":\"ImageObject\",\"inLanguage\":\"fr-FR\",\"@id\":\"https:\\\/\\\/nongnoochtickets.com\\\/#\\\/schema\\\/logo\\\/image\\\/\",\"url\":\"https:\\\/\\\/nongnoochtickets.com\\\/wp-content\\\/uploads\\\/2024\\\/08\\\/Nong-Nooch-Tropical-Garden.png\",\"contentUrl\":\"https:\\\/\\\/nongnoochtickets.com\\\/wp-content\\\/uploads\\\/2024\\\/08\\\/Nong-Nooch-Tropical-Garden.png\",\"width\":350,\"height\":100,\"caption\":\"Nong Nooch Tropical Garden\"},\"image\":{\"@id\":\"https:\\\/\\\/nongnoochtickets.com\\\/#\\\/schema\\\/logo\\\/image\\\/\"}}]}<\/script>\n<!-- \/ Yoast SEO plugin. -->","yoast_head_json":{"title":"R\u00e9servez l&#039;entr\u00e9e, le spectacle et les transferts \u00e0 Nong Nooch \u2013 Visite sans tracas","description":"Profitez de l&#039;entr\u00e9e \u00e0 Nong Nooch, d&#039;un spectacle captivant et de transferts partag\u00e9s pratiques depuis et vers votre h\u00f4tel. Vivez le meilleur, sans stress ! R\u00e9servez vos billets d\u00e8s maintenant.","robots":{"index":"index","follow":"follow","max-snippet":"max-snippet:-1","max-image-preview":"max-image-preview:large","max-video-preview":"max-video-preview:-1"},"canonical":"https:\/\/nongnoochtickets.com\/fr\/billets\/billet-dentree-au-jardin-tropical-de-nong-nooch-spectacle-transferts-aller-retour-partages-a-lhotel\/","og_locale":"fr_FR","og_type":"article","og_title":"Book Nong Nooch Entry, Show And Transfers \u2013 Hassle-Free Tour","og_description":"Enjoy Nong Nooch Admission, A Captivating Show, And Convenient Shared Hotel Transfers. Experience The Best, Stress-Free! Book Your Tickets Now.","og_url":"https:\/\/nongnoochtickets.com\/fr\/billets\/billet-dentree-au-jardin-tropical-de-nong-nooch-spectacle-transferts-aller-retour-partages-a-lhotel\/","og_site_name":"Nong Nooch Tropical Garden","article_modified_time":"2024-12-17T14:49:37+00:00","twitter_card":"summary_large_image","twitter_misc":{"Dur\u00e9e de lecture estim\u00e9e":"5 minutes"},"schema":{"@context":"https:\/\/schema.org","@graph":[{"@type":"WebPage","@id":"https:\/\/nongnoochtickets.com\/tickets\/nong-nooch-tropical-garden-admission-ticket-show-shared-round-trip-hotel-transfers\/","url":"https:\/\/nongnoochtickets.com\/tickets\/nong-nooch-tropical-garden-admission-ticket-show-shared-round-trip-hotel-transfers\/","name":"R\u00e9servez l&#039;entr\u00e9e, le spectacle et les transferts \u00e0 Nong Nooch \u2013 Visite sans tracas","isPartOf":{"@id":"https:\/\/nongnoochtickets.com\/#website"},"primaryImageOfPage":{"@id":"https:\/\/nongnoochtickets.com\/tickets\/nong-nooch-tropical-garden-admission-ticket-show-shared-round-trip-hotel-transfers\/#primaryimage"},"image":{"@id":"https:\/\/nongnoochtickets.com\/tickets\/nong-nooch-tropical-garden-admission-ticket-show-shared-round-trip-hotel-transfers\/#primaryimage"},"thumbnailUrl":"https:\/\/nongnoochtickets.com\/wp-content\/uploads\/2024\/11\/Nong-Nooch-Tropical-Garden.avif","datePublished":"2024-11-12T05:46:17+00:00","dateModified":"2024-12-17T14:49:37+00:00","description":"Profitez de l&#039;entr\u00e9e \u00e0 Nong Nooch, d&#039;un spectacle captivant et de transferts partag\u00e9s pratiques depuis et vers votre h\u00f4tel. Vivez le meilleur, sans stress ! R\u00e9servez vos billets d\u00e8s maintenant.","breadcrumb":{"@id":"https:\/\/nongnoochtickets.com\/tickets\/nong-nooch-tropical-garden-admission-ticket-show-shared-round-trip-hotel-transfers\/#breadcrumb"},"inLanguage":"fr-FR","potentialAction":[{"@type":"ReadAction","target":["https:\/\/nongnoochtickets.com\/tickets\/nong-nooch-tropical-garden-admission-ticket-show-shared-round-trip-hotel-transfers\/"]}]},{"@type":"ImageObject","inLanguage":"fr-FR","@id":"https:\/\/nongnoochtickets.com\/tickets\/nong-nooch-tropical-garden-admission-ticket-show-shared-round-trip-hotel-transfers\/#primaryimage","url":"https:\/\/nongnoochtickets.com\/wp-content\/uploads\/2024\/11\/Nong-Nooch-Tropical-Garden.avif","contentUrl":"https:\/\/nongnoochtickets.com\/wp-content\/uploads\/2024\/11\/Nong-Nooch-Tropical-Garden.avif","width":1058,"height":540,"caption":"Nong Nooch Tropical Garden"},{"@type":"BreadcrumbList","@id":"https:\/\/nongnoochtickets.com\/tickets\/nong-nooch-tropical-garden-admission-ticket-show-shared-round-trip-hotel-transfers\/#breadcrumb","itemListElement":[{"@type":"ListItem","position":1,"name":"Home","item":"https:\/\/nongnoochtickets.com\/"},{"@type":"ListItem","position":2,"name":"Tickets","item":"https:\/\/nongnoochtickets.com\/tickets\/"},{"@type":"ListItem","position":3,"name":"Nong Nooch Tropical Garden Admission Ticket + Show + Shared Round-Trip Hotel Transfers"}]},{"@type":"WebSite","@id":"https:\/\/nongnoochtickets.com\/#website","url":"https:\/\/nongnoochtickets.com\/","name":"Jardin tropical de Nong Nooch","description":"","publisher":{"@id":"https:\/\/nongnoochtickets.com\/#organization"},"potentialAction":[{"@type":"SearchAction","target":{"@type":"EntryPoint","urlTemplate":"https:\/\/nongnoochtickets.com\/?s={search_term_string}"},"query-input":{"@type":"PropertyValueSpecification","valueRequired":true,"valueName":"search_term_string"}}],"inLanguage":"fr-FR"},{"@type":"Organization","@id":"https:\/\/nongnoochtickets.com\/#organization","name":"Jardin tropical de Nong Nooch","url":"https:\/\/nongnoochtickets.com\/","logo":{"@type":"ImageObject","inLanguage":"fr-FR","@id":"https:\/\/nongnoochtickets.com\/#\/schema\/logo\/image\/","url":"https:\/\/nongnoochtickets.com\/wp-content\/uploads\/2024\/08\/Nong-Nooch-Tropical-Garden.png","contentUrl":"https:\/\/nongnoochtickets.com\/wp-content\/uploads\/2024\/08\/Nong-Nooch-Tropical-Garden.png","width":350,"height":100,"caption":"Nong Nooch Tropical Garden"},"image":{"@id":"https:\/\/nongnoochtickets.com\/#\/schema\/logo\/image\/"}}]}},"jetpack_sharing_enabled":true,"_links":{"self":[{"href":"https:\/\/nongnoochtickets.com\/fr\/wp-json\/wp\/v2\/product\/3299","targetHints":{"allow":["GET"]}}],"collection":[{"href":"https:\/\/nongnoochtickets.com\/fr\/wp-json\/wp\/v2\/product"}],"about":[{"href":"https:\/\/nongnoochtickets.com\/fr\/wp-json\/wp\/v2\/types\/product"}],"wp:featuredmedia":[{"embeddable":true,"href":"https:\/\/nongnoochtickets.com\/fr\/wp-json\/wp\/v2\/media\/3169"}],"wp:attachment":[{"href":"https:\/\/nongnoochtickets.com\/fr\/wp-json\/wp\/v2\/media?parent=3299"}],"wp:term":[{"taxonomy":"product_brand","embeddable":true,"href":"https:\/\/nongnoochtickets.com\/fr\/wp-json\/wp\/v2\/product_brand?post=3299"},{"taxonomy":"product_cat","embeddable":true,"href":"https:\/\/nongnoochtickets.com\/fr\/wp-json\/wp\/v2\/product_cat?post=3299"},{"taxonomy":"product_tag","embeddable":true,"href":"https:\/\/nongnoochtickets.com\/fr\/wp-json\/wp\/v2\/product_tag?post=3299"}],"curies":[{"name":"wp","href":"https:\/\/api.w.org\/{rel}","templated":true}]}}