{"id":3298,"date":"2024-11-12T11:14:01","date_gmt":"2024-11-12T05:44:01","guid":{"rendered":"https:\/\/nongnoochtickets.com\/?post_type=product&#038;p=3298"},"modified":"2025-09-29T13:01:15","modified_gmt":"2025-09-29T07:31:15","slug":"nong-nooch-tropical-garden-admission-ticket-sightseeing-bus-buffet-lunch-show","status":"publish","type":"product","link":"https:\/\/nongnoochtickets.com\/fr\/billets\/nong-nooch-tropical-garden-admission-ticket-sightseeing-bus-buffet-lunch-show\/","title":{"rendered":"Billet d&#039;entr\u00e9e au jardin tropical de Nong Nooch + bus touristique + d\u00e9jeuner buffet + spectacle"},"content":{"rendered":"<h2>About Nong Nooch Tropical Garden \u2013 Admission Ticket + Sightseeing Bus + Buffet Lunch + Show<\/h2>\n<p>Le <strong>Billet d&#039;entr\u00e9e + bus touristique + d\u00e9jeuner buffet + spectacle<\/strong> paquet \u00e0 <strong>Jardin tropical de Nong Nooch<\/strong> provides the ultimate experience, combining access to the garden\u2019s spectacular landscapes, a guided <strong>Bus touristique<\/strong> tour, a delectable <strong>d\u00e9jeuner buffet<\/strong> with Thai, International, and Indian cuisine options, and access to two vibrant cultural performances\u2014the <strong>Spectacle culturel tha\u00eflandais<\/strong> et le <strong>Spectacle d&#039;\u00e9l\u00e9phants<\/strong>. This comprehensive package is perfect for visitors who want to enjoy everything Nong Nooch has to offer in a single day, from relaxation and exploration to dining and entertainment.<\/p>\n<hr \/>\n<h3>Horaires<\/h3>\n<ul>\n<li><strong>Horaires du jardin<\/strong>:08h00 \u2013 18h00, tous les jours.<\/li>\n<li><strong>Horaires du d\u00e9jeuner buffet<\/strong>:11h30 \u2013 14h00.<\/li>\n<li><strong>Horaires des spectacles<\/strong>: Quatre tours quotidiens \u00e0 10h30, 11h30, 13h30 et 15h30 (spectacle culturel tha\u00eflandais + spectacle d&#039;\u00e9l\u00e9phants).<\/li>\n<li><strong>Visites touristiques en bus<\/strong>: Operates throughout the day; check on-site for specific tour schedules.<\/li>\n<\/ul>\n<hr \/>\n<h3>Points forts<\/h3>\n<ul>\n<li><strong>Complete Garden Exploration<\/strong>: Take the Sightseeing Bus for a guided tour of all key areas, including the French Garden, Dinosaur Valley, and Cactus Garden.<\/li>\n<li><strong>Cultural Shows<\/strong>: Watch the captivating Thai Cultural Show, featuring traditional music and dance, and the thrilling Elephant Show.<\/li>\n<li><strong>Buffet d\u00e9jeuner<\/strong>: Indulge in a delicious buffet with options across Thai, International, and Indian cuisine, set in a scenic dining area within the garden.<\/li>\n<li><strong>Perfect All-in-One Package<\/strong>: This package combines nature, culture, and cuisine for a memorable, full-day experience.<\/li>\n<\/ul>\n<hr \/>\n<h3>Ce qui est inclus<\/h3>\n<ul>\n<li><strong>Admission<\/strong> au jardin tropical de Nong Nooch.<\/li>\n<li><strong>Bus touristique<\/strong> tour for easy exploration of all main attractions.<\/li>\n<li><strong>Buffet d\u00e9jeuner<\/strong> with a variety of dishes from Thai, International, and Indian cuisines.<\/li>\n<li><strong>Acc\u00e8s au spectacle culturel tha\u00eflandais<\/strong> et <strong>Spectacle d&#039;\u00e9l\u00e9phants<\/strong> avec si\u00e8ges standards.<\/li>\n<\/ul>\n<hr \/>\n<h3>Inclusions \/ Exclusions<\/h3>\n<p><strong>Inclusions<\/strong>:<\/p>\n<ul>\n<li>Entr\u00e9e au jardin.<\/li>\n<li>Sightseeing Bus tour.<\/li>\n<li>Buffet lunch with diverse cuisine options.<\/li>\n<li>Si\u00e8ges standards pour le spectacle culturel tha\u00eflandais et le spectacle d&#039;\u00e9l\u00e9phants.<\/li>\n<\/ul>\n<p><strong>Exclusions<\/strong>:<\/p>\n<ul>\n<li>VIP seating for shows (available with different ticket options).<\/li>\n<li>Transportation to and from the garden (available as an add-on with select packages).<\/li>\n<li>Additional purchases such as souvenirs, snacks, or drinks outside of the buffet.<\/li>\n<\/ul>\n<hr \/>\n<h3>Politique relative \u00e0 l&#039;enfance<\/h3>\n<ul>\n<li><strong>Admissibilit\u00e9 au billet pour enfant<\/strong>:Les enfants mesurant entre 90 et 130 cm b\u00e9n\u00e9ficient du tarif enfant.<\/li>\n<li><strong>Admission des nourrissons<\/strong>:Les enfants de moins de 90 cm peuvent entrer gratuitement.<\/li>\n<\/ul>\n<hr \/>\n<h3>Politique de remboursement et d&#039;annulation<\/h3>\n<ul>\n<li><strong>Aucun remboursement<\/strong>:Ce forfait est non remboursable et non annulable.<\/li>\n<li><strong>Reprogrammation<\/strong>: Rescheduling may be possible with a 48-hour advance notice for packages that include transportation, subject to availability.<\/li>\n<\/ul>\n<hr \/>\n<h3>Quoi de plus ?<\/h3>\n<ul>\n<li><strong>Convenient Sightseeing<\/strong>: With the Sightseeing Bus, explore Nong Nooch\u2019s attractions comfortably without excessive walking.<\/li>\n<li><strong>Variety of Cuisines<\/strong>: The buffet lunch offers an array of dishes from Thai, Indian, and International cuisines, perfect for all tastes.<\/li>\n<li><strong>Engaging Performances<\/strong>: The Thai Cultural Show and Elephant Show provide a lively, immersive experience into Thailand\u2019s traditions and cultural charm.<\/li>\n<\/ul>\n<hr \/>\n<h3>Conseils d&#039;initi\u00e9s<\/h3>\n<ul>\n<li><strong>Arriver t\u00f4t<\/strong>: Arriving early ensures you have ample time to explore, enjoy the buffet, and attend the shows.<\/li>\n<li><strong>Plan Around Show Times<\/strong>: Schedule your garden exploration and lunch to fit one of the show timings for a seamless experience.<\/li>\n<li><strong>Apportez un appareil photo<\/strong>: Nong Nooch\u2019s gardens and performances offer fantastic photo opportunities for lasting memories.<\/li>\n<\/ul>\n<hr \/>\n<h3>\u00c0 faire et \u00e0 ne pas faire<\/h3>\n<p><strong>\u00c0 faire<\/strong>:<\/p>\n<ul>\n<li>Carry a valid photo ID for verification at entry.<\/li>\n<li>Arrive at the show venues 10 minutes before the scheduled time to secure good seating.<\/li>\n<li>Use the Sightseeing Bus to comfortably explore the expansive garden.<\/li>\n<\/ul>\n<p><strong>\u00c0 ne pas faire<\/strong>:<\/p>\n<ul>\n<li>Avoid bringing outside food or beverages, as a buffet lunch is included.<\/li>\n<li>Do not attempt to interact with the animals outside designated areas.<\/li>\n<\/ul>\n<hr \/>\n<h3>\u00c0 savoir avant de partir<\/h3>\n<ul>\n<li><strong>Exigence d&#039;identification<\/strong>:Les ressortissants \u00e9trangers doivent \u00eatre munis d\u2019un passeport comme preuve d\u2019identit\u00e9.<\/li>\n<li><strong>Pr\u00e9paration aux intemp\u00e9ries<\/strong>: The garden is open during light rain; bringing an umbrella or raincoat may be helpful.<\/li>\n<li><strong>Planifiez votre visite<\/strong>: The buffet lunch is served between 11:30 AM and 2:00 PM, and the shows run at specific times, so plan accordingly.<\/li>\n<\/ul>\n<hr \/>\n<h3>Adresse, Plans et Localisation<\/h3>\n<ul>\n<li><strong>Adresse<\/strong>: 34\/1 Sukhumvit Road, Na Chom Thian, district de Sattahip, Chon Buri 20250, Tha\u00eflande<\/li>\n<li><strong>Localisation sur Google Maps<\/strong>: <a href=\"https:\/\/maps.app.goo.gl\/AwWepSfe6DdhvcTr8\" target=\"_new\" rel=\"noopener\">Emplacement du jardin tropical de Nong Nooch<\/a><\/li>\n<\/ul>\n<hr \/>\n<h3>Comment arriver<\/h3>\n<ul>\n<li><strong>En voiture ou en taxi<\/strong>: Located around 20 minutes from Pattaya city center.<\/li>\n<li><strong>Transports en commun<\/strong>: Accessible via local buses or taxis.<\/li>\n<li><strong>Forfait transport<\/strong>: Round-trip transportation options are available with certain ticket packages.<\/li>\n<\/ul>\n<hr \/>\n<h3>Questions fr\u00e9quemment pos\u00e9es (FAQ)<\/h3>\n<p><strong>1. What does the Admission Ticket + Sightseeing Bus + Buffet Lunch + Show package include?<\/strong><br \/>\nThis package includes entry to Nong Nooch Tropical Garden, a Sightseeing Bus tour, a buffet lunch with a variety of cuisines, and access to the Thai Cultural Show and Elephant Show.<\/p>\n<p><strong>2. Can I upgrade my ticket to include VIP seating for the shows?<\/strong><br \/>\nYes, VIP seating upgrades may be available on-site or with select ticket options.<\/p>\n<p><strong>3. Are there vegetarian options in the buffet lunch?<\/strong><br \/>\nYes, the buffet includes vegetarian dishes from Thai, International, and Indian cuisines.<\/p>\n<p><strong>4. Can I take the Sightseeing Bus more than once?<\/strong><br \/>\nTypically, each ticket includes one complete circuit of the Sightseeing Bus. Check on-site for details regarding multiple uses.<\/p>\n<p><strong>5. Les boissons sont-elles incluses dans le buffet ?<\/strong><br \/>\nSome non-alcoholic beverages are included; additional drinks and alcoholic beverages can be purchased separately.<\/p>\n<p><strong>6. Is there a time limit for the buffet lunch?<\/strong><br \/>\nYou may enjoy the buffet within the designated hours of 11:30 AM to 2:00 PM.<\/p>\n<p><strong>7. How long do the shows last?<\/strong><br \/>\nEach show typically lasts about 20-30 minutes.<\/p>\n<p><strong>8. Are the shows suitable for children?<\/strong><br \/>\nYes, both the Thai Cultural Show and Elephant Show are family-friendly and enjoyable for children and adults alike.<\/p>\n<p>Le <strong>Billet d&#039;entr\u00e9e + bus touristique + d\u00e9jeuner buffet + spectacle<\/strong> paquet \u00e0 <a href=\"https:\/\/nongnoochtickets.com\/fr\/\"><strong>Jardin tropical de Nong Nooch<\/strong><\/a> offers the perfect blend of scenic exploration, cultural immersion, and delicious dining, making it a wonderful choice for a full-day experience at this renowned Thai attraction.<\/p>","protected":false},"excerpt":{"rendered":"<p>About Nong Nooch Tropical Garden \u2013 Admission Ticket + Sightseeing Bus + Buffet Lunch + Show The Admission Ticket + Sightseeing Bus + Buffet Lunch + Show package at Nong Nooch Tropical Garden provides the ultimate experience, combining access to the garden\u2019s spectacular landscapes, a guided Sightseeing Bus tour, a delectable buffet lunch with Thai, [&hellip;]<\/p>\n","protected":false},"featured_media":3176,"template":"","meta":{"ocean_post_layout":"","ocean_both_sidebars_style":"","ocean_both_sidebars_content_width":0,"ocean_both_sidebars_sidebars_width":0,"ocean_sidebar":"0","ocean_second_sidebar":"0","ocean_disable_margins":"enable","ocean_add_body_class":"","ocean_shortcode_before_top_bar":"","ocean_shortcode_after_top_bar":"","ocean_shortcode_before_header":"","ocean_shortcode_after_header":"","ocean_has_shortcode":"","ocean_shortcode_after_title":"","ocean_shortcode_before_footer_widgets":"","ocean_shortcode_after_footer_widgets":"","ocean_shortcode_before_footer_bottom":"","ocean_shortcode_after_footer_bottom":"","ocean_display_top_bar":"default","ocean_display_header":"default","ocean_header_style":"","ocean_center_header_left_menu":"0","ocean_custom_header_template":"0","ocean_custom_logo":0,"ocean_custom_retina_logo":0,"ocean_custom_logo_max_width":0,"ocean_custom_logo_tablet_max_width":0,"ocean_custom_logo_mobile_max_width":0,"ocean_custom_logo_max_height":0,"ocean_custom_logo_tablet_max_height":0,"ocean_custom_logo_mobile_max_height":0,"ocean_header_custom_menu":"0","ocean_menu_typo_font_family":"0","ocean_menu_typo_font_subset":"","ocean_menu_typo_font_size":0,"ocean_menu_typo_font_size_tablet":0,"ocean_menu_typo_font_size_mobile":0,"ocean_menu_typo_font_size_unit":"px","ocean_menu_typo_font_weight":"","ocean_menu_typo_font_weight_tablet":"","ocean_menu_typo_font_weight_mobile":"","ocean_menu_typo_transform":"","ocean_menu_typo_transform_tablet":"","ocean_menu_typo_transform_mobile":"","ocean_menu_typo_line_height":0,"ocean_menu_typo_line_height_tablet":0,"ocean_menu_typo_line_height_mobile":0,"ocean_menu_typo_line_height_unit":"","ocean_menu_typo_spacing":0,"ocean_menu_typo_spacing_tablet":0,"ocean_menu_typo_spacing_mobile":0,"ocean_menu_typo_spacing_unit":"","ocean_menu_link_color":"","ocean_menu_link_color_hover":"","ocean_menu_link_color_active":"","ocean_menu_link_background":"","ocean_menu_link_hover_background":"","ocean_menu_link_active_background":"","ocean_menu_social_links_bg":"","ocean_menu_social_hover_links_bg":"","ocean_menu_social_links_color":"","ocean_menu_social_hover_links_color":"","ocean_disable_title":"default","ocean_disable_heading":"default","ocean_post_title":"","ocean_post_subheading":"","ocean_post_title_style":"","ocean_post_title_background_color":"","ocean_post_title_background":0,"ocean_post_title_bg_image_position":"","ocean_post_title_bg_image_attachment":"","ocean_post_title_bg_image_repeat":"","ocean_post_title_bg_image_size":"","ocean_post_title_height":0,"ocean_post_title_bg_overlay":0.5,"ocean_post_title_bg_overlay_color":"","ocean_disable_breadcrumbs":"default","ocean_breadcrumbs_color":"","ocean_breadcrumbs_separator_color":"","ocean_breadcrumbs_links_color":"","ocean_breadcrumbs_links_hover_color":"","ocean_display_footer_widgets":"default","ocean_display_footer_bottom":"default","ocean_custom_footer_template":"0"},"product_brand":[],"product_cat":[20],"product_tag":[472,499,509,503,489,510,507,465,446,447,508,458,498,501,511],"class_list":{"0":"post-3298","1":"product","2":"type-product","3":"status-publish","4":"has-post-thumbnail","6":"product_cat-tickets","7":"product_tag-nong-nooch-admission-show","8":"product_tag-nong-nooch-buffet","9":"product_tag-nong-nooch-combo-deal","10":"product_tag-nong-nooch-cultural-show","11":"product_tag-nong-nooch-entry-meal","12":"product_tag-nong-nooch-full-experience","13":"product_tag-nong-nooch-full-package","14":"product_tag-nong-nooch-garden-pass","15":"product_tag-nong-nooch-garden-thailand","16":"product_tag-nong-nooch-garden-ticket","17":"product_tag-nong-nooch-show-lunch","18":"product_tag-nong-nooch-sightseeing-bus","19":"product_tag-nong-nooch-thailand-tour","20":"product_tag-nong-nooch-tickets-combo","21":"product_tag-thailand-nature-tour","23":"entry","24":"has-media","25":"tm-has-options","27":"first","28":"instock","29":"virtual","30":"taxable","31":"purchasable","32":"product-type-simple","33":"has-product-nav","34":"col","35":"span_1_of_3","36":"owp-content-center","37":"owp-thumbs-layout-horizontal","38":"owp-btn-normal","39":"owp-tabs-layout-horizontal"},"yoast_head":"<!-- This site is optimized with the Yoast SEO plugin v27.5 - https:\/\/yoast.com\/product\/yoast-seo-wordpress\/ -->\n<title>Book Nong Nooch Full Package - Admission, Bus, Lunch And Show<\/title>\n<meta name=\"description\" content=\"Get Admission, A Sightseeing Bus Tour, Buffet Lunch, And Cultural Show At Nong Nooch For The Ultimate Experience. Reserve Your Spot! Book Tickets Now.\" \/>\n<meta name=\"robots\" content=\"index, follow, max-snippet:-1, max-image-preview:large, max-video-preview:-1\" \/>\n<link rel=\"canonical\" href=\"https:\/\/nongnoochtickets.com\/fr\/billets\/nong-nooch-tropical-garden-admission-ticket-sightseeing-bus-buffet-lunch-show\/\" \/>\n<meta property=\"og:locale\" content=\"fr_FR\" \/>\n<meta property=\"og:type\" content=\"article\" \/>\n<meta property=\"og:title\" content=\"Book Nong Nooch Full Package - Admission, Bus, Lunch And Show\" \/>\n<meta property=\"og:description\" content=\"Get Admission, A Sightseeing Bus Tour, Buffet Lunch, And Cultural Show At Nong Nooch For The Ultimate Experience. Reserve Your Spot! Book Tickets Now.\" \/>\n<meta property=\"og:url\" content=\"https:\/\/nongnoochtickets.com\/fr\/billets\/nong-nooch-tropical-garden-admission-ticket-sightseeing-bus-buffet-lunch-show\/\" \/>\n<meta property=\"og:site_name\" content=\"Nong Nooch Tropical Garden\" \/>\n<meta property=\"article:modified_time\" content=\"2025-09-29T07:31:15+00:00\" \/>\n<meta name=\"twitter:card\" content=\"summary_large_image\" \/>\n<meta name=\"twitter:label1\" content=\"Dur\u00e9e de lecture estim\u00e9e\" \/>\n\t<meta name=\"twitter:data1\" content=\"5 minutes\" \/>\n<script type=\"application\/ld+json\" class=\"yoast-schema-graph\">{\"@context\":\"https:\\\/\\\/schema.org\",\"@graph\":[{\"@type\":\"WebPage\",\"@id\":\"https:\\\/\\\/nongnoochtickets.com\\\/tickets\\\/nong-nooch-tropical-garden-admission-ticket-sightseeing-bus-buffet-lunch-show\\\/\",\"url\":\"https:\\\/\\\/nongnoochtickets.com\\\/tickets\\\/nong-nooch-tropical-garden-admission-ticket-sightseeing-bus-buffet-lunch-show\\\/\",\"name\":\"Book Nong Nooch Full Package - Admission, Bus, Lunch And Show\",\"isPartOf\":{\"@id\":\"https:\\\/\\\/nongnoochtickets.com\\\/#website\"},\"primaryImageOfPage\":{\"@id\":\"https:\\\/\\\/nongnoochtickets.com\\\/tickets\\\/nong-nooch-tropical-garden-admission-ticket-sightseeing-bus-buffet-lunch-show\\\/#primaryimage\"},\"image\":{\"@id\":\"https:\\\/\\\/nongnoochtickets.com\\\/tickets\\\/nong-nooch-tropical-garden-admission-ticket-sightseeing-bus-buffet-lunch-show\\\/#primaryimage\"},\"thumbnailUrl\":\"https:\\\/\\\/nongnoochtickets.com\\\/wp-content\\\/uploads\\\/2024\\\/11\\\/Nong-Nooch-Garden.avif\",\"datePublished\":\"2024-11-12T05:44:01+00:00\",\"dateModified\":\"2025-09-29T07:31:15+00:00\",\"description\":\"Get Admission, A Sightseeing Bus Tour, Buffet Lunch, And Cultural Show At Nong Nooch For The Ultimate Experience. Reserve Your Spot! Book Tickets Now.\",\"breadcrumb\":{\"@id\":\"https:\\\/\\\/nongnoochtickets.com\\\/tickets\\\/nong-nooch-tropical-garden-admission-ticket-sightseeing-bus-buffet-lunch-show\\\/#breadcrumb\"},\"inLanguage\":\"fr-FR\",\"potentialAction\":[{\"@type\":\"ReadAction\",\"target\":[\"https:\\\/\\\/nongnoochtickets.com\\\/tickets\\\/nong-nooch-tropical-garden-admission-ticket-sightseeing-bus-buffet-lunch-show\\\/\"]}]},{\"@type\":\"ImageObject\",\"inLanguage\":\"fr-FR\",\"@id\":\"https:\\\/\\\/nongnoochtickets.com\\\/tickets\\\/nong-nooch-tropical-garden-admission-ticket-sightseeing-bus-buffet-lunch-show\\\/#primaryimage\",\"url\":\"https:\\\/\\\/nongnoochtickets.com\\\/wp-content\\\/uploads\\\/2024\\\/11\\\/Nong-Nooch-Garden.avif\",\"contentUrl\":\"https:\\\/\\\/nongnoochtickets.com\\\/wp-content\\\/uploads\\\/2024\\\/11\\\/Nong-Nooch-Garden.avif\",\"width\":1205,\"height\":904,\"caption\":\"Nong Nooch Garden\"},{\"@type\":\"BreadcrumbList\",\"@id\":\"https:\\\/\\\/nongnoochtickets.com\\\/tickets\\\/nong-nooch-tropical-garden-admission-ticket-sightseeing-bus-buffet-lunch-show\\\/#breadcrumb\",\"itemListElement\":[{\"@type\":\"ListItem\",\"position\":1,\"name\":\"Home\",\"item\":\"https:\\\/\\\/nongnoochtickets.com\\\/\"},{\"@type\":\"ListItem\",\"position\":2,\"name\":\"Tickets\",\"item\":\"https:\\\/\\\/nongnoochtickets.com\\\/tickets\\\/\"},{\"@type\":\"ListItem\",\"position\":3,\"name\":\"Nong Nooch Tropical Garden Admission Ticket + Sightseeing Bus + Buffet Lunch + Show\"}]},{\"@type\":\"WebSite\",\"@id\":\"https:\\\/\\\/nongnoochtickets.com\\\/#website\",\"url\":\"https:\\\/\\\/nongnoochtickets.com\\\/\",\"name\":\"Nong Nooch Tropical Garden\",\"description\":\"\",\"publisher\":{\"@id\":\"https:\\\/\\\/nongnoochtickets.com\\\/#organization\"},\"potentialAction\":[{\"@type\":\"SearchAction\",\"target\":{\"@type\":\"EntryPoint\",\"urlTemplate\":\"https:\\\/\\\/nongnoochtickets.com\\\/?s={search_term_string}\"},\"query-input\":{\"@type\":\"PropertyValueSpecification\",\"valueRequired\":true,\"valueName\":\"search_term_string\"}}],\"inLanguage\":\"fr-FR\"},{\"@type\":\"Organization\",\"@id\":\"https:\\\/\\\/nongnoochtickets.com\\\/#organization\",\"name\":\"Nong Nooch Tropical Garden\",\"url\":\"https:\\\/\\\/nongnoochtickets.com\\\/\",\"logo\":{\"@type\":\"ImageObject\",\"inLanguage\":\"fr-FR\",\"@id\":\"https:\\\/\\\/nongnoochtickets.com\\\/#\\\/schema\\\/logo\\\/image\\\/\",\"url\":\"https:\\\/\\\/nongnoochtickets.com\\\/wp-content\\\/uploads\\\/2024\\\/08\\\/Nong-Nooch-Tropical-Garden.png\",\"contentUrl\":\"https:\\\/\\\/nongnoochtickets.com\\\/wp-content\\\/uploads\\\/2024\\\/08\\\/Nong-Nooch-Tropical-Garden.png\",\"width\":350,\"height\":100,\"caption\":\"Nong Nooch Tropical Garden\"},\"image\":{\"@id\":\"https:\\\/\\\/nongnoochtickets.com\\\/#\\\/schema\\\/logo\\\/image\\\/\"}}]}<\/script>\n<!-- \/ Yoast SEO plugin. -->","yoast_head_json":{"title":"Book Nong Nooch Full Package - Admission, Bus, Lunch And Show","description":"Get Admission, A Sightseeing Bus Tour, Buffet Lunch, And Cultural Show At Nong Nooch For The Ultimate Experience. Reserve Your Spot! Book Tickets Now.","robots":{"index":"index","follow":"follow","max-snippet":"max-snippet:-1","max-image-preview":"max-image-preview:large","max-video-preview":"max-video-preview:-1"},"canonical":"https:\/\/nongnoochtickets.com\/fr\/billets\/nong-nooch-tropical-garden-admission-ticket-sightseeing-bus-buffet-lunch-show\/","og_locale":"fr_FR","og_type":"article","og_title":"Book Nong Nooch Full Package - Admission, Bus, Lunch And Show","og_description":"Get Admission, A Sightseeing Bus Tour, Buffet Lunch, And Cultural Show At Nong Nooch For The Ultimate Experience. Reserve Your Spot! Book Tickets Now.","og_url":"https:\/\/nongnoochtickets.com\/fr\/billets\/nong-nooch-tropical-garden-admission-ticket-sightseeing-bus-buffet-lunch-show\/","og_site_name":"Nong Nooch Tropical Garden","article_modified_time":"2025-09-29T07:31:15+00:00","twitter_card":"summary_large_image","twitter_misc":{"Dur\u00e9e de lecture estim\u00e9e":"5 minutes"},"schema":{"@context":"https:\/\/schema.org","@graph":[{"@type":"WebPage","@id":"https:\/\/nongnoochtickets.com\/tickets\/nong-nooch-tropical-garden-admission-ticket-sightseeing-bus-buffet-lunch-show\/","url":"https:\/\/nongnoochtickets.com\/tickets\/nong-nooch-tropical-garden-admission-ticket-sightseeing-bus-buffet-lunch-show\/","name":"Book Nong Nooch Full Package - Admission, Bus, Lunch And Show","isPartOf":{"@id":"https:\/\/nongnoochtickets.com\/#website"},"primaryImageOfPage":{"@id":"https:\/\/nongnoochtickets.com\/tickets\/nong-nooch-tropical-garden-admission-ticket-sightseeing-bus-buffet-lunch-show\/#primaryimage"},"image":{"@id":"https:\/\/nongnoochtickets.com\/tickets\/nong-nooch-tropical-garden-admission-ticket-sightseeing-bus-buffet-lunch-show\/#primaryimage"},"thumbnailUrl":"https:\/\/nongnoochtickets.com\/wp-content\/uploads\/2024\/11\/Nong-Nooch-Garden.avif","datePublished":"2024-11-12T05:44:01+00:00","dateModified":"2025-09-29T07:31:15+00:00","description":"Get Admission, A Sightseeing Bus Tour, Buffet Lunch, And Cultural Show At Nong Nooch For The Ultimate Experience. Reserve Your Spot! Book Tickets Now.","breadcrumb":{"@id":"https:\/\/nongnoochtickets.com\/tickets\/nong-nooch-tropical-garden-admission-ticket-sightseeing-bus-buffet-lunch-show\/#breadcrumb"},"inLanguage":"fr-FR","potentialAction":[{"@type":"ReadAction","target":["https:\/\/nongnoochtickets.com\/tickets\/nong-nooch-tropical-garden-admission-ticket-sightseeing-bus-buffet-lunch-show\/"]}]},{"@type":"ImageObject","inLanguage":"fr-FR","@id":"https:\/\/nongnoochtickets.com\/tickets\/nong-nooch-tropical-garden-admission-ticket-sightseeing-bus-buffet-lunch-show\/#primaryimage","url":"https:\/\/nongnoochtickets.com\/wp-content\/uploads\/2024\/11\/Nong-Nooch-Garden.avif","contentUrl":"https:\/\/nongnoochtickets.com\/wp-content\/uploads\/2024\/11\/Nong-Nooch-Garden.avif","width":1205,"height":904,"caption":"Nong Nooch Garden"},{"@type":"BreadcrumbList","@id":"https:\/\/nongnoochtickets.com\/tickets\/nong-nooch-tropical-garden-admission-ticket-sightseeing-bus-buffet-lunch-show\/#breadcrumb","itemListElement":[{"@type":"ListItem","position":1,"name":"Home","item":"https:\/\/nongnoochtickets.com\/"},{"@type":"ListItem","position":2,"name":"Tickets","item":"https:\/\/nongnoochtickets.com\/tickets\/"},{"@type":"ListItem","position":3,"name":"Nong Nooch Tropical Garden Admission Ticket + Sightseeing Bus + Buffet Lunch + Show"}]},{"@type":"WebSite","@id":"https:\/\/nongnoochtickets.com\/#website","url":"https:\/\/nongnoochtickets.com\/","name":"Jardin tropical de Nong Nooch","description":"","publisher":{"@id":"https:\/\/nongnoochtickets.com\/#organization"},"potentialAction":[{"@type":"SearchAction","target":{"@type":"EntryPoint","urlTemplate":"https:\/\/nongnoochtickets.com\/?s={search_term_string}"},"query-input":{"@type":"PropertyValueSpecification","valueRequired":true,"valueName":"search_term_string"}}],"inLanguage":"fr-FR"},{"@type":"Organization","@id":"https:\/\/nongnoochtickets.com\/#organization","name":"Jardin tropical de Nong Nooch","url":"https:\/\/nongnoochtickets.com\/","logo":{"@type":"ImageObject","inLanguage":"fr-FR","@id":"https:\/\/nongnoochtickets.com\/#\/schema\/logo\/image\/","url":"https:\/\/nongnoochtickets.com\/wp-content\/uploads\/2024\/08\/Nong-Nooch-Tropical-Garden.png","contentUrl":"https:\/\/nongnoochtickets.com\/wp-content\/uploads\/2024\/08\/Nong-Nooch-Tropical-Garden.png","width":350,"height":100,"caption":"Nong Nooch Tropical Garden"},"image":{"@id":"https:\/\/nongnoochtickets.com\/#\/schema\/logo\/image\/"}}]}},"jetpack_sharing_enabled":true,"_links":{"self":[{"href":"https:\/\/nongnoochtickets.com\/fr\/wp-json\/wp\/v2\/product\/3298","targetHints":{"allow":["GET"]}}],"collection":[{"href":"https:\/\/nongnoochtickets.com\/fr\/wp-json\/wp\/v2\/product"}],"about":[{"href":"https:\/\/nongnoochtickets.com\/fr\/wp-json\/wp\/v2\/types\/product"}],"wp:featuredmedia":[{"embeddable":true,"href":"https:\/\/nongnoochtickets.com\/fr\/wp-json\/wp\/v2\/media\/3176"}],"wp:attachment":[{"href":"https:\/\/nongnoochtickets.com\/fr\/wp-json\/wp\/v2\/media?parent=3298"}],"wp:term":[{"taxonomy":"product_brand","embeddable":true,"href":"https:\/\/nongnoochtickets.com\/fr\/wp-json\/wp\/v2\/product_brand?post=3298"},{"taxonomy":"product_cat","embeddable":true,"href":"https:\/\/nongnoochtickets.com\/fr\/wp-json\/wp\/v2\/product_cat?post=3298"},{"taxonomy":"product_tag","embeddable":true,"href":"https:\/\/nongnoochtickets.com\/fr\/wp-json\/wp\/v2\/product_tag?post=3298"}],"curies":[{"name":"wp","href":"https:\/\/api.w.org\/{rel}","templated":true}]}}