{"id":3296,"date":"2024-11-12T10:40:47","date_gmt":"2024-11-12T05:10:47","guid":{"rendered":"https:\/\/nongnoochtickets.com\/?post_type=product&#038;p=3296"},"modified":"2025-09-19T15:22:22","modified_gmt":"2025-09-19T09:52:22","slug":"billet-dentree-au-jardin-tropical-de-nong-nooch-bus-touristique-et-spectacle","status":"publish","type":"product","link":"https:\/\/nongnoochtickets.com\/fr\/billets\/billet-dentree-au-jardin-tropical-de-nong-nooch-bus-touristique-et-spectacle\/","title":{"rendered":"Billet d&#039;entr\u00e9e au jardin tropical de Nong Nooch + bus touristique + spectacle"},"content":{"rendered":"<h2>\u00c0 propos du jardin tropical de Nong Nooch \u2013 Billet d\u2019entr\u00e9e + bus touristique + spectacle<\/h2>\n<p>Le <strong>Billet d&#039;entr\u00e9e + bus touristique + spectacle<\/strong> paquet \u00e0 <strong>Jardin tropical de Nong Nooch<\/strong> est une exp\u00e9rience tout-en-un qui permet aux visiteurs d&#039;explorer pleinement la beaut\u00e9, la culture et le divertissement du jardin. Profitez d&#039;un acc\u00e8s pratique <strong>Bus touristique<\/strong> visitez tous les principaux jardins et assistez \u00e0 deux des spectacles les plus populaires : le <strong>Spectacle culturel tha\u00eflandais<\/strong> et le <strong>Spectacle d&#039;\u00e9l\u00e9phants<\/strong>Ce forfait est parfait pour ceux qui souhaitent d\u00e9couvrir la culture vibrante et la beaut\u00e9 naturelle de la Tha\u00eflande lors d&#039;une seule visite passionnante.<\/p>\n<hr \/>\n<h3>Horaires<\/h3>\n<ul>\n<li><strong>Horaires du jardin<\/strong>:08h00 \u2013 18h00, tous les jours.<\/li>\n<li><strong>Horaires des spectacles<\/strong>: Quatre tours quotidiens \u00e0 10h30, 11h30, 13h30 et 15h30 (spectacle culturel tha\u00eflandais + spectacle d&#039;\u00e9l\u00e9phants).<\/li>\n<li><strong>Visites touristiques en bus<\/strong>:Disponible tout au long de la journ\u00e9e ; v\u00e9rifiez sur place les horaires de visite sp\u00e9cifiques.<\/li>\n<\/ul>\n<hr \/>\n<h3>Points forts<\/h3>\n<ul>\n<li><strong>Exploration guid\u00e9e du jardin<\/strong>:Profitez d&#039;une visite touristique pratique en bus qui couvre toutes les principales attractions du jardin.<\/li>\n<li><strong>Des performances passionnantes<\/strong>: Assistez au spectacle culturel tha\u00eflandais, mettant en vedette la musique, la danse et les costumes traditionnels, ainsi que le c\u00e9l\u00e8bre spectacle d&#039;\u00e9l\u00e9phants.<\/li>\n<li><strong>Vues panoramiques et photographie<\/strong>: Capturez de superbes photos dans des jardins \u00e0 th\u00e8me comme la colline aux papillons, le jardin fran\u00e7ais et la vall\u00e9e des dinosaures.<\/li>\n<li><strong>Divertissement pour toute la famille<\/strong>:Parfait pour les visiteurs de tous \u00e2ges, des jeunes enfants aux seniors.<\/li>\n<\/ul>\n<hr \/>\n<h3>Ce qui est inclus<\/h3>\n<ul>\n<li><strong>Admission<\/strong> au jardin tropical de Nong Nooch.<\/li>\n<li><strong>Bus touristique<\/strong> visite, offrant un aper\u00e7u des principaux espaces du jardin.<\/li>\n<li><strong>Acc\u00e8s au spectacle culturel tha\u00eflandais<\/strong> et <strong>Spectacle d&#039;\u00e9l\u00e9phants<\/strong> avec si\u00e8ges standards.<\/li>\n<\/ul>\n<hr \/>\n<h3>Inclusions \/ Exclusions<\/h3>\n<p><strong>Inclusions<\/strong>:<\/p>\n<ul>\n<li>Entr\u00e9e au jardin tropical de Nong Nooch.<\/li>\n<li>Visite touristique en bus couvrant toutes les attractions cl\u00e9s.<\/li>\n<li>Entr\u00e9e au spectacle culturel tha\u00eflandais et au spectacle d&#039;\u00e9l\u00e9phants.<\/li>\n<\/ul>\n<p><strong>Exclusions<\/strong>:<\/p>\n<ul>\n<li>D\u00e9jeuner buffet ou autres options de restauration (disponibles en compl\u00e9ment).<\/li>\n<li>Transport vers et depuis le jardin.<\/li>\n<li>Activit\u00e9s suppl\u00e9mentaires telles que des si\u00e8ges VIP ou des promenades \u00e0 dos d&#039;\u00e9l\u00e9phant (disponibles avec diff\u00e9rents forfaits).<\/li>\n<\/ul>\n<hr \/>\n<h3>Politique relative \u00e0 l&#039;enfance<\/h3>\n<ul>\n<li><strong>Admissibilit\u00e9 au billet pour enfant<\/strong>:Les enfants mesurant entre 90 et 130 cm b\u00e9n\u00e9ficient du tarif enfant.<\/li>\n<li><strong>Admission des nourrissons<\/strong>:Les enfants de moins de 90 cm peuvent entrer gratuitement.<\/li>\n<\/ul>\n<hr \/>\n<h3>Politique de remboursement et d&#039;annulation<\/h3>\n<ul>\n<li><strong>Aucun remboursement<\/strong>:Ce forfait est non remboursable et non annulable.<\/li>\n<li><strong>Reprogrammation<\/strong>:Un report peut \u00eatre disponible pour des forfaits sp\u00e9cifiques avec transport avec un pr\u00e9avis de 48 heures, sous r\u00e9serve de disponibilit\u00e9.<\/li>\n<\/ul>\n<hr \/>\n<h3>Quoi de plus ?<\/h3>\n<ul>\n<li><strong>Couverture compl\u00e8te de Nong Nooch<\/strong>:Le bus touristique permet de d\u00e9couvrir facilement toutes les principales attractions sans avoir \u00e0 marcher longtemps.<\/li>\n<li><strong>Exp\u00e9rience culturelle unique<\/strong>:Le spectacle culturel tha\u00eflandais et le spectacle d&#039;\u00e9l\u00e9phants offrent un aper\u00e7u authentique du patrimoine culturel de la Tha\u00eflande.<\/li>\n<li><strong>Id\u00e9al pour les familles et les groupes<\/strong>:Ce forfait est parfait pour les familles, les groupes et les visiteurs \u00e0 la recherche d&#039;un moyen simple de d\u00e9couvrir le meilleur de Nong Nooch.<\/li>\n<\/ul>\n<hr \/>\n<h3>Conseils d&#039;initi\u00e9s<\/h3>\n<ul>\n<li><strong>Arriver t\u00f4t<\/strong>:Arrivez t\u00f4t pour profiter davantage du jardin avant le d\u00e9but du spectacle.<\/li>\n<li><strong>Choisissez l&#039;heure de votre spectacle<\/strong>:Planifiez votre visite en fonction des horaires des spectacles pour \u00eatre s\u00fbr de ne pas manquer les repr\u00e9sentations.<\/li>\n<li><strong>Utilisez le bus touristique<\/strong>:Optimisez votre temps et votre \u00e9nergie en utilisant le bus touristique pour parcourir le jardin.<\/li>\n<\/ul>\n<hr \/>\n<h3>\u00c0 faire et \u00e0 ne pas faire<\/h3>\n<p><strong>\u00c0 faire<\/strong>:<\/p>\n<ul>\n<li>Apportez une pi\u00e8ce d&#039;identit\u00e9 valide avec photo pour la v\u00e9rification d&#039;entr\u00e9e.<\/li>\n<li>Arrivez aux spectacles 10 minutes avant le d\u00e9but pour une meilleure place.<\/li>\n<li>Portez des chaussures confortables pour vous promener dans le jardin.<\/li>\n<\/ul>\n<p><strong>\u00c0 ne pas faire<\/strong>:<\/p>\n<ul>\n<li>\u00c9vitez d\u2019apporter de la nourriture et des boissons de l\u2019ext\u00e9rieur.<\/li>\n<li>Ne vous approchez pas des animaux et ne les nourrissez pas, sauf si cela est autoris\u00e9.<\/li>\n<\/ul>\n<hr \/>\n<h3>\u00c0 savoir avant de partir<\/h3>\n<ul>\n<li><strong>Exigence d&#039;identification<\/strong>:Tous les ressortissants \u00e9trangers doivent \u00eatre munis de leur passeport comme preuve d\u2019identit\u00e9.<\/li>\n<li><strong>Pr\u00e9paration aux intemp\u00e9ries<\/strong>:Le jardin est ouvert en cas de pluie l\u00e9g\u00e8re ; apportez un parapluie ou un imperm\u00e9able si n\u00e9cessaire.<\/li>\n<li><strong>Afficher le calendrier<\/strong>:Pr\u00e9voyez d&#039;assister \u00e0 l&#039;un des spectacles pr\u00e9vus (10 h 30, 11 h 30, 13 h 30 ou 15 h 30) pour une exp\u00e9rience fluide.<\/li>\n<\/ul>\n<hr \/>\n<h3>Adresse, Plans et Localisation<\/h3>\n<ul>\n<li><strong>Adresse<\/strong>: 34\/1 Sukhumvit Road, Na Chom Thian, district de Sattahip, Chon Buri 20250, Tha\u00eflande<\/li>\n<li><strong>Localisation sur Google Maps<\/strong>: <a href=\"https:\/\/maps.app.goo.gl\/AwWepSfe6DdhvcTr8\" target=\"_new\" rel=\"noopener\">Emplacement du jardin tropical de Nong Nooch<\/a><\/li>\n<\/ul>\n<hr \/>\n<h3>Comment arriver<\/h3>\n<ul>\n<li><strong>En voiture ou en taxi<\/strong>:Situ\u00e9 \u00e0 environ 20 minutes du centre-ville de Pattaya.<\/li>\n<li><strong>Transports en commun<\/strong>:Facilement accessible via les bus locaux et les taxis.<\/li>\n<li><strong>Forfait transport<\/strong>:Des options de transfert aller-retour sont disponibles avec certains forfaits de billets.<\/li>\n<\/ul>\n<hr \/>\n<h3>Questions fr\u00e9quemment pos\u00e9es (FAQ)<\/h3>\n<p><strong>1. Que comprennent le billet d&#039;entr\u00e9e + bus touristique + spectacle ?<\/strong><br \/>\nCe forfait comprend l&#039;entr\u00e9e au jardin, une visite guid\u00e9e en bus touristique et l&#039;acc\u00e8s au spectacle culturel tha\u00eflandais et au spectacle d&#039;\u00e9l\u00e9phants.<\/p>\n<p><strong>2. Existe-t-il des options de places assises pour les spectacles ?<\/strong><br \/>\nCe forfait comprend des places assises standard pour les deux spectacles. Des places VIP sont disponibles avec d&#039;autres types de billets.<\/p>\n<p><strong>3. Puis-je surclasser mon billet pour inclure un d\u00e9jeuner buffet ?<\/strong><br \/>\nOui, vous pouvez acheter un suppl\u00e9ment pour le d\u00e9jeuner buffet si vous souhaitez d\u00eener sur place.<\/p>\n<p><strong>4. Le bus touristique est-il accessible \u00e0 tous les \u00e2ges ?<\/strong><br \/>\nOui, le bus touristique est adapt\u00e9 aux familles et \u00e0 tous les \u00e2ges.<\/p>\n<p><strong>5. Que dois-je porter pour la visite en bus touristique ?<\/strong><br \/>\nUne tenue et des chaussures confortables sont recommand\u00e9es, car vous pourrez explorer diff\u00e9rentes parties du jardin apr\u00e8s la visite en bus.<\/p>\n<p><strong>6. Les spectacles sont-ils adapt\u00e9s aux enfants ?<\/strong><br \/>\nOui, le spectacle culturel tha\u00eflandais et le spectacle d&#039;\u00e9l\u00e9phants sont tous deux agr\u00e9ables pour les enfants et les adultes.<\/p>\n<p><strong>7. Puis-je prendre des photos pendant les spectacles ?<\/strong><br \/>\nLa photographie est autoris\u00e9e, mais veuillez \u00e9viter la photographie au flash pour ne pas distraire les artistes et les animaux.<\/p>\n<p><strong>8. Combien de temps dure le tour en bus touristique ?<\/strong><br \/>\nLa visite en bus dure g\u00e9n\u00e9ralement environ 20 \u00e0 30 minutes et couvre toutes les principales zones de jardin.<\/p>\n<p>Le <strong>Billet d&#039;entr\u00e9e + bus touristique + spectacle<\/strong> Le forfait offre un merveilleux m\u00e9lange d&#039;exploration, de culture et de divertissement, ce qui le rend id\u00e9al pour une exp\u00e9rience compl\u00e8te \u00e0 <a href=\"https:\/\/nongnoochtickets.com\/fr\/\"><strong>Jardin tropical de Nong Nooch<\/strong><\/a>.<\/p>","protected":false},"excerpt":{"rendered":"<p>About Nong Nooch Tropical Garden \u2013 Admission Ticket + Sightseeing Bus + Show The Admission Ticket + Sightseeing Bus + Show package at Nong Nooch Tropical Garden is an all-in-one experience that lets visitors fully explore the garden\u2019s beauty, culture, and entertainment. Enjoy a convenient Sightseeing Bus tour covering all major garden areas, and attend [&hellip;]<\/p>\n","protected":false},"featured_media":3179,"template":"","meta":{"ocean_post_layout":"","ocean_both_sidebars_style":"","ocean_both_sidebars_content_width":0,"ocean_both_sidebars_sidebars_width":0,"ocean_sidebar":"0","ocean_second_sidebar":"0","ocean_disable_margins":"enable","ocean_add_body_class":"","ocean_shortcode_before_top_bar":"","ocean_shortcode_after_top_bar":"","ocean_shortcode_before_header":"","ocean_shortcode_after_header":"","ocean_has_shortcode":"","ocean_shortcode_after_title":"","ocean_shortcode_before_footer_widgets":"","ocean_shortcode_after_footer_widgets":"","ocean_shortcode_before_footer_bottom":"","ocean_shortcode_after_footer_bottom":"","ocean_display_top_bar":"default","ocean_display_header":"default","ocean_header_style":"","ocean_center_header_left_menu":"0","ocean_custom_header_template":"0","ocean_custom_logo":0,"ocean_custom_retina_logo":0,"ocean_custom_logo_max_width":0,"ocean_custom_logo_tablet_max_width":0,"ocean_custom_logo_mobile_max_width":0,"ocean_custom_logo_max_height":0,"ocean_custom_logo_tablet_max_height":0,"ocean_custom_logo_mobile_max_height":0,"ocean_header_custom_menu":"0","ocean_menu_typo_font_family":"0","ocean_menu_typo_font_subset":"","ocean_menu_typo_font_size":0,"ocean_menu_typo_font_size_tablet":0,"ocean_menu_typo_font_size_mobile":0,"ocean_menu_typo_font_size_unit":"px","ocean_menu_typo_font_weight":"","ocean_menu_typo_font_weight_tablet":"","ocean_menu_typo_font_weight_mobile":"","ocean_menu_typo_transform":"","ocean_menu_typo_transform_tablet":"","ocean_menu_typo_transform_mobile":"","ocean_menu_typo_line_height":0,"ocean_menu_typo_line_height_tablet":0,"ocean_menu_typo_line_height_mobile":0,"ocean_menu_typo_line_height_unit":"","ocean_menu_typo_spacing":0,"ocean_menu_typo_spacing_tablet":0,"ocean_menu_typo_spacing_mobile":0,"ocean_menu_typo_spacing_unit":"","ocean_menu_link_color":"","ocean_menu_link_color_hover":"","ocean_menu_link_color_active":"","ocean_menu_link_background":"","ocean_menu_link_hover_background":"","ocean_menu_link_active_background":"","ocean_menu_social_links_bg":"","ocean_menu_social_hover_links_bg":"","ocean_menu_social_links_color":"","ocean_menu_social_hover_links_color":"","ocean_disable_title":"default","ocean_disable_heading":"default","ocean_post_title":"","ocean_post_subheading":"","ocean_post_title_style":"","ocean_post_title_background_color":"","ocean_post_title_background":0,"ocean_post_title_bg_image_position":"","ocean_post_title_bg_image_attachment":"","ocean_post_title_bg_image_repeat":"","ocean_post_title_bg_image_size":"","ocean_post_title_height":0,"ocean_post_title_bg_overlay":0.5,"ocean_post_title_bg_overlay_color":"","ocean_disable_breadcrumbs":"default","ocean_breadcrumbs_color":"","ocean_breadcrumbs_separator_color":"","ocean_breadcrumbs_links_color":"","ocean_breadcrumbs_links_hover_color":"","ocean_display_footer_widgets":"default","ocean_display_footer_bottom":"default","ocean_custom_footer_template":"0"},"product_brand":[],"product_cat":[20],"product_tag":[472,456,502,504,503,478,474,446,471,458,470,492,501,464],"class_list":{"0":"post-3296","1":"product","2":"type-product","3":"status-publish","4":"has-post-thumbnail","6":"product_cat-tickets","7":"product_tag-nong-nooch-admission-show","8":"product_tag-nong-nooch-attraction","9":"product_tag-nong-nooch-bus-show","10":"product_tag-nong-nooch-combo-package","11":"product_tag-nong-nooch-cultural-show","12":"product_tag-nong-nooch-event-ticket","13":"product_tag-nong-nooch-garden-show","14":"product_tag-nong-nooch-garden-thailand","15":"product_tag-nong-nooch-show-ticket","16":"product_tag-nong-nooch-sightseeing-bus","17":"product_tag-nong-nooch-thailand-entry","18":"product_tag-nong-nooch-thailand-ticket","19":"product_tag-nong-nooch-tickets-combo","20":"product_tag-nong-nooch-tour-package","22":"entry","23":"has-media","24":"tm-has-options","26":"first","27":"instock","28":"virtual","29":"taxable","30":"purchasable","31":"product-type-simple","32":"has-product-nav","33":"col","34":"span_1_of_3","35":"owp-content-center","36":"owp-thumbs-layout-horizontal","37":"owp-btn-normal","38":"owp-tabs-layout-horizontal"},"yoast_head":"<!-- This site is optimized with the Yoast SEO plugin v27.5 - https:\/\/yoast.com\/product\/yoast-seo-wordpress\/ -->\n<title>Book Nong Nooch Entry, Bus And Show \u2013 Ultimate Garden Tour<\/title>\n<meta name=\"description\" content=\"Experience Nong Nooch With An Admission Ticket, Scenic Bus Tour, And Cultural Show. Enjoy The Best Of Nature And Culture! Book Your Tickets Now.\" \/>\n<meta name=\"robots\" content=\"index, follow, max-snippet:-1, max-image-preview:large, max-video-preview:-1\" \/>\n<link rel=\"canonical\" href=\"https:\/\/nongnoochtickets.com\/fr\/billets\/billet-dentree-au-jardin-tropical-de-nong-nooch-bus-touristique-et-spectacle\/\" \/>\n<meta property=\"og:locale\" content=\"fr_FR\" \/>\n<meta property=\"og:type\" content=\"article\" \/>\n<meta property=\"og:title\" content=\"Book Nong Nooch Entry, Bus And Show \u2013 Ultimate Garden Tour\" \/>\n<meta property=\"og:description\" content=\"Experience Nong Nooch With An Admission Ticket, Scenic Bus Tour, And Cultural Show. Enjoy The Best Of Nature And Culture! Book Your Tickets Now.\" \/>\n<meta property=\"og:url\" content=\"https:\/\/nongnoochtickets.com\/fr\/billets\/billet-dentree-au-jardin-tropical-de-nong-nooch-bus-touristique-et-spectacle\/\" \/>\n<meta property=\"og:site_name\" content=\"Nong Nooch Tropical Garden\" \/>\n<meta property=\"article:modified_time\" content=\"2025-09-19T09:52:22+00:00\" \/>\n<meta property=\"og:image\" content=\"https:\/\/nongnoochtickets.com\/wp-content\/uploads\/2024\/11\/Nong-Nooch-Tropical-Garden.webp\" \/>\n\t<meta property=\"og:image:width\" content=\"1607\" \/>\n\t<meta property=\"og:image:height\" content=\"904\" \/>\n\t<meta property=\"og:image:type\" content=\"image\/webp\" \/>\n<meta name=\"twitter:card\" content=\"summary_large_image\" \/>\n<meta name=\"twitter:label1\" content=\"Dur\u00e9e de lecture estim\u00e9e\" \/>\n\t<meta name=\"twitter:data1\" content=\"4 minutes\" \/>\n<script type=\"application\/ld+json\" class=\"yoast-schema-graph\">{\"@context\":\"https:\\\/\\\/schema.org\",\"@graph\":[{\"@type\":\"WebPage\",\"@id\":\"https:\\\/\\\/nongnoochtickets.com\\\/tickets\\\/nong-nooch-tropical-garden-admission-ticket-sightseeing-bus-show\\\/\",\"url\":\"https:\\\/\\\/nongnoochtickets.com\\\/tickets\\\/nong-nooch-tropical-garden-admission-ticket-sightseeing-bus-show\\\/\",\"name\":\"Book Nong Nooch Entry, Bus And Show \u2013 Ultimate Garden Tour\",\"isPartOf\":{\"@id\":\"https:\\\/\\\/nongnoochtickets.com\\\/#website\"},\"primaryImageOfPage\":{\"@id\":\"https:\\\/\\\/nongnoochtickets.com\\\/tickets\\\/nong-nooch-tropical-garden-admission-ticket-sightseeing-bus-show\\\/#primaryimage\"},\"image\":{\"@id\":\"https:\\\/\\\/nongnoochtickets.com\\\/tickets\\\/nong-nooch-tropical-garden-admission-ticket-sightseeing-bus-show\\\/#primaryimage\"},\"thumbnailUrl\":\"https:\\\/\\\/nongnoochtickets.com\\\/wp-content\\\/uploads\\\/2024\\\/11\\\/Nong-Nooch-Tropical-Garden.webp\",\"datePublished\":\"2024-11-12T05:10:47+00:00\",\"dateModified\":\"2025-09-19T09:52:22+00:00\",\"description\":\"Experience Nong Nooch With An Admission Ticket, Scenic Bus Tour, And Cultural Show. Enjoy The Best Of Nature And Culture! Book Your Tickets Now.\",\"breadcrumb\":{\"@id\":\"https:\\\/\\\/nongnoochtickets.com\\\/tickets\\\/nong-nooch-tropical-garden-admission-ticket-sightseeing-bus-show\\\/#breadcrumb\"},\"inLanguage\":\"fr-FR\",\"potentialAction\":[{\"@type\":\"ReadAction\",\"target\":[\"https:\\\/\\\/nongnoochtickets.com\\\/tickets\\\/nong-nooch-tropical-garden-admission-ticket-sightseeing-bus-show\\\/\"]}]},{\"@type\":\"ImageObject\",\"inLanguage\":\"fr-FR\",\"@id\":\"https:\\\/\\\/nongnoochtickets.com\\\/tickets\\\/nong-nooch-tropical-garden-admission-ticket-sightseeing-bus-show\\\/#primaryimage\",\"url\":\"https:\\\/\\\/nongnoochtickets.com\\\/wp-content\\\/uploads\\\/2024\\\/11\\\/Nong-Nooch-Tropical-Garden.webp\",\"contentUrl\":\"https:\\\/\\\/nongnoochtickets.com\\\/wp-content\\\/uploads\\\/2024\\\/11\\\/Nong-Nooch-Tropical-Garden.webp\",\"width\":1607,\"height\":904,\"caption\":\"Nong Nooch Tropical Garden\"},{\"@type\":\"BreadcrumbList\",\"@id\":\"https:\\\/\\\/nongnoochtickets.com\\\/tickets\\\/nong-nooch-tropical-garden-admission-ticket-sightseeing-bus-show\\\/#breadcrumb\",\"itemListElement\":[{\"@type\":\"ListItem\",\"position\":1,\"name\":\"Home\",\"item\":\"https:\\\/\\\/nongnoochtickets.com\\\/\"},{\"@type\":\"ListItem\",\"position\":2,\"name\":\"Tickets\",\"item\":\"https:\\\/\\\/nongnoochtickets.com\\\/tickets\\\/\"},{\"@type\":\"ListItem\",\"position\":3,\"name\":\"Nong Nooch Tropical Garden Admission Ticket + Sightseeing Bus + Show\"}]},{\"@type\":\"WebSite\",\"@id\":\"https:\\\/\\\/nongnoochtickets.com\\\/#website\",\"url\":\"https:\\\/\\\/nongnoochtickets.com\\\/\",\"name\":\"Nong Nooch Tropical Garden\",\"description\":\"\",\"publisher\":{\"@id\":\"https:\\\/\\\/nongnoochtickets.com\\\/#organization\"},\"potentialAction\":[{\"@type\":\"SearchAction\",\"target\":{\"@type\":\"EntryPoint\",\"urlTemplate\":\"https:\\\/\\\/nongnoochtickets.com\\\/?s={search_term_string}\"},\"query-input\":{\"@type\":\"PropertyValueSpecification\",\"valueRequired\":true,\"valueName\":\"search_term_string\"}}],\"inLanguage\":\"fr-FR\"},{\"@type\":\"Organization\",\"@id\":\"https:\\\/\\\/nongnoochtickets.com\\\/#organization\",\"name\":\"Nong Nooch Tropical Garden\",\"url\":\"https:\\\/\\\/nongnoochtickets.com\\\/\",\"logo\":{\"@type\":\"ImageObject\",\"inLanguage\":\"fr-FR\",\"@id\":\"https:\\\/\\\/nongnoochtickets.com\\\/#\\\/schema\\\/logo\\\/image\\\/\",\"url\":\"https:\\\/\\\/nongnoochtickets.com\\\/wp-content\\\/uploads\\\/2024\\\/08\\\/Nong-Nooch-Tropical-Garden.png\",\"contentUrl\":\"https:\\\/\\\/nongnoochtickets.com\\\/wp-content\\\/uploads\\\/2024\\\/08\\\/Nong-Nooch-Tropical-Garden.png\",\"width\":350,\"height\":100,\"caption\":\"Nong Nooch Tropical Garden\"},\"image\":{\"@id\":\"https:\\\/\\\/nongnoochtickets.com\\\/#\\\/schema\\\/logo\\\/image\\\/\"}}]}<\/script>\n<!-- \/ Yoast SEO plugin. -->","yoast_head_json":{"title":"R\u00e9servez l&#039;entr\u00e9e, le bus et le spectacle de Nong Nooch \u2013 Ultimate Garden Tour","description":"D\u00e9couvrez Nong Nooch avec un billet d&#039;entr\u00e9e, une visite panoramique en bus et un spectacle culturel. Profitez du meilleur de la nature et de la culture ! R\u00e9servez vos billets maintenant.","robots":{"index":"index","follow":"follow","max-snippet":"max-snippet:-1","max-image-preview":"max-image-preview:large","max-video-preview":"max-video-preview:-1"},"canonical":"https:\/\/nongnoochtickets.com\/fr\/billets\/billet-dentree-au-jardin-tropical-de-nong-nooch-bus-touristique-et-spectacle\/","og_locale":"fr_FR","og_type":"article","og_title":"Book Nong Nooch Entry, Bus And Show \u2013 Ultimate Garden Tour","og_description":"Experience Nong Nooch With An Admission Ticket, Scenic Bus Tour, And Cultural Show. Enjoy The Best Of Nature And Culture! Book Your Tickets Now.","og_url":"https:\/\/nongnoochtickets.com\/fr\/billets\/billet-dentree-au-jardin-tropical-de-nong-nooch-bus-touristique-et-spectacle\/","og_site_name":"Nong Nooch Tropical Garden","article_modified_time":"2025-09-19T09:52:22+00:00","og_image":[{"width":1607,"height":904,"url":"https:\/\/nongnoochtickets.com\/wp-content\/uploads\/2024\/11\/Nong-Nooch-Tropical-Garden.webp","type":"image\/webp"}],"twitter_card":"summary_large_image","twitter_misc":{"Dur\u00e9e de lecture estim\u00e9e":"4 minutes"},"schema":{"@context":"https:\/\/schema.org","@graph":[{"@type":"WebPage","@id":"https:\/\/nongnoochtickets.com\/tickets\/nong-nooch-tropical-garden-admission-ticket-sightseeing-bus-show\/","url":"https:\/\/nongnoochtickets.com\/tickets\/nong-nooch-tropical-garden-admission-ticket-sightseeing-bus-show\/","name":"R\u00e9servez l&#039;entr\u00e9e, le bus et le spectacle de Nong Nooch \u2013 Ultimate Garden Tour","isPartOf":{"@id":"https:\/\/nongnoochtickets.com\/#website"},"primaryImageOfPage":{"@id":"https:\/\/nongnoochtickets.com\/tickets\/nong-nooch-tropical-garden-admission-ticket-sightseeing-bus-show\/#primaryimage"},"image":{"@id":"https:\/\/nongnoochtickets.com\/tickets\/nong-nooch-tropical-garden-admission-ticket-sightseeing-bus-show\/#primaryimage"},"thumbnailUrl":"https:\/\/nongnoochtickets.com\/wp-content\/uploads\/2024\/11\/Nong-Nooch-Tropical-Garden.webp","datePublished":"2024-11-12T05:10:47+00:00","dateModified":"2025-09-19T09:52:22+00:00","description":"D\u00e9couvrez Nong Nooch avec un billet d&#039;entr\u00e9e, une visite panoramique en bus et un spectacle culturel. Profitez du meilleur de la nature et de la culture ! R\u00e9servez vos billets maintenant.","breadcrumb":{"@id":"https:\/\/nongnoochtickets.com\/tickets\/nong-nooch-tropical-garden-admission-ticket-sightseeing-bus-show\/#breadcrumb"},"inLanguage":"fr-FR","potentialAction":[{"@type":"ReadAction","target":["https:\/\/nongnoochtickets.com\/tickets\/nong-nooch-tropical-garden-admission-ticket-sightseeing-bus-show\/"]}]},{"@type":"ImageObject","inLanguage":"fr-FR","@id":"https:\/\/nongnoochtickets.com\/tickets\/nong-nooch-tropical-garden-admission-ticket-sightseeing-bus-show\/#primaryimage","url":"https:\/\/nongnoochtickets.com\/wp-content\/uploads\/2024\/11\/Nong-Nooch-Tropical-Garden.webp","contentUrl":"https:\/\/nongnoochtickets.com\/wp-content\/uploads\/2024\/11\/Nong-Nooch-Tropical-Garden.webp","width":1607,"height":904,"caption":"Nong Nooch Tropical Garden"},{"@type":"BreadcrumbList","@id":"https:\/\/nongnoochtickets.com\/tickets\/nong-nooch-tropical-garden-admission-ticket-sightseeing-bus-show\/#breadcrumb","itemListElement":[{"@type":"ListItem","position":1,"name":"Home","item":"https:\/\/nongnoochtickets.com\/"},{"@type":"ListItem","position":2,"name":"Tickets","item":"https:\/\/nongnoochtickets.com\/tickets\/"},{"@type":"ListItem","position":3,"name":"Nong Nooch Tropical Garden Admission Ticket + Sightseeing Bus + Show"}]},{"@type":"WebSite","@id":"https:\/\/nongnoochtickets.com\/#website","url":"https:\/\/nongnoochtickets.com\/","name":"Jardin tropical de Nong Nooch","description":"","publisher":{"@id":"https:\/\/nongnoochtickets.com\/#organization"},"potentialAction":[{"@type":"SearchAction","target":{"@type":"EntryPoint","urlTemplate":"https:\/\/nongnoochtickets.com\/?s={search_term_string}"},"query-input":{"@type":"PropertyValueSpecification","valueRequired":true,"valueName":"search_term_string"}}],"inLanguage":"fr-FR"},{"@type":"Organization","@id":"https:\/\/nongnoochtickets.com\/#organization","name":"Jardin tropical de Nong Nooch","url":"https:\/\/nongnoochtickets.com\/","logo":{"@type":"ImageObject","inLanguage":"fr-FR","@id":"https:\/\/nongnoochtickets.com\/#\/schema\/logo\/image\/","url":"https:\/\/nongnoochtickets.com\/wp-content\/uploads\/2024\/08\/Nong-Nooch-Tropical-Garden.png","contentUrl":"https:\/\/nongnoochtickets.com\/wp-content\/uploads\/2024\/08\/Nong-Nooch-Tropical-Garden.png","width":350,"height":100,"caption":"Nong Nooch Tropical Garden"},"image":{"@id":"https:\/\/nongnoochtickets.com\/#\/schema\/logo\/image\/"}}]}},"jetpack_sharing_enabled":true,"_links":{"self":[{"href":"https:\/\/nongnoochtickets.com\/fr\/wp-json\/wp\/v2\/product\/3296","targetHints":{"allow":["GET"]}}],"collection":[{"href":"https:\/\/nongnoochtickets.com\/fr\/wp-json\/wp\/v2\/product"}],"about":[{"href":"https:\/\/nongnoochtickets.com\/fr\/wp-json\/wp\/v2\/types\/product"}],"wp:featuredmedia":[{"embeddable":true,"href":"https:\/\/nongnoochtickets.com\/fr\/wp-json\/wp\/v2\/media\/3179"}],"wp:attachment":[{"href":"https:\/\/nongnoochtickets.com\/fr\/wp-json\/wp\/v2\/media?parent=3296"}],"wp:term":[{"taxonomy":"product_brand","embeddable":true,"href":"https:\/\/nongnoochtickets.com\/fr\/wp-json\/wp\/v2\/product_brand?post=3296"},{"taxonomy":"product_cat","embeddable":true,"href":"https:\/\/nongnoochtickets.com\/fr\/wp-json\/wp\/v2\/product_cat?post=3296"},{"taxonomy":"product_tag","embeddable":true,"href":"https:\/\/nongnoochtickets.com\/fr\/wp-json\/wp\/v2\/product_tag?post=3296"}],"curies":[{"name":"wp","href":"https:\/\/api.w.org\/{rel}","templated":true}]}}