{"id":3294,"date":"2024-11-12T10:30:46","date_gmt":"2024-11-12T05:00:46","guid":{"rendered":"https:\/\/nongnoochtickets.com\/?post_type=product&#038;p=3294"},"modified":"2026-04-28T10:58:12","modified_gmt":"2026-04-28T05:28:12","slug":"billet-dentree-au-jardin-tropical-de-nong-nooch-dejeuner-buffet","status":"publish","type":"product","link":"https:\/\/nongnoochtickets.com\/fr\/billets\/billet-dentree-au-jardin-tropical-de-nong-nooch-dejeuner-buffet\/","title":{"rendered":"Billet d&#039;entr\u00e9e au jardin tropical de Nong Nooch + d\u00e9jeuner buffet"},"content":{"rendered":"<h2>\u00c0 propos du jardin tropical de Nong Nooch \u2013 Billet d\u2019entr\u00e9e + d\u00e9jeuner buffet<\/h2>\n<p>Avec le <strong>Billet d&#039;entr\u00e9e + d\u00e9jeuner buffet<\/strong> paquet \u00e0 <strong>Jardin tropical de Nong Nooch<\/strong>, profitez non seulement de l&#039;acc\u00e8s \u00e0 ce paradis botanique \u00e0 couper le souffle, mais aussi d&#039;une d\u00e9licieuse exp\u00e9rience de buffet. Choisissez parmi une vari\u00e9t\u00e9 d&#039;options de cuisine, notamment <strong>Plats internationaux, tha\u00eflandais et indiens<\/strong>, vous garantissant un repas m\u00e9morable entour\u00e9 de la beaut\u00e9 des paysages luxuriants de Nong Nooch. Ce forfait est parfait pour une exp\u00e9rience d&#039;une journ\u00e9e compl\u00e8te, alliant nature, culture et plaisir culinaire dans l&#039;une des principales attractions de Tha\u00eflande.<\/p>\n<hr \/>\n<h3>Horaires<\/h3>\n<ul>\n<li><strong>Horaires du jardin<\/strong>:08h00 \u2013 18h00, tous les jours.<\/li>\n<li><strong>Horaires du d\u00e9jeuner buffet<\/strong>:Servi entre 11h30 et 14h00.<\/li>\n<\/ul>\n<hr \/>\n<h3>Points forts<\/h3>\n<ul>\n<li><strong>Beaut\u00e9 des paysages<\/strong>:Promenez-vous dans des jardins \u00e0 th\u00e8me comme le jardin fran\u00e7ais, le jardin de cactus et la vall\u00e9e des dinosaures.<\/li>\n<li><strong>D\u00eener d\u00e9licieux<\/strong>: Savourez un d\u00e9jeuner buffet compos\u00e9 de plats tha\u00eflandais, internationaux et indiens.<\/li>\n<li><strong>D\u00e9tendez-vous et rechargez vos batteries<\/strong>:Parfait pour les familles ou les groupes souhaitant profiter \u00e0 la fois d&#039;un repas et d&#039;une journ\u00e9e compl\u00e8te d&#039;exploration.<\/li>\n<\/ul>\n<hr \/>\n<h3>Ce qui est inclus<\/h3>\n<ul>\n<li><strong>Admission<\/strong> au jardin tropical de Nong Nooch.<\/li>\n<li><strong>Buffet d\u00e9jeuner<\/strong> avec des options de cuisine tha\u00eflandaise, internationale et indienne.<\/li>\n<li>Acc\u00e8s \u00e0 tous les espaces verts publics, sentiers et paysages th\u00e9matiques.<\/li>\n<\/ul>\n<hr \/>\n<h3>Inclusions \/ Exclusions<\/h3>\n<p><strong>Inclusions<\/strong>:<\/p>\n<ul>\n<li>Entr\u00e9e au jardin.<\/li>\n<li>D\u00e9jeuner buffet compos\u00e9 de cuisines tha\u00eflandaise, internationale et indienne.<\/li>\n<\/ul>\n<p><strong>Exclusions<\/strong>:<\/p>\n<ul>\n<li>Bus touristique (disponible en module compl\u00e9mentaire).<\/li>\n<li>Acc\u00e8s aux spectacles en direct (disponible avec diff\u00e9rentes options de billets).<\/li>\n<li>Transport vers et depuis le jardin.<\/li>\n<\/ul>\n<hr \/>\n<h3>Politique relative \u00e0 l&#039;enfance<\/h3>\n<ul>\n<li><strong>Admissibilit\u00e9 au billet pour enfant<\/strong>:Les enfants mesurant entre 90 et 130 cm b\u00e9n\u00e9ficient du tarif enfant.<\/li>\n<li><strong>Admission des nourrissons<\/strong>:Les enfants de moins de 90 cm peuvent entrer gratuitement.<\/li>\n<\/ul>\n<hr \/>\n<h3>Politique de remboursement et d&#039;annulation<\/h3>\n<ul>\n<li><strong>Aucun remboursement<\/strong>:Les billets ne sont ni remboursables ni annulables.<\/li>\n<li><strong>Reprogrammation<\/strong>:Une reprogrammation peut \u00eatre possible pour des forfaits sp\u00e9cifiques avec transport, avec un pr\u00e9avis de 48 heures et sous r\u00e9serve de disponibilit\u00e9.<\/li>\n<\/ul>\n<hr \/>\n<h3>Quoi de plus ?<\/h3>\n<ul>\n<li><strong>Vari\u00e9t\u00e9 culinaire<\/strong>:Profitez d&#039;un menu buffet vari\u00e9, avec des plats tha\u00eflandais savoureux, des s\u00e9lections internationales populaires et des options indiennes traditionnelles.<\/li>\n<li><strong>Ambiance de la salle \u00e0 manger<\/strong>:Le buffet est situ\u00e9 dans un jardin pittoresque, offrant une vue sur la verdure environnante et une atmosph\u00e8re tranquille.<\/li>\n<\/ul>\n<hr \/>\n<h3>Conseils d&#039;initi\u00e9s<\/h3>\n<ul>\n<li><strong>Arriver t\u00f4t<\/strong>:Arriver t\u00f4t vous donne plus de temps pour explorer le jardin avant de profiter du d\u00e9jeuner.<\/li>\n<li><strong>\u00c9chantillonner toutes les cuisines<\/strong>:Profitez au maximum du buffet en d\u00e9gustant des plats de chaque cuisine : tha\u00eflandaise, indienne et internationale.<\/li>\n<li><strong>Planifiez en fonction des heures de d\u00e9jeuner<\/strong>:Pour maximiser votre journ\u00e9e, pr\u00e9voyez de visiter les principales attractions avant ou apr\u00e8s l&#039;heure de service du buffet.<\/li>\n<\/ul>\n<hr \/>\n<h3>\u00c0 faire et \u00e0 ne pas faire<\/h3>\n<p><strong>\u00c0 faire<\/strong>:<\/p>\n<ul>\n<li>Munissez-vous d&#039;une pi\u00e8ce d&#039;identit\u00e9 valide avec photo pour entrer.<\/li>\n<li>Arrivez au buffet pendant les heures de service pour garantir l&#039;acc\u00e8s au menu complet.<\/li>\n<li>Portez des chaussures confortables pour explorer le grand jardin.<\/li>\n<\/ul>\n<p><strong>\u00c0 ne pas faire<\/strong>:<\/p>\n<ul>\n<li>\u00c9vitez d\u2019apporter de la nourriture et des boissons de l\u2019ext\u00e9rieur, car elles ne sont pas autoris\u00e9es.<\/li>\n<li>Ne nourrissez aucun animal dans le jardin.<\/li>\n<\/ul>\n<hr \/>\n<h3>\u00c0 savoir avant de partir<\/h3>\n<ul>\n<li><strong>Exigence d&#039;identification<\/strong>:Tous les ressortissants \u00e9trangers doivent \u00eatre munis de leur passeport comme preuve d\u2019identit\u00e9.<\/li>\n<li><strong>Pr\u00e9paration aux intemp\u00e9ries<\/strong>:Le jardin est ouvert en cas de pluie l\u00e9g\u00e8re ; apportez un parapluie ou un imperm\u00e9able si n\u00e9cessaire.<\/li>\n<li><strong>Planifier le d\u00e9jeuner<\/strong>:Arrivez pendant les heures de d\u00e9jeuner d\u00e9sign\u00e9es (11h30 \u2013 14h00) pour profiter du buffet.<\/li>\n<\/ul>\n<hr \/>\n<h3>Adresse, Plans et Localisation<\/h3>\n<ul>\n<li><strong>Adresse<\/strong>: 34\/1 Sukhumvit Road, Na Chom Thian, district de Sattahip, Chon Buri 20250, Tha\u00eflande<\/li>\n<li><strong>Localisation sur Google Maps<\/strong>: <a href=\"https:\/\/maps.app.goo.gl\/AwWepSfe6DdhvcTr8\" target=\"_new\" rel=\"noopener\">Emplacement du jardin tropical de Nong Nooch<\/a><\/li>\n<\/ul>\n<hr \/>\n<h3>Comment arriver<\/h3>\n<ul>\n<li><strong>En voiture ou en taxi<\/strong>:Situ\u00e9 \u00e0 environ 20 minutes du centre-ville de Pattaya.<\/li>\n<li><strong>Transports en commun<\/strong>:Facilement accessible par les services de bus locaux ou en taxi.<\/li>\n<li><strong>Forfait transport<\/strong>:Disponible avec certains billets pour plus de commodit\u00e9.<\/li>\n<\/ul>\n<hr \/>\n<h3>Questions fr\u00e9quemment pos\u00e9es (FAQ)<\/h3>\n<p><strong>1. Que comprend le billet d&#039;entr\u00e9e + d\u00e9jeuner buffet ?<\/strong><br \/>\nLe forfait comprend l&#039;entr\u00e9e au jardin et l&#039;acc\u00e8s \u00e0 un d\u00e9jeuner buffet avec des options de cuisine tha\u00eflandaise, internationale et indienne.<\/p>\n<p><strong>2. D\u2019autres options de restauration sont-elles disponibles\u00a0?<\/strong><br \/>\nLe buffet propose une large gamme d&#039;options et il existe \u00e9galement d&#039;autres restaurants sur place proposant divers plats (moyennant des frais suppl\u00e9mentaires).<\/p>\n<p><strong>3. Puis-je surclasser mon billet pour inclure les spectacles en direct ?<\/strong><br \/>\nOui, les visiteurs peuvent surclasser ou acheter des billets suppl\u00e9mentaires pour les spectacles s&#039;ils sont disponibles.<\/p>\n<p><strong>4. Le buffet du d\u00e9jeuner convient-il aux v\u00e9g\u00e9tariens ?<\/strong><br \/>\nOui, le buffet comprend une s\u00e9lection de plats v\u00e9g\u00e9tariens dans les trois cuisines.<\/p>\n<p><strong>5. Les boissons sont-elles incluses dans le buffet ?<\/strong><br \/>\nCertaines boissons non alcoolis\u00e9es sont incluses ; des boissons alcoolis\u00e9es sont disponibles \u00e0 l&#039;achat.<\/p>\n<p><strong>6. Puis-je demander des am\u00e9nagements alimentaires sp\u00e9cifiques ?<\/strong><br \/>\nVeuillez v\u00e9rifier aupr\u00e8s du personnel du jardin \u00e0 votre arriv\u00e9e ; le buffet propose g\u00e9n\u00e9ralement une vari\u00e9t\u00e9 de plats adapt\u00e9s \u00e0 diff\u00e9rents besoins alimentaires.<\/p>\n<p><strong>7. Y a-t-il des espaces pour s&#039;asseoir pour le d\u00e9jeuner ?<\/strong><br \/>\nOui, le buffet est install\u00e9 dans une salle \u00e0 manger confortable avec de nombreux si\u00e8ges pour les visiteurs.<\/p>\n<p><strong>8. Y a-t-il une limite de temps pour le buffet ?<\/strong><br \/>\nVous pourrez profiter du buffet pendant les heures de service de 11h30 \u00e0 14h00.<\/p>\n<p>Ce <strong>Billet d&#039;entr\u00e9e + d\u00e9jeuner buffet<\/strong> paquet \u00e0 <a href=\"https:\/\/nongnoochtickets.com\/fr\/\"><strong>Jardin tropical de Nong Nooch<\/strong><\/a> offre une d\u00e9licieuse combinaison d&#039;exploration et de restauration, garantissant une exp\u00e9rience compl\u00e8te dans l&#039;une des plus belles destinations de Tha\u00eflande.<\/p>","protected":false},"excerpt":{"rendered":"<p>About Nong Nooch Tropical Garden \u2013 Admission Ticket + Buffet Lunch With the Admission Ticket + Buffet Lunch package at Nong Nooch Tropical Garden, enjoy not only access to this breathtaking botanical paradise but also a delightful buffet experience. Choose from a variety of cuisine options, including International, Thai, and Indian dishes, ensuring a memorable [&hellip;]<\/p>\n","protected":false},"featured_media":3177,"template":"","meta":{"ocean_post_layout":"","ocean_both_sidebars_style":"","ocean_both_sidebars_content_width":0,"ocean_both_sidebars_sidebars_width":0,"ocean_sidebar":"0","ocean_second_sidebar":"0","ocean_disable_margins":"enable","ocean_add_body_class":"","ocean_shortcode_before_top_bar":"","ocean_shortcode_after_top_bar":"","ocean_shortcode_before_header":"","ocean_shortcode_after_header":"","ocean_has_shortcode":"","ocean_shortcode_after_title":"","ocean_shortcode_before_footer_widgets":"","ocean_shortcode_after_footer_widgets":"","ocean_shortcode_before_footer_bottom":"","ocean_shortcode_after_footer_bottom":"","ocean_display_top_bar":"default","ocean_display_header":"default","ocean_header_style":"","ocean_center_header_left_menu":"0","ocean_custom_header_template":"0","ocean_custom_logo":0,"ocean_custom_retina_logo":0,"ocean_custom_logo_max_width":0,"ocean_custom_logo_tablet_max_width":0,"ocean_custom_logo_mobile_max_width":0,"ocean_custom_logo_max_height":0,"ocean_custom_logo_tablet_max_height":0,"ocean_custom_logo_mobile_max_height":0,"ocean_header_custom_menu":"0","ocean_menu_typo_font_family":"0","ocean_menu_typo_font_subset":"","ocean_menu_typo_font_size":0,"ocean_menu_typo_font_size_tablet":0,"ocean_menu_typo_font_size_mobile":0,"ocean_menu_typo_font_size_unit":"px","ocean_menu_typo_font_weight":"","ocean_menu_typo_font_weight_tablet":"","ocean_menu_typo_font_weight_mobile":"","ocean_menu_typo_transform":"","ocean_menu_typo_transform_tablet":"","ocean_menu_typo_transform_mobile":"","ocean_menu_typo_line_height":0,"ocean_menu_typo_line_height_tablet":0,"ocean_menu_typo_line_height_mobile":0,"ocean_menu_typo_line_height_unit":"","ocean_menu_typo_spacing":0,"ocean_menu_typo_spacing_tablet":0,"ocean_menu_typo_spacing_mobile":0,"ocean_menu_typo_spacing_unit":"","ocean_menu_link_color":"","ocean_menu_link_color_hover":"","ocean_menu_link_color_active":"","ocean_menu_link_background":"","ocean_menu_link_hover_background":"","ocean_menu_link_active_background":"","ocean_menu_social_links_bg":"","ocean_menu_social_hover_links_bg":"","ocean_menu_social_links_color":"","ocean_menu_social_hover_links_color":"","ocean_disable_title":"default","ocean_disable_heading":"default","ocean_post_title":"","ocean_post_subheading":"","ocean_post_title_style":"","ocean_post_title_background_color":"","ocean_post_title_background":0,"ocean_post_title_bg_image_position":"","ocean_post_title_bg_image_attachment":"","ocean_post_title_bg_image_repeat":"","ocean_post_title_bg_image_size":"","ocean_post_title_height":0,"ocean_post_title_bg_overlay":0.5,"ocean_post_title_bg_overlay_color":"","ocean_disable_breadcrumbs":"default","ocean_breadcrumbs_color":"","ocean_breadcrumbs_separator_color":"","ocean_breadcrumbs_links_color":"","ocean_breadcrumbs_links_hover_color":"","ocean_display_footer_widgets":"default","ocean_display_footer_bottom":"default","ocean_custom_footer_template":"0"},"product_brand":[],"product_cat":[20],"product_tag":[485,484,491,489,486,493,446,483,488,494,490,492,487,495],"class_list":{"0":"post-3294","1":"product","2":"type-product","3":"status-publish","4":"has-post-thumbnail","6":"product_cat-tickets","7":"product_tag-nong-nooch-admission-lunch","8":"product_tag-nong-nooch-buffet-entry","9":"product_tag-nong-nooch-buffet-package","10":"product_tag-nong-nooch-entry-meal","11":"product_tag-nong-nooch-garden-buffet","12":"product_tag-nong-nooch-garden-lunch","13":"product_tag-nong-nooch-garden-thailand","14":"product_tag-nong-nooch-lunch-ticket","15":"product_tag-nong-nooch-meal-package","16":"product_tag-nong-nooch-meal-plan","17":"product_tag-nong-nooch-park-access","18":"product_tag-nong-nooch-thailand-ticket","19":"product_tag-nong-nooch-tickets-lunch","20":"product_tag-thailand-buffet-ticket","22":"entry","23":"has-media","24":"tm-has-options","26":"first","27":"instock","28":"virtual","29":"taxable","30":"purchasable","31":"product-type-simple","32":"has-product-nav","33":"col","34":"span_1_of_3","35":"owp-content-center","36":"owp-thumbs-layout-horizontal","37":"owp-btn-normal","38":"owp-tabs-layout-horizontal"},"yoast_head":"<!-- This site is optimized with the Yoast SEO plugin v27.5 - https:\/\/yoast.com\/product\/yoast-seo-wordpress\/ -->\n<title>Book Nong Nooch Entry &amp; Buffet Lunch - Delight In Nature &amp; Food<\/title>\n<meta name=\"description\" content=\"Experience Nong Nooch Admission With A Delicious Buffet Lunch Included. Nature And Flavor Await \u2013 Reserve Your Tickets Now!\" \/>\n<meta name=\"robots\" content=\"index, follow, max-snippet:-1, max-image-preview:large, max-video-preview:-1\" \/>\n<link rel=\"canonical\" href=\"https:\/\/nongnoochtickets.com\/fr\/billets\/billet-dentree-au-jardin-tropical-de-nong-nooch-dejeuner-buffet\/\" \/>\n<meta property=\"og:locale\" content=\"fr_FR\" \/>\n<meta property=\"og:type\" content=\"article\" \/>\n<meta property=\"og:title\" content=\"Book Nong Nooch Entry &amp; Buffet Lunch - Delight In Nature &amp; Food\" \/>\n<meta property=\"og:description\" content=\"Experience Nong Nooch Admission With A Delicious Buffet Lunch Included. Nature And Flavor Await \u2013 Reserve Your Tickets Now!\" \/>\n<meta property=\"og:url\" content=\"https:\/\/nongnoochtickets.com\/fr\/billets\/billet-dentree-au-jardin-tropical-de-nong-nooch-dejeuner-buffet\/\" \/>\n<meta property=\"og:site_name\" content=\"Nong Nooch Tropical Garden\" \/>\n<meta property=\"article:modified_time\" content=\"2026-04-28T05:28:12+00:00\" \/>\n<meta name=\"twitter:card\" content=\"summary_large_image\" \/>\n<meta name=\"twitter:label1\" content=\"Dur\u00e9e de lecture estim\u00e9e\" \/>\n\t<meta name=\"twitter:data1\" content=\"4 minutes\" \/>\n<script type=\"application\/ld+json\" class=\"yoast-schema-graph\">{\"@context\":\"https:\\\/\\\/schema.org\",\"@graph\":[{\"@type\":\"WebPage\",\"@id\":\"https:\\\/\\\/nongnoochtickets.com\\\/tickets\\\/nong-nooch-tropical-garden-admission-ticket-buffet-lunch\\\/\",\"url\":\"https:\\\/\\\/nongnoochtickets.com\\\/tickets\\\/nong-nooch-tropical-garden-admission-ticket-buffet-lunch\\\/\",\"name\":\"Book Nong Nooch Entry & Buffet Lunch - Delight In Nature & Food\",\"isPartOf\":{\"@id\":\"https:\\\/\\\/nongnoochtickets.com\\\/#website\"},\"primaryImageOfPage\":{\"@id\":\"https:\\\/\\\/nongnoochtickets.com\\\/tickets\\\/nong-nooch-tropical-garden-admission-ticket-buffet-lunch\\\/#primaryimage\"},\"image\":{\"@id\":\"https:\\\/\\\/nongnoochtickets.com\\\/tickets\\\/nong-nooch-tropical-garden-admission-ticket-buffet-lunch\\\/#primaryimage\"},\"thumbnailUrl\":\"https:\\\/\\\/nongnoochtickets.com\\\/wp-content\\\/uploads\\\/2024\\\/11\\\/Nong-Nooch-Tickets.avif\",\"datePublished\":\"2024-11-12T05:00:46+00:00\",\"dateModified\":\"2026-04-28T05:28:12+00:00\",\"description\":\"Experience Nong Nooch Admission With A Delicious Buffet Lunch Included. Nature And Flavor Await \u2013 Reserve Your Tickets Now!\",\"breadcrumb\":{\"@id\":\"https:\\\/\\\/nongnoochtickets.com\\\/tickets\\\/nong-nooch-tropical-garden-admission-ticket-buffet-lunch\\\/#breadcrumb\"},\"inLanguage\":\"fr-FR\",\"potentialAction\":[{\"@type\":\"ReadAction\",\"target\":[\"https:\\\/\\\/nongnoochtickets.com\\\/tickets\\\/nong-nooch-tropical-garden-admission-ticket-buffet-lunch\\\/\"]}]},{\"@type\":\"ImageObject\",\"inLanguage\":\"fr-FR\",\"@id\":\"https:\\\/\\\/nongnoochtickets.com\\\/tickets\\\/nong-nooch-tropical-garden-admission-ticket-buffet-lunch\\\/#primaryimage\",\"url\":\"https:\\\/\\\/nongnoochtickets.com\\\/wp-content\\\/uploads\\\/2024\\\/11\\\/Nong-Nooch-Tickets.avif\",\"contentUrl\":\"https:\\\/\\\/nongnoochtickets.com\\\/wp-content\\\/uploads\\\/2024\\\/11\\\/Nong-Nooch-Tickets.avif\",\"width\":1356,\"height\":904,\"caption\":\"Nong Nooch Tickets\"},{\"@type\":\"BreadcrumbList\",\"@id\":\"https:\\\/\\\/nongnoochtickets.com\\\/tickets\\\/nong-nooch-tropical-garden-admission-ticket-buffet-lunch\\\/#breadcrumb\",\"itemListElement\":[{\"@type\":\"ListItem\",\"position\":1,\"name\":\"Home\",\"item\":\"https:\\\/\\\/nongnoochtickets.com\\\/\"},{\"@type\":\"ListItem\",\"position\":2,\"name\":\"Tickets\",\"item\":\"https:\\\/\\\/nongnoochtickets.com\\\/tickets\\\/\"},{\"@type\":\"ListItem\",\"position\":3,\"name\":\"Nong Nooch Tropical Garden Admission Ticket + Buffet Lunch\"}]},{\"@type\":\"WebSite\",\"@id\":\"https:\\\/\\\/nongnoochtickets.com\\\/#website\",\"url\":\"https:\\\/\\\/nongnoochtickets.com\\\/\",\"name\":\"Nong Nooch Tropical Garden\",\"description\":\"\",\"publisher\":{\"@id\":\"https:\\\/\\\/nongnoochtickets.com\\\/#organization\"},\"potentialAction\":[{\"@type\":\"SearchAction\",\"target\":{\"@type\":\"EntryPoint\",\"urlTemplate\":\"https:\\\/\\\/nongnoochtickets.com\\\/?s={search_term_string}\"},\"query-input\":{\"@type\":\"PropertyValueSpecification\",\"valueRequired\":true,\"valueName\":\"search_term_string\"}}],\"inLanguage\":\"fr-FR\"},{\"@type\":\"Organization\",\"@id\":\"https:\\\/\\\/nongnoochtickets.com\\\/#organization\",\"name\":\"Nong Nooch Tropical Garden\",\"url\":\"https:\\\/\\\/nongnoochtickets.com\\\/\",\"logo\":{\"@type\":\"ImageObject\",\"inLanguage\":\"fr-FR\",\"@id\":\"https:\\\/\\\/nongnoochtickets.com\\\/#\\\/schema\\\/logo\\\/image\\\/\",\"url\":\"https:\\\/\\\/nongnoochtickets.com\\\/wp-content\\\/uploads\\\/2024\\\/08\\\/Nong-Nooch-Tropical-Garden.png\",\"contentUrl\":\"https:\\\/\\\/nongnoochtickets.com\\\/wp-content\\\/uploads\\\/2024\\\/08\\\/Nong-Nooch-Tropical-Garden.png\",\"width\":350,\"height\":100,\"caption\":\"Nong Nooch Tropical Garden\"},\"image\":{\"@id\":\"https:\\\/\\\/nongnoochtickets.com\\\/#\\\/schema\\\/logo\\\/image\\\/\"}}]}<\/script>\n<!-- \/ Yoast SEO plugin. -->","yoast_head_json":{"title":"R\u00e9servez l&#039;entr\u00e9e au Nong Nooch et le d\u00e9jeuner buffet - D\u00e9lice de la nature et de la nourriture","description":"D\u00e9couvrez l&#039;entr\u00e9e \u00e0 Nong Nooch avec un d\u00e9licieux d\u00e9jeuner buffet inclus. La nature et la saveur vous attendent - R\u00e9servez vos billets maintenant !","robots":{"index":"index","follow":"follow","max-snippet":"max-snippet:-1","max-image-preview":"max-image-preview:large","max-video-preview":"max-video-preview:-1"},"canonical":"https:\/\/nongnoochtickets.com\/fr\/billets\/billet-dentree-au-jardin-tropical-de-nong-nooch-dejeuner-buffet\/","og_locale":"fr_FR","og_type":"article","og_title":"Book Nong Nooch Entry & Buffet Lunch - Delight In Nature & Food","og_description":"Experience Nong Nooch Admission With A Delicious Buffet Lunch Included. Nature And Flavor Await \u2013 Reserve Your Tickets Now!","og_url":"https:\/\/nongnoochtickets.com\/fr\/billets\/billet-dentree-au-jardin-tropical-de-nong-nooch-dejeuner-buffet\/","og_site_name":"Nong Nooch Tropical Garden","article_modified_time":"2026-04-28T05:28:12+00:00","twitter_card":"summary_large_image","twitter_misc":{"Dur\u00e9e de lecture estim\u00e9e":"4 minutes"},"schema":{"@context":"https:\/\/schema.org","@graph":[{"@type":"WebPage","@id":"https:\/\/nongnoochtickets.com\/tickets\/nong-nooch-tropical-garden-admission-ticket-buffet-lunch\/","url":"https:\/\/nongnoochtickets.com\/tickets\/nong-nooch-tropical-garden-admission-ticket-buffet-lunch\/","name":"R\u00e9servez l&#039;entr\u00e9e au Nong Nooch et le d\u00e9jeuner buffet - D\u00e9lice de la nature et de la nourriture","isPartOf":{"@id":"https:\/\/nongnoochtickets.com\/#website"},"primaryImageOfPage":{"@id":"https:\/\/nongnoochtickets.com\/tickets\/nong-nooch-tropical-garden-admission-ticket-buffet-lunch\/#primaryimage"},"image":{"@id":"https:\/\/nongnoochtickets.com\/tickets\/nong-nooch-tropical-garden-admission-ticket-buffet-lunch\/#primaryimage"},"thumbnailUrl":"https:\/\/nongnoochtickets.com\/wp-content\/uploads\/2024\/11\/Nong-Nooch-Tickets.avif","datePublished":"2024-11-12T05:00:46+00:00","dateModified":"2026-04-28T05:28:12+00:00","description":"D\u00e9couvrez l&#039;entr\u00e9e \u00e0 Nong Nooch avec un d\u00e9licieux d\u00e9jeuner buffet inclus. La nature et la saveur vous attendent - R\u00e9servez vos billets maintenant !","breadcrumb":{"@id":"https:\/\/nongnoochtickets.com\/tickets\/nong-nooch-tropical-garden-admission-ticket-buffet-lunch\/#breadcrumb"},"inLanguage":"fr-FR","potentialAction":[{"@type":"ReadAction","target":["https:\/\/nongnoochtickets.com\/tickets\/nong-nooch-tropical-garden-admission-ticket-buffet-lunch\/"]}]},{"@type":"ImageObject","inLanguage":"fr-FR","@id":"https:\/\/nongnoochtickets.com\/tickets\/nong-nooch-tropical-garden-admission-ticket-buffet-lunch\/#primaryimage","url":"https:\/\/nongnoochtickets.com\/wp-content\/uploads\/2024\/11\/Nong-Nooch-Tickets.avif","contentUrl":"https:\/\/nongnoochtickets.com\/wp-content\/uploads\/2024\/11\/Nong-Nooch-Tickets.avif","width":1356,"height":904,"caption":"Nong Nooch Tickets"},{"@type":"BreadcrumbList","@id":"https:\/\/nongnoochtickets.com\/tickets\/nong-nooch-tropical-garden-admission-ticket-buffet-lunch\/#breadcrumb","itemListElement":[{"@type":"ListItem","position":1,"name":"Home","item":"https:\/\/nongnoochtickets.com\/"},{"@type":"ListItem","position":2,"name":"Tickets","item":"https:\/\/nongnoochtickets.com\/tickets\/"},{"@type":"ListItem","position":3,"name":"Nong Nooch Tropical Garden Admission Ticket + Buffet Lunch"}]},{"@type":"WebSite","@id":"https:\/\/nongnoochtickets.com\/#website","url":"https:\/\/nongnoochtickets.com\/","name":"Jardin tropical de Nong Nooch","description":"","publisher":{"@id":"https:\/\/nongnoochtickets.com\/#organization"},"potentialAction":[{"@type":"SearchAction","target":{"@type":"EntryPoint","urlTemplate":"https:\/\/nongnoochtickets.com\/?s={search_term_string}"},"query-input":{"@type":"PropertyValueSpecification","valueRequired":true,"valueName":"search_term_string"}}],"inLanguage":"fr-FR"},{"@type":"Organization","@id":"https:\/\/nongnoochtickets.com\/#organization","name":"Jardin tropical de Nong Nooch","url":"https:\/\/nongnoochtickets.com\/","logo":{"@type":"ImageObject","inLanguage":"fr-FR","@id":"https:\/\/nongnoochtickets.com\/#\/schema\/logo\/image\/","url":"https:\/\/nongnoochtickets.com\/wp-content\/uploads\/2024\/08\/Nong-Nooch-Tropical-Garden.png","contentUrl":"https:\/\/nongnoochtickets.com\/wp-content\/uploads\/2024\/08\/Nong-Nooch-Tropical-Garden.png","width":350,"height":100,"caption":"Nong Nooch Tropical Garden"},"image":{"@id":"https:\/\/nongnoochtickets.com\/#\/schema\/logo\/image\/"}}]}},"jetpack_sharing_enabled":true,"_links":{"self":[{"href":"https:\/\/nongnoochtickets.com\/fr\/wp-json\/wp\/v2\/product\/3294","targetHints":{"allow":["GET"]}}],"collection":[{"href":"https:\/\/nongnoochtickets.com\/fr\/wp-json\/wp\/v2\/product"}],"about":[{"href":"https:\/\/nongnoochtickets.com\/fr\/wp-json\/wp\/v2\/types\/product"}],"wp:featuredmedia":[{"embeddable":true,"href":"https:\/\/nongnoochtickets.com\/fr\/wp-json\/wp\/v2\/media\/3177"}],"wp:attachment":[{"href":"https:\/\/nongnoochtickets.com\/fr\/wp-json\/wp\/v2\/media?parent=3294"}],"wp:term":[{"taxonomy":"product_brand","embeddable":true,"href":"https:\/\/nongnoochtickets.com\/fr\/wp-json\/wp\/v2\/product_brand?post=3294"},{"taxonomy":"product_cat","embeddable":true,"href":"https:\/\/nongnoochtickets.com\/fr\/wp-json\/wp\/v2\/product_cat?post=3294"},{"taxonomy":"product_tag","embeddable":true,"href":"https:\/\/nongnoochtickets.com\/fr\/wp-json\/wp\/v2\/product_tag?post=3294"}],"curies":[{"name":"wp","href":"https:\/\/api.w.org\/{rel}","templated":true}]}}