{"id":617,"date":"2024-09-04T16:21:40","date_gmt":"2024-09-04T10:51:40","guid":{"rendered":"https:\/\/nongnoochtickets.com\/?page_id=617"},"modified":"2024-11-04T06:01:30","modified_gmt":"2024-11-04T00:31:30","slug":"details-de-lentreprise","status":"publish","type":"page","link":"https:\/\/nongnoochtickets.com\/fr\/details-de-lentreprise\/","title":{"rendered":"D\u00e9tails de l&#039;entreprise"},"content":{"rendered":"<div data-elementor-type=\"wp-page\" data-elementor-id=\"617\" class=\"elementor elementor-617\" data-elementor-post-type=\"page\">\n\t\t\t\t\t\t<section data-particle_enable=\"false\" data-particle-mobile-disabled=\"false\" class=\"elementor-section elementor-top-section elementor-element elementor-element-f3e94ce elementor-section-boxed elementor-section-height-default elementor-section-height-default\" data-id=\"f3e94ce\" data-element_type=\"section\" data-e-type=\"section\">\n\t\t\t\t\t\t<div class=\"elementor-container elementor-column-gap-default\">\n\t\t\t\t\t<div class=\"elementor-column elementor-col-100 elementor-top-column elementor-element elementor-element-39bb9e9\" data-id=\"39bb9e9\" data-element_type=\"column\" data-e-type=\"column\">\n\t\t\t<div class=\"elementor-widget-wrap elementor-element-populated\">\n\t\t\t\t\t\t<div class=\"elementor-element elementor-element-7c4897a elementor-widget elementor-widget-text-editor\" data-id=\"7c4897a\" data-element_type=\"widget\" data-e-type=\"widget\" data-widget_type=\"text-editor.default\">\n\t\t\t\t<div class=\"elementor-widget-container\">\n\t\t\t\t\t\t\t\t\t<h2 style=\"text-align: center;\"><span style=\"color: #000000;\">D\u00e9tails de l&#039;entreprise<\/span><\/h2><p><span style=\"color: #000000;\">Bienvenue \u00e0 <strong>Jardin tropical de Nong Nooch<\/strong>, votre plateforme de r\u00e9f\u00e9rence pour explorer et r\u00e9server des billets pour l&#039;une des attractions les plus \u00e9poustouflantes de Tha\u00eflande. G\u00e9r\u00e9 par <strong>Vacances \u00e0 Triplyn<\/strong>, nous garantissons une exp\u00e9rience de r\u00e9servation fluide avec des offres exclusives et un service exceptionnel. Notre d\u00e9vouement consiste \u00e0 cr\u00e9er des visites inoubliables et enrichissantes pour tous nos clients.<\/span><\/p><h3><span style=\"color: #000000;\">\u00c0 propos de nous<\/span><\/h3><p><span style=\"color: #000000;\"><strong>Vacances \u00e0 Triplyn<\/strong> est un leader de confiance dans l&#039;industrie du voyage, fournissant des solutions de voyage de premier ordre dans le monde entier. <strong>Jardin tropical de Nong Nooch<\/strong>, nous nous sp\u00e9cialisons dans l&#039;offre de services de r\u00e9servation de billets exclusifs qui offrent commodit\u00e9 et valeur. Notre mission est de faire de votre visite une exp\u00e9rience extraordinaire, mettant en valeur la beaut\u00e9, la culture et les attractions de la Tha\u00eflande.<\/span><\/p><h3><span style=\"color: #000000;\">Informations sur la soci\u00e9t\u00e9<\/span><\/h3><p><span style=\"color: #000000;\"><strong>Nom de l&#039;entreprise<\/strong>: Vacances \u00e0 Triplyn<\/span><br \/><span style=\"color: #000000;\"><strong>Site web<\/strong>: <a style=\"color: #000000;\" href=\"https:\/\/nongnoochtickets.com\/fr\" target=\"_new\" rel=\"noopener\">Jardin tropical de Nong Nooch<\/a><\/span><br \/><span style=\"color: #000000;\"><strong>Adresse enregistr\u00e9e<\/strong>: A-54, zone industrielle de Keshopur, Vikaspuri, New Delhi 110018, Inde<\/span><br \/><span style=\"color: #000000;\"><strong>E-mail<\/strong>: <a style=\"color: #000000;\" href=\"mailto:contact@nongnoochtickets.com\" rel=\"noopener\">contact@nongnoochtickets.com<\/a><\/span><\/p><p><span style=\"color: #000000;\">Notre engagement en mati\u00e8re de transparence et de satisfaction client nous aide \u00e0 offrir des exp\u00e9riences m\u00e9morables \u00e0 chaque visiteur.<\/span><\/p><h3><span style=\"color: #000000;\">Contactez-nous<\/span><\/h3><p><span style=\"color: #000000;\">Pour toute demande de renseignements ou d&#039;assistance concernant votre visite \u00e0 <strong>Jardin tropical de Nong Nooch<\/strong>, veuillez nous contacter\u00a0:<\/span><\/p><ul><li><span style=\"color: #000000;\"><strong>E-mail<\/strong>: <a style=\"color: #000000;\" href=\"mailto:contact@nongnoochtickets.com\" rel=\"noopener\">contact@nongnoochtickets.com<\/a><\/span><\/li><li><span style=\"color: #000000;\"><strong>Adresse<\/strong>: 34\/1 Sukhumvit Road, Na Chom Thian, district de Sattahip, Chon Buri 20250, Tha\u00eflande<\/span><\/li><li><span style=\"color: #000000;\"><strong>Localisation sur Google Maps<\/strong>: <a href=\"https:\/\/maps.app.goo.gl\/AwWepSfe6DdhvcTr8\">Emplacement du jardin tropical de Nong Nooch<\/a><\/span><\/li><\/ul><p><span style=\"color: #000000;\">Notre \u00e9quipe de support s&#039;engage \u00e0 assurer des r\u00e9ponses rapides et efficaces pour am\u00e9liorer votre visite.<\/span><\/p><h3><span style=\"color: #000000;\">Pourquoi choisir le jardin tropical de Nong Nooch ?<\/span><\/h3><ul><li><span style=\"color: #000000;\"><strong>Conseils d&#039;experts<\/strong>:Avec des ann\u00e9es d&#039;expertise, <strong>Vacances \u00e0 Triplyn<\/strong> offre un service in\u00e9gal\u00e9.<\/span><\/li><li><span style=\"color: #000000;\"><strong>Assistance client\u00e8le<\/strong>:Une assistance amicale et d\u00e9vou\u00e9e pour une exp\u00e9rience sans tracas.<\/span><\/li><li><span style=\"color: #000000;\"><strong>Offres exclusives<\/strong>:Prix comp\u00e9titifs et promotions sp\u00e9ciales sur les billets d&#039;entr\u00e9e et les exp\u00e9riences.<\/span><\/li><\/ul><h3><span style=\"color: #000000;\">R\u00e9servez vos billets d\u00e8s aujourd&#039;hui !<\/span><\/h3><p><span style=\"color: #000000;\">Explorez la beaut\u00e9 et la culture de <strong>Jardin tropical de Nong Nooch<\/strong> en toute simplicit\u00e9. Visitez notre <a style=\"color: #000000;\" href=\"https:\/\/nongnoochtickets.com\/fr\" target=\"_new\" rel=\"noopener\">Page de billets pour le jardin tropical de Nong Nooch<\/a> pour trouver les meilleures offres et effectuer votre r\u00e9servation. Profitez d&#039;une journ\u00e9e remplie de jardins \u00e9poustouflants, de spectacles culturels et d&#039;activit\u00e9s qui cr\u00e9eront des souvenirs pr\u00e9cieux.<\/span><\/p><p><span style=\"color: #000000;\"><a href=\"https:\/\/nongnoochtickets.com\/fr\"><strong>Cliquez ici<\/strong><\/a> pour r\u00e9server vos billets et embarquer pour un voyage \u00e0 travers les merveilles de la Tha\u00eflande !<\/span><\/p>\t\t\t\t\t\t\t\t<\/div>\n\t\t\t\t<\/div>\n\t\t\t\t\t<\/div>\n\t\t<\/div>\n\t\t\t\t\t<\/div>\n\t\t<\/section>\n\t\t\t\t<\/div>","protected":false},"excerpt":{"rendered":"<p>Company Details Welcome to Nong Nooch Tropical Garden, your go-to platform for exploring and booking tickets to one of Thailand\u2019s most breathtaking attractions. Managed by Triplyn Holidays, we ensure a seamless booking experience with exclusive offers and exceptional service. Our dedication lies in creating unforgettable and enriching visits for all our guests. About Us Triplyn [&hellip;]<\/p>\n","protected":false},"author":1,"featured_media":0,"parent":0,"menu_order":0,"comment_status":"closed","ping_status":"closed","template":"","meta":{"ocean_post_layout":"","ocean_both_sidebars_style":"","ocean_both_sidebars_content_width":0,"ocean_both_sidebars_sidebars_width":0,"ocean_sidebar":"","ocean_second_sidebar":"","ocean_disable_margins":"enable","ocean_add_body_class":"","ocean_shortcode_before_top_bar":"","ocean_shortcode_after_top_bar":"","ocean_shortcode_before_header":"","ocean_shortcode_after_header":"","ocean_has_shortcode":"","ocean_shortcode_after_title":"","ocean_shortcode_before_footer_widgets":"","ocean_shortcode_after_footer_widgets":"","ocean_shortcode_before_footer_bottom":"","ocean_shortcode_after_footer_bottom":"","ocean_display_top_bar":"default","ocean_display_header":"default","ocean_header_style":"","ocean_center_header_left_menu":"","ocean_custom_header_template":"","ocean_custom_logo":0,"ocean_custom_retina_logo":0,"ocean_custom_logo_max_width":0,"ocean_custom_logo_tablet_max_width":0,"ocean_custom_logo_mobile_max_width":0,"ocean_custom_logo_max_height":0,"ocean_custom_logo_tablet_max_height":0,"ocean_custom_logo_mobile_max_height":0,"ocean_header_custom_menu":"","ocean_menu_typo_font_family":"","ocean_menu_typo_font_subset":"","ocean_menu_typo_font_size":0,"ocean_menu_typo_font_size_tablet":0,"ocean_menu_typo_font_size_mobile":0,"ocean_menu_typo_font_size_unit":"px","ocean_menu_typo_font_weight":"","ocean_menu_typo_font_weight_tablet":"","ocean_menu_typo_font_weight_mobile":"","ocean_menu_typo_transform":"","ocean_menu_typo_transform_tablet":"","ocean_menu_typo_transform_mobile":"","ocean_menu_typo_line_height":0,"ocean_menu_typo_line_height_tablet":0,"ocean_menu_typo_line_height_mobile":0,"ocean_menu_typo_line_height_unit":"","ocean_menu_typo_spacing":0,"ocean_menu_typo_spacing_tablet":0,"ocean_menu_typo_spacing_mobile":0,"ocean_menu_typo_spacing_unit":"","ocean_menu_link_color":"","ocean_menu_link_color_hover":"","ocean_menu_link_color_active":"","ocean_menu_link_background":"","ocean_menu_link_hover_background":"","ocean_menu_link_active_background":"","ocean_menu_social_links_bg":"","ocean_menu_social_hover_links_bg":"","ocean_menu_social_links_color":"","ocean_menu_social_hover_links_color":"","ocean_disable_title":"default","ocean_disable_heading":"default","ocean_post_title":"","ocean_post_subheading":"","ocean_post_title_style":"","ocean_post_title_background_color":"","ocean_post_title_background":0,"ocean_post_title_bg_image_position":"","ocean_post_title_bg_image_attachment":"","ocean_post_title_bg_image_repeat":"","ocean_post_title_bg_image_size":"","ocean_post_title_height":0,"ocean_post_title_bg_overlay":0.5,"ocean_post_title_bg_overlay_color":"","ocean_disable_breadcrumbs":"default","ocean_breadcrumbs_color":"","ocean_breadcrumbs_separator_color":"","ocean_breadcrumbs_links_color":"","ocean_breadcrumbs_links_hover_color":"","ocean_display_footer_widgets":"default","ocean_display_footer_bottom":"default","ocean_custom_footer_template":"","footnotes":""},"class_list":["post-617","page","type-page","status-publish","hentry","entry","owp-thumbs-layout-horizontal","owp-btn-normal","owp-tabs-layout-horizontal","has-no-thumbnails","has-product-nav"],"yoast_head":"<!-- This site is optimized with the Yoast SEO plugin v27.3 - https:\/\/yoast.com\/product\/yoast-seo-wordpress\/ -->\n<title>Company Details | Nong Nooch Tropical Garden - Triplyn Holidays<\/title>\n<meta name=\"description\" content=\"Discover Detailed Company Information For Nong Nooch Tropical Garden. Contact, Address &amp; Booking Details. Know About Triplyn Holidays.\" \/>\n<meta name=\"robots\" content=\"noindex, follow\" \/>\n<meta property=\"og:locale\" content=\"fr_FR\" \/>\n<meta property=\"og:type\" content=\"article\" \/>\n<meta property=\"og:title\" content=\"Company Details | Nong Nooch Tropical Garden - Triplyn Holidays\" \/>\n<meta property=\"og:description\" content=\"Discover Detailed Company Information For Nong Nooch Tropical Garden. Contact, Address &amp; Booking Details. Know About Triplyn Holidays.\" \/>\n<meta property=\"og:url\" content=\"https:\/\/nongnoochtickets.com\/fr\/details-de-lentreprise\/\" \/>\n<meta property=\"og:site_name\" content=\"Nong Nooch Tropical Garden\" \/>\n<meta property=\"article:modified_time\" content=\"2024-11-04T00:31:30+00:00\" \/>\n<meta name=\"twitter:card\" content=\"summary_large_image\" \/>\n<meta name=\"twitter:label1\" content=\"Dur\u00e9e de lecture estim\u00e9e\" \/>\n\t<meta name=\"twitter:data1\" content=\"2 minutes\" \/>\n<script type=\"application\/ld+json\" class=\"yoast-schema-graph\">{\"@context\":\"https:\\\/\\\/schema.org\",\"@graph\":[{\"@type\":\"WebPage\",\"@id\":\"https:\\\/\\\/nongnoochtickets.com\\\/company-details\\\/\",\"url\":\"https:\\\/\\\/nongnoochtickets.com\\\/company-details\\\/\",\"name\":\"Company Details | Nong Nooch Tropical Garden - Triplyn Holidays\",\"isPartOf\":{\"@id\":\"https:\\\/\\\/nongnoochtickets.com\\\/#website\"},\"datePublished\":\"2024-09-04T10:51:40+00:00\",\"dateModified\":\"2024-11-04T00:31:30+00:00\",\"description\":\"Discover Detailed Company Information For Nong Nooch Tropical Garden. Contact, Address & Booking Details. Know About Triplyn Holidays.\",\"breadcrumb\":{\"@id\":\"https:\\\/\\\/nongnoochtickets.com\\\/company-details\\\/#breadcrumb\"},\"inLanguage\":\"fr-FR\",\"potentialAction\":[{\"@type\":\"ReadAction\",\"target\":[\"https:\\\/\\\/nongnoochtickets.com\\\/company-details\\\/\"]}]},{\"@type\":\"BreadcrumbList\",\"@id\":\"https:\\\/\\\/nongnoochtickets.com\\\/company-details\\\/#breadcrumb\",\"itemListElement\":[{\"@type\":\"ListItem\",\"position\":1,\"name\":\"Home\",\"item\":\"https:\\\/\\\/nongnoochtickets.com\\\/\"},{\"@type\":\"ListItem\",\"position\":2,\"name\":\"Company Details\"}]},{\"@type\":\"WebSite\",\"@id\":\"https:\\\/\\\/nongnoochtickets.com\\\/#website\",\"url\":\"https:\\\/\\\/nongnoochtickets.com\\\/\",\"name\":\"Nong Nooch Tropical Garden\",\"description\":\"\",\"publisher\":{\"@id\":\"https:\\\/\\\/nongnoochtickets.com\\\/#organization\"},\"potentialAction\":[{\"@type\":\"SearchAction\",\"target\":{\"@type\":\"EntryPoint\",\"urlTemplate\":\"https:\\\/\\\/nongnoochtickets.com\\\/?s={search_term_string}\"},\"query-input\":{\"@type\":\"PropertyValueSpecification\",\"valueRequired\":true,\"valueName\":\"search_term_string\"}}],\"inLanguage\":\"fr-FR\"},{\"@type\":\"Organization\",\"@id\":\"https:\\\/\\\/nongnoochtickets.com\\\/#organization\",\"name\":\"Nong Nooch Tropical Garden\",\"url\":\"https:\\\/\\\/nongnoochtickets.com\\\/\",\"logo\":{\"@type\":\"ImageObject\",\"inLanguage\":\"fr-FR\",\"@id\":\"https:\\\/\\\/nongnoochtickets.com\\\/#\\\/schema\\\/logo\\\/image\\\/\",\"url\":\"https:\\\/\\\/nongnoochtickets.com\\\/wp-content\\\/uploads\\\/2024\\\/08\\\/Nong-Nooch-Tropical-Garden.png\",\"contentUrl\":\"https:\\\/\\\/nongnoochtickets.com\\\/wp-content\\\/uploads\\\/2024\\\/08\\\/Nong-Nooch-Tropical-Garden.png\",\"width\":350,\"height\":100,\"caption\":\"Nong Nooch Tropical Garden\"},\"image\":{\"@id\":\"https:\\\/\\\/nongnoochtickets.com\\\/#\\\/schema\\\/logo\\\/image\\\/\"}}]}<\/script>\n<!-- \/ Yoast SEO plugin. -->","yoast_head_json":{"title":"D\u00e9tails de l&#039;entreprise | Jardin tropical de Nong Nooch - Triplyn Holidays","description":"D\u00e9couvrez les informations d\u00e9taill\u00e9es sur l&#039;entreprise Nong Nooch Tropical Garden. Coordonn\u00e9es, adresse et d\u00e9tails de r\u00e9servation. D\u00e9couvrez Triplyn Holidays.","robots":{"index":"noindex","follow":"follow"},"og_locale":"fr_FR","og_type":"article","og_title":"Company Details | Nong Nooch Tropical Garden - Triplyn Holidays","og_description":"Discover Detailed Company Information For Nong Nooch Tropical Garden. Contact, Address & Booking Details. Know About Triplyn Holidays.","og_url":"https:\/\/nongnoochtickets.com\/fr\/details-de-lentreprise\/","og_site_name":"Nong Nooch Tropical Garden","article_modified_time":"2024-11-04T00:31:30+00:00","twitter_card":"summary_large_image","twitter_misc":{"Dur\u00e9e de lecture estim\u00e9e":"2 minutes"},"schema":{"@context":"https:\/\/schema.org","@graph":[{"@type":"WebPage","@id":"https:\/\/nongnoochtickets.com\/company-details\/","url":"https:\/\/nongnoochtickets.com\/company-details\/","name":"D\u00e9tails de l&#039;entreprise | Jardin tropical de Nong Nooch - Triplyn Holidays","isPartOf":{"@id":"https:\/\/nongnoochtickets.com\/#website"},"datePublished":"2024-09-04T10:51:40+00:00","dateModified":"2024-11-04T00:31:30+00:00","description":"D\u00e9couvrez les informations d\u00e9taill\u00e9es sur l&#039;entreprise Nong Nooch Tropical Garden. Coordonn\u00e9es, adresse et d\u00e9tails de r\u00e9servation. D\u00e9couvrez Triplyn Holidays.","breadcrumb":{"@id":"https:\/\/nongnoochtickets.com\/company-details\/#breadcrumb"},"inLanguage":"fr-FR","potentialAction":[{"@type":"ReadAction","target":["https:\/\/nongnoochtickets.com\/company-details\/"]}]},{"@type":"BreadcrumbList","@id":"https:\/\/nongnoochtickets.com\/company-details\/#breadcrumb","itemListElement":[{"@type":"ListItem","position":1,"name":"Home","item":"https:\/\/nongnoochtickets.com\/"},{"@type":"ListItem","position":2,"name":"Company Details"}]},{"@type":"WebSite","@id":"https:\/\/nongnoochtickets.com\/#website","url":"https:\/\/nongnoochtickets.com\/","name":"Jardin tropical de Nong Nooch","description":"","publisher":{"@id":"https:\/\/nongnoochtickets.com\/#organization"},"potentialAction":[{"@type":"SearchAction","target":{"@type":"EntryPoint","urlTemplate":"https:\/\/nongnoochtickets.com\/?s={search_term_string}"},"query-input":{"@type":"PropertyValueSpecification","valueRequired":true,"valueName":"search_term_string"}}],"inLanguage":"fr-FR"},{"@type":"Organization","@id":"https:\/\/nongnoochtickets.com\/#organization","name":"Jardin tropical de Nong Nooch","url":"https:\/\/nongnoochtickets.com\/","logo":{"@type":"ImageObject","inLanguage":"fr-FR","@id":"https:\/\/nongnoochtickets.com\/#\/schema\/logo\/image\/","url":"https:\/\/nongnoochtickets.com\/wp-content\/uploads\/2024\/08\/Nong-Nooch-Tropical-Garden.png","contentUrl":"https:\/\/nongnoochtickets.com\/wp-content\/uploads\/2024\/08\/Nong-Nooch-Tropical-Garden.png","width":350,"height":100,"caption":"Nong Nooch Tropical Garden"},"image":{"@id":"https:\/\/nongnoochtickets.com\/#\/schema\/logo\/image\/"}}]}},"jetpack_sharing_enabled":true,"_links":{"self":[{"href":"https:\/\/nongnoochtickets.com\/fr\/wp-json\/wp\/v2\/pages\/617","targetHints":{"allow":["GET"]}}],"collection":[{"href":"https:\/\/nongnoochtickets.com\/fr\/wp-json\/wp\/v2\/pages"}],"about":[{"href":"https:\/\/nongnoochtickets.com\/fr\/wp-json\/wp\/v2\/types\/page"}],"author":[{"embeddable":true,"href":"https:\/\/nongnoochtickets.com\/fr\/wp-json\/wp\/v2\/users\/1"}],"replies":[{"embeddable":true,"href":"https:\/\/nongnoochtickets.com\/fr\/wp-json\/wp\/v2\/comments?post=617"}],"version-history":[{"count":20,"href":"https:\/\/nongnoochtickets.com\/fr\/wp-json\/wp\/v2\/pages\/617\/revisions"}],"predecessor-version":[{"id":3281,"href":"https:\/\/nongnoochtickets.com\/fr\/wp-json\/wp\/v2\/pages\/617\/revisions\/3281"}],"wp:attachment":[{"href":"https:\/\/nongnoochtickets.com\/fr\/wp-json\/wp\/v2\/media?parent=617"}],"curies":[{"name":"wp","href":"https:\/\/api.w.org\/{rel}","templated":true}]}}