{"id":3299,"date":"2024-11-12T11:16:17","date_gmt":"2024-11-12T05:46:17","guid":{"rendered":"https:\/\/nongnoochtickets.com\/?post_type=product&#038;p=3299"},"modified":"2024-12-17T20:19:37","modified_gmt":"2024-12-17T14:49:37","slug":"entrada-al-jardin-tropical-de-nong-nooch-espectaculo-traslados-compartidos-de-ida-y-vuelta-al-hotel","status":"publish","type":"product","link":"https:\/\/nongnoochtickets.com\/es\/entradas\/entrada-al-jardin-tropical-de-nong-nooch-espectaculo-traslados-compartidos-de-ida-y-vuelta-al-hotel\/","title":{"rendered":"Entrada al jard\u00edn tropical de Nong Nooch + espect\u00e1culo + traslados compartidos de ida y vuelta al hotel"},"content":{"rendered":"<h2>Acerca del jard\u00edn tropical de Nong Nooch: entrada + espect\u00e1culo + traslados compartidos de ida y vuelta al hotel<\/h2>\n<p>El <strong>Entrada + Espect\u00e1culo + Traslados compartidos ida y vuelta al hotel<\/strong> El paquete ofrece una experiencia c\u00f3moda e inmersiva en <strong>Jard\u00edn tropical de Nong Nooch<\/strong>Con este paquete, los visitantes disfrutan de transporte sin complicaciones desde su hotel en Pattaya, entrada al jard\u00edn y acceso a dos espect\u00e1culos emocionantes: el <strong>Espect\u00e1culo cultural tailand\u00e9s<\/strong> y el <strong>Espect\u00e1culo de elefantes<\/strong>Esta es una opci\u00f3n ideal para quienes buscan una experiencia cultural sin estr\u00e9s con la comodidad adicional de traslados de ida y vuelta compartidos.<\/p>\n<hr \/>\n<h3>Horarios<\/h3>\n<ul>\n<li><strong>Horario del jard\u00edn<\/strong>:08:00 AM \u2013 06:00 PM, todos los d\u00edas.<\/li>\n<li><strong>Horarios del espect\u00e1culo<\/strong>:Cuatro rondas diarias a las 10:30 a. m., 11:30 a. m., 1:30 p. m. y 3:30 p. m. (espect\u00e1culo cultural tailand\u00e9s + espect\u00e1culo de elefantes).<\/li>\n<li><strong>Recogida de traslado<\/strong>:Los horarios de recogida var\u00edan; confirme su horario de recogida espec\u00edfico despu\u00e9s de realizar la reserva.<\/li>\n<\/ul>\n<hr \/>\n<h3>Reflejos<\/h3>\n<ul>\n<li><strong>Traslados de ida y vuelta<\/strong>:Disfrute de c\u00f3modos traslados compartidos desde su hotel de Pattaya hasta el jard\u00edn tropical Nong Nooch y viceversa.<\/li>\n<li><strong>Espect\u00e1culos cautivadores<\/strong>:Sea testigo del espect\u00e1culo cultural tailand\u00e9s, que muestra m\u00fasica y danza tradicionales, y del espect\u00e1culo de elefantes, con divertidos trucos y actuaciones.<\/li>\n<li><strong>Experiencia sin estr\u00e9s<\/strong>:Conc\u00e9ntrese en disfrutar su d\u00eda sin preocuparse por el transporte o la log\u00edstica.<\/li>\n<li><strong>Perfecto para los entusiastas de la cultura<\/strong>:Experimente las vibrantes tradiciones y el rico patrimonio de Tailandia en uno de los entornos m\u00e1s pintorescos del pa\u00eds.<\/li>\n<\/ul>\n<hr \/>\n<h3>Qu\u00e9 incluye<\/h3>\n<ul>\n<li><strong>Admisi\u00f3n<\/strong> al Jard\u00edn Tropical de Nong Nooch.<\/li>\n<li><strong>Traslados compartidos de ida y vuelta al hotel<\/strong> Dentro de Pattaya.<\/li>\n<li><strong>Acceso al espect\u00e1culo cultural tailand\u00e9s<\/strong> y <strong>Espect\u00e1culo de elefantes<\/strong> con asientos est\u00e1ndar.<\/li>\n<\/ul>\n<hr \/>\n<h3>Inclusiones \/ Exclusiones<\/h3>\n<p><strong>Inclusiones<\/strong>:<\/p>\n<ul>\n<li>Entrada al jard\u00edn.<\/li>\n<li>Traslados compartidos de ida y vuelta desde hoteles de Pattaya.<\/li>\n<li>Entrada al espect\u00e1culo cultural tailand\u00e9s y al espect\u00e1culo de elefantes.<\/li>\n<\/ul>\n<p><strong>Exclusiones<\/strong>:<\/p>\n<ul>\n<li>Almuerzo buffet u otras opciones gastron\u00f3micas (disponibles como complemento).<\/li>\n<li>Asientos VIP para espect\u00e1culos (disponibles con ciertas mejoras de entradas).<\/li>\n<li>Actividades o experiencias adicionales fuera de la oferta del paquete.<\/li>\n<\/ul>\n<hr \/>\n<h3>Pol\u00edtica infantil<\/h3>\n<ul>\n<li><strong>Requisitos para adquirir entradas para ni\u00f1os<\/strong>:Los ni\u00f1os entre 90 y 130 cm de altura califican para el precio de ni\u00f1o.<\/li>\n<li><strong>Admisi\u00f3n de beb\u00e9s<\/strong>:Los ni\u00f1os menores de 90 cm pueden entrar gratis.<\/li>\n<\/ul>\n<hr \/>\n<h3>Pol\u00edtica de reembolso y cancelaci\u00f3n<\/h3>\n<ul>\n<li><strong>Sin reembolsos<\/strong>:Este paquete no es reembolsable ni cancelable.<\/li>\n<li><strong>Reprogramaci\u00f3n<\/strong>:Es posible que se pueda reprogramar con un aviso de 48 horas para paquetes con traslados compartidos, sujeto a disponibilidad.<\/li>\n<\/ul>\n<hr \/>\n<h3>\u00bfQu\u00e9 hay m\u00e1s?<\/h3>\n<ul>\n<li><strong>Viaje sin interrupciones<\/strong>:El traslado compartido garantiza una experiencia c\u00f3moda y sin preocupaciones, con recogida y regreso directamente a su hotel.<\/li>\n<li><strong>Espect\u00e1culos culturales ricos<\/strong>:Disfrute de lo mejor de la tradici\u00f3n tailandesa con el espect\u00e1culo cultural tailand\u00e9s y el espect\u00e1culo de elefantes, dise\u00f1ados para entretener y educar.<\/li>\n<li><strong>Ideal para todas las edades<\/strong>:Este paquete es ideal para familias y es adecuado para visitantes de todas las edades, especialmente aquellos que buscan una salida relajante pero enriquecedora.<\/li>\n<\/ul>\n<hr \/>\n<h3>Consejos de expertos<\/h3>\n<ul>\n<li><strong>Planificar los horarios de las exhibiciones<\/strong>:Coordina tu visita y traslados en funci\u00f3n de los horarios de los espect\u00e1culos para aprovechar al m\u00e1ximo tu d\u00eda.<\/li>\n<li><strong>Trae lo esencial<\/strong>:Lleve c\u00e1mara, agua y zapatos c\u00f3modos para disfrutar plenamente del jard\u00edn y los espect\u00e1culos.<\/li>\n<li><strong>Est\u00e9 listo para la recogida<\/strong>Aseg\u00farese de estar listo en el lobby de su hotel a la hora de recogida designada para comenzar su viaje sin problemas.<\/li>\n<\/ul>\n<hr \/>\n<h3>Qu\u00e9 hacer y qu\u00e9 no hacer<\/h3>\n<p><strong>Qu\u00e9 hacer<\/strong>:<\/p>\n<ul>\n<li>Lleve una identificaci\u00f3n con fotograf\u00eda v\u00e1lida para verificar la entrada.<\/li>\n<li>Llegue a los lugares de espect\u00e1culo unos minutos antes para asegurarse un buen asiento.<\/li>\n<li>V\u00edstase c\u00f3modamente, ya que las zonas ajardinadas pueden requerir algo de caminata.<\/li>\n<\/ul>\n<p><strong>Qu\u00e9 no hacer<\/strong>:<\/p>\n<ul>\n<li>Evite traer comida y bebidas del exterior, ya que hay opciones para comer en el establecimiento.<\/li>\n<li>No interrumpa el espect\u00e1culo utilizando flash o haciendo ruidos fuertes.<\/li>\n<\/ul>\n<hr \/>\n<h3>Lo que debes saber antes de ir<\/h3>\n<ul>\n<li><strong>Requisito de identificaci\u00f3n<\/strong>:Los extranjeros deben llevar un pasaporte como prueba de identidad.<\/li>\n<li><strong>Preparaci\u00f3n para el clima<\/strong>:El jard\u00edn tropical de Nong Nooch permanece abierto incluso cuando llueve ligeramente, as\u00ed que traiga un paraguas o un impermeable si es necesario.<\/li>\n<li><strong>Mostrar coordinaci\u00f3n de tiempos<\/strong>:Planee asistir a uno de los horarios de espect\u00e1culos programados (10:30 a. m., 11:30 a. m., 1:30 p. m. o 3:30 p. m.) para aprovechar al m\u00e1ximo su visita.<\/li>\n<\/ul>\n<hr \/>\n<h3>Direcci\u00f3n, Mapas y Ubicaci\u00f3n<\/h3>\n<ul>\n<li><strong>DIRECCI\u00d3N<\/strong>: 34\/1 Sukhumvit Road, Na Chom Thian, distrito de Sattahip, Chon Buri 20250, Tailandia<\/li>\n<li><strong>Ubicaci\u00f3n de Google Maps<\/strong>: <a href=\"https:\/\/maps.app.goo.gl\/AwWepSfe6DdhvcTr8\" target=\"_new\" rel=\"noopener\">Ubicaci\u00f3n del jard\u00edn tropical de Nong Nooch<\/a><\/li>\n<\/ul>\n<hr \/>\n<h3>C\u00f3mo llegar<\/h3>\n<ul>\n<li><strong>Traslados compartidos incluidos<\/strong>:Los traslados compartidos de ida y vuelta desde los hoteles de Pattaya est\u00e1n incluidos en este paquete para m\u00e1xima comodidad.<\/li>\n<li><strong>Transporte personal<\/strong>:Para aquellos que no utilizan traslados compartidos, Nong Nooch est\u00e1 a aproximadamente 20 minutos en auto desde el centro de Pattaya.<\/li>\n<\/ul>\n<hr \/>\n<h3>Preguntas frecuentes (FAQ)<\/h3>\n<p><strong>1. \u00bfQu\u00e9 incluye el paquete Entrada + Espect\u00e1culo + Traslados Ida y Vuelta al Hotel Compartidos?<\/strong><br \/>\nEste paquete incluye entrada al jard\u00edn, traslados compartidos de ida y vuelta desde su hotel de Pattaya y acceso al espect\u00e1culo cultural tailand\u00e9s y al espect\u00e1culo de elefantes.<\/p>\n<p><strong>2. \u00bfLos traslados son privados o compartidos?<\/strong><br \/>\nEste paquete incluye traslados compartidos. Es posible que haya traslados privados disponibles por un costo adicional.<\/p>\n<p><strong>3. \u00bfPuedo mejorar mis asientos para los espect\u00e1culos?<\/strong><br \/>\nEs posible que haya asientos VIP disponibles en el lugar por una tarifa adicional, seg\u00fan disponibilidad.<\/p>\n<p><strong>4. \u00bfExiste un horario espec\u00edfico de recogida para los traslados?<\/strong><br \/>\nSu hora de recogida se confirmar\u00e1 despu\u00e9s de la reserva, en funci\u00f3n de la ubicaci\u00f3n de su hotel y la hora del espect\u00e1culo elegido.<\/p>\n<p><strong>5. \u00bfPuedo llevar mi propia comida y bebida?<\/strong><br \/>\nNo se permite ingresar alimentos ni bebidas del exterior, pero hay varias opciones para comer disponibles en el lugar.<\/p>\n<p><strong>6. \u00bfCu\u00e1nto duran los espect\u00e1culos?<\/strong><br \/>\nCada espect\u00e1culo dura aproximadamente entre 20 y 30 minutos y ofrece una mirada concisa pero atractiva a la cultura y el entretenimiento tailandeses.<\/p>\n<p><strong>7. \u00bfLos espect\u00e1culos son aptos para ni\u00f1os?<\/strong><br \/>\nS\u00ed, tanto el espect\u00e1culo cultural tailand\u00e9s como el espect\u00e1culo de elefantes son aptos para toda la familia y adecuados para todas las edades.<\/p>\n<p><strong>8. \u00bfQu\u00e9 debo vestir?<\/strong><br \/>\nUse ropa y calzado c\u00f3modos y adecuados para caminar y explorar el jard\u00edn.<\/p>\n<p>El <strong>Entrada + Espect\u00e1culo + Traslados compartidos ida y vuelta al hotel<\/strong> El paquete ofrece una forma c\u00f3moda, conveniente y enriquecedora de experimentar <a href=\"https:\/\/nongnoochtickets.com\/es\">Jard\u00edn tropical de Nong Nooch<\/a>Los hermosos paisajes y espect\u00e1culos culturales de Bangkok son perfectos para los visitantes que desean pasar un d\u00eda sin complicaciones inmersos en la belleza natural y cultural de Tailandia.<\/p>","protected":false},"excerpt":{"rendered":"<p>About Nong Nooch Tropical Garden \u2013 Admission Ticket + Show + Shared Round-Trip Hotel Transfers The Admission Ticket + Show + Shared Round-Trip Hotel Transfers package offers a convenient and immersive experience at Nong Nooch Tropical Garden. With this package, visitors enjoy hassle-free transportation from their hotel in Pattaya, admission to the garden, and access [&hellip;]<\/p>\n","protected":false},"featured_media":3169,"template":"","meta":{"ocean_post_layout":"","ocean_both_sidebars_style":"","ocean_both_sidebars_content_width":0,"ocean_both_sidebars_sidebars_width":0,"ocean_sidebar":"0","ocean_second_sidebar":"0","ocean_disable_margins":"enable","ocean_add_body_class":"","ocean_shortcode_before_top_bar":"","ocean_shortcode_after_top_bar":"","ocean_shortcode_before_header":"","ocean_shortcode_after_header":"","ocean_has_shortcode":"","ocean_shortcode_after_title":"","ocean_shortcode_before_footer_widgets":"","ocean_shortcode_after_footer_widgets":"","ocean_shortcode_before_footer_bottom":"","ocean_shortcode_after_footer_bottom":"","ocean_display_top_bar":"default","ocean_display_header":"default","ocean_header_style":"","ocean_center_header_left_menu":"0","ocean_custom_header_template":"0","ocean_custom_logo":0,"ocean_custom_retina_logo":0,"ocean_custom_logo_max_width":0,"ocean_custom_logo_tablet_max_width":0,"ocean_custom_logo_mobile_max_width":0,"ocean_custom_logo_max_height":0,"ocean_custom_logo_tablet_max_height":0,"ocean_custom_logo_mobile_max_height":0,"ocean_header_custom_menu":"0","ocean_menu_typo_font_family":"0","ocean_menu_typo_font_subset":"","ocean_menu_typo_font_size":0,"ocean_menu_typo_font_size_tablet":0,"ocean_menu_typo_font_size_mobile":0,"ocean_menu_typo_font_size_unit":"px","ocean_menu_typo_font_weight":"","ocean_menu_typo_font_weight_tablet":"","ocean_menu_typo_font_weight_mobile":"","ocean_menu_typo_transform":"","ocean_menu_typo_transform_tablet":"","ocean_menu_typo_transform_mobile":"","ocean_menu_typo_line_height":0,"ocean_menu_typo_line_height_tablet":0,"ocean_menu_typo_line_height_mobile":0,"ocean_menu_typo_line_height_unit":"","ocean_menu_typo_spacing":0,"ocean_menu_typo_spacing_tablet":0,"ocean_menu_typo_spacing_mobile":0,"ocean_menu_typo_spacing_unit":"","ocean_menu_link_color":"","ocean_menu_link_color_hover":"","ocean_menu_link_color_active":"","ocean_menu_link_background":"","ocean_menu_link_hover_background":"","ocean_menu_link_active_background":"","ocean_menu_social_links_bg":"","ocean_menu_social_hover_links_bg":"","ocean_menu_social_links_color":"","ocean_menu_social_hover_links_color":"","ocean_disable_title":"default","ocean_disable_heading":"default","ocean_post_title":"","ocean_post_subheading":"","ocean_post_title_style":"","ocean_post_title_background_color":"","ocean_post_title_background":0,"ocean_post_title_bg_image_position":"","ocean_post_title_bg_image_attachment":"","ocean_post_title_bg_image_repeat":"","ocean_post_title_bg_image_size":"","ocean_post_title_height":0,"ocean_post_title_bg_overlay":0.5,"ocean_post_title_bg_overlay_color":"","ocean_disable_breadcrumbs":"default","ocean_breadcrumbs_color":"","ocean_breadcrumbs_separator_color":"","ocean_breadcrumbs_links_color":"","ocean_breadcrumbs_links_hover_color":"","ocean_display_footer_widgets":"default","ocean_display_footer_bottom":"default","ocean_custom_footer_template":"0"},"product_brand":[],"product_cat":[20],"product_tag":[472,517,514,478,446,515,473,512,471,498,475,501,516,513],"class_list":{"0":"post-3299","1":"product","2":"type-product","3":"status-publish","4":"has-post-thumbnail","6":"product_cat-tickets","7":"product_tag-nong-nooch-admission-show","8":"product_tag-nong-nooch-combo","9":"product_tag-nong-nooch-entry-transfer","10":"product_tag-nong-nooch-event-ticket","11":"product_tag-nong-nooch-garden-thailand","12":"product_tag-nong-nooch-hotel-transfer","13":"product_tag-nong-nooch-performance","14":"product_tag-nong-nooch-shared-transfer","15":"product_tag-nong-nooch-show-ticket","16":"product_tag-nong-nooch-thailand-tour","17":"product_tag-nong-nooch-tickets","18":"product_tag-nong-nooch-tickets-combo","19":"product_tag-nong-nooch-transfer-package","20":"product_tag-nong-nooch-transport-package","22":"entry","23":"has-media","24":"tm-has-options","26":"first","27":"instock","28":"virtual","29":"taxable","30":"purchasable","31":"product-type-simple","32":"has-product-nav","33":"col","34":"span_1_of_3","35":"owp-content-center","36":"owp-thumbs-layout-horizontal","37":"owp-btn-normal","38":"owp-tabs-layout-horizontal"},"yoast_head":"<!-- This site is optimized with the Yoast SEO plugin v27.3 - https:\/\/yoast.com\/product\/yoast-seo-wordpress\/ -->\n<title>Book Nong Nooch Entry, Show And Transfers \u2013 Hassle-Free Tour<\/title>\n<meta name=\"description\" content=\"Enjoy Nong Nooch Admission, A Captivating Show, And Convenient Shared Hotel Transfers. Experience The Best, Stress-Free! Book Your Tickets Now.\" \/>\n<meta name=\"robots\" content=\"index, follow, max-snippet:-1, max-image-preview:large, max-video-preview:-1\" \/>\n<link rel=\"canonical\" href=\"https:\/\/nongnoochtickets.com\/es\/entradas\/entrada-al-jardin-tropical-de-nong-nooch-espectaculo-traslados-compartidos-de-ida-y-vuelta-al-hotel\/\" \/>\n<meta property=\"og:locale\" content=\"es_ES\" \/>\n<meta property=\"og:type\" content=\"article\" \/>\n<meta property=\"og:title\" content=\"Book Nong Nooch Entry, Show And Transfers \u2013 Hassle-Free Tour\" \/>\n<meta property=\"og:description\" content=\"Enjoy Nong Nooch Admission, A Captivating Show, And Convenient Shared Hotel Transfers. Experience The Best, Stress-Free! Book Your Tickets Now.\" \/>\n<meta property=\"og:url\" content=\"https:\/\/nongnoochtickets.com\/es\/entradas\/entrada-al-jardin-tropical-de-nong-nooch-espectaculo-traslados-compartidos-de-ida-y-vuelta-al-hotel\/\" \/>\n<meta property=\"og:site_name\" content=\"Nong Nooch Tropical Garden\" \/>\n<meta property=\"article:modified_time\" content=\"2024-12-17T14:49:37+00:00\" \/>\n<meta name=\"twitter:card\" content=\"summary_large_image\" \/>\n<meta name=\"twitter:label1\" content=\"Tiempo de lectura\" \/>\n\t<meta name=\"twitter:data1\" content=\"5 minutos\" \/>\n<script type=\"application\/ld+json\" class=\"yoast-schema-graph\">{\"@context\":\"https:\\\/\\\/schema.org\",\"@graph\":[{\"@type\":\"WebPage\",\"@id\":\"https:\\\/\\\/nongnoochtickets.com\\\/tickets\\\/nong-nooch-tropical-garden-admission-ticket-show-shared-round-trip-hotel-transfers\\\/\",\"url\":\"https:\\\/\\\/nongnoochtickets.com\\\/tickets\\\/nong-nooch-tropical-garden-admission-ticket-show-shared-round-trip-hotel-transfers\\\/\",\"name\":\"Book Nong Nooch Entry, Show And Transfers \u2013 Hassle-Free Tour\",\"isPartOf\":{\"@id\":\"https:\\\/\\\/nongnoochtickets.com\\\/#website\"},\"primaryImageOfPage\":{\"@id\":\"https:\\\/\\\/nongnoochtickets.com\\\/tickets\\\/nong-nooch-tropical-garden-admission-ticket-show-shared-round-trip-hotel-transfers\\\/#primaryimage\"},\"image\":{\"@id\":\"https:\\\/\\\/nongnoochtickets.com\\\/tickets\\\/nong-nooch-tropical-garden-admission-ticket-show-shared-round-trip-hotel-transfers\\\/#primaryimage\"},\"thumbnailUrl\":\"https:\\\/\\\/nongnoochtickets.com\\\/wp-content\\\/uploads\\\/2024\\\/11\\\/Nong-Nooch-Tropical-Garden.avif\",\"datePublished\":\"2024-11-12T05:46:17+00:00\",\"dateModified\":\"2024-12-17T14:49:37+00:00\",\"description\":\"Enjoy Nong Nooch Admission, A Captivating Show, And Convenient Shared Hotel Transfers. Experience The Best, Stress-Free! Book Your Tickets Now.\",\"breadcrumb\":{\"@id\":\"https:\\\/\\\/nongnoochtickets.com\\\/tickets\\\/nong-nooch-tropical-garden-admission-ticket-show-shared-round-trip-hotel-transfers\\\/#breadcrumb\"},\"inLanguage\":\"es\",\"potentialAction\":[{\"@type\":\"ReadAction\",\"target\":[\"https:\\\/\\\/nongnoochtickets.com\\\/tickets\\\/nong-nooch-tropical-garden-admission-ticket-show-shared-round-trip-hotel-transfers\\\/\"]}]},{\"@type\":\"ImageObject\",\"inLanguage\":\"es\",\"@id\":\"https:\\\/\\\/nongnoochtickets.com\\\/tickets\\\/nong-nooch-tropical-garden-admission-ticket-show-shared-round-trip-hotel-transfers\\\/#primaryimage\",\"url\":\"https:\\\/\\\/nongnoochtickets.com\\\/wp-content\\\/uploads\\\/2024\\\/11\\\/Nong-Nooch-Tropical-Garden.avif\",\"contentUrl\":\"https:\\\/\\\/nongnoochtickets.com\\\/wp-content\\\/uploads\\\/2024\\\/11\\\/Nong-Nooch-Tropical-Garden.avif\",\"width\":1058,\"height\":540,\"caption\":\"Nong Nooch Tropical Garden\"},{\"@type\":\"BreadcrumbList\",\"@id\":\"https:\\\/\\\/nongnoochtickets.com\\\/tickets\\\/nong-nooch-tropical-garden-admission-ticket-show-shared-round-trip-hotel-transfers\\\/#breadcrumb\",\"itemListElement\":[{\"@type\":\"ListItem\",\"position\":1,\"name\":\"Home\",\"item\":\"https:\\\/\\\/nongnoochtickets.com\\\/\"},{\"@type\":\"ListItem\",\"position\":2,\"name\":\"Tickets\",\"item\":\"https:\\\/\\\/nongnoochtickets.com\\\/tickets\\\/\"},{\"@type\":\"ListItem\",\"position\":3,\"name\":\"Nong Nooch Tropical Garden Admission Ticket + Show + Shared Round-Trip Hotel Transfers\"}]},{\"@type\":\"WebSite\",\"@id\":\"https:\\\/\\\/nongnoochtickets.com\\\/#website\",\"url\":\"https:\\\/\\\/nongnoochtickets.com\\\/\",\"name\":\"Nong Nooch Tropical Garden\",\"description\":\"\",\"publisher\":{\"@id\":\"https:\\\/\\\/nongnoochtickets.com\\\/#organization\"},\"potentialAction\":[{\"@type\":\"SearchAction\",\"target\":{\"@type\":\"EntryPoint\",\"urlTemplate\":\"https:\\\/\\\/nongnoochtickets.com\\\/?s={search_term_string}\"},\"query-input\":{\"@type\":\"PropertyValueSpecification\",\"valueRequired\":true,\"valueName\":\"search_term_string\"}}],\"inLanguage\":\"es\"},{\"@type\":\"Organization\",\"@id\":\"https:\\\/\\\/nongnoochtickets.com\\\/#organization\",\"name\":\"Nong Nooch Tropical Garden\",\"url\":\"https:\\\/\\\/nongnoochtickets.com\\\/\",\"logo\":{\"@type\":\"ImageObject\",\"inLanguage\":\"es\",\"@id\":\"https:\\\/\\\/nongnoochtickets.com\\\/#\\\/schema\\\/logo\\\/image\\\/\",\"url\":\"https:\\\/\\\/nongnoochtickets.com\\\/wp-content\\\/uploads\\\/2024\\\/08\\\/Nong-Nooch-Tropical-Garden.png\",\"contentUrl\":\"https:\\\/\\\/nongnoochtickets.com\\\/wp-content\\\/uploads\\\/2024\\\/08\\\/Nong-Nooch-Tropical-Garden.png\",\"width\":350,\"height\":100,\"caption\":\"Nong Nooch Tropical Garden\"},\"image\":{\"@id\":\"https:\\\/\\\/nongnoochtickets.com\\\/#\\\/schema\\\/logo\\\/image\\\/\"}}]}<\/script>\n<!-- \/ Yoast SEO plugin. -->","yoast_head_json":{"title":"Reserva la entrada, el espect\u00e1culo y los traslados a Nong Nooch: un recorrido sin complicaciones","description":"Disfrute de la entrada a Nong Nooch, un espect\u00e1culo cautivador y c\u00f3modos traslados compartidos al hotel. \u00a1Viva lo mejor sin estr\u00e9s! Reserve sus entradas ahora.","robots":{"index":"index","follow":"follow","max-snippet":"max-snippet:-1","max-image-preview":"max-image-preview:large","max-video-preview":"max-video-preview:-1"},"canonical":"https:\/\/nongnoochtickets.com\/es\/entradas\/entrada-al-jardin-tropical-de-nong-nooch-espectaculo-traslados-compartidos-de-ida-y-vuelta-al-hotel\/","og_locale":"es_ES","og_type":"article","og_title":"Book Nong Nooch Entry, Show And Transfers \u2013 Hassle-Free Tour","og_description":"Enjoy Nong Nooch Admission, A Captivating Show, And Convenient Shared Hotel Transfers. Experience The Best, Stress-Free! Book Your Tickets Now.","og_url":"https:\/\/nongnoochtickets.com\/es\/entradas\/entrada-al-jardin-tropical-de-nong-nooch-espectaculo-traslados-compartidos-de-ida-y-vuelta-al-hotel\/","og_site_name":"Nong Nooch Tropical Garden","article_modified_time":"2024-12-17T14:49:37+00:00","twitter_card":"summary_large_image","twitter_misc":{"Tiempo de lectura":"5 minutos"},"schema":{"@context":"https:\/\/schema.org","@graph":[{"@type":"WebPage","@id":"https:\/\/nongnoochtickets.com\/tickets\/nong-nooch-tropical-garden-admission-ticket-show-shared-round-trip-hotel-transfers\/","url":"https:\/\/nongnoochtickets.com\/tickets\/nong-nooch-tropical-garden-admission-ticket-show-shared-round-trip-hotel-transfers\/","name":"Reserva la entrada, el espect\u00e1culo y los traslados a Nong Nooch: un recorrido sin complicaciones","isPartOf":{"@id":"https:\/\/nongnoochtickets.com\/#website"},"primaryImageOfPage":{"@id":"https:\/\/nongnoochtickets.com\/tickets\/nong-nooch-tropical-garden-admission-ticket-show-shared-round-trip-hotel-transfers\/#primaryimage"},"image":{"@id":"https:\/\/nongnoochtickets.com\/tickets\/nong-nooch-tropical-garden-admission-ticket-show-shared-round-trip-hotel-transfers\/#primaryimage"},"thumbnailUrl":"https:\/\/nongnoochtickets.com\/wp-content\/uploads\/2024\/11\/Nong-Nooch-Tropical-Garden.avif","datePublished":"2024-11-12T05:46:17+00:00","dateModified":"2024-12-17T14:49:37+00:00","description":"Disfrute de la entrada a Nong Nooch, un espect\u00e1culo cautivador y c\u00f3modos traslados compartidos al hotel. \u00a1Viva lo mejor sin estr\u00e9s! Reserve sus entradas ahora.","breadcrumb":{"@id":"https:\/\/nongnoochtickets.com\/tickets\/nong-nooch-tropical-garden-admission-ticket-show-shared-round-trip-hotel-transfers\/#breadcrumb"},"inLanguage":"es","potentialAction":[{"@type":"ReadAction","target":["https:\/\/nongnoochtickets.com\/tickets\/nong-nooch-tropical-garden-admission-ticket-show-shared-round-trip-hotel-transfers\/"]}]},{"@type":"ImageObject","inLanguage":"es","@id":"https:\/\/nongnoochtickets.com\/tickets\/nong-nooch-tropical-garden-admission-ticket-show-shared-round-trip-hotel-transfers\/#primaryimage","url":"https:\/\/nongnoochtickets.com\/wp-content\/uploads\/2024\/11\/Nong-Nooch-Tropical-Garden.avif","contentUrl":"https:\/\/nongnoochtickets.com\/wp-content\/uploads\/2024\/11\/Nong-Nooch-Tropical-Garden.avif","width":1058,"height":540,"caption":"Nong Nooch Tropical Garden"},{"@type":"BreadcrumbList","@id":"https:\/\/nongnoochtickets.com\/tickets\/nong-nooch-tropical-garden-admission-ticket-show-shared-round-trip-hotel-transfers\/#breadcrumb","itemListElement":[{"@type":"ListItem","position":1,"name":"Home","item":"https:\/\/nongnoochtickets.com\/"},{"@type":"ListItem","position":2,"name":"Tickets","item":"https:\/\/nongnoochtickets.com\/tickets\/"},{"@type":"ListItem","position":3,"name":"Nong Nooch Tropical Garden Admission Ticket + Show + Shared Round-Trip Hotel Transfers"}]},{"@type":"WebSite","@id":"https:\/\/nongnoochtickets.com\/#website","url":"https:\/\/nongnoochtickets.com\/","name":"Jard\u00edn tropical de Nong Nooch","description":"","publisher":{"@id":"https:\/\/nongnoochtickets.com\/#organization"},"potentialAction":[{"@type":"SearchAction","target":{"@type":"EntryPoint","urlTemplate":"https:\/\/nongnoochtickets.com\/?s={search_term_string}"},"query-input":{"@type":"PropertyValueSpecification","valueRequired":true,"valueName":"search_term_string"}}],"inLanguage":"es"},{"@type":"Organization","@id":"https:\/\/nongnoochtickets.com\/#organization","name":"Jard\u00edn tropical de Nong Nooch","url":"https:\/\/nongnoochtickets.com\/","logo":{"@type":"ImageObject","inLanguage":"es","@id":"https:\/\/nongnoochtickets.com\/#\/schema\/logo\/image\/","url":"https:\/\/nongnoochtickets.com\/wp-content\/uploads\/2024\/08\/Nong-Nooch-Tropical-Garden.png","contentUrl":"https:\/\/nongnoochtickets.com\/wp-content\/uploads\/2024\/08\/Nong-Nooch-Tropical-Garden.png","width":350,"height":100,"caption":"Nong Nooch Tropical Garden"},"image":{"@id":"https:\/\/nongnoochtickets.com\/#\/schema\/logo\/image\/"}}]}},"jetpack_sharing_enabled":true,"_links":{"self":[{"href":"https:\/\/nongnoochtickets.com\/es\/wp-json\/wp\/v2\/product\/3299","targetHints":{"allow":["GET"]}}],"collection":[{"href":"https:\/\/nongnoochtickets.com\/es\/wp-json\/wp\/v2\/product"}],"about":[{"href":"https:\/\/nongnoochtickets.com\/es\/wp-json\/wp\/v2\/types\/product"}],"wp:featuredmedia":[{"embeddable":true,"href":"https:\/\/nongnoochtickets.com\/es\/wp-json\/wp\/v2\/media\/3169"}],"wp:attachment":[{"href":"https:\/\/nongnoochtickets.com\/es\/wp-json\/wp\/v2\/media?parent=3299"}],"wp:term":[{"taxonomy":"product_brand","embeddable":true,"href":"https:\/\/nongnoochtickets.com\/es\/wp-json\/wp\/v2\/product_brand?post=3299"},{"taxonomy":"product_cat","embeddable":true,"href":"https:\/\/nongnoochtickets.com\/es\/wp-json\/wp\/v2\/product_cat?post=3299"},{"taxonomy":"product_tag","embeddable":true,"href":"https:\/\/nongnoochtickets.com\/es\/wp-json\/wp\/v2\/product_tag?post=3299"}],"curies":[{"name":"Gracias","href":"https:\/\/api.w.org\/{rel}","templated":true}]}}