{"id":3298,"date":"2024-11-12T11:14:01","date_gmt":"2024-11-12T05:44:01","guid":{"rendered":"https:\/\/nongnoochtickets.com\/?post_type=product&#038;p=3298"},"modified":"2025-09-29T13:01:15","modified_gmt":"2025-09-29T07:31:15","slug":"entrada-al-jardin-tropical-de-nong-nooch-autobus-turistico-almuerzo-tipo-bufe-y-espectaculo","status":"publish","type":"product","link":"https:\/\/nongnoochtickets.com\/es\/entradas\/entrada-al-jardin-tropical-de-nong-nooch-autobus-turistico-almuerzo-tipo-bufe-y-espectaculo\/","title":{"rendered":"Entrada al jard\u00edn tropical de Nong Nooch + autob\u00fas tur\u00edstico + almuerzo buf\u00e9 + espect\u00e1culo"},"content":{"rendered":"<h2>Acerca del jard\u00edn tropical de Nong Nooch: entrada + autob\u00fas tur\u00edstico + almuerzo buf\u00e9 + espect\u00e1culo<\/h2>\n<p>El <strong>Entrada + Bus Tur\u00edstico + Almuerzo Buffet + Espect\u00e1culo<\/strong> paquete en <strong>Jard\u00edn tropical de Nong Nooch<\/strong> ofrece la mejor experiencia, combinando el acceso a los espectaculares paisajes del jard\u00edn, una visita guiada <strong>Autob\u00fas tur\u00edstico<\/strong> Tour, una delicia <strong>Almuerzo buffet<\/strong> con opciones de cocina tailandesa, internacional e india, y acceso a dos vibrantes espect\u00e1culos culturales: el <strong>Espect\u00e1culo cultural tailand\u00e9s<\/strong> y el <strong>Espect\u00e1culo de elefantes<\/strong>Este paquete integral es perfecto para los visitantes que desean disfrutar de todo lo que Nong Nooch tiene para ofrecer en un solo d\u00eda, desde relajaci\u00f3n y exploraci\u00f3n hasta gastronom\u00eda y entretenimiento.<\/p>\n<hr \/>\n<h3>Horarios<\/h3>\n<ul>\n<li><strong>Horario del jard\u00edn<\/strong>:08:00 AM \u2013 06:00 PM, todos los d\u00edas.<\/li>\n<li><strong>Horario de almuerzo buffet<\/strong>:11:30 a.m. \u2013 2:00 p.m.<\/li>\n<li><strong>Horarios del espect\u00e1culo<\/strong>:Cuatro rondas diarias a las 10:30 a. m., 11:30 a. m., 1:30 p. m. y 3:30 p. m. (espect\u00e1culo cultural tailand\u00e9s + espect\u00e1culo de elefantes).<\/li>\n<li><strong>Recorridos tur\u00edsticos en autob\u00fas<\/strong>:Funciona durante todo el d\u00eda; consulte en el sitio los horarios espec\u00edficos del recorrido.<\/li>\n<\/ul>\n<hr \/>\n<h3>Reflejos<\/h3>\n<ul>\n<li><strong>Exploraci\u00f3n completa del jard\u00edn<\/strong>:Tome el autob\u00fas tur\u00edstico para realizar una visita guiada a todas las \u00e1reas clave, incluido el Jard\u00edn Franc\u00e9s, el Valle de los Dinosaurios y el Jard\u00edn de Cactus.<\/li>\n<li><strong>Espect\u00e1culos culturales<\/strong>:Vea el cautivador espect\u00e1culo cultural tailand\u00e9s, con m\u00fasica y danza tradicionales, y el emocionante espect\u00e1culo de elefantes.<\/li>\n<li><strong>Almuerzo buffet<\/strong>:Disfrute de un delicioso buffet con opciones de cocina tailandesa, internacional e india, ubicado en un pintoresco comedor dentro del jard\u00edn.<\/li>\n<li><strong>Paquete todo en uno perfecto<\/strong>:Este paquete combina naturaleza, cultura y gastronom\u00eda para una experiencia memorable de un d\u00eda completo.<\/li>\n<\/ul>\n<hr \/>\n<h3>Qu\u00e9 incluye<\/h3>\n<ul>\n<li><strong>Admisi\u00f3n<\/strong> al Jard\u00edn Tropical de Nong Nooch.<\/li>\n<li><strong>Autob\u00fas tur\u00edstico<\/strong> Recorrido para explorar f\u00e1cilmente todas las atracciones principales.<\/li>\n<li><strong>Almuerzo buffet<\/strong> con una variedad de platos de la cocina tailandesa, internacional e india.<\/li>\n<li><strong>Acceso al espect\u00e1culo cultural tailand\u00e9s<\/strong> y <strong>Espect\u00e1culo de elefantes<\/strong> con asientos est\u00e1ndar.<\/li>\n<\/ul>\n<hr \/>\n<h3>Inclusiones \/ Exclusiones<\/h3>\n<p><strong>Inclusiones<\/strong>:<\/p>\n<ul>\n<li>Entrada al jard\u00edn.<\/li>\n<li>Recorrido en autob\u00fas tur\u00edstico.<\/li>\n<li>Almuerzo buffet con diversas opciones gastron\u00f3micas.<\/li>\n<li>Asientos est\u00e1ndar para el espect\u00e1culo cultural tailand\u00e9s y el espect\u00e1culo de elefantes.<\/li>\n<\/ul>\n<p><strong>Exclusiones<\/strong>:<\/p>\n<ul>\n<li>Asientos VIP para espect\u00e1culos (disponibles con diferentes opciones de entradas).<\/li>\n<li>Transporte desde y hacia el jard\u00edn (disponible como complemento con paquetes seleccionados).<\/li>\n<li>Compras adicionales como souvenirs, snacks o bebidas fuera del buffet.<\/li>\n<\/ul>\n<hr \/>\n<h3>Pol\u00edtica infantil<\/h3>\n<ul>\n<li><strong>Requisitos para adquirir entradas para ni\u00f1os<\/strong>:Los ni\u00f1os entre 90 y 130 cm de altura califican para el precio de ni\u00f1o.<\/li>\n<li><strong>Admisi\u00f3n de beb\u00e9s<\/strong>:Los ni\u00f1os menores de 90 cm pueden entrar gratis.<\/li>\n<\/ul>\n<hr \/>\n<h3>Pol\u00edtica de reembolso y cancelaci\u00f3n<\/h3>\n<ul>\n<li><strong>Sin reembolsos<\/strong>:Este paquete no es reembolsable ni cancelable.<\/li>\n<li><strong>Reprogramaci\u00f3n<\/strong>:La reprogramaci\u00f3n podr\u00e1 ser posible con un aviso de 48 horas de anticipaci\u00f3n para paquetes que incluyan transporte, sujeto a disponibilidad.<\/li>\n<\/ul>\n<hr \/>\n<h3>\u00bfQu\u00e9 hay m\u00e1s?<\/h3>\n<ul>\n<li><strong>Visitas tur\u00edsticas convenientes<\/strong>:Con el autob\u00fas tur\u00edstico, explore las atracciones de Nong Nooch c\u00f3modamente sin caminar excesivamente.<\/li>\n<li><strong>Variedad de cocinas<\/strong>:El almuerzo buffet ofrece una variedad de platos de la cocina tailandesa, india e internacional, perfectos para todos los gustos.<\/li>\n<li><strong>Actuaciones atractivas<\/strong>:El espect\u00e1culo cultural tailand\u00e9s y el espect\u00e1culo de elefantes ofrecen una experiencia animada e inmersiva en las tradiciones y el encanto cultural de Tailandia.<\/li>\n<\/ul>\n<hr \/>\n<h3>Consejos de expertos<\/h3>\n<ul>\n<li><strong>Llegar temprano<\/strong>:Si llegas temprano te asegurar\u00e1s de tener tiempo suficiente para explorar, disfrutar del buffet y asistir a los espect\u00e1culos.<\/li>\n<li><strong>Planifique en funci\u00f3n de los horarios de los espect\u00e1culos<\/strong>:Programe su exploraci\u00f3n del jard\u00edn y almuerzo para que coincida con uno de los horarios del espect\u00e1culo para disfrutar de una experiencia perfecta.<\/li>\n<li><strong>Trae una c\u00e1mara<\/strong>:Los jardines y las actuaciones de Nong Nooch ofrecen fant\u00e1sticas oportunidades fotogr\u00e1ficas para crear recuerdos duraderos.<\/li>\n<\/ul>\n<hr \/>\n<h3>Qu\u00e9 hacer y qu\u00e9 no hacer<\/h3>\n<p><strong>Qu\u00e9 hacer<\/strong>:<\/p>\n<ul>\n<li>Lleve una identificaci\u00f3n con fotograf\u00eda v\u00e1lida para verificaci\u00f3n al entrar.<\/li>\n<li>Llegue a los lugares del espect\u00e1culo 10 minutos antes de la hora programada para asegurar un buen asiento.<\/li>\n<li>Utilice el autob\u00fas tur\u00edstico para explorar c\u00f3modamente el amplio jard\u00edn.<\/li>\n<\/ul>\n<p><strong>Qu\u00e9 no hacer<\/strong>:<\/p>\n<ul>\n<li>Evite traer comida o bebidas del exterior, ya que el almuerzo buffet est\u00e1 incluido.<\/li>\n<li>No intente interactuar con los animales fuera de las \u00e1reas designadas.<\/li>\n<\/ul>\n<hr \/>\n<h3>Lo que debes saber antes de ir<\/h3>\n<ul>\n<li><strong>Requisito de identificaci\u00f3n<\/strong>:Los extranjeros deben llevar un pasaporte como prueba de identidad.<\/li>\n<li><strong>Preparaci\u00f3n para el clima<\/strong>:El jard\u00edn est\u00e1 abierto cuando llueve ligeramente, por lo que llevar un paraguas o un impermeable puede ser \u00fatil.<\/li>\n<li><strong>Planifique su visita<\/strong>:El almuerzo buffet se sirve entre las 11:30 a. m. y las 2:00 p. m., y los espect\u00e1culos se realizan en horarios espec\u00edficos, as\u00ed que planifique en consecuencia.<\/li>\n<\/ul>\n<hr \/>\n<h3>Direcci\u00f3n, Mapas y Ubicaci\u00f3n<\/h3>\n<ul>\n<li><strong>DIRECCI\u00d3N<\/strong>: 34\/1 Sukhumvit Road, Na Chom Thian, distrito de Sattahip, Chon Buri 20250, Tailandia<\/li>\n<li><strong>Ubicaci\u00f3n de Google Maps<\/strong>: <a href=\"https:\/\/maps.app.goo.gl\/AwWepSfe6DdhvcTr8\" target=\"_new\" rel=\"noopener\">Ubicaci\u00f3n del jard\u00edn tropical de Nong Nooch<\/a><\/li>\n<\/ul>\n<hr \/>\n<h3>C\u00f3mo llegar<\/h3>\n<ul>\n<li><strong>En coche o taxi<\/strong>:Ubicado a unos 20 minutos del centro de la ciudad de Pattaya.<\/li>\n<li><strong>Transporte p\u00fablico<\/strong>:Accesible a trav\u00e9s de autobuses locales o taxis.<\/li>\n<li><strong>Paquete de transporte<\/strong>:Hay opciones de transporte de ida y vuelta disponibles con ciertos paquetes de boletos.<\/li>\n<\/ul>\n<hr \/>\n<h3>Preguntas frecuentes (FAQ)<\/h3>\n<p><strong>1. \u00bfQu\u00e9 incluye el paquete Entrada + Autob\u00fas Tur\u00edstico + Almuerzo Buffet + Espect\u00e1culo?<\/strong><br \/>\nEste paquete incluye la entrada al Jard\u00edn Tropical de Nong Nooch, un recorrido en autob\u00fas tur\u00edstico, un almuerzo buffet con una variedad de cocinas y acceso al espect\u00e1culo cultural tailand\u00e9s y al espect\u00e1culo de elefantes.<\/p>\n<p><strong>2. \u00bfPuedo mejorar mi entrada para incluir asientos VIP para los espect\u00e1culos?<\/strong><br \/>\nS\u00ed, es posible que haya mejoras de asientos VIP disponibles en el lugar o con opciones de boletos seleccionadas.<\/p>\n<p><strong>3. \u00bfHay opciones vegetarianas en el almuerzo buffet?<\/strong><br \/>\nS\u00ed, el buffet incluye platos vegetarianos de la cocina tailandesa, internacional e india.<\/p>\n<p><strong>4. \u00bfPuedo tomar el Autob\u00fas Tur\u00edstico m\u00e1s de una vez?<\/strong><br \/>\nPor lo general, cada boleto incluye un circuito completo del autob\u00fas tur\u00edstico. Consulte en el sitio para obtener detalles sobre usos m\u00faltiples.<\/p>\n<p><strong>5. \u00bfLas bebidas est\u00e1n incluidas en el buffet?<\/strong><br \/>\nAlgunas bebidas no alcoh\u00f3licas est\u00e1n incluidas; bebidas adicionales y bebidas alcoh\u00f3licas se pueden comprar por separado.<\/p>\n<p><strong>6. \u00bfHay un l\u00edmite de tiempo para el almuerzo buffet?<\/strong><br \/>\nPodr\u00e1s disfrutar del buffet dentro del horario se\u00f1alado de 11:30 a 14:00 horas.<\/p>\n<p><strong>7. \u00bfCu\u00e1nto duran los espect\u00e1culos?<\/strong><br \/>\nCada espect\u00e1culo suele durar entre 20 y 30 minutos.<\/p>\n<p><strong>8. \u00bfLos espect\u00e1culos son aptos para ni\u00f1os?<\/strong><br \/>\nS\u00ed, tanto el espect\u00e1culo cultural tailand\u00e9s como el espect\u00e1culo de elefantes son aptos para toda la familia y divertidos tanto para ni\u00f1os como para adultos.<\/p>\n<p>El <strong>Entrada + Bus Tur\u00edstico + Almuerzo Buffet + Espect\u00e1culo<\/strong> paquete en <a href=\"https:\/\/nongnoochtickets.com\/es\/\"><strong>Jard\u00edn tropical de Nong Nooch<\/strong><\/a> ofrece la combinaci\u00f3n perfecta de exploraci\u00f3n esc\u00e9nica, inmersi\u00f3n cultural y gastronom\u00eda deliciosa, lo que lo convierte en una opci\u00f3n maravillosa para una experiencia de un d\u00eda completo en esta famosa atracci\u00f3n tailandesa.<\/p>","protected":false},"excerpt":{"rendered":"<p>About Nong Nooch Tropical Garden \u2013 Admission Ticket + Sightseeing Bus + Buffet Lunch + Show The Admission Ticket + Sightseeing Bus + Buffet Lunch + Show package at Nong Nooch Tropical Garden provides the ultimate experience, combining access to the garden\u2019s spectacular landscapes, a guided Sightseeing Bus tour, a delectable buffet lunch with Thai, [&hellip;]<\/p>\n","protected":false},"featured_media":3176,"template":"","meta":{"ocean_post_layout":"","ocean_both_sidebars_style":"","ocean_both_sidebars_content_width":0,"ocean_both_sidebars_sidebars_width":0,"ocean_sidebar":"0","ocean_second_sidebar":"0","ocean_disable_margins":"enable","ocean_add_body_class":"","ocean_shortcode_before_top_bar":"","ocean_shortcode_after_top_bar":"","ocean_shortcode_before_header":"","ocean_shortcode_after_header":"","ocean_has_shortcode":"","ocean_shortcode_after_title":"","ocean_shortcode_before_footer_widgets":"","ocean_shortcode_after_footer_widgets":"","ocean_shortcode_before_footer_bottom":"","ocean_shortcode_after_footer_bottom":"","ocean_display_top_bar":"default","ocean_display_header":"default","ocean_header_style":"","ocean_center_header_left_menu":"0","ocean_custom_header_template":"0","ocean_custom_logo":0,"ocean_custom_retina_logo":0,"ocean_custom_logo_max_width":0,"ocean_custom_logo_tablet_max_width":0,"ocean_custom_logo_mobile_max_width":0,"ocean_custom_logo_max_height":0,"ocean_custom_logo_tablet_max_height":0,"ocean_custom_logo_mobile_max_height":0,"ocean_header_custom_menu":"0","ocean_menu_typo_font_family":"0","ocean_menu_typo_font_subset":"","ocean_menu_typo_font_size":0,"ocean_menu_typo_font_size_tablet":0,"ocean_menu_typo_font_size_mobile":0,"ocean_menu_typo_font_size_unit":"px","ocean_menu_typo_font_weight":"","ocean_menu_typo_font_weight_tablet":"","ocean_menu_typo_font_weight_mobile":"","ocean_menu_typo_transform":"","ocean_menu_typo_transform_tablet":"","ocean_menu_typo_transform_mobile":"","ocean_menu_typo_line_height":0,"ocean_menu_typo_line_height_tablet":0,"ocean_menu_typo_line_height_mobile":0,"ocean_menu_typo_line_height_unit":"","ocean_menu_typo_spacing":0,"ocean_menu_typo_spacing_tablet":0,"ocean_menu_typo_spacing_mobile":0,"ocean_menu_typo_spacing_unit":"","ocean_menu_link_color":"","ocean_menu_link_color_hover":"","ocean_menu_link_color_active":"","ocean_menu_link_background":"","ocean_menu_link_hover_background":"","ocean_menu_link_active_background":"","ocean_menu_social_links_bg":"","ocean_menu_social_hover_links_bg":"","ocean_menu_social_links_color":"","ocean_menu_social_hover_links_color":"","ocean_disable_title":"default","ocean_disable_heading":"default","ocean_post_title":"","ocean_post_subheading":"","ocean_post_title_style":"","ocean_post_title_background_color":"","ocean_post_title_background":0,"ocean_post_title_bg_image_position":"","ocean_post_title_bg_image_attachment":"","ocean_post_title_bg_image_repeat":"","ocean_post_title_bg_image_size":"","ocean_post_title_height":0,"ocean_post_title_bg_overlay":0.5,"ocean_post_title_bg_overlay_color":"","ocean_disable_breadcrumbs":"default","ocean_breadcrumbs_color":"","ocean_breadcrumbs_separator_color":"","ocean_breadcrumbs_links_color":"","ocean_breadcrumbs_links_hover_color":"","ocean_display_footer_widgets":"default","ocean_display_footer_bottom":"default","ocean_custom_footer_template":"0"},"product_brand":[],"product_cat":[20],"product_tag":[472,499,509,503,489,510,507,465,446,447,508,458,498,501,511],"class_list":{"0":"post-3298","1":"product","2":"type-product","3":"status-publish","4":"has-post-thumbnail","6":"product_cat-tickets","7":"product_tag-nong-nooch-admission-show","8":"product_tag-nong-nooch-buffet","9":"product_tag-nong-nooch-combo-deal","10":"product_tag-nong-nooch-cultural-show","11":"product_tag-nong-nooch-entry-meal","12":"product_tag-nong-nooch-full-experience","13":"product_tag-nong-nooch-full-package","14":"product_tag-nong-nooch-garden-pass","15":"product_tag-nong-nooch-garden-thailand","16":"product_tag-nong-nooch-garden-ticket","17":"product_tag-nong-nooch-show-lunch","18":"product_tag-nong-nooch-sightseeing-bus","19":"product_tag-nong-nooch-thailand-tour","20":"product_tag-nong-nooch-tickets-combo","21":"product_tag-thailand-nature-tour","23":"entry","24":"has-media","25":"tm-has-options","27":"first","28":"instock","29":"virtual","30":"taxable","31":"purchasable","32":"product-type-simple","33":"has-product-nav","34":"col","35":"span_1_of_3","36":"owp-content-center","37":"owp-thumbs-layout-horizontal","38":"owp-btn-normal","39":"owp-tabs-layout-horizontal"},"yoast_head":"<!-- This site is optimized with the Yoast SEO plugin v27.5 - https:\/\/yoast.com\/product\/yoast-seo-wordpress\/ -->\n<title>Book Nong Nooch Full Package - Admission, Bus, Lunch And Show<\/title>\n<meta name=\"description\" content=\"Get Admission, A Sightseeing Bus Tour, Buffet Lunch, And Cultural Show At Nong Nooch For The Ultimate Experience. Reserve Your Spot! Book Tickets Now.\" \/>\n<meta name=\"robots\" content=\"index, follow, max-snippet:-1, max-image-preview:large, max-video-preview:-1\" \/>\n<link rel=\"canonical\" href=\"https:\/\/nongnoochtickets.com\/es\/entradas\/entrada-al-jardin-tropical-de-nong-nooch-autobus-turistico-almuerzo-tipo-bufe-y-espectaculo\/\" \/>\n<meta property=\"og:locale\" content=\"es_ES\" \/>\n<meta property=\"og:type\" content=\"article\" \/>\n<meta property=\"og:title\" content=\"Book Nong Nooch Full Package - Admission, Bus, Lunch And Show\" \/>\n<meta property=\"og:description\" content=\"Get Admission, A Sightseeing Bus Tour, Buffet Lunch, And Cultural Show At Nong Nooch For The Ultimate Experience. Reserve Your Spot! Book Tickets Now.\" \/>\n<meta property=\"og:url\" content=\"https:\/\/nongnoochtickets.com\/es\/entradas\/entrada-al-jardin-tropical-de-nong-nooch-autobus-turistico-almuerzo-tipo-bufe-y-espectaculo\/\" \/>\n<meta property=\"og:site_name\" content=\"Nong Nooch Tropical Garden\" \/>\n<meta property=\"article:modified_time\" content=\"2025-09-29T07:31:15+00:00\" \/>\n<meta name=\"twitter:card\" content=\"summary_large_image\" \/>\n<meta name=\"twitter:label1\" content=\"Tiempo de lectura\" \/>\n\t<meta name=\"twitter:data1\" content=\"5 minutos\" \/>\n<script type=\"application\/ld+json\" class=\"yoast-schema-graph\">{\"@context\":\"https:\\\/\\\/schema.org\",\"@graph\":[{\"@type\":\"WebPage\",\"@id\":\"https:\\\/\\\/nongnoochtickets.com\\\/tickets\\\/nong-nooch-tropical-garden-admission-ticket-sightseeing-bus-buffet-lunch-show\\\/\",\"url\":\"https:\\\/\\\/nongnoochtickets.com\\\/tickets\\\/nong-nooch-tropical-garden-admission-ticket-sightseeing-bus-buffet-lunch-show\\\/\",\"name\":\"Book Nong Nooch Full Package - Admission, Bus, Lunch And Show\",\"isPartOf\":{\"@id\":\"https:\\\/\\\/nongnoochtickets.com\\\/#website\"},\"primaryImageOfPage\":{\"@id\":\"https:\\\/\\\/nongnoochtickets.com\\\/tickets\\\/nong-nooch-tropical-garden-admission-ticket-sightseeing-bus-buffet-lunch-show\\\/#primaryimage\"},\"image\":{\"@id\":\"https:\\\/\\\/nongnoochtickets.com\\\/tickets\\\/nong-nooch-tropical-garden-admission-ticket-sightseeing-bus-buffet-lunch-show\\\/#primaryimage\"},\"thumbnailUrl\":\"https:\\\/\\\/nongnoochtickets.com\\\/wp-content\\\/uploads\\\/2024\\\/11\\\/Nong-Nooch-Garden.avif\",\"datePublished\":\"2024-11-12T05:44:01+00:00\",\"dateModified\":\"2025-09-29T07:31:15+00:00\",\"description\":\"Get Admission, A Sightseeing Bus Tour, Buffet Lunch, And Cultural Show At Nong Nooch For The Ultimate Experience. Reserve Your Spot! Book Tickets Now.\",\"breadcrumb\":{\"@id\":\"https:\\\/\\\/nongnoochtickets.com\\\/tickets\\\/nong-nooch-tropical-garden-admission-ticket-sightseeing-bus-buffet-lunch-show\\\/#breadcrumb\"},\"inLanguage\":\"es\",\"potentialAction\":[{\"@type\":\"ReadAction\",\"target\":[\"https:\\\/\\\/nongnoochtickets.com\\\/tickets\\\/nong-nooch-tropical-garden-admission-ticket-sightseeing-bus-buffet-lunch-show\\\/\"]}]},{\"@type\":\"ImageObject\",\"inLanguage\":\"es\",\"@id\":\"https:\\\/\\\/nongnoochtickets.com\\\/tickets\\\/nong-nooch-tropical-garden-admission-ticket-sightseeing-bus-buffet-lunch-show\\\/#primaryimage\",\"url\":\"https:\\\/\\\/nongnoochtickets.com\\\/wp-content\\\/uploads\\\/2024\\\/11\\\/Nong-Nooch-Garden.avif\",\"contentUrl\":\"https:\\\/\\\/nongnoochtickets.com\\\/wp-content\\\/uploads\\\/2024\\\/11\\\/Nong-Nooch-Garden.avif\",\"width\":1205,\"height\":904,\"caption\":\"Nong Nooch Garden\"},{\"@type\":\"BreadcrumbList\",\"@id\":\"https:\\\/\\\/nongnoochtickets.com\\\/tickets\\\/nong-nooch-tropical-garden-admission-ticket-sightseeing-bus-buffet-lunch-show\\\/#breadcrumb\",\"itemListElement\":[{\"@type\":\"ListItem\",\"position\":1,\"name\":\"Home\",\"item\":\"https:\\\/\\\/nongnoochtickets.com\\\/\"},{\"@type\":\"ListItem\",\"position\":2,\"name\":\"Tickets\",\"item\":\"https:\\\/\\\/nongnoochtickets.com\\\/tickets\\\/\"},{\"@type\":\"ListItem\",\"position\":3,\"name\":\"Nong Nooch Tropical Garden Admission Ticket + Sightseeing Bus + Buffet Lunch + Show\"}]},{\"@type\":\"WebSite\",\"@id\":\"https:\\\/\\\/nongnoochtickets.com\\\/#website\",\"url\":\"https:\\\/\\\/nongnoochtickets.com\\\/\",\"name\":\"Nong Nooch Tropical Garden\",\"description\":\"\",\"publisher\":{\"@id\":\"https:\\\/\\\/nongnoochtickets.com\\\/#organization\"},\"potentialAction\":[{\"@type\":\"SearchAction\",\"target\":{\"@type\":\"EntryPoint\",\"urlTemplate\":\"https:\\\/\\\/nongnoochtickets.com\\\/?s={search_term_string}\"},\"query-input\":{\"@type\":\"PropertyValueSpecification\",\"valueRequired\":true,\"valueName\":\"search_term_string\"}}],\"inLanguage\":\"es\"},{\"@type\":\"Organization\",\"@id\":\"https:\\\/\\\/nongnoochtickets.com\\\/#organization\",\"name\":\"Nong Nooch Tropical Garden\",\"url\":\"https:\\\/\\\/nongnoochtickets.com\\\/\",\"logo\":{\"@type\":\"ImageObject\",\"inLanguage\":\"es\",\"@id\":\"https:\\\/\\\/nongnoochtickets.com\\\/#\\\/schema\\\/logo\\\/image\\\/\",\"url\":\"https:\\\/\\\/nongnoochtickets.com\\\/wp-content\\\/uploads\\\/2024\\\/08\\\/Nong-Nooch-Tropical-Garden.png\",\"contentUrl\":\"https:\\\/\\\/nongnoochtickets.com\\\/wp-content\\\/uploads\\\/2024\\\/08\\\/Nong-Nooch-Tropical-Garden.png\",\"width\":350,\"height\":100,\"caption\":\"Nong Nooch Tropical Garden\"},\"image\":{\"@id\":\"https:\\\/\\\/nongnoochtickets.com\\\/#\\\/schema\\\/logo\\\/image\\\/\"}}]}<\/script>\n<!-- \/ Yoast SEO plugin. -->","yoast_head_json":{"title":"Reserva el paquete completo de Nong Nooch: entrada, autob\u00fas, almuerzo y espect\u00e1culo","description":"Admite entradas, un recorrido tur\u00edstico en autob\u00fas, almuerzo buf\u00e9 y espect\u00e1culo cultural en Nong Nooch para vivir la mejor experiencia. \u00a1Reserva tu plaza! Compra tus entradas ahora.","robots":{"index":"index","follow":"follow","max-snippet":"max-snippet:-1","max-image-preview":"max-image-preview:large","max-video-preview":"max-video-preview:-1"},"canonical":"https:\/\/nongnoochtickets.com\/es\/entradas\/entrada-al-jardin-tropical-de-nong-nooch-autobus-turistico-almuerzo-tipo-bufe-y-espectaculo\/","og_locale":"es_ES","og_type":"article","og_title":"Book Nong Nooch Full Package - Admission, Bus, Lunch And Show","og_description":"Get Admission, A Sightseeing Bus Tour, Buffet Lunch, And Cultural Show At Nong Nooch For The Ultimate Experience. Reserve Your Spot! Book Tickets Now.","og_url":"https:\/\/nongnoochtickets.com\/es\/entradas\/entrada-al-jardin-tropical-de-nong-nooch-autobus-turistico-almuerzo-tipo-bufe-y-espectaculo\/","og_site_name":"Nong Nooch Tropical Garden","article_modified_time":"2025-09-29T07:31:15+00:00","twitter_card":"summary_large_image","twitter_misc":{"Tiempo de lectura":"5 minutos"},"schema":{"@context":"https:\/\/schema.org","@graph":[{"@type":"WebPage","@id":"https:\/\/nongnoochtickets.com\/tickets\/nong-nooch-tropical-garden-admission-ticket-sightseeing-bus-buffet-lunch-show\/","url":"https:\/\/nongnoochtickets.com\/tickets\/nong-nooch-tropical-garden-admission-ticket-sightseeing-bus-buffet-lunch-show\/","name":"Reserva el paquete completo de Nong Nooch: entrada, autob\u00fas, almuerzo y espect\u00e1culo","isPartOf":{"@id":"https:\/\/nongnoochtickets.com\/#website"},"primaryImageOfPage":{"@id":"https:\/\/nongnoochtickets.com\/tickets\/nong-nooch-tropical-garden-admission-ticket-sightseeing-bus-buffet-lunch-show\/#primaryimage"},"image":{"@id":"https:\/\/nongnoochtickets.com\/tickets\/nong-nooch-tropical-garden-admission-ticket-sightseeing-bus-buffet-lunch-show\/#primaryimage"},"thumbnailUrl":"https:\/\/nongnoochtickets.com\/wp-content\/uploads\/2024\/11\/Nong-Nooch-Garden.avif","datePublished":"2024-11-12T05:44:01+00:00","dateModified":"2025-09-29T07:31:15+00:00","description":"Admite entradas, un recorrido tur\u00edstico en autob\u00fas, almuerzo buf\u00e9 y espect\u00e1culo cultural en Nong Nooch para vivir la mejor experiencia. \u00a1Reserva tu plaza! Compra tus entradas ahora.","breadcrumb":{"@id":"https:\/\/nongnoochtickets.com\/tickets\/nong-nooch-tropical-garden-admission-ticket-sightseeing-bus-buffet-lunch-show\/#breadcrumb"},"inLanguage":"es","potentialAction":[{"@type":"ReadAction","target":["https:\/\/nongnoochtickets.com\/tickets\/nong-nooch-tropical-garden-admission-ticket-sightseeing-bus-buffet-lunch-show\/"]}]},{"@type":"ImageObject","inLanguage":"es","@id":"https:\/\/nongnoochtickets.com\/tickets\/nong-nooch-tropical-garden-admission-ticket-sightseeing-bus-buffet-lunch-show\/#primaryimage","url":"https:\/\/nongnoochtickets.com\/wp-content\/uploads\/2024\/11\/Nong-Nooch-Garden.avif","contentUrl":"https:\/\/nongnoochtickets.com\/wp-content\/uploads\/2024\/11\/Nong-Nooch-Garden.avif","width":1205,"height":904,"caption":"Nong Nooch Garden"},{"@type":"BreadcrumbList","@id":"https:\/\/nongnoochtickets.com\/tickets\/nong-nooch-tropical-garden-admission-ticket-sightseeing-bus-buffet-lunch-show\/#breadcrumb","itemListElement":[{"@type":"ListItem","position":1,"name":"Home","item":"https:\/\/nongnoochtickets.com\/"},{"@type":"ListItem","position":2,"name":"Tickets","item":"https:\/\/nongnoochtickets.com\/tickets\/"},{"@type":"ListItem","position":3,"name":"Nong Nooch Tropical Garden Admission Ticket + Sightseeing Bus + Buffet Lunch + Show"}]},{"@type":"WebSite","@id":"https:\/\/nongnoochtickets.com\/#website","url":"https:\/\/nongnoochtickets.com\/","name":"Jard\u00edn tropical de Nong Nooch","description":"","publisher":{"@id":"https:\/\/nongnoochtickets.com\/#organization"},"potentialAction":[{"@type":"SearchAction","target":{"@type":"EntryPoint","urlTemplate":"https:\/\/nongnoochtickets.com\/?s={search_term_string}"},"query-input":{"@type":"PropertyValueSpecification","valueRequired":true,"valueName":"search_term_string"}}],"inLanguage":"es"},{"@type":"Organization","@id":"https:\/\/nongnoochtickets.com\/#organization","name":"Jard\u00edn tropical de Nong Nooch","url":"https:\/\/nongnoochtickets.com\/","logo":{"@type":"ImageObject","inLanguage":"es","@id":"https:\/\/nongnoochtickets.com\/#\/schema\/logo\/image\/","url":"https:\/\/nongnoochtickets.com\/wp-content\/uploads\/2024\/08\/Nong-Nooch-Tropical-Garden.png","contentUrl":"https:\/\/nongnoochtickets.com\/wp-content\/uploads\/2024\/08\/Nong-Nooch-Tropical-Garden.png","width":350,"height":100,"caption":"Nong Nooch Tropical Garden"},"image":{"@id":"https:\/\/nongnoochtickets.com\/#\/schema\/logo\/image\/"}}]}},"jetpack_sharing_enabled":true,"_links":{"self":[{"href":"https:\/\/nongnoochtickets.com\/es\/wp-json\/wp\/v2\/product\/3298","targetHints":{"allow":["GET"]}}],"collection":[{"href":"https:\/\/nongnoochtickets.com\/es\/wp-json\/wp\/v2\/product"}],"about":[{"href":"https:\/\/nongnoochtickets.com\/es\/wp-json\/wp\/v2\/types\/product"}],"wp:featuredmedia":[{"embeddable":true,"href":"https:\/\/nongnoochtickets.com\/es\/wp-json\/wp\/v2\/media\/3176"}],"wp:attachment":[{"href":"https:\/\/nongnoochtickets.com\/es\/wp-json\/wp\/v2\/media?parent=3298"}],"wp:term":[{"taxonomy":"product_brand","embeddable":true,"href":"https:\/\/nongnoochtickets.com\/es\/wp-json\/wp\/v2\/product_brand?post=3298"},{"taxonomy":"product_cat","embeddable":true,"href":"https:\/\/nongnoochtickets.com\/es\/wp-json\/wp\/v2\/product_cat?post=3298"},{"taxonomy":"product_tag","embeddable":true,"href":"https:\/\/nongnoochtickets.com\/es\/wp-json\/wp\/v2\/product_tag?post=3298"}],"curies":[{"name":"Gracias","href":"https:\/\/api.w.org\/{rel}","templated":true}]}}