{"id":3296,"date":"2024-11-12T10:40:47","date_gmt":"2024-11-12T05:10:47","guid":{"rendered":"https:\/\/nongnoochtickets.com\/?post_type=product&#038;p=3296"},"modified":"2025-09-19T15:22:22","modified_gmt":"2025-09-19T09:52:22","slug":"entrada-al-jardin-tropical-de-nong-nooch-autobus-turistico-y-espectaculo","status":"publish","type":"product","link":"https:\/\/nongnoochtickets.com\/es\/entradas\/entrada-al-jardin-tropical-de-nong-nooch-autobus-turistico-y-espectaculo\/","title":{"rendered":"Entrada al jard\u00edn tropical de Nong Nooch + autob\u00fas tur\u00edstico + espect\u00e1culo"},"content":{"rendered":"<h2>Acerca del jard\u00edn tropical de Nong Nooch: entrada + autob\u00fas tur\u00edstico + espect\u00e1culo<\/h2>\n<p>El <strong>Entrada + Bus Tur\u00edstico + Espect\u00e1culo<\/strong> paquete en <strong>Jard\u00edn tropical de Nong Nooch<\/strong> es una experiencia integral que permite a los visitantes explorar por completo la belleza, la cultura y el entretenimiento del jard\u00edn. Disfrute de un c\u00f3modo <strong>Autob\u00fas tur\u00edstico<\/strong> recorrido que cubre todas las \u00e1reas principales del jard\u00edn y asista a dos de las actuaciones m\u00e1s populares: la <strong>Espect\u00e1culo cultural tailand\u00e9s<\/strong> y el <strong>Espect\u00e1culo de elefantes<\/strong>Este paquete es perfecto para aquellos que desean experimentar la vibrante cultura y la belleza natural de Tailandia en una visita emocionante.<\/p>\n<hr \/>\n<h3>Horarios<\/h3>\n<ul>\n<li><strong>Horario del jard\u00edn<\/strong>:08:00 AM \u2013 06:00 PM, todos los d\u00edas.<\/li>\n<li><strong>Horarios del espect\u00e1culo<\/strong>:Cuatro rondas diarias a las 10:30 a. m., 11:30 a. m., 1:30 p. m. y 3:30 p. m. (espect\u00e1culo cultural tailand\u00e9s + espect\u00e1culo de elefantes).<\/li>\n<li><strong>Recorridos tur\u00edsticos en autob\u00fas<\/strong>:Disponible durante todo el d\u00eda; consulte en el sitio los horarios espec\u00edficos del recorrido.<\/li>\n<\/ul>\n<hr \/>\n<h3>Reflejos<\/h3>\n<ul>\n<li><strong>Exploraci\u00f3n guiada del jard\u00edn<\/strong>:Disfrute de un c\u00f3modo recorrido en autob\u00fas tur\u00edstico que cubre todas las atracciones principales dentro del jard\u00edn.<\/li>\n<li><strong>Actuaciones emocionantes<\/strong>:Vea el espect\u00e1culo cultural tailand\u00e9s, que muestra m\u00fasica, danza y disfraces tradicionales, y el famoso espect\u00e1culo de elefantes.<\/li>\n<li><strong>Vistas panor\u00e1micas y fotograf\u00eda<\/strong>:Capture fotograf\u00edas impresionantes en jardines tem\u00e1ticos como Butterfly Hill, French Garden y Dinosaur Valley.<\/li>\n<li><strong>Entretenimiento para toda la familia<\/strong>:Perfecto para visitantes de todas las edades, desde ni\u00f1os peque\u00f1os hasta personas mayores.<\/li>\n<\/ul>\n<hr \/>\n<h3>Qu\u00e9 incluye<\/h3>\n<ul>\n<li><strong>Admisi\u00f3n<\/strong> al Jard\u00edn Tropical de Nong Nooch.<\/li>\n<li><strong>Autob\u00fas tur\u00edstico<\/strong> Recorrido que ofrece una visi\u00f3n general de las principales \u00e1reas del jard\u00edn.<\/li>\n<li><strong>Acceso al espect\u00e1culo cultural tailand\u00e9s<\/strong> y <strong>Espect\u00e1culo de elefantes<\/strong> con asientos est\u00e1ndar.<\/li>\n<\/ul>\n<hr \/>\n<h3>Inclusiones \/ Exclusiones<\/h3>\n<p><strong>Inclusiones<\/strong>:<\/p>\n<ul>\n<li>Entrada al Jard\u00edn Tropical de Nong Nooch.<\/li>\n<li>Recorrido en autob\u00fas tur\u00edstico que cubre todas las atracciones principales.<\/li>\n<li>Entrada al espect\u00e1culo cultural tailand\u00e9s y al espect\u00e1culo de elefantes.<\/li>\n<\/ul>\n<p><strong>Exclusiones<\/strong>:<\/p>\n<ul>\n<li>Almuerzo buffet u otras opciones gastron\u00f3micas (disponibles como complemento).<\/li>\n<li>Transporte desde y hacia el jard\u00edn.<\/li>\n<li>Actividades adicionales como asientos VIP o paseos en elefante (disponibles con diferentes paquetes).<\/li>\n<\/ul>\n<hr \/>\n<h3>Pol\u00edtica infantil<\/h3>\n<ul>\n<li><strong>Requisitos para adquirir entradas para ni\u00f1os<\/strong>:Los ni\u00f1os entre 90 y 130 cm de altura pueden disfrutar del precio para ni\u00f1os.<\/li>\n<li><strong>Admisi\u00f3n de beb\u00e9s<\/strong>:Los ni\u00f1os menores de 90 cm pueden entrar gratis.<\/li>\n<\/ul>\n<hr \/>\n<h3>Pol\u00edtica de reembolso y cancelaci\u00f3n<\/h3>\n<ul>\n<li><strong>Sin reembolsos<\/strong>:Este paquete no es reembolsable ni cancelable.<\/li>\n<li><strong>Reprogramaci\u00f3n<\/strong>:Es posible que haya reprogramaciones disponibles para paquetes espec\u00edficos con transporte con un aviso de 48 horas de anticipaci\u00f3n, sujeto a disponibilidad.<\/li>\n<\/ul>\n<hr \/>\n<h3>\u00bfQu\u00e9 hay m\u00e1s?<\/h3>\n<ul>\n<li><strong>Cobertura completa de Nong Nooch<\/strong>:El autob\u00fas tur\u00edstico permite ver f\u00e1cilmente todas las atracciones principales sin tener que caminar mucho.<\/li>\n<li><strong>Experiencia cultural \u00fanica<\/strong>:El espect\u00e1culo cultural tailand\u00e9s y el espect\u00e1culo de elefantes ofrecen una visi\u00f3n aut\u00e9ntica del patrimonio cultural de Tailandia.<\/li>\n<li><strong>Ideal para familias y grupos<\/strong>:Este paquete es perfecto para familias, grupos y visitantes que buscan una forma sin complicaciones de experimentar lo mejor de Nong Nooch.<\/li>\n<\/ul>\n<hr \/>\n<h3>Consejos de expertos<\/h3>\n<ul>\n<li><strong>Llegar temprano<\/strong>:Llegue temprano para disfrutar de m\u00e1s tiempo en el jard\u00edn antes de que comience el espect\u00e1culo.<\/li>\n<li><strong>Elige la hora de tu espect\u00e1culo<\/strong>:Planifique su visita en funci\u00f3n de los horarios de los espect\u00e1culos para asegurarse de no perderse ninguna actuaci\u00f3n.<\/li>\n<li><strong>Utilice el autob\u00fas tur\u00edstico<\/strong>:Maximice su tiempo y energ\u00eda utilizando el autob\u00fas tur\u00edstico para recorrer el jard\u00edn.<\/li>\n<\/ul>\n<hr \/>\n<h3>Qu\u00e9 hacer y qu\u00e9 no hacer<\/h3>\n<p><strong>Qu\u00e9 hacer<\/strong>:<\/p>\n<ul>\n<li>Traiga una identificaci\u00f3n con fotograf\u00eda v\u00e1lida para verificar la entrada.<\/li>\n<li>Llega a los espect\u00e1culos 10 minutos antes de que comiencen para obtener mejores asientos.<\/li>\n<li>Use zapatos c\u00f3modos para caminar por el jard\u00edn.<\/li>\n<\/ul>\n<p><strong>Qu\u00e9 no hacer<\/strong>:<\/p>\n<ul>\n<li>Evite traer alimentos y bebidas del exterior.<\/li>\n<li>No se acerque ni alimente a los animales a menos que se lo permitan.<\/li>\n<\/ul>\n<hr \/>\n<h3>Lo que debes saber antes de ir<\/h3>\n<ul>\n<li><strong>Requisito de identificaci\u00f3n<\/strong>:Todos los extranjeros deben llevar su pasaporte como prueba de identidad.<\/li>\n<li><strong>Preparaci\u00f3n para el clima<\/strong>:El jard\u00edn est\u00e1 abierto cuando llueve ligeramente; traiga un paraguas o impermeable si es necesario.<\/li>\n<li><strong>Mostrar horario<\/strong>:Planee asistir a uno de los horarios de espect\u00e1culos programados (10:30 a. m., 11:30 a. m., 1:30 p. m. o 3:30 p. m.) para disfrutar de una experiencia perfecta.<\/li>\n<\/ul>\n<hr \/>\n<h3>Direcci\u00f3n, Mapas y Ubicaci\u00f3n<\/h3>\n<ul>\n<li><strong>DIRECCI\u00d3N<\/strong>: 34\/1 Sukhumvit Road, Na Chom Thian, distrito de Sattahip, Chon Buri 20250, Tailandia<\/li>\n<li><strong>Ubicaci\u00f3n de Google Maps<\/strong>: <a href=\"https:\/\/maps.app.goo.gl\/AwWepSfe6DdhvcTr8\" target=\"_new\" rel=\"noopener\">Ubicaci\u00f3n del jard\u00edn tropical de Nong Nooch<\/a><\/li>\n<\/ul>\n<hr \/>\n<h3>C\u00f3mo llegar<\/h3>\n<ul>\n<li><strong>En coche o taxi<\/strong>:Ubicado a unos 20 minutos del centro de la ciudad de Pattaya.<\/li>\n<li><strong>Transporte p\u00fablico<\/strong>:F\u00e1cilmente accesible a trav\u00e9s de autobuses locales y taxis.<\/li>\n<li><strong>Paquete de transporte<\/strong>:Las opciones de traslado de ida y vuelta est\u00e1n disponibles con paquetes de boletos seleccionados.<\/li>\n<\/ul>\n<hr \/>\n<h3>Preguntas frecuentes (FAQ)<\/h3>\n<p><strong>1. \u00bfQu\u00e9 incluye el Ticket de Entrada + Bus Tur\u00edstico + Espect\u00e1culo?<\/strong><br \/>\nEste paquete incluye la entrada al jard\u00edn, un recorrido guiado en autob\u00fas tur\u00edstico y acceso al espect\u00e1culo cultural tailand\u00e9s y al espect\u00e1culo de elefantes.<\/p>\n<p><strong>2. \u00bfHay opciones de asientos para los espect\u00e1culos?<\/strong><br \/>\nEste paquete incluye asientos est\u00e1ndar para ambos espect\u00e1culos. Hay asientos VIP disponibles con otros tipos de entradas.<\/p>\n<p><strong>3. \u00bfPuedo mejorar mi entrada para incluir un almuerzo buffet?<\/strong><br \/>\nS\u00ed, puedes comprar un complemento para el almuerzo buffet si deseas cenar en el lugar.<\/p>\n<p><strong>4. \u00bfEl autob\u00fas tur\u00edstico es accesible para todas las edades?<\/strong><br \/>\nS\u00ed, el autob\u00fas tur\u00edstico es apto para familias y personas de todas las edades.<\/p>\n<p><strong>5. \u00bfQu\u00e9 debo vestir para el recorrido en autob\u00fas tur\u00edstico?<\/strong><br \/>\nSe recomienda llevar ropa y calzado c\u00f3modos, ya que podr\u00e1 explorar varias partes del jard\u00edn despu\u00e9s del recorrido en autob\u00fas.<\/p>\n<p><strong>6. \u00bfLos espect\u00e1culos son aptos para ni\u00f1os?<\/strong><br \/>\nS\u00ed, tanto el espect\u00e1culo cultural tailand\u00e9s como el espect\u00e1culo de elefantes son divertidos tanto para ni\u00f1os como para adultos.<\/p>\n<p><strong>7. \u00bfPuedo tomar fotograf\u00edas durante los espect\u00e1culos?<\/strong><br \/>\nSe permite tomar fotograf\u00edas, pero se recomienda evitar el uso de flash para no distraer a los artistas y a los animales.<\/p>\n<p><strong>8. \u00bfCu\u00e1nto dura el recorrido en autob\u00fas tur\u00edstico?<\/strong><br \/>\nEl recorrido en autob\u00fas suele durar unos 20-30 minutos y cubre todas las \u00e1reas principales del jard\u00edn.<\/p>\n<p>El <strong>Entrada + Bus Tur\u00edstico + Espect\u00e1culo<\/strong> El paquete ofrece una maravillosa combinaci\u00f3n de exploraci\u00f3n, cultura y entretenimiento, lo que lo hace ideal para una experiencia completa en <a href=\"https:\/\/nongnoochtickets.com\/es\/\"><strong>Jard\u00edn tropical de Nong Nooch<\/strong><\/a>.<\/p>","protected":false},"excerpt":{"rendered":"<p>About Nong Nooch Tropical Garden \u2013 Admission Ticket + Sightseeing Bus + Show The Admission Ticket + Sightseeing Bus + Show package at Nong Nooch Tropical Garden is an all-in-one experience that lets visitors fully explore the garden\u2019s beauty, culture, and entertainment. Enjoy a convenient Sightseeing Bus tour covering all major garden areas, and attend [&hellip;]<\/p>\n","protected":false},"featured_media":3179,"template":"","meta":{"ocean_post_layout":"","ocean_both_sidebars_style":"","ocean_both_sidebars_content_width":0,"ocean_both_sidebars_sidebars_width":0,"ocean_sidebar":"0","ocean_second_sidebar":"0","ocean_disable_margins":"enable","ocean_add_body_class":"","ocean_shortcode_before_top_bar":"","ocean_shortcode_after_top_bar":"","ocean_shortcode_before_header":"","ocean_shortcode_after_header":"","ocean_has_shortcode":"","ocean_shortcode_after_title":"","ocean_shortcode_before_footer_widgets":"","ocean_shortcode_after_footer_widgets":"","ocean_shortcode_before_footer_bottom":"","ocean_shortcode_after_footer_bottom":"","ocean_display_top_bar":"default","ocean_display_header":"default","ocean_header_style":"","ocean_center_header_left_menu":"0","ocean_custom_header_template":"0","ocean_custom_logo":0,"ocean_custom_retina_logo":0,"ocean_custom_logo_max_width":0,"ocean_custom_logo_tablet_max_width":0,"ocean_custom_logo_mobile_max_width":0,"ocean_custom_logo_max_height":0,"ocean_custom_logo_tablet_max_height":0,"ocean_custom_logo_mobile_max_height":0,"ocean_header_custom_menu":"0","ocean_menu_typo_font_family":"0","ocean_menu_typo_font_subset":"","ocean_menu_typo_font_size":0,"ocean_menu_typo_font_size_tablet":0,"ocean_menu_typo_font_size_mobile":0,"ocean_menu_typo_font_size_unit":"px","ocean_menu_typo_font_weight":"","ocean_menu_typo_font_weight_tablet":"","ocean_menu_typo_font_weight_mobile":"","ocean_menu_typo_transform":"","ocean_menu_typo_transform_tablet":"","ocean_menu_typo_transform_mobile":"","ocean_menu_typo_line_height":0,"ocean_menu_typo_line_height_tablet":0,"ocean_menu_typo_line_height_mobile":0,"ocean_menu_typo_line_height_unit":"","ocean_menu_typo_spacing":0,"ocean_menu_typo_spacing_tablet":0,"ocean_menu_typo_spacing_mobile":0,"ocean_menu_typo_spacing_unit":"","ocean_menu_link_color":"","ocean_menu_link_color_hover":"","ocean_menu_link_color_active":"","ocean_menu_link_background":"","ocean_menu_link_hover_background":"","ocean_menu_link_active_background":"","ocean_menu_social_links_bg":"","ocean_menu_social_hover_links_bg":"","ocean_menu_social_links_color":"","ocean_menu_social_hover_links_color":"","ocean_disable_title":"default","ocean_disable_heading":"default","ocean_post_title":"","ocean_post_subheading":"","ocean_post_title_style":"","ocean_post_title_background_color":"","ocean_post_title_background":0,"ocean_post_title_bg_image_position":"","ocean_post_title_bg_image_attachment":"","ocean_post_title_bg_image_repeat":"","ocean_post_title_bg_image_size":"","ocean_post_title_height":0,"ocean_post_title_bg_overlay":0.5,"ocean_post_title_bg_overlay_color":"","ocean_disable_breadcrumbs":"default","ocean_breadcrumbs_color":"","ocean_breadcrumbs_separator_color":"","ocean_breadcrumbs_links_color":"","ocean_breadcrumbs_links_hover_color":"","ocean_display_footer_widgets":"default","ocean_display_footer_bottom":"default","ocean_custom_footer_template":"0"},"product_brand":[],"product_cat":[20],"product_tag":[472,456,502,504,503,478,474,446,471,458,470,492,501,464],"class_list":{"0":"post-3296","1":"product","2":"type-product","3":"status-publish","4":"has-post-thumbnail","6":"product_cat-tickets","7":"product_tag-nong-nooch-admission-show","8":"product_tag-nong-nooch-attraction","9":"product_tag-nong-nooch-bus-show","10":"product_tag-nong-nooch-combo-package","11":"product_tag-nong-nooch-cultural-show","12":"product_tag-nong-nooch-event-ticket","13":"product_tag-nong-nooch-garden-show","14":"product_tag-nong-nooch-garden-thailand","15":"product_tag-nong-nooch-show-ticket","16":"product_tag-nong-nooch-sightseeing-bus","17":"product_tag-nong-nooch-thailand-entry","18":"product_tag-nong-nooch-thailand-ticket","19":"product_tag-nong-nooch-tickets-combo","20":"product_tag-nong-nooch-tour-package","22":"entry","23":"has-media","24":"tm-has-options","26":"first","27":"instock","28":"virtual","29":"taxable","30":"purchasable","31":"product-type-simple","32":"has-product-nav","33":"col","34":"span_1_of_3","35":"owp-content-center","36":"owp-thumbs-layout-horizontal","37":"owp-btn-normal","38":"owp-tabs-layout-horizontal"},"yoast_head":"<!-- This site is optimized with the Yoast SEO plugin v27.5 - https:\/\/yoast.com\/product\/yoast-seo-wordpress\/ -->\n<title>Book Nong Nooch Entry, Bus And Show \u2013 Ultimate Garden Tour<\/title>\n<meta name=\"description\" content=\"Experience Nong Nooch With An Admission Ticket, Scenic Bus Tour, And Cultural Show. Enjoy The Best Of Nature And Culture! Book Your Tickets Now.\" \/>\n<meta name=\"robots\" content=\"index, follow, max-snippet:-1, max-image-preview:large, max-video-preview:-1\" \/>\n<link rel=\"canonical\" href=\"https:\/\/nongnoochtickets.com\/es\/entradas\/entrada-al-jardin-tropical-de-nong-nooch-autobus-turistico-y-espectaculo\/\" \/>\n<meta property=\"og:locale\" content=\"es_ES\" \/>\n<meta property=\"og:type\" content=\"article\" \/>\n<meta property=\"og:title\" content=\"Book Nong Nooch Entry, Bus And Show \u2013 Ultimate Garden Tour\" \/>\n<meta property=\"og:description\" content=\"Experience Nong Nooch With An Admission Ticket, Scenic Bus Tour, And Cultural Show. Enjoy The Best Of Nature And Culture! Book Your Tickets Now.\" \/>\n<meta property=\"og:url\" content=\"https:\/\/nongnoochtickets.com\/es\/entradas\/entrada-al-jardin-tropical-de-nong-nooch-autobus-turistico-y-espectaculo\/\" \/>\n<meta property=\"og:site_name\" content=\"Nong Nooch Tropical Garden\" \/>\n<meta property=\"article:modified_time\" content=\"2025-09-19T09:52:22+00:00\" \/>\n<meta property=\"og:image\" content=\"https:\/\/nongnoochtickets.com\/wp-content\/uploads\/2024\/11\/Nong-Nooch-Tropical-Garden.webp\" \/>\n\t<meta property=\"og:image:width\" content=\"1607\" \/>\n\t<meta property=\"og:image:height\" content=\"904\" \/>\n\t<meta property=\"og:image:type\" content=\"image\/webp\" \/>\n<meta name=\"twitter:card\" content=\"summary_large_image\" \/>\n<meta name=\"twitter:label1\" content=\"Tiempo de lectura\" \/>\n\t<meta name=\"twitter:data1\" content=\"4 minutos\" \/>\n<script type=\"application\/ld+json\" class=\"yoast-schema-graph\">{\"@context\":\"https:\\\/\\\/schema.org\",\"@graph\":[{\"@type\":\"WebPage\",\"@id\":\"https:\\\/\\\/nongnoochtickets.com\\\/tickets\\\/nong-nooch-tropical-garden-admission-ticket-sightseeing-bus-show\\\/\",\"url\":\"https:\\\/\\\/nongnoochtickets.com\\\/tickets\\\/nong-nooch-tropical-garden-admission-ticket-sightseeing-bus-show\\\/\",\"name\":\"Book Nong Nooch Entry, Bus And Show \u2013 Ultimate Garden Tour\",\"isPartOf\":{\"@id\":\"https:\\\/\\\/nongnoochtickets.com\\\/#website\"},\"primaryImageOfPage\":{\"@id\":\"https:\\\/\\\/nongnoochtickets.com\\\/tickets\\\/nong-nooch-tropical-garden-admission-ticket-sightseeing-bus-show\\\/#primaryimage\"},\"image\":{\"@id\":\"https:\\\/\\\/nongnoochtickets.com\\\/tickets\\\/nong-nooch-tropical-garden-admission-ticket-sightseeing-bus-show\\\/#primaryimage\"},\"thumbnailUrl\":\"https:\\\/\\\/nongnoochtickets.com\\\/wp-content\\\/uploads\\\/2024\\\/11\\\/Nong-Nooch-Tropical-Garden.webp\",\"datePublished\":\"2024-11-12T05:10:47+00:00\",\"dateModified\":\"2025-09-19T09:52:22+00:00\",\"description\":\"Experience Nong Nooch With An Admission Ticket, Scenic Bus Tour, And Cultural Show. Enjoy The Best Of Nature And Culture! Book Your Tickets Now.\",\"breadcrumb\":{\"@id\":\"https:\\\/\\\/nongnoochtickets.com\\\/tickets\\\/nong-nooch-tropical-garden-admission-ticket-sightseeing-bus-show\\\/#breadcrumb\"},\"inLanguage\":\"es\",\"potentialAction\":[{\"@type\":\"ReadAction\",\"target\":[\"https:\\\/\\\/nongnoochtickets.com\\\/tickets\\\/nong-nooch-tropical-garden-admission-ticket-sightseeing-bus-show\\\/\"]}]},{\"@type\":\"ImageObject\",\"inLanguage\":\"es\",\"@id\":\"https:\\\/\\\/nongnoochtickets.com\\\/tickets\\\/nong-nooch-tropical-garden-admission-ticket-sightseeing-bus-show\\\/#primaryimage\",\"url\":\"https:\\\/\\\/nongnoochtickets.com\\\/wp-content\\\/uploads\\\/2024\\\/11\\\/Nong-Nooch-Tropical-Garden.webp\",\"contentUrl\":\"https:\\\/\\\/nongnoochtickets.com\\\/wp-content\\\/uploads\\\/2024\\\/11\\\/Nong-Nooch-Tropical-Garden.webp\",\"width\":1607,\"height\":904,\"caption\":\"Nong Nooch Tropical Garden\"},{\"@type\":\"BreadcrumbList\",\"@id\":\"https:\\\/\\\/nongnoochtickets.com\\\/tickets\\\/nong-nooch-tropical-garden-admission-ticket-sightseeing-bus-show\\\/#breadcrumb\",\"itemListElement\":[{\"@type\":\"ListItem\",\"position\":1,\"name\":\"Home\",\"item\":\"https:\\\/\\\/nongnoochtickets.com\\\/\"},{\"@type\":\"ListItem\",\"position\":2,\"name\":\"Tickets\",\"item\":\"https:\\\/\\\/nongnoochtickets.com\\\/tickets\\\/\"},{\"@type\":\"ListItem\",\"position\":3,\"name\":\"Nong Nooch Tropical Garden Admission Ticket + Sightseeing Bus + Show\"}]},{\"@type\":\"WebSite\",\"@id\":\"https:\\\/\\\/nongnoochtickets.com\\\/#website\",\"url\":\"https:\\\/\\\/nongnoochtickets.com\\\/\",\"name\":\"Nong Nooch Tropical Garden\",\"description\":\"\",\"publisher\":{\"@id\":\"https:\\\/\\\/nongnoochtickets.com\\\/#organization\"},\"potentialAction\":[{\"@type\":\"SearchAction\",\"target\":{\"@type\":\"EntryPoint\",\"urlTemplate\":\"https:\\\/\\\/nongnoochtickets.com\\\/?s={search_term_string}\"},\"query-input\":{\"@type\":\"PropertyValueSpecification\",\"valueRequired\":true,\"valueName\":\"search_term_string\"}}],\"inLanguage\":\"es\"},{\"@type\":\"Organization\",\"@id\":\"https:\\\/\\\/nongnoochtickets.com\\\/#organization\",\"name\":\"Nong Nooch Tropical Garden\",\"url\":\"https:\\\/\\\/nongnoochtickets.com\\\/\",\"logo\":{\"@type\":\"ImageObject\",\"inLanguage\":\"es\",\"@id\":\"https:\\\/\\\/nongnoochtickets.com\\\/#\\\/schema\\\/logo\\\/image\\\/\",\"url\":\"https:\\\/\\\/nongnoochtickets.com\\\/wp-content\\\/uploads\\\/2024\\\/08\\\/Nong-Nooch-Tropical-Garden.png\",\"contentUrl\":\"https:\\\/\\\/nongnoochtickets.com\\\/wp-content\\\/uploads\\\/2024\\\/08\\\/Nong-Nooch-Tropical-Garden.png\",\"width\":350,\"height\":100,\"caption\":\"Nong Nooch Tropical Garden\"},\"image\":{\"@id\":\"https:\\\/\\\/nongnoochtickets.com\\\/#\\\/schema\\\/logo\\\/image\\\/\"}}]}<\/script>\n<!-- \/ Yoast SEO plugin. -->","yoast_head_json":{"title":"Reserva la entrada, el autob\u00fas y el espect\u00e1culo de Nong Nooch: el mejor recorrido por los jardines","description":"Viva la experiencia de Nong Nooch con una entrada, un recorrido panor\u00e1mico en autob\u00fas y un espect\u00e1culo cultural. \u00a1Disfrute de lo mejor de la naturaleza y la cultura! Reserve sus entradas ahora.","robots":{"index":"index","follow":"follow","max-snippet":"max-snippet:-1","max-image-preview":"max-image-preview:large","max-video-preview":"max-video-preview:-1"},"canonical":"https:\/\/nongnoochtickets.com\/es\/entradas\/entrada-al-jardin-tropical-de-nong-nooch-autobus-turistico-y-espectaculo\/","og_locale":"es_ES","og_type":"article","og_title":"Book Nong Nooch Entry, Bus And Show \u2013 Ultimate Garden Tour","og_description":"Experience Nong Nooch With An Admission Ticket, Scenic Bus Tour, And Cultural Show. Enjoy The Best Of Nature And Culture! Book Your Tickets Now.","og_url":"https:\/\/nongnoochtickets.com\/es\/entradas\/entrada-al-jardin-tropical-de-nong-nooch-autobus-turistico-y-espectaculo\/","og_site_name":"Nong Nooch Tropical Garden","article_modified_time":"2025-09-19T09:52:22+00:00","og_image":[{"width":1607,"height":904,"url":"https:\/\/nongnoochtickets.com\/wp-content\/uploads\/2024\/11\/Nong-Nooch-Tropical-Garden.webp","type":"image\/webp"}],"twitter_card":"summary_large_image","twitter_misc":{"Tiempo de lectura":"4 minutos"},"schema":{"@context":"https:\/\/schema.org","@graph":[{"@type":"WebPage","@id":"https:\/\/nongnoochtickets.com\/tickets\/nong-nooch-tropical-garden-admission-ticket-sightseeing-bus-show\/","url":"https:\/\/nongnoochtickets.com\/tickets\/nong-nooch-tropical-garden-admission-ticket-sightseeing-bus-show\/","name":"Reserva la entrada, el autob\u00fas y el espect\u00e1culo de Nong Nooch: el mejor recorrido por los jardines","isPartOf":{"@id":"https:\/\/nongnoochtickets.com\/#website"},"primaryImageOfPage":{"@id":"https:\/\/nongnoochtickets.com\/tickets\/nong-nooch-tropical-garden-admission-ticket-sightseeing-bus-show\/#primaryimage"},"image":{"@id":"https:\/\/nongnoochtickets.com\/tickets\/nong-nooch-tropical-garden-admission-ticket-sightseeing-bus-show\/#primaryimage"},"thumbnailUrl":"https:\/\/nongnoochtickets.com\/wp-content\/uploads\/2024\/11\/Nong-Nooch-Tropical-Garden.webp","datePublished":"2024-11-12T05:10:47+00:00","dateModified":"2025-09-19T09:52:22+00:00","description":"Viva la experiencia de Nong Nooch con una entrada, un recorrido panor\u00e1mico en autob\u00fas y un espect\u00e1culo cultural. \u00a1Disfrute de lo mejor de la naturaleza y la cultura! Reserve sus entradas ahora.","breadcrumb":{"@id":"https:\/\/nongnoochtickets.com\/tickets\/nong-nooch-tropical-garden-admission-ticket-sightseeing-bus-show\/#breadcrumb"},"inLanguage":"es","potentialAction":[{"@type":"ReadAction","target":["https:\/\/nongnoochtickets.com\/tickets\/nong-nooch-tropical-garden-admission-ticket-sightseeing-bus-show\/"]}]},{"@type":"ImageObject","inLanguage":"es","@id":"https:\/\/nongnoochtickets.com\/tickets\/nong-nooch-tropical-garden-admission-ticket-sightseeing-bus-show\/#primaryimage","url":"https:\/\/nongnoochtickets.com\/wp-content\/uploads\/2024\/11\/Nong-Nooch-Tropical-Garden.webp","contentUrl":"https:\/\/nongnoochtickets.com\/wp-content\/uploads\/2024\/11\/Nong-Nooch-Tropical-Garden.webp","width":1607,"height":904,"caption":"Nong Nooch Tropical Garden"},{"@type":"BreadcrumbList","@id":"https:\/\/nongnoochtickets.com\/tickets\/nong-nooch-tropical-garden-admission-ticket-sightseeing-bus-show\/#breadcrumb","itemListElement":[{"@type":"ListItem","position":1,"name":"Home","item":"https:\/\/nongnoochtickets.com\/"},{"@type":"ListItem","position":2,"name":"Tickets","item":"https:\/\/nongnoochtickets.com\/tickets\/"},{"@type":"ListItem","position":3,"name":"Nong Nooch Tropical Garden Admission Ticket + Sightseeing Bus + Show"}]},{"@type":"WebSite","@id":"https:\/\/nongnoochtickets.com\/#website","url":"https:\/\/nongnoochtickets.com\/","name":"Jard\u00edn tropical de Nong Nooch","description":"","publisher":{"@id":"https:\/\/nongnoochtickets.com\/#organization"},"potentialAction":[{"@type":"SearchAction","target":{"@type":"EntryPoint","urlTemplate":"https:\/\/nongnoochtickets.com\/?s={search_term_string}"},"query-input":{"@type":"PropertyValueSpecification","valueRequired":true,"valueName":"search_term_string"}}],"inLanguage":"es"},{"@type":"Organization","@id":"https:\/\/nongnoochtickets.com\/#organization","name":"Jard\u00edn tropical de Nong Nooch","url":"https:\/\/nongnoochtickets.com\/","logo":{"@type":"ImageObject","inLanguage":"es","@id":"https:\/\/nongnoochtickets.com\/#\/schema\/logo\/image\/","url":"https:\/\/nongnoochtickets.com\/wp-content\/uploads\/2024\/08\/Nong-Nooch-Tropical-Garden.png","contentUrl":"https:\/\/nongnoochtickets.com\/wp-content\/uploads\/2024\/08\/Nong-Nooch-Tropical-Garden.png","width":350,"height":100,"caption":"Nong Nooch Tropical Garden"},"image":{"@id":"https:\/\/nongnoochtickets.com\/#\/schema\/logo\/image\/"}}]}},"jetpack_sharing_enabled":true,"_links":{"self":[{"href":"https:\/\/nongnoochtickets.com\/es\/wp-json\/wp\/v2\/product\/3296","targetHints":{"allow":["GET"]}}],"collection":[{"href":"https:\/\/nongnoochtickets.com\/es\/wp-json\/wp\/v2\/product"}],"about":[{"href":"https:\/\/nongnoochtickets.com\/es\/wp-json\/wp\/v2\/types\/product"}],"wp:featuredmedia":[{"embeddable":true,"href":"https:\/\/nongnoochtickets.com\/es\/wp-json\/wp\/v2\/media\/3179"}],"wp:attachment":[{"href":"https:\/\/nongnoochtickets.com\/es\/wp-json\/wp\/v2\/media?parent=3296"}],"wp:term":[{"taxonomy":"product_brand","embeddable":true,"href":"https:\/\/nongnoochtickets.com\/es\/wp-json\/wp\/v2\/product_brand?post=3296"},{"taxonomy":"product_cat","embeddable":true,"href":"https:\/\/nongnoochtickets.com\/es\/wp-json\/wp\/v2\/product_cat?post=3296"},{"taxonomy":"product_tag","embeddable":true,"href":"https:\/\/nongnoochtickets.com\/es\/wp-json\/wp\/v2\/product_tag?post=3296"}],"curies":[{"name":"Gracias","href":"https:\/\/api.w.org\/{rel}","templated":true}]}}