{"id":3295,"date":"2024-11-12T10:37:46","date_gmt":"2024-11-12T05:07:46","guid":{"rendered":"https:\/\/nongnoochtickets.com\/?post_type=product&#038;p=3295"},"modified":"2025-09-19T15:22:07","modified_gmt":"2025-09-19T09:52:07","slug":"entrada-al-jardin-tropical-de-nong-nooch-autobus-turistico-almuerzo-tipo-bufe","status":"publish","type":"product","link":"https:\/\/nongnoochtickets.com\/es\/entradas\/entrada-al-jardin-tropical-de-nong-nooch-autobus-turistico-almuerzo-tipo-bufe\/","title":{"rendered":"Entrada al jard\u00edn tropical de Nong Nooch + autob\u00fas tur\u00edstico + almuerzo buf\u00e9"},"content":{"rendered":"<h2>Acerca del jard\u00edn tropical de Nong Nooch: entrada + autob\u00fas tur\u00edstico + almuerzo tipo buf\u00e9<\/h2>\n<p>El <strong>Entrada + Autob\u00fas tur\u00edstico + Almuerzo buffet<\/strong> El paquete ofrece una experiencia con todo incluido en <strong>Jard\u00edn tropical de Nong Nooch<\/strong>Disfrute de un acceso sin inconvenientes a los impresionantes paisajes del jard\u00edn, realice una visita guiada por el <strong>Autob\u00fas tur\u00edstico<\/strong> para explorar cada rinc\u00f3n de esta vasta maravilla bot\u00e1nica y disfrutar de una deliciosa <strong>Almuerzo buffet<\/strong> Con opciones de cocina tailandesa, internacional e india. Este paquete est\u00e1 dise\u00f1ado para quienes desean aprovechar al m\u00e1ximo su visita con comodidad, relajaci\u00f3n y una experiencia gastron\u00f3mica inolvidable.<\/p>\n<hr \/>\n<h3>Horarios<\/h3>\n<ul>\n<li><strong>Horario del jard\u00edn<\/strong>:08:00 AM \u2013 06:00 PM, todos los d\u00edas.<\/li>\n<li><strong>Horario de almuerzo buffet<\/strong>:11:30 a.m. \u2013 2:00 p.m.<\/li>\n<li><strong>Recorridos tur\u00edsticos en autob\u00fas<\/strong>:Disponible durante todo el d\u00eda; consulte en el sitio los horarios del recorrido.<\/li>\n<\/ul>\n<hr \/>\n<h3>Reflejos<\/h3>\n<ul>\n<li><strong>Exploraci\u00f3n integral<\/strong>:Descubra todo el jard\u00edn con la comodidad de un recorrido guiado en autob\u00fas tur\u00edstico.<\/li>\n<li><strong>Comida deliciosa<\/strong>:Disfrute de un almuerzo buffet con opciones de cocina tailandesa, internacional e india.<\/li>\n<li><strong>Paisajes esc\u00e9nicos<\/strong>:Visite lugares emblem\u00e1ticos como el Valle de los Dinosaurios, el Jard\u00edn Franc\u00e9s y el Jard\u00edn de Cactus.<\/li>\n<li><strong>Perfecto para todas las edades<\/strong>:Una forma de explorar sin estr\u00e9s para familias, personas mayores y grupos.<\/li>\n<\/ul>\n<hr \/>\n<h3>Qu\u00e9 incluye<\/h3>\n<ul>\n<li><strong>Admisi\u00f3n<\/strong> al Jard\u00edn Tropical de Nong Nooch.<\/li>\n<li><strong>Autob\u00fas tur\u00edstico<\/strong> Recorrido que cubre todas las \u00e1reas claves del jard\u00edn.<\/li>\n<li><strong>Almuerzo buffet<\/strong> con una variedad de platos tailandeses, internacionales e indios.<\/li>\n<\/ul>\n<hr \/>\n<h3>Inclusiones \/ Exclusiones<\/h3>\n<p><strong>Inclusiones<\/strong>:<\/p>\n<ul>\n<li>Entrada al jard\u00edn.<\/li>\n<li>Recorrido en autob\u00fas tur\u00edstico.<\/li>\n<li>Almuerzo buffet con opciones de cocina tailandesa, internacional e india.<\/li>\n<\/ul>\n<p><strong>Exclusiones<\/strong>:<\/p>\n<ul>\n<li>Espect\u00e1culos culturales y de elefantes en vivo (disponibles con mejoras de entradas espec\u00edficas).<\/li>\n<li>Comidas o bebidas adicionales al almuerzo buffet.<\/li>\n<li>Transporte desde y hacia el jard\u00edn.<\/li>\n<\/ul>\n<hr \/>\n<h3>Pol\u00edtica infantil<\/h3>\n<ul>\n<li><strong>Requisitos para adquirir entradas para ni\u00f1os<\/strong>:Los ni\u00f1os entre 90 y 130 cm de altura califican para el precio de ni\u00f1o.<\/li>\n<li><strong>Admisi\u00f3n de beb\u00e9s<\/strong>:Los ni\u00f1os menores de 90 cm pueden entrar gratis.<\/li>\n<\/ul>\n<hr \/>\n<h3>Pol\u00edtica de reembolso y cancelaci\u00f3n<\/h3>\n<ul>\n<li><strong>Sin reembolsos<\/strong>:Este paquete no es reembolsable ni cancelable.<\/li>\n<li><strong>Reprogramaci\u00f3n<\/strong>:Es posible que se pueda reprogramar con un aviso de 48 horas para paquetes espec\u00edficos que incluyen transporte, sujeto a disponibilidad.<\/li>\n<\/ul>\n<hr \/>\n<h3>\u00bfQu\u00e9 hay m\u00e1s?<\/h3>\n<ul>\n<li><strong>Viajes convenientes<\/strong>:El autob\u00fas tur\u00edstico cubre todas las atracciones principales, lo que le ahorra tener que caminar mucho.<\/li>\n<li><strong>Deliciosas opciones de buffet<\/strong>:Disfrute de una amplia variedad de sabores, desde aut\u00e9nticos platos tailandeses hasta populares opciones internacionales e indias.<\/li>\n<li><strong>Vistas panor\u00e1micas<\/strong>:Cene con vistas a los hermosos paisajes del jard\u00edn, mejorando la experiencia general.<\/li>\n<\/ul>\n<hr \/>\n<h3>Consejos de expertos<\/h3>\n<ul>\n<li><strong>Programa tu visita<\/strong>:Llegue temprano para disfrutar del jard\u00edn, del recorrido en autob\u00fas tur\u00edstico y del almuerzo a un ritmo relajado.<\/li>\n<li><strong>Pruebe todas las cocinas<\/strong>:Pruebe una variedad de platos del buffet para experimentar sabores tailandeses, indios e internacionales.<\/li>\n<li><strong>Utilice el autob\u00fas tur\u00edstico<\/strong>:El Autob\u00fas Tur\u00edstico es una forma c\u00f3moda de ver todo el jard\u00edn, perfecto para descansar entre paseos.<\/li>\n<\/ul>\n<hr \/>\n<h3>Qu\u00e9 hacer y qu\u00e9 no hacer<\/h3>\n<p><strong>Qu\u00e9 hacer<\/strong>:<\/p>\n<ul>\n<li>Lleve una identificaci\u00f3n con fotograf\u00eda v\u00e1lida para verificar la entrada.<\/li>\n<li>Llegue temprano para asegurar su horario preferido para el recorrido en autob\u00fas tur\u00edstico.<\/li>\n<li>Planifique su almuerzo buffet en torno al recorrido para aprovechar al m\u00e1ximo su tiempo.<\/li>\n<\/ul>\n<p><strong>Qu\u00e9 no hacer<\/strong>:<\/p>\n<ul>\n<li>Evite traer alimentos o bebidas del exterior.<\/li>\n<li>No deje pertenencias personales desatendidas en el autob\u00fas.<\/li>\n<\/ul>\n<hr \/>\n<h3>Lo que debes saber antes de ir<\/h3>\n<ul>\n<li><strong>Requisito de identificaci\u00f3n<\/strong>:Los extranjeros deber\u00e1n llevar su pasaporte como prueba de identidad.<\/li>\n<li><strong>Consejos sobre el clima<\/strong>:El jard\u00edn est\u00e1 abierto durante las lluvias ligeras; traiga un paraguas o impermeable seg\u00fan sea necesario.<\/li>\n<li><strong>Planifique con anticipaci\u00f3n<\/strong>:El buffet se sirve solo durante el horario de almuerzo (11:30 a. m. a 2:00 p. m.), as\u00ed que aseg\u00farese de llegar a tiempo.<\/li>\n<\/ul>\n<hr \/>\n<h3>Direcci\u00f3n, Mapas y Ubicaci\u00f3n<\/h3>\n<ul>\n<li><strong>DIRECCI\u00d3N<\/strong>: 34\/1 Sukhumvit Road, Na Chom Thian, distrito de Sattahip, Chon Buri 20250, Tailandia<\/li>\n<li><strong>Ubicaci\u00f3n de Google Maps<\/strong>: <a href=\"https:\/\/maps.app.goo.gl\/AwWepSfe6DdhvcTr8\" target=\"_new\" rel=\"noopener\">Ubicaci\u00f3n del jard\u00edn tropical de Nong Nooch<\/a><\/li>\n<\/ul>\n<hr \/>\n<h3>C\u00f3mo llegar<\/h3>\n<ul>\n<li><strong>En coche o taxi<\/strong>:Aproximadamente a 20 minutos en coche del centro de la ciudad de Pattaya.<\/li>\n<li><strong>Transporte p\u00fablico<\/strong>:Los autobuses locales y los taxis proporcionan f\u00e1cil acceso a Nong Nooch.<\/li>\n<li><strong>Paquete de transporte<\/strong>:Disponible como complemento para entradas seleccionadas.<\/li>\n<\/ul>\n<hr \/>\n<h3>Preguntas frecuentes (FAQ)<\/h3>\n<p><strong>1. \u00bfQu\u00e9 incluye el billete de entrada + autob\u00fas tur\u00edstico + almuerzo buffet?<\/strong><br \/>\nEste paquete incluye entrada al jard\u00edn, un recorrido guiado en autob\u00fas tur\u00edstico y acceso a un almuerzo buffet con opciones de cocina tailandesa, internacional e india.<\/p>\n<p><strong>2. \u00bfPuedo mejorar mi entrada para incluir los espect\u00e1culos?<\/strong><br \/>\nS\u00ed, el acceso al espect\u00e1culo se puede agregar por separado o a trav\u00e9s de otras opciones de entradas.<\/p>\n<p><strong>3. \u00bfHay opciones vegetarianas en el buffet?<\/strong><br \/>\nS\u00ed, el buffet incluye una variedad de platos vegetarianos de todos los tipos de cocina.<\/p>\n<p><strong>4. \u00bfEl recorrido en autob\u00fas tur\u00edstico es adecuado para todas las edades?<\/strong><br \/>\n\u00a1Por supuesto! El recorrido en autob\u00fas tur\u00edstico es una forma c\u00f3moda de explorar el jard\u00edn para visitantes de todas las edades.<\/p>\n<p><strong>5. \u00bfPuedo utilizar el autob\u00fas tur\u00edstico varias veces en un d\u00eda?<\/strong><br \/>\nPor lo general, cada boleto incluye un circuito completo; consulte en el sitio para obtener detalles sobre usos m\u00faltiples.<\/p>\n<p><strong>6. \u00bfLas bebidas est\u00e1n incluidas en el buffet?<\/strong><br \/>\nLas bebidas no alcoh\u00f3licas est\u00e1n incluidas en el buffet; se pueden comprar bebidas adicionales por separado.<\/p>\n<p><strong>7. \u00bfQu\u00e9 debo vestir para el recorrido en autob\u00fas tur\u00edstico?<\/strong><br \/>\nUse ropa c\u00f3moda y traiga sombrero o gafas de sol, ya que el recorrido incluye vistas al aire libre.<\/p>\n<p><strong>8. \u00bfEl autob\u00fas tur\u00edstico es accesible para personas con necesidades de movilidad?<\/strong><br \/>\nS\u00ed, el autob\u00fas tur\u00edstico es accesible, por lo que es adecuado para visitantes con problemas de movilidad.<\/p>\n<p>El <strong>Entrada + Autob\u00fas tur\u00edstico + Almuerzo buffet<\/strong> paquete en <a href=\"https:\/\/nongnoochtickets.com\/es\"><strong>Jard\u00edn tropical de Nong Nooch<\/strong><\/a> Combina exploraci\u00f3n, relajaci\u00f3n y gastronom\u00eda, lo que lo convierte en la opci\u00f3n ideal para un d\u00eda completo en esta hermosa atracci\u00f3n.<\/p>","protected":false},"excerpt":{"rendered":"<p>About Nong Nooch Tropical Garden \u2013 Admission Ticket + Sightseeing Bus + Buffet Lunch The Admission Ticket + Sightseeing Bus + Buffet Lunch package offers an all-inclusive experience at Nong Nooch Tropical Garden. Enjoy seamless access to the garden\u2019s stunning landscapes, take a guided tour on the Sightseeing Bus to explore every corner of this [&hellip;]<\/p>\n","protected":false},"featured_media":3177,"template":"","meta":{"ocean_post_layout":"","ocean_both_sidebars_style":"","ocean_both_sidebars_content_width":0,"ocean_both_sidebars_sidebars_width":0,"ocean_sidebar":"0","ocean_second_sidebar":"0","ocean_disable_margins":"enable","ocean_add_body_class":"","ocean_shortcode_before_top_bar":"","ocean_shortcode_after_top_bar":"","ocean_shortcode_before_header":"","ocean_shortcode_after_header":"","ocean_has_shortcode":"","ocean_shortcode_after_title":"","ocean_shortcode_before_footer_widgets":"","ocean_shortcode_after_footer_widgets":"","ocean_shortcode_before_footer_bottom":"","ocean_shortcode_after_footer_bottom":"","ocean_display_top_bar":"default","ocean_display_header":"default","ocean_header_style":"","ocean_center_header_left_menu":"0","ocean_custom_header_template":"0","ocean_custom_logo":0,"ocean_custom_retina_logo":0,"ocean_custom_logo_max_width":0,"ocean_custom_logo_tablet_max_width":0,"ocean_custom_logo_mobile_max_width":0,"ocean_custom_logo_max_height":0,"ocean_custom_logo_tablet_max_height":0,"ocean_custom_logo_mobile_max_height":0,"ocean_header_custom_menu":"0","ocean_menu_typo_font_family":"0","ocean_menu_typo_font_subset":"","ocean_menu_typo_font_size":0,"ocean_menu_typo_font_size_tablet":0,"ocean_menu_typo_font_size_mobile":0,"ocean_menu_typo_font_size_unit":"px","ocean_menu_typo_font_weight":"","ocean_menu_typo_font_weight_tablet":"","ocean_menu_typo_font_weight_mobile":"","ocean_menu_typo_transform":"","ocean_menu_typo_transform_tablet":"","ocean_menu_typo_transform_mobile":"","ocean_menu_typo_line_height":0,"ocean_menu_typo_line_height_tablet":0,"ocean_menu_typo_line_height_mobile":0,"ocean_menu_typo_line_height_unit":"","ocean_menu_typo_spacing":0,"ocean_menu_typo_spacing_tablet":0,"ocean_menu_typo_spacing_mobile":0,"ocean_menu_typo_spacing_unit":"","ocean_menu_link_color":"","ocean_menu_link_color_hover":"","ocean_menu_link_color_active":"","ocean_menu_link_background":"","ocean_menu_link_hover_background":"","ocean_menu_link_active_background":"","ocean_menu_social_links_bg":"","ocean_menu_social_hover_links_bg":"","ocean_menu_social_links_color":"","ocean_menu_social_hover_links_color":"","ocean_disable_title":"default","ocean_disable_heading":"default","ocean_post_title":"","ocean_post_subheading":"","ocean_post_title_style":"","ocean_post_title_background_color":"","ocean_post_title_background":0,"ocean_post_title_bg_image_position":"","ocean_post_title_bg_image_attachment":"","ocean_post_title_bg_image_repeat":"","ocean_post_title_bg_image_size":"","ocean_post_title_height":0,"ocean_post_title_bg_overlay":0.5,"ocean_post_title_bg_overlay_color":"","ocean_disable_breadcrumbs":"default","ocean_breadcrumbs_color":"","ocean_breadcrumbs_separator_color":"","ocean_breadcrumbs_links_color":"","ocean_breadcrumbs_links_hover_color":"","ocean_display_footer_widgets":"default","ocean_display_footer_bottom":"default","ocean_custom_footer_template":"0"},"product_brand":[],"product_cat":[20],"product_tag":[485,499,489,465,446,447,496,488,490,458,470,498,475,497,500],"class_list":{"0":"post-3295","1":"product","2":"type-product","3":"status-publish","4":"has-post-thumbnail","6":"product_cat-tickets","7":"product_tag-nong-nooch-admission-lunch","8":"product_tag-nong-nooch-buffet","9":"product_tag-nong-nooch-entry-meal","10":"product_tag-nong-nooch-garden-pass","11":"product_tag-nong-nooch-garden-thailand","12":"product_tag-nong-nooch-garden-ticket","13":"product_tag-nong-nooch-lunch-combo","14":"product_tag-nong-nooch-meal-package","15":"product_tag-nong-nooch-park-access","16":"product_tag-nong-nooch-sightseeing-bus","17":"product_tag-nong-nooch-thailand-entry","18":"product_tag-nong-nooch-thailand-tour","19":"product_tag-nong-nooch-tickets","20":"product_tag-nong-nooch-tour-buffet","21":"product_tag-thailand-bus-tour","23":"entry","24":"has-media","25":"tm-has-options","27":"first","28":"instock","29":"virtual","30":"taxable","31":"purchasable","32":"product-type-simple","33":"has-product-nav","34":"col","35":"span_1_of_3","36":"owp-content-center","37":"owp-thumbs-layout-horizontal","38":"owp-btn-normal","39":"owp-tabs-layout-horizontal"},"yoast_head":"<!-- This site is optimized with the Yoast SEO plugin v27.3 - https:\/\/yoast.com\/product\/yoast-seo-wordpress\/ -->\n<title>Book Nong Nooch Admission, Bus Tour &amp; Buffet - Full Experience<\/title>\n<meta name=\"description\" content=\"Book Admission, A Sightseeing Bus Tour, And Buffet Lunch At Nong Nooch For The Ultimate Experience. Reserve This All-In-One Package Now!\" \/>\n<meta name=\"robots\" content=\"index, follow, max-snippet:-1, max-image-preview:large, max-video-preview:-1\" \/>\n<link rel=\"canonical\" href=\"https:\/\/nongnoochtickets.com\/es\/entradas\/entrada-al-jardin-tropical-de-nong-nooch-autobus-turistico-almuerzo-tipo-bufe\/\" \/>\n<meta property=\"og:locale\" content=\"es_ES\" \/>\n<meta property=\"og:type\" content=\"article\" \/>\n<meta property=\"og:title\" content=\"Book Nong Nooch Admission, Bus Tour &amp; Buffet - Full Experience\" \/>\n<meta property=\"og:description\" content=\"Book Admission, A Sightseeing Bus Tour, And Buffet Lunch At Nong Nooch For The Ultimate Experience. Reserve This All-In-One Package Now!\" \/>\n<meta property=\"og:url\" content=\"https:\/\/nongnoochtickets.com\/es\/entradas\/entrada-al-jardin-tropical-de-nong-nooch-autobus-turistico-almuerzo-tipo-bufe\/\" \/>\n<meta property=\"og:site_name\" content=\"Nong Nooch Tropical Garden\" \/>\n<meta property=\"article:modified_time\" content=\"2025-09-19T09:52:07+00:00\" \/>\n<meta name=\"twitter:card\" content=\"summary_large_image\" \/>\n<meta name=\"twitter:label1\" content=\"Tiempo de lectura\" \/>\n\t<meta name=\"twitter:data1\" content=\"4 minutos\" \/>\n<script type=\"application\/ld+json\" class=\"yoast-schema-graph\">{\"@context\":\"https:\\\/\\\/schema.org\",\"@graph\":[{\"@type\":\"WebPage\",\"@id\":\"https:\\\/\\\/nongnoochtickets.com\\\/tickets\\\/nong-nooch-tropical-garden-admission-ticket-sightseeing-bus-buffet-lunch\\\/\",\"url\":\"https:\\\/\\\/nongnoochtickets.com\\\/tickets\\\/nong-nooch-tropical-garden-admission-ticket-sightseeing-bus-buffet-lunch\\\/\",\"name\":\"Book Nong Nooch Admission, Bus Tour & Buffet - Full Experience\",\"isPartOf\":{\"@id\":\"https:\\\/\\\/nongnoochtickets.com\\\/#website\"},\"primaryImageOfPage\":{\"@id\":\"https:\\\/\\\/nongnoochtickets.com\\\/tickets\\\/nong-nooch-tropical-garden-admission-ticket-sightseeing-bus-buffet-lunch\\\/#primaryimage\"},\"image\":{\"@id\":\"https:\\\/\\\/nongnoochtickets.com\\\/tickets\\\/nong-nooch-tropical-garden-admission-ticket-sightseeing-bus-buffet-lunch\\\/#primaryimage\"},\"thumbnailUrl\":\"https:\\\/\\\/nongnoochtickets.com\\\/wp-content\\\/uploads\\\/2024\\\/11\\\/Nong-Nooch-Tickets.avif\",\"datePublished\":\"2024-11-12T05:07:46+00:00\",\"dateModified\":\"2025-09-19T09:52:07+00:00\",\"description\":\"Book Admission, A Sightseeing Bus Tour, And Buffet Lunch At Nong Nooch For The Ultimate Experience. Reserve This All-In-One Package Now!\",\"breadcrumb\":{\"@id\":\"https:\\\/\\\/nongnoochtickets.com\\\/tickets\\\/nong-nooch-tropical-garden-admission-ticket-sightseeing-bus-buffet-lunch\\\/#breadcrumb\"},\"inLanguage\":\"es\",\"potentialAction\":[{\"@type\":\"ReadAction\",\"target\":[\"https:\\\/\\\/nongnoochtickets.com\\\/tickets\\\/nong-nooch-tropical-garden-admission-ticket-sightseeing-bus-buffet-lunch\\\/\"]}]},{\"@type\":\"ImageObject\",\"inLanguage\":\"es\",\"@id\":\"https:\\\/\\\/nongnoochtickets.com\\\/tickets\\\/nong-nooch-tropical-garden-admission-ticket-sightseeing-bus-buffet-lunch\\\/#primaryimage\",\"url\":\"https:\\\/\\\/nongnoochtickets.com\\\/wp-content\\\/uploads\\\/2024\\\/11\\\/Nong-Nooch-Tickets.avif\",\"contentUrl\":\"https:\\\/\\\/nongnoochtickets.com\\\/wp-content\\\/uploads\\\/2024\\\/11\\\/Nong-Nooch-Tickets.avif\",\"width\":1356,\"height\":904,\"caption\":\"Nong Nooch Tickets\"},{\"@type\":\"BreadcrumbList\",\"@id\":\"https:\\\/\\\/nongnoochtickets.com\\\/tickets\\\/nong-nooch-tropical-garden-admission-ticket-sightseeing-bus-buffet-lunch\\\/#breadcrumb\",\"itemListElement\":[{\"@type\":\"ListItem\",\"position\":1,\"name\":\"Home\",\"item\":\"https:\\\/\\\/nongnoochtickets.com\\\/\"},{\"@type\":\"ListItem\",\"position\":2,\"name\":\"Tickets\",\"item\":\"https:\\\/\\\/nongnoochtickets.com\\\/tickets\\\/\"},{\"@type\":\"ListItem\",\"position\":3,\"name\":\"Nong Nooch Tropical Garden Admission Ticket + Sightseeing Bus + Buffet Lunch\"}]},{\"@type\":\"WebSite\",\"@id\":\"https:\\\/\\\/nongnoochtickets.com\\\/#website\",\"url\":\"https:\\\/\\\/nongnoochtickets.com\\\/\",\"name\":\"Nong Nooch Tropical Garden\",\"description\":\"\",\"publisher\":{\"@id\":\"https:\\\/\\\/nongnoochtickets.com\\\/#organization\"},\"potentialAction\":[{\"@type\":\"SearchAction\",\"target\":{\"@type\":\"EntryPoint\",\"urlTemplate\":\"https:\\\/\\\/nongnoochtickets.com\\\/?s={search_term_string}\"},\"query-input\":{\"@type\":\"PropertyValueSpecification\",\"valueRequired\":true,\"valueName\":\"search_term_string\"}}],\"inLanguage\":\"es\"},{\"@type\":\"Organization\",\"@id\":\"https:\\\/\\\/nongnoochtickets.com\\\/#organization\",\"name\":\"Nong Nooch Tropical Garden\",\"url\":\"https:\\\/\\\/nongnoochtickets.com\\\/\",\"logo\":{\"@type\":\"ImageObject\",\"inLanguage\":\"es\",\"@id\":\"https:\\\/\\\/nongnoochtickets.com\\\/#\\\/schema\\\/logo\\\/image\\\/\",\"url\":\"https:\\\/\\\/nongnoochtickets.com\\\/wp-content\\\/uploads\\\/2024\\\/08\\\/Nong-Nooch-Tropical-Garden.png\",\"contentUrl\":\"https:\\\/\\\/nongnoochtickets.com\\\/wp-content\\\/uploads\\\/2024\\\/08\\\/Nong-Nooch-Tropical-Garden.png\",\"width\":350,\"height\":100,\"caption\":\"Nong Nooch Tropical Garden\"},\"image\":{\"@id\":\"https:\\\/\\\/nongnoochtickets.com\\\/#\\\/schema\\\/logo\\\/image\\\/\"}}]}<\/script>\n<!-- \/ Yoast SEO plugin. -->","yoast_head_json":{"title":"Reserva la entrada a Nong Nooch, el recorrido en autob\u00fas y el buf\u00e9: experiencia completa","description":"Reserva la entrada, un recorrido tur\u00edstico en autob\u00fas y un almuerzo buf\u00e9 en Nong Nooch para vivir la mejor experiencia. \u00a1Reserva ya este paquete todo en uno!","robots":{"index":"index","follow":"follow","max-snippet":"max-snippet:-1","max-image-preview":"max-image-preview:large","max-video-preview":"max-video-preview:-1"},"canonical":"https:\/\/nongnoochtickets.com\/es\/entradas\/entrada-al-jardin-tropical-de-nong-nooch-autobus-turistico-almuerzo-tipo-bufe\/","og_locale":"es_ES","og_type":"article","og_title":"Book Nong Nooch Admission, Bus Tour & Buffet - Full Experience","og_description":"Book Admission, A Sightseeing Bus Tour, And Buffet Lunch At Nong Nooch For The Ultimate Experience. Reserve This All-In-One Package Now!","og_url":"https:\/\/nongnoochtickets.com\/es\/entradas\/entrada-al-jardin-tropical-de-nong-nooch-autobus-turistico-almuerzo-tipo-bufe\/","og_site_name":"Nong Nooch Tropical Garden","article_modified_time":"2025-09-19T09:52:07+00:00","twitter_card":"summary_large_image","twitter_misc":{"Tiempo de lectura":"4 minutos"},"schema":{"@context":"https:\/\/schema.org","@graph":[{"@type":"WebPage","@id":"https:\/\/nongnoochtickets.com\/tickets\/nong-nooch-tropical-garden-admission-ticket-sightseeing-bus-buffet-lunch\/","url":"https:\/\/nongnoochtickets.com\/tickets\/nong-nooch-tropical-garden-admission-ticket-sightseeing-bus-buffet-lunch\/","name":"Reserva la entrada a Nong Nooch, el recorrido en autob\u00fas y el buf\u00e9: experiencia completa","isPartOf":{"@id":"https:\/\/nongnoochtickets.com\/#website"},"primaryImageOfPage":{"@id":"https:\/\/nongnoochtickets.com\/tickets\/nong-nooch-tropical-garden-admission-ticket-sightseeing-bus-buffet-lunch\/#primaryimage"},"image":{"@id":"https:\/\/nongnoochtickets.com\/tickets\/nong-nooch-tropical-garden-admission-ticket-sightseeing-bus-buffet-lunch\/#primaryimage"},"thumbnailUrl":"https:\/\/nongnoochtickets.com\/wp-content\/uploads\/2024\/11\/Nong-Nooch-Tickets.avif","datePublished":"2024-11-12T05:07:46+00:00","dateModified":"2025-09-19T09:52:07+00:00","description":"Reserva la entrada, un recorrido tur\u00edstico en autob\u00fas y un almuerzo buf\u00e9 en Nong Nooch para vivir la mejor experiencia. \u00a1Reserva ya este paquete todo en uno!","breadcrumb":{"@id":"https:\/\/nongnoochtickets.com\/tickets\/nong-nooch-tropical-garden-admission-ticket-sightseeing-bus-buffet-lunch\/#breadcrumb"},"inLanguage":"es","potentialAction":[{"@type":"ReadAction","target":["https:\/\/nongnoochtickets.com\/tickets\/nong-nooch-tropical-garden-admission-ticket-sightseeing-bus-buffet-lunch\/"]}]},{"@type":"ImageObject","inLanguage":"es","@id":"https:\/\/nongnoochtickets.com\/tickets\/nong-nooch-tropical-garden-admission-ticket-sightseeing-bus-buffet-lunch\/#primaryimage","url":"https:\/\/nongnoochtickets.com\/wp-content\/uploads\/2024\/11\/Nong-Nooch-Tickets.avif","contentUrl":"https:\/\/nongnoochtickets.com\/wp-content\/uploads\/2024\/11\/Nong-Nooch-Tickets.avif","width":1356,"height":904,"caption":"Nong Nooch Tickets"},{"@type":"BreadcrumbList","@id":"https:\/\/nongnoochtickets.com\/tickets\/nong-nooch-tropical-garden-admission-ticket-sightseeing-bus-buffet-lunch\/#breadcrumb","itemListElement":[{"@type":"ListItem","position":1,"name":"Home","item":"https:\/\/nongnoochtickets.com\/"},{"@type":"ListItem","position":2,"name":"Tickets","item":"https:\/\/nongnoochtickets.com\/tickets\/"},{"@type":"ListItem","position":3,"name":"Nong Nooch Tropical Garden Admission Ticket + Sightseeing Bus + Buffet Lunch"}]},{"@type":"WebSite","@id":"https:\/\/nongnoochtickets.com\/#website","url":"https:\/\/nongnoochtickets.com\/","name":"Jard\u00edn tropical de Nong Nooch","description":"","publisher":{"@id":"https:\/\/nongnoochtickets.com\/#organization"},"potentialAction":[{"@type":"SearchAction","target":{"@type":"EntryPoint","urlTemplate":"https:\/\/nongnoochtickets.com\/?s={search_term_string}"},"query-input":{"@type":"PropertyValueSpecification","valueRequired":true,"valueName":"search_term_string"}}],"inLanguage":"es"},{"@type":"Organization","@id":"https:\/\/nongnoochtickets.com\/#organization","name":"Jard\u00edn tropical de Nong Nooch","url":"https:\/\/nongnoochtickets.com\/","logo":{"@type":"ImageObject","inLanguage":"es","@id":"https:\/\/nongnoochtickets.com\/#\/schema\/logo\/image\/","url":"https:\/\/nongnoochtickets.com\/wp-content\/uploads\/2024\/08\/Nong-Nooch-Tropical-Garden.png","contentUrl":"https:\/\/nongnoochtickets.com\/wp-content\/uploads\/2024\/08\/Nong-Nooch-Tropical-Garden.png","width":350,"height":100,"caption":"Nong Nooch Tropical Garden"},"image":{"@id":"https:\/\/nongnoochtickets.com\/#\/schema\/logo\/image\/"}}]}},"jetpack_sharing_enabled":true,"_links":{"self":[{"href":"https:\/\/nongnoochtickets.com\/es\/wp-json\/wp\/v2\/product\/3295","targetHints":{"allow":["GET"]}}],"collection":[{"href":"https:\/\/nongnoochtickets.com\/es\/wp-json\/wp\/v2\/product"}],"about":[{"href":"https:\/\/nongnoochtickets.com\/es\/wp-json\/wp\/v2\/types\/product"}],"wp:featuredmedia":[{"embeddable":true,"href":"https:\/\/nongnoochtickets.com\/es\/wp-json\/wp\/v2\/media\/3177"}],"wp:attachment":[{"href":"https:\/\/nongnoochtickets.com\/es\/wp-json\/wp\/v2\/media?parent=3295"}],"wp:term":[{"taxonomy":"product_brand","embeddable":true,"href":"https:\/\/nongnoochtickets.com\/es\/wp-json\/wp\/v2\/product_brand?post=3295"},{"taxonomy":"product_cat","embeddable":true,"href":"https:\/\/nongnoochtickets.com\/es\/wp-json\/wp\/v2\/product_cat?post=3295"},{"taxonomy":"product_tag","embeddable":true,"href":"https:\/\/nongnoochtickets.com\/es\/wp-json\/wp\/v2\/product_tag?post=3295"}],"curies":[{"name":"Gracias","href":"https:\/\/api.w.org\/{rel}","templated":true}]}}