{"id":3294,"date":"2024-11-12T10:30:46","date_gmt":"2024-11-12T05:00:46","guid":{"rendered":"https:\/\/nongnoochtickets.com\/?post_type=product&#038;p=3294"},"modified":"2026-04-28T10:58:12","modified_gmt":"2026-04-28T05:28:12","slug":"entrada-al-jardin-tropical-de-nong-nooch-almuerzo-buffet","status":"publish","type":"product","link":"https:\/\/nongnoochtickets.com\/es\/entradas\/entrada-al-jardin-tropical-de-nong-nooch-almuerzo-buffet\/","title":{"rendered":"Boleto de entrada al jard\u00edn tropical de Nong Nooch + almuerzo buffet"},"content":{"rendered":"<h2>Acerca del jard\u00edn tropical de Nong Nooch: entrada + almuerzo tipo buf\u00e9<\/h2>\n<p>Con el <strong>Entrada + Almuerzo Buffet<\/strong> paquete en <strong>Jard\u00edn tropical de Nong Nooch<\/strong>Disfrute no solo del acceso a este impresionante para\u00edso bot\u00e1nico, sino tambi\u00e9n de una deliciosa experiencia de buf\u00e9. Elija entre una variedad de opciones gastron\u00f3micas, que incluyen <strong>Platos internacionales, tailandeses e indios.<\/strong>, lo que garantiza una comida memorable rodeada de la belleza de los exuberantes paisajes de Nong Nooch. Este paquete es perfecto para una experiencia de d\u00eda completo, que combina naturaleza, cultura y disfrute culinario en una de las principales atracciones de Tailandia.<\/p>\n<hr \/>\n<h3>Horarios<\/h3>\n<ul>\n<li><strong>Horario del jard\u00edn<\/strong>:08:00 AM \u2013 06:00 PM, todos los d\u00edas.<\/li>\n<li><strong>Horario de almuerzo buffet<\/strong>:Se sirve entre las 11:30 a. m. y las 2:00 p. m.<\/li>\n<\/ul>\n<hr \/>\n<h3>Reflejos<\/h3>\n<ul>\n<li><strong>Belleza esc\u00e9nica<\/strong>:Pasee por jardines tem\u00e1ticos como el Jard\u00edn Franc\u00e9s, el Jard\u00edn de Cactus y el Valle de los Dinosaurios.<\/li>\n<li><strong>Comida deliciosa<\/strong>:Saborea un almuerzo buffet con platos tailandeses, internacionales e indios.<\/li>\n<li><strong>Rel\u00e1jese y recargue energ\u00edas<\/strong>:Perfecto para familias o grupos que buscan disfrutar tanto de una comida como de un d\u00eda completo de exploraci\u00f3n.<\/li>\n<\/ul>\n<hr \/>\n<h3>Qu\u00e9 incluye<\/h3>\n<ul>\n<li><strong>Admisi\u00f3n<\/strong> al Jard\u00edn Tropical de Nong Nooch.<\/li>\n<li><strong>Almuerzo buffet<\/strong> con opciones de cocina tailandesa, internacional e india.<\/li>\n<li>Acceso a todas las zonas p\u00fablicas de jardines, senderos y paisajes tem\u00e1ticos.<\/li>\n<\/ul>\n<hr \/>\n<h3>Inclusiones \/ Exclusiones<\/h3>\n<p><strong>Inclusiones<\/strong>:<\/p>\n<ul>\n<li>Entrada al jard\u00edn.<\/li>\n<li>Almuerzo buffet con cocina tailandesa, internacional e india.<\/li>\n<\/ul>\n<p><strong>Exclusiones<\/strong>:<\/p>\n<ul>\n<li>Autob\u00fas tur\u00edstico (disponible como complemento).<\/li>\n<li>Acceso a espect\u00e1culos en vivo (disponibles con diferentes opciones de entradas).<\/li>\n<li>Transporte desde y hacia el jard\u00edn.<\/li>\n<\/ul>\n<hr \/>\n<h3>Pol\u00edtica infantil<\/h3>\n<ul>\n<li><strong>Requisitos para adquirir entradas para ni\u00f1os<\/strong>:Los ni\u00f1os entre 90 y 130 cm de altura pueden disfrutar del precio para ni\u00f1os.<\/li>\n<li><strong>Admisi\u00f3n de beb\u00e9s<\/strong>:Los ni\u00f1os menores de 90 cm pueden entrar gratis.<\/li>\n<\/ul>\n<hr \/>\n<h3>Pol\u00edtica de reembolso y cancelaci\u00f3n<\/h3>\n<ul>\n<li><strong>Sin reembolsos<\/strong>:Los billetes no son reembolsables ni cancelables.<\/li>\n<li><strong>Reprogramaci\u00f3n<\/strong>:Es posible reprogramar paquetes espec\u00edficos con transporte, con 48 horas de anticipaci\u00f3n y sujeto a disponibilidad.<\/li>\n<\/ul>\n<hr \/>\n<h3>\u00bfQu\u00e9 hay m\u00e1s?<\/h3>\n<ul>\n<li><strong>Variedad de cocina<\/strong>:Disfrute de un variado men\u00fa buffet, con sabrosos platos tailandeses, selecciones internacionales populares y opciones tradicionales indias.<\/li>\n<li><strong>Ambiente de comedor<\/strong>:El buffet est\u00e1 situado en un pintoresco jard\u00edn, con vistas a la vegetaci\u00f3n circundante y un ambiente tranquilo.<\/li>\n<\/ul>\n<hr \/>\n<h3>Consejos de expertos<\/h3>\n<ul>\n<li><strong>Llegar temprano<\/strong>:Llegar temprano le permitir\u00e1 tener m\u00e1s tiempo para explorar el jard\u00edn antes de disfrutar del almuerzo.<\/li>\n<li><strong>Pruebe todas las cocinas<\/strong>:Aproveche al m\u00e1ximo el buffet probando platos de cada cocina: tailandesa, india e internacional.<\/li>\n<li><strong>Planifique en torno a las horas del almuerzo<\/strong>Para aprovechar al m\u00e1ximo su d\u00eda, planifique visitar las atracciones clave antes o despu\u00e9s de la hora de servir el buffet.<\/li>\n<\/ul>\n<hr \/>\n<h3>Qu\u00e9 hacer y qu\u00e9 no hacer<\/h3>\n<p><strong>Qu\u00e9 hacer<\/strong>:<\/p>\n<ul>\n<li>Lleve una identificaci\u00f3n con fotograf\u00eda v\u00e1lida para entrar.<\/li>\n<li>Llegue al buffet dentro del horario de servicio para garantizar el acceso al men\u00fa completo.<\/li>\n<li>Use zapatos c\u00f3modos para explorar la gran zona del jard\u00edn.<\/li>\n<\/ul>\n<p><strong>Qu\u00e9 no hacer<\/strong>:<\/p>\n<ul>\n<li>Evite traer comida y bebida del exterior, ya que no est\u00e1n permitidas.<\/li>\n<li>No alimente a ning\u00fan animal dentro del jard\u00edn.<\/li>\n<\/ul>\n<hr \/>\n<h3>Lo que debes saber antes de ir<\/h3>\n<ul>\n<li><strong>Requisito de identificaci\u00f3n<\/strong>:Todos los extranjeros deben llevar su pasaporte como prueba de identidad.<\/li>\n<li><strong>Preparaci\u00f3n para el clima<\/strong>:El jard\u00edn est\u00e1 abierto cuando llueve ligeramente; traiga un paraguas o impermeable si es necesario.<\/li>\n<li><strong>Plan para el almuerzo<\/strong>:Llegue durante las horas designadas para el almuerzo (11:30 a. m. a 2:00 p. m.) para disfrutar del buffet.<\/li>\n<\/ul>\n<hr \/>\n<h3>Direcci\u00f3n, Mapas y Ubicaci\u00f3n<\/h3>\n<ul>\n<li><strong>DIRECCI\u00d3N<\/strong>: 34\/1 Sukhumvit Road, Na Chom Thian, distrito de Sattahip, Chon Buri 20250, Tailandia<\/li>\n<li><strong>Ubicaci\u00f3n de Google Maps<\/strong>: <a href=\"https:\/\/maps.app.goo.gl\/AwWepSfe6DdhvcTr8\" target=\"_new\" rel=\"noopener\">Ubicaci\u00f3n del jard\u00edn tropical de Nong Nooch<\/a><\/li>\n<\/ul>\n<hr \/>\n<h3>C\u00f3mo llegar<\/h3>\n<ul>\n<li><strong>En coche o taxi<\/strong>:Ubicado a unos 20 minutos del centro de la ciudad de Pattaya.<\/li>\n<li><strong>Transporte p\u00fablico<\/strong>:F\u00e1cilmente accesible mediante servicios de autob\u00fas locales o taxi.<\/li>\n<li><strong>Paquete de transporte<\/strong>:Disponible con entradas seleccionadas para mayor comodidad.<\/li>\n<\/ul>\n<hr \/>\n<h3>Preguntas frecuentes (FAQ)<\/h3>\n<p><strong>1. \u00bfQu\u00e9 incluye la Entrada + Almuerzo Buffet?<\/strong><br \/>\nEl paquete incluye entrada al jard\u00edn y acceso a un almuerzo buffet con opciones de cocina tailandesa, internacional e india.<\/p>\n<p><strong>2. \u00bfHay otras opciones para comer disponibles?<\/strong><br \/>\nEl buffet cubre una amplia gama de opciones, y tambi\u00e9n hay otros restaurantes en el lugar que ofrecen varios platos (con un costo adicional).<\/p>\n<p><strong>3. \u00bfPuedo mejorar mi entrada para incluir los espect\u00e1culos en vivo?<\/strong><br \/>\nS\u00ed, los visitantes pueden mejorar o comprar entradas adicionales para los espect\u00e1culos si est\u00e1n disponibles.<\/p>\n<p><strong>4. \u00bfEl almuerzo buffet es apto para vegetarianos?<\/strong><br \/>\nS\u00ed, el buffet incluye una selecci\u00f3n de platos vegetarianos de las tres cocinas.<\/p>\n<p><strong>5. \u00bfLas bebidas est\u00e1n incluidas en el buffet?<\/strong><br \/>\nSe incluyen algunas bebidas no alcoh\u00f3licas; se pueden comprar bebidas alcoh\u00f3licas.<\/p>\n<p><strong>6. \u00bfPuedo solicitar adaptaciones diet\u00e9ticas espec\u00edficas?<\/strong><br \/>\nPor favor, consulte con el personal del jard\u00edn a su llegada; el buffet generalmente ofrece una variedad de platos que satisfacen diferentes necesidades diet\u00e9ticas.<\/p>\n<p><strong>7. \u00bfHay zonas para sentarse a la hora del almuerzo?<\/strong><br \/>\nS\u00ed, el buffet est\u00e1 ubicado en un c\u00f3modo comedor con amplios asientos para los visitantes.<\/p>\n<p><strong>8. \u00bfHay un l\u00edmite de tiempo para el buffet?<\/strong><br \/>\nPodr\u00e1s disfrutar del buffet dentro del horario de servicio de 11:30 a 14:00 horas.<\/p>\n<p>Este <strong>Entrada + Almuerzo Buffet<\/strong> paquete en <a href=\"https:\/\/nongnoochtickets.com\/es\/\"><strong>Jard\u00edn tropical de Nong Nooch<\/strong><\/a> ofrece una encantadora combinaci\u00f3n de exploraci\u00f3n y gastronom\u00eda, garantizando una experiencia completa en uno de los destinos m\u00e1s bellos de Tailandia.<\/p>","protected":false},"excerpt":{"rendered":"<p>About Nong Nooch Tropical Garden \u2013 Admission Ticket + Buffet Lunch With the Admission Ticket + Buffet Lunch package at Nong Nooch Tropical Garden, enjoy not only access to this breathtaking botanical paradise but also a delightful buffet experience. Choose from a variety of cuisine options, including International, Thai, and Indian dishes, ensuring a memorable [&hellip;]<\/p>\n","protected":false},"featured_media":3177,"template":"","meta":{"ocean_post_layout":"","ocean_both_sidebars_style":"","ocean_both_sidebars_content_width":0,"ocean_both_sidebars_sidebars_width":0,"ocean_sidebar":"0","ocean_second_sidebar":"0","ocean_disable_margins":"enable","ocean_add_body_class":"","ocean_shortcode_before_top_bar":"","ocean_shortcode_after_top_bar":"","ocean_shortcode_before_header":"","ocean_shortcode_after_header":"","ocean_has_shortcode":"","ocean_shortcode_after_title":"","ocean_shortcode_before_footer_widgets":"","ocean_shortcode_after_footer_widgets":"","ocean_shortcode_before_footer_bottom":"","ocean_shortcode_after_footer_bottom":"","ocean_display_top_bar":"default","ocean_display_header":"default","ocean_header_style":"","ocean_center_header_left_menu":"0","ocean_custom_header_template":"0","ocean_custom_logo":0,"ocean_custom_retina_logo":0,"ocean_custom_logo_max_width":0,"ocean_custom_logo_tablet_max_width":0,"ocean_custom_logo_mobile_max_width":0,"ocean_custom_logo_max_height":0,"ocean_custom_logo_tablet_max_height":0,"ocean_custom_logo_mobile_max_height":0,"ocean_header_custom_menu":"0","ocean_menu_typo_font_family":"0","ocean_menu_typo_font_subset":"","ocean_menu_typo_font_size":0,"ocean_menu_typo_font_size_tablet":0,"ocean_menu_typo_font_size_mobile":0,"ocean_menu_typo_font_size_unit":"px","ocean_menu_typo_font_weight":"","ocean_menu_typo_font_weight_tablet":"","ocean_menu_typo_font_weight_mobile":"","ocean_menu_typo_transform":"","ocean_menu_typo_transform_tablet":"","ocean_menu_typo_transform_mobile":"","ocean_menu_typo_line_height":0,"ocean_menu_typo_line_height_tablet":0,"ocean_menu_typo_line_height_mobile":0,"ocean_menu_typo_line_height_unit":"","ocean_menu_typo_spacing":0,"ocean_menu_typo_spacing_tablet":0,"ocean_menu_typo_spacing_mobile":0,"ocean_menu_typo_spacing_unit":"","ocean_menu_link_color":"","ocean_menu_link_color_hover":"","ocean_menu_link_color_active":"","ocean_menu_link_background":"","ocean_menu_link_hover_background":"","ocean_menu_link_active_background":"","ocean_menu_social_links_bg":"","ocean_menu_social_hover_links_bg":"","ocean_menu_social_links_color":"","ocean_menu_social_hover_links_color":"","ocean_disable_title":"default","ocean_disable_heading":"default","ocean_post_title":"","ocean_post_subheading":"","ocean_post_title_style":"","ocean_post_title_background_color":"","ocean_post_title_background":0,"ocean_post_title_bg_image_position":"","ocean_post_title_bg_image_attachment":"","ocean_post_title_bg_image_repeat":"","ocean_post_title_bg_image_size":"","ocean_post_title_height":0,"ocean_post_title_bg_overlay":0.5,"ocean_post_title_bg_overlay_color":"","ocean_disable_breadcrumbs":"default","ocean_breadcrumbs_color":"","ocean_breadcrumbs_separator_color":"","ocean_breadcrumbs_links_color":"","ocean_breadcrumbs_links_hover_color":"","ocean_display_footer_widgets":"default","ocean_display_footer_bottom":"default","ocean_custom_footer_template":"0"},"product_brand":[],"product_cat":[20],"product_tag":[485,484,491,489,486,493,446,483,488,494,490,492,487,495],"class_list":{"0":"post-3294","1":"product","2":"type-product","3":"status-publish","4":"has-post-thumbnail","6":"product_cat-tickets","7":"product_tag-nong-nooch-admission-lunch","8":"product_tag-nong-nooch-buffet-entry","9":"product_tag-nong-nooch-buffet-package","10":"product_tag-nong-nooch-entry-meal","11":"product_tag-nong-nooch-garden-buffet","12":"product_tag-nong-nooch-garden-lunch","13":"product_tag-nong-nooch-garden-thailand","14":"product_tag-nong-nooch-lunch-ticket","15":"product_tag-nong-nooch-meal-package","16":"product_tag-nong-nooch-meal-plan","17":"product_tag-nong-nooch-park-access","18":"product_tag-nong-nooch-thailand-ticket","19":"product_tag-nong-nooch-tickets-lunch","20":"product_tag-thailand-buffet-ticket","22":"entry","23":"has-media","24":"tm-has-options","26":"first","27":"instock","28":"virtual","29":"taxable","30":"purchasable","31":"product-type-simple","32":"has-product-nav","33":"col","34":"span_1_of_3","35":"owp-content-center","36":"owp-thumbs-layout-horizontal","37":"owp-btn-normal","38":"owp-tabs-layout-horizontal"},"yoast_head":"<!-- This site is optimized with the Yoast SEO plugin v27.5 - https:\/\/yoast.com\/product\/yoast-seo-wordpress\/ -->\n<title>Book Nong Nooch Entry &amp; Buffet Lunch - Delight In Nature &amp; Food<\/title>\n<meta name=\"description\" content=\"Experience Nong Nooch Admission With A Delicious Buffet Lunch Included. Nature And Flavor Await \u2013 Reserve Your Tickets Now!\" \/>\n<meta name=\"robots\" content=\"index, follow, max-snippet:-1, max-image-preview:large, max-video-preview:-1\" \/>\n<link rel=\"canonical\" href=\"https:\/\/nongnoochtickets.com\/es\/entradas\/entrada-al-jardin-tropical-de-nong-nooch-almuerzo-buffet\/\" \/>\n<meta property=\"og:locale\" content=\"es_ES\" \/>\n<meta property=\"og:type\" content=\"article\" \/>\n<meta property=\"og:title\" content=\"Book Nong Nooch Entry &amp; Buffet Lunch - Delight In Nature &amp; Food\" \/>\n<meta property=\"og:description\" content=\"Experience Nong Nooch Admission With A Delicious Buffet Lunch Included. Nature And Flavor Await \u2013 Reserve Your Tickets Now!\" \/>\n<meta property=\"og:url\" content=\"https:\/\/nongnoochtickets.com\/es\/entradas\/entrada-al-jardin-tropical-de-nong-nooch-almuerzo-buffet\/\" \/>\n<meta property=\"og:site_name\" content=\"Nong Nooch Tropical Garden\" \/>\n<meta property=\"article:modified_time\" content=\"2026-04-28T05:28:12+00:00\" \/>\n<meta name=\"twitter:card\" content=\"summary_large_image\" \/>\n<meta name=\"twitter:label1\" content=\"Tiempo de lectura\" \/>\n\t<meta name=\"twitter:data1\" content=\"4 minutos\" \/>\n<script type=\"application\/ld+json\" class=\"yoast-schema-graph\">{\"@context\":\"https:\\\/\\\/schema.org\",\"@graph\":[{\"@type\":\"WebPage\",\"@id\":\"https:\\\/\\\/nongnoochtickets.com\\\/tickets\\\/nong-nooch-tropical-garden-admission-ticket-buffet-lunch\\\/\",\"url\":\"https:\\\/\\\/nongnoochtickets.com\\\/tickets\\\/nong-nooch-tropical-garden-admission-ticket-buffet-lunch\\\/\",\"name\":\"Book Nong Nooch Entry & Buffet Lunch - Delight In Nature & Food\",\"isPartOf\":{\"@id\":\"https:\\\/\\\/nongnoochtickets.com\\\/#website\"},\"primaryImageOfPage\":{\"@id\":\"https:\\\/\\\/nongnoochtickets.com\\\/tickets\\\/nong-nooch-tropical-garden-admission-ticket-buffet-lunch\\\/#primaryimage\"},\"image\":{\"@id\":\"https:\\\/\\\/nongnoochtickets.com\\\/tickets\\\/nong-nooch-tropical-garden-admission-ticket-buffet-lunch\\\/#primaryimage\"},\"thumbnailUrl\":\"https:\\\/\\\/nongnoochtickets.com\\\/wp-content\\\/uploads\\\/2024\\\/11\\\/Nong-Nooch-Tickets.avif\",\"datePublished\":\"2024-11-12T05:00:46+00:00\",\"dateModified\":\"2026-04-28T05:28:12+00:00\",\"description\":\"Experience Nong Nooch Admission With A Delicious Buffet Lunch Included. Nature And Flavor Await \u2013 Reserve Your Tickets Now!\",\"breadcrumb\":{\"@id\":\"https:\\\/\\\/nongnoochtickets.com\\\/tickets\\\/nong-nooch-tropical-garden-admission-ticket-buffet-lunch\\\/#breadcrumb\"},\"inLanguage\":\"es\",\"potentialAction\":[{\"@type\":\"ReadAction\",\"target\":[\"https:\\\/\\\/nongnoochtickets.com\\\/tickets\\\/nong-nooch-tropical-garden-admission-ticket-buffet-lunch\\\/\"]}]},{\"@type\":\"ImageObject\",\"inLanguage\":\"es\",\"@id\":\"https:\\\/\\\/nongnoochtickets.com\\\/tickets\\\/nong-nooch-tropical-garden-admission-ticket-buffet-lunch\\\/#primaryimage\",\"url\":\"https:\\\/\\\/nongnoochtickets.com\\\/wp-content\\\/uploads\\\/2024\\\/11\\\/Nong-Nooch-Tickets.avif\",\"contentUrl\":\"https:\\\/\\\/nongnoochtickets.com\\\/wp-content\\\/uploads\\\/2024\\\/11\\\/Nong-Nooch-Tickets.avif\",\"width\":1356,\"height\":904,\"caption\":\"Nong Nooch Tickets\"},{\"@type\":\"BreadcrumbList\",\"@id\":\"https:\\\/\\\/nongnoochtickets.com\\\/tickets\\\/nong-nooch-tropical-garden-admission-ticket-buffet-lunch\\\/#breadcrumb\",\"itemListElement\":[{\"@type\":\"ListItem\",\"position\":1,\"name\":\"Home\",\"item\":\"https:\\\/\\\/nongnoochtickets.com\\\/\"},{\"@type\":\"ListItem\",\"position\":2,\"name\":\"Tickets\",\"item\":\"https:\\\/\\\/nongnoochtickets.com\\\/tickets\\\/\"},{\"@type\":\"ListItem\",\"position\":3,\"name\":\"Nong Nooch Tropical Garden Admission Ticket + Buffet Lunch\"}]},{\"@type\":\"WebSite\",\"@id\":\"https:\\\/\\\/nongnoochtickets.com\\\/#website\",\"url\":\"https:\\\/\\\/nongnoochtickets.com\\\/\",\"name\":\"Nong Nooch Tropical Garden\",\"description\":\"\",\"publisher\":{\"@id\":\"https:\\\/\\\/nongnoochtickets.com\\\/#organization\"},\"potentialAction\":[{\"@type\":\"SearchAction\",\"target\":{\"@type\":\"EntryPoint\",\"urlTemplate\":\"https:\\\/\\\/nongnoochtickets.com\\\/?s={search_term_string}\"},\"query-input\":{\"@type\":\"PropertyValueSpecification\",\"valueRequired\":true,\"valueName\":\"search_term_string\"}}],\"inLanguage\":\"es\"},{\"@type\":\"Organization\",\"@id\":\"https:\\\/\\\/nongnoochtickets.com\\\/#organization\",\"name\":\"Nong Nooch Tropical Garden\",\"url\":\"https:\\\/\\\/nongnoochtickets.com\\\/\",\"logo\":{\"@type\":\"ImageObject\",\"inLanguage\":\"es\",\"@id\":\"https:\\\/\\\/nongnoochtickets.com\\\/#\\\/schema\\\/logo\\\/image\\\/\",\"url\":\"https:\\\/\\\/nongnoochtickets.com\\\/wp-content\\\/uploads\\\/2024\\\/08\\\/Nong-Nooch-Tropical-Garden.png\",\"contentUrl\":\"https:\\\/\\\/nongnoochtickets.com\\\/wp-content\\\/uploads\\\/2024\\\/08\\\/Nong-Nooch-Tropical-Garden.png\",\"width\":350,\"height\":100,\"caption\":\"Nong Nooch Tropical Garden\"},\"image\":{\"@id\":\"https:\\\/\\\/nongnoochtickets.com\\\/#\\\/schema\\\/logo\\\/image\\\/\"}}]}<\/script>\n<!-- \/ Yoast SEO plugin. -->","yoast_head_json":{"title":"Reserva la entrada a Nong Nooch y el almuerzo tipo buf\u00e9: del\u00e9itate con la naturaleza y la comida","description":"Disfrute de la entrada a Nong Nooch con un delicioso almuerzo tipo buf\u00e9 incluido. La naturaleza y el sabor lo esperan: \u00a1reserve sus entradas ahora!","robots":{"index":"index","follow":"follow","max-snippet":"max-snippet:-1","max-image-preview":"max-image-preview:large","max-video-preview":"max-video-preview:-1"},"canonical":"https:\/\/nongnoochtickets.com\/es\/entradas\/entrada-al-jardin-tropical-de-nong-nooch-almuerzo-buffet\/","og_locale":"es_ES","og_type":"article","og_title":"Book Nong Nooch Entry & Buffet Lunch - Delight In Nature & Food","og_description":"Experience Nong Nooch Admission With A Delicious Buffet Lunch Included. Nature And Flavor Await \u2013 Reserve Your Tickets Now!","og_url":"https:\/\/nongnoochtickets.com\/es\/entradas\/entrada-al-jardin-tropical-de-nong-nooch-almuerzo-buffet\/","og_site_name":"Nong Nooch Tropical Garden","article_modified_time":"2026-04-28T05:28:12+00:00","twitter_card":"summary_large_image","twitter_misc":{"Tiempo de lectura":"4 minutos"},"schema":{"@context":"https:\/\/schema.org","@graph":[{"@type":"WebPage","@id":"https:\/\/nongnoochtickets.com\/tickets\/nong-nooch-tropical-garden-admission-ticket-buffet-lunch\/","url":"https:\/\/nongnoochtickets.com\/tickets\/nong-nooch-tropical-garden-admission-ticket-buffet-lunch\/","name":"Reserva la entrada a Nong Nooch y el almuerzo tipo buf\u00e9: del\u00e9itate con la naturaleza y la comida","isPartOf":{"@id":"https:\/\/nongnoochtickets.com\/#website"},"primaryImageOfPage":{"@id":"https:\/\/nongnoochtickets.com\/tickets\/nong-nooch-tropical-garden-admission-ticket-buffet-lunch\/#primaryimage"},"image":{"@id":"https:\/\/nongnoochtickets.com\/tickets\/nong-nooch-tropical-garden-admission-ticket-buffet-lunch\/#primaryimage"},"thumbnailUrl":"https:\/\/nongnoochtickets.com\/wp-content\/uploads\/2024\/11\/Nong-Nooch-Tickets.avif","datePublished":"2024-11-12T05:00:46+00:00","dateModified":"2026-04-28T05:28:12+00:00","description":"Disfrute de la entrada a Nong Nooch con un delicioso almuerzo tipo buf\u00e9 incluido. La naturaleza y el sabor lo esperan: \u00a1reserve sus entradas ahora!","breadcrumb":{"@id":"https:\/\/nongnoochtickets.com\/tickets\/nong-nooch-tropical-garden-admission-ticket-buffet-lunch\/#breadcrumb"},"inLanguage":"es","potentialAction":[{"@type":"ReadAction","target":["https:\/\/nongnoochtickets.com\/tickets\/nong-nooch-tropical-garden-admission-ticket-buffet-lunch\/"]}]},{"@type":"ImageObject","inLanguage":"es","@id":"https:\/\/nongnoochtickets.com\/tickets\/nong-nooch-tropical-garden-admission-ticket-buffet-lunch\/#primaryimage","url":"https:\/\/nongnoochtickets.com\/wp-content\/uploads\/2024\/11\/Nong-Nooch-Tickets.avif","contentUrl":"https:\/\/nongnoochtickets.com\/wp-content\/uploads\/2024\/11\/Nong-Nooch-Tickets.avif","width":1356,"height":904,"caption":"Nong Nooch Tickets"},{"@type":"BreadcrumbList","@id":"https:\/\/nongnoochtickets.com\/tickets\/nong-nooch-tropical-garden-admission-ticket-buffet-lunch\/#breadcrumb","itemListElement":[{"@type":"ListItem","position":1,"name":"Home","item":"https:\/\/nongnoochtickets.com\/"},{"@type":"ListItem","position":2,"name":"Tickets","item":"https:\/\/nongnoochtickets.com\/tickets\/"},{"@type":"ListItem","position":3,"name":"Nong Nooch Tropical Garden Admission Ticket + Buffet Lunch"}]},{"@type":"WebSite","@id":"https:\/\/nongnoochtickets.com\/#website","url":"https:\/\/nongnoochtickets.com\/","name":"Jard\u00edn tropical de Nong Nooch","description":"","publisher":{"@id":"https:\/\/nongnoochtickets.com\/#organization"},"potentialAction":[{"@type":"SearchAction","target":{"@type":"EntryPoint","urlTemplate":"https:\/\/nongnoochtickets.com\/?s={search_term_string}"},"query-input":{"@type":"PropertyValueSpecification","valueRequired":true,"valueName":"search_term_string"}}],"inLanguage":"es"},{"@type":"Organization","@id":"https:\/\/nongnoochtickets.com\/#organization","name":"Jard\u00edn tropical de Nong Nooch","url":"https:\/\/nongnoochtickets.com\/","logo":{"@type":"ImageObject","inLanguage":"es","@id":"https:\/\/nongnoochtickets.com\/#\/schema\/logo\/image\/","url":"https:\/\/nongnoochtickets.com\/wp-content\/uploads\/2024\/08\/Nong-Nooch-Tropical-Garden.png","contentUrl":"https:\/\/nongnoochtickets.com\/wp-content\/uploads\/2024\/08\/Nong-Nooch-Tropical-Garden.png","width":350,"height":100,"caption":"Nong Nooch Tropical Garden"},"image":{"@id":"https:\/\/nongnoochtickets.com\/#\/schema\/logo\/image\/"}}]}},"jetpack_sharing_enabled":true,"_links":{"self":[{"href":"https:\/\/nongnoochtickets.com\/es\/wp-json\/wp\/v2\/product\/3294","targetHints":{"allow":["GET"]}}],"collection":[{"href":"https:\/\/nongnoochtickets.com\/es\/wp-json\/wp\/v2\/product"}],"about":[{"href":"https:\/\/nongnoochtickets.com\/es\/wp-json\/wp\/v2\/types\/product"}],"wp:featuredmedia":[{"embeddable":true,"href":"https:\/\/nongnoochtickets.com\/es\/wp-json\/wp\/v2\/media\/3177"}],"wp:attachment":[{"href":"https:\/\/nongnoochtickets.com\/es\/wp-json\/wp\/v2\/media?parent=3294"}],"wp:term":[{"taxonomy":"product_brand","embeddable":true,"href":"https:\/\/nongnoochtickets.com\/es\/wp-json\/wp\/v2\/product_brand?post=3294"},{"taxonomy":"product_cat","embeddable":true,"href":"https:\/\/nongnoochtickets.com\/es\/wp-json\/wp\/v2\/product_cat?post=3294"},{"taxonomy":"product_tag","embeddable":true,"href":"https:\/\/nongnoochtickets.com\/es\/wp-json\/wp\/v2\/product_tag?post=3294"}],"curies":[{"name":"Gracias","href":"https:\/\/api.w.org\/{rel}","templated":true}]}}