{"id":3296,"date":"2024-11-12T10:40:47","date_gmt":"2024-11-12T05:10:47","guid":{"rendered":"https:\/\/nongnoochtickets.com\/?post_type=product&#038;p=3296"},"modified":"2025-09-19T15:22:22","modified_gmt":"2025-09-19T09:52:22","slug":"eintrittskarte-fur-den-tropischen-garten-nong-nooch-sightseeing-busshow","status":"publish","type":"product","link":"https:\/\/nongnoochtickets.com\/de\/tickets\/eintrittskarte-fur-den-tropischen-garten-nong-nooch-sightseeing-busshow\/","title":{"rendered":"Eintrittskarte f\u00fcr den Nong Nooch Tropical Garden + Sightseeingbus + Show"},"content":{"rendered":"<h2>\u00dcber Nong Nooch Tropical Garden \u2013 Eintrittskarte + Sightseeing-Bus + Show<\/h2>\n<p>Der <strong>Eintrittskarte + Sightseeing-Bus + Show<\/strong> Paket bei <strong>Tropischer Garten Nong Nooch<\/strong> ist ein All-in-One-Erlebnis, bei dem Besucher die Sch\u00f6nheit, Kultur und Unterhaltung des Gartens voll und ganz erkunden k\u00f6nnen. Genie\u00dfen Sie eine bequeme <strong>Sightseeing-Bus<\/strong> Tour durch alle gro\u00dfen Gartenbereiche und besuchen Sie zwei der beliebtesten Auff\u00fchrungen \u2013 die <strong>Thail\u00e4ndische Kulturshow<\/strong> und die <strong>Elefantenshow<\/strong>Dieses Paket ist perfekt f\u00fcr alle, die die lebendige Kultur und die nat\u00fcrliche Sch\u00f6nheit Thailands bei einem aufregenden Besuch erleben m\u00f6chten.<\/p>\n<hr \/>\n<h3>Zeiten<\/h3>\n<ul>\n<li><strong>Gartenzeiten<\/strong>: 08:00 \u2013 18:00 Uhr, t\u00e4glich.<\/li>\n<li><strong>Showzeiten<\/strong>: T\u00e4glich vier Runden um 10:30 Uhr, 11:30 Uhr, 13:30 Uhr und 15:30 Uhr (Thail\u00e4ndische Kulturshow + Elefantenshow).<\/li>\n<li><strong>Sightseeing-Bustouren<\/strong>: Den ganzen Tag \u00fcber verf\u00fcgbar; die genauen Tourzeiten erfahren Sie vor Ort.<\/li>\n<\/ul>\n<hr \/>\n<h3>Highlights<\/h3>\n<ul>\n<li><strong>Gef\u00fchrte Gartenerkundung<\/strong>: Genie\u00dfen Sie eine bequeme Sightseeing-Bustour, die alle Hauptattraktionen des Gartens abdeckt.<\/li>\n<li><strong>Spannende Darbietungen<\/strong>: Sehen Sie sich die thail\u00e4ndische Kulturshow mit traditioneller Musik, Tanz und Kost\u00fcmen sowie die ber\u00fchmte Elefantenshow an.<\/li>\n<li><strong>Malerische Aussichten und Fotografie<\/strong>: Machen Sie atemberaubende Fotos in Themeng\u00e4rten wie dem Schmetterlingsh\u00fcgel, dem Franz\u00f6sischen Garten und dem Dinosauriertal.<\/li>\n<li><strong>Familienfreundliche Unterhaltung<\/strong>: Perfekt f\u00fcr Besucher jeden Alters, vom Kleinkind bis zum Senior.<\/li>\n<\/ul>\n<hr \/>\n<h3>Im Leistungsumfang enthalten<\/h3>\n<ul>\n<li><strong>Zulassung<\/strong> zum Tropengarten Nong Nooch.<\/li>\n<li><strong>Sightseeing-Bus<\/strong> Rundgang, der einen \u00dcberblick \u00fcber die wichtigsten Gartenbereiche bietet.<\/li>\n<li><strong>Zugang zur thail\u00e4ndischen Kulturshow<\/strong> Und <strong>Elefantenshow<\/strong> mit Standardbestuhlung.<\/li>\n<\/ul>\n<hr \/>\n<h3>Einschl\u00fcsse \/ Ausschl\u00fcsse<\/h3>\n<p><strong>Einschl\u00fcsse<\/strong>:<\/p>\n<ul>\n<li>Eintritt zum tropischen Garten Nong Nooch.<\/li>\n<li>Sightseeing-Bustour mit allen wichtigen Sehensw\u00fcrdigkeiten.<\/li>\n<li>Eintritt zur thail\u00e4ndischen Kulturshow und Elefantenshow.<\/li>\n<\/ul>\n<p><strong>Ausschl\u00fcsse<\/strong>:<\/p>\n<ul>\n<li>Mittagsbuffet oder andere Speiseoptionen (als Zusatz verf\u00fcgbar).<\/li>\n<li>Transport zum und vom Garten.<\/li>\n<li>Zus\u00e4tzliche Aktivit\u00e4ten wie VIP-Sitzpl\u00e4tze oder Elefantenreiten (in verschiedenen Paketen verf\u00fcgbar).<\/li>\n<\/ul>\n<hr \/>\n<h3>Richtlinien zu Kindern<\/h3>\n<ul>\n<li><strong>Ticketberechtigung f\u00fcr Kinder<\/strong>: F\u00fcr Kinder mit einer K\u00f6rpergr\u00f6\u00dfe zwischen 90 und 130 cm gilt ein Kinderpreis.<\/li>\n<li><strong>Eintritt f\u00fcr Kleinkinder<\/strong>: Kinder unter 90 cm haben freien Eintritt.<\/li>\n<\/ul>\n<hr \/>\n<h3>R\u00fcckerstattungs- und Stornierungsbedingungen<\/h3>\n<ul>\n<li><strong>Keine R\u00fcckerstattungen<\/strong>: Dieses Paket ist nicht erstattungsf\u00e4hig und nicht stornierbar.<\/li>\n<li><strong>Umplanung<\/strong>: F\u00fcr bestimmte Pakete mit Transport ist eine Umbuchung m\u00f6glicherweise mit einer Vorank\u00fcndigung von 48 Stunden und je nach Verf\u00fcgbarkeit m\u00f6glich.<\/li>\n<\/ul>\n<hr \/>\n<h3>Was gibt es noch?<\/h3>\n<ul>\n<li><strong>Vollst\u00e4ndige Berichterstattung \u00fcber Nong Nooch<\/strong>: Mit dem Sightseeing-Bus k\u00f6nnen Sie alle wichtigen Sehensw\u00fcrdigkeiten bequem besichtigen, ohne weite Strecken zu Fu\u00df zur\u00fccklegen zu m\u00fcssen.<\/li>\n<li><strong>Einzigartiges kulturelles Erlebnis<\/strong>: Die Thai Cultural Show und die Elefantenshow bieten einen authentischen Einblick in das kulturelle Erbe Thailands.<\/li>\n<li><strong>Ideal f\u00fcr Familien und Gruppen<\/strong>: Dieses Paket ist perfekt f\u00fcr Familien, Gruppen und Besucher, die das Beste von Nong Nooch ohne Stress erleben m\u00f6chten.<\/li>\n<\/ul>\n<hr \/>\n<h3>Insider-Tipps<\/h3>\n<ul>\n<li><strong>Kommen Sie fr\u00fch<\/strong>: Kommen Sie fr\u00fch, um mehr Zeit im Garten verbringen zu k\u00f6nnen, bevor die Show beginnt.<\/li>\n<li><strong>W\u00e4hlen Sie Ihre Showzeit<\/strong>: Planen Sie Ihren Besuch entsprechend den Showzeiten, um sicherzustellen, dass Sie die Auff\u00fchrungen nicht verpassen.<\/li>\n<li><strong>Nutzen Sie den Sightseeing-Bus<\/strong>: Maximieren Sie Ihre Zeit und Energie, indem Sie den Sightseeing-Bus zur Erkundung des Gartens nutzen.<\/li>\n<\/ul>\n<hr \/>\n<h3>Was man tun und lassen sollte<\/h3>\n<p><strong>DOS<\/strong>:<\/p>\n<ul>\n<li>Bringen Sie zur Einlasskontrolle einen g\u00fcltigen Lichtbildausweis mit.<\/li>\n<li>Kommen Sie 10 Minuten vor Beginn der Shows, um bessere Sitzpl\u00e4tze zu haben.<\/li>\n<li>Tragen Sie zum Spazierengehen im Garten bequeme Schuhe.<\/li>\n<\/ul>\n<p><strong>Was Sie nicht tun sollten<\/strong>:<\/p>\n<ul>\n<li>Vermeiden Sie das Mitbringen von Speisen und Getr\u00e4nken von au\u00dferhalb.<\/li>\n<li>N\u00e4hern Sie sich den Tieren nicht und f\u00fcttern Sie sie nicht, es sei denn, es ist Ihnen gestattet.<\/li>\n<\/ul>\n<hr \/>\n<h3>Wissenswertes vor der Reise<\/h3>\n<ul>\n<li><strong>Ausweispflicht<\/strong>: Alle Ausl\u00e4nder m\u00fcssen ihren Reisepass als Identit\u00e4tsnachweis mitf\u00fchren.<\/li>\n<li><strong>Wettervorbereitung<\/strong>: Der Garten ist bei leichtem Regen ge\u00f6ffnet. Bringen Sie bei Bedarf einen Regenschirm oder Regenmantel mit.<\/li>\n<li><strong>Zeitliche Abfolge anzeigen<\/strong>: Planen Sie den Besuch einer der geplanten Showzeiten (10:30 Uhr, 11:30 Uhr, 13:30 Uhr oder 15:30 Uhr) f\u00fcr ein reibungsloses Erlebnis.<\/li>\n<\/ul>\n<hr \/>\n<h3>Adresse, Karten und Standort<\/h3>\n<ul>\n<li><strong>Adresse<\/strong>: 34\/1 Sukhumvit Road, Na Chom Thian, Bezirk Sattahip, Chon Buri 20250, Thailand<\/li>\n<li><strong>Google Maps Standort<\/strong>: <a href=\"https:\/\/maps.app.goo.gl\/AwWepSfe6DdhvcTr8\" target=\"_new\" rel=\"noopener\">Lage des tropischen Gartens Nong Nooch<\/a><\/li>\n<\/ul>\n<hr \/>\n<h3>Wie man erreicht<\/h3>\n<ul>\n<li><strong>Mit dem Auto oder Taxi<\/strong>: Liegt etwa 20 Minuten vom Stadtzentrum von Pattaya entfernt.<\/li>\n<li><strong>\u00d6ffentliche Verkehrsmittel<\/strong>: Leicht erreichbar mit \u00f6rtlichen Bussen und Taxis.<\/li>\n<li><strong>Transportpaket<\/strong>: Bei ausgew\u00e4hlten Ticketpaketen sind Hin- und R\u00fccktransferoptionen verf\u00fcgbar.<\/li>\n<\/ul>\n<hr \/>\n<h3>H\u00e4ufig gestellte Fragen (FAQs)<\/h3>\n<p><strong>1. Was ist in der Eintrittskarte + Sightseeing-Bus + Show enthalten?<\/strong><br \/>\nDieses Paket beinhaltet den Eintritt in den Garten, eine gef\u00fchrte Sightseeing-Bustour und den Zugang zur thail\u00e4ndischen Kulturshow und Elefantenshow.<\/p>\n<p><strong>2. Gibt es Sitzm\u00f6glichkeiten f\u00fcr die Shows?<\/strong><br \/>\nDieses Paket beinhaltet Standardsitze f\u00fcr beide Shows. VIP-Sitzpl\u00e4tze sind mit anderen Ticketarten verf\u00fcgbar.<\/p>\n<p><strong>3. Kann ich mein Ticket um ein Mittagsbuffet erweitern?<\/strong><br \/>\nJa, Sie k\u00f6nnen ein Zusatzangebot f\u00fcr das Mittagsbuffet erwerben, wenn Sie vor Ort speisen m\u00f6chten.<\/p>\n<p><strong>4. Ist der Sightseeing-Bus f\u00fcr alle Altersgruppen zug\u00e4nglich?<\/strong><br \/>\nJa, der Sightseeing Bus ist familienfreundlich und f\u00fcr jedes Alter geeignet.<\/p>\n<p><strong>5. Was soll ich f\u00fcr die Sightseeing-Bustour anziehen?<\/strong><br \/>\nBequeme Kleidung und Schuhe werden empfohlen, da Sie nach der Bustour verschiedene Teile des Gartens erkunden k\u00f6nnen.<\/p>\n<p><strong>6. Sind die Shows kinderfreundlich?<\/strong><br \/>\nJa, sowohl die thail\u00e4ndische Kulturshow als auch die Elefantenshow machen Kindern und Erwachsenen gleicherma\u00dfen Spa\u00df.<\/p>\n<p><strong>7. Darf ich w\u00e4hrend der Shows Fotos machen?<\/strong><br \/>\nFotografieren ist gestattet, vermeiden Sie jedoch bitte Blitzlichtaufnahmen, um eine Ablenkung der Darsteller und Tiere zu vermeiden.<\/p>\n<p><strong>8. Wie lange dauert die Sightseeing-Bustour?<\/strong><br \/>\nDie Bustour dauert normalerweise etwa 20\u201330 Minuten und deckt alle wichtigen Gartenbereiche ab.<\/p>\n<p>Der <strong>Eintrittskarte + Sightseeing-Bus + Show<\/strong> Das Paket bietet eine wunderbare Mischung aus Erkundung, Kultur und Unterhaltung und ist ideal f\u00fcr ein umfassendes Erlebnis bei <a href=\"https:\/\/nongnoochtickets.com\/de\"><strong>Tropischer Garten Nong Nooch<\/strong><\/a>.<\/p>","protected":false},"excerpt":{"rendered":"<p>About Nong Nooch Tropical Garden \u2013 Admission Ticket + Sightseeing Bus + Show The Admission Ticket + Sightseeing Bus + Show package at Nong Nooch Tropical Garden is an all-in-one experience that lets visitors fully explore the garden\u2019s beauty, culture, and entertainment. Enjoy a convenient Sightseeing Bus tour covering all major garden areas, and attend [&hellip;]<\/p>\n","protected":false},"featured_media":3179,"template":"","meta":{"ocean_post_layout":"","ocean_both_sidebars_style":"","ocean_both_sidebars_content_width":0,"ocean_both_sidebars_sidebars_width":0,"ocean_sidebar":"0","ocean_second_sidebar":"0","ocean_disable_margins":"enable","ocean_add_body_class":"","ocean_shortcode_before_top_bar":"","ocean_shortcode_after_top_bar":"","ocean_shortcode_before_header":"","ocean_shortcode_after_header":"","ocean_has_shortcode":"","ocean_shortcode_after_title":"","ocean_shortcode_before_footer_widgets":"","ocean_shortcode_after_footer_widgets":"","ocean_shortcode_before_footer_bottom":"","ocean_shortcode_after_footer_bottom":"","ocean_display_top_bar":"default","ocean_display_header":"default","ocean_header_style":"","ocean_center_header_left_menu":"0","ocean_custom_header_template":"0","ocean_custom_logo":0,"ocean_custom_retina_logo":0,"ocean_custom_logo_max_width":0,"ocean_custom_logo_tablet_max_width":0,"ocean_custom_logo_mobile_max_width":0,"ocean_custom_logo_max_height":0,"ocean_custom_logo_tablet_max_height":0,"ocean_custom_logo_mobile_max_height":0,"ocean_header_custom_menu":"0","ocean_menu_typo_font_family":"0","ocean_menu_typo_font_subset":"","ocean_menu_typo_font_size":0,"ocean_menu_typo_font_size_tablet":0,"ocean_menu_typo_font_size_mobile":0,"ocean_menu_typo_font_size_unit":"px","ocean_menu_typo_font_weight":"","ocean_menu_typo_font_weight_tablet":"","ocean_menu_typo_font_weight_mobile":"","ocean_menu_typo_transform":"","ocean_menu_typo_transform_tablet":"","ocean_menu_typo_transform_mobile":"","ocean_menu_typo_line_height":0,"ocean_menu_typo_line_height_tablet":0,"ocean_menu_typo_line_height_mobile":0,"ocean_menu_typo_line_height_unit":"","ocean_menu_typo_spacing":0,"ocean_menu_typo_spacing_tablet":0,"ocean_menu_typo_spacing_mobile":0,"ocean_menu_typo_spacing_unit":"","ocean_menu_link_color":"","ocean_menu_link_color_hover":"","ocean_menu_link_color_active":"","ocean_menu_link_background":"","ocean_menu_link_hover_background":"","ocean_menu_link_active_background":"","ocean_menu_social_links_bg":"","ocean_menu_social_hover_links_bg":"","ocean_menu_social_links_color":"","ocean_menu_social_hover_links_color":"","ocean_disable_title":"default","ocean_disable_heading":"default","ocean_post_title":"","ocean_post_subheading":"","ocean_post_title_style":"","ocean_post_title_background_color":"","ocean_post_title_background":0,"ocean_post_title_bg_image_position":"","ocean_post_title_bg_image_attachment":"","ocean_post_title_bg_image_repeat":"","ocean_post_title_bg_image_size":"","ocean_post_title_height":0,"ocean_post_title_bg_overlay":0.5,"ocean_post_title_bg_overlay_color":"","ocean_disable_breadcrumbs":"default","ocean_breadcrumbs_color":"","ocean_breadcrumbs_separator_color":"","ocean_breadcrumbs_links_color":"","ocean_breadcrumbs_links_hover_color":"","ocean_display_footer_widgets":"default","ocean_display_footer_bottom":"default","ocean_custom_footer_template":"0"},"product_brand":[],"product_cat":[20],"product_tag":[472,456,502,504,503,478,474,446,471,458,470,492,501,464],"class_list":{"0":"post-3296","1":"product","2":"type-product","3":"status-publish","4":"has-post-thumbnail","6":"product_cat-tickets","7":"product_tag-nong-nooch-admission-show","8":"product_tag-nong-nooch-attraction","9":"product_tag-nong-nooch-bus-show","10":"product_tag-nong-nooch-combo-package","11":"product_tag-nong-nooch-cultural-show","12":"product_tag-nong-nooch-event-ticket","13":"product_tag-nong-nooch-garden-show","14":"product_tag-nong-nooch-garden-thailand","15":"product_tag-nong-nooch-show-ticket","16":"product_tag-nong-nooch-sightseeing-bus","17":"product_tag-nong-nooch-thailand-entry","18":"product_tag-nong-nooch-thailand-ticket","19":"product_tag-nong-nooch-tickets-combo","20":"product_tag-nong-nooch-tour-package","22":"entry","23":"has-media","24":"tm-has-options","26":"first","27":"instock","28":"virtual","29":"taxable","30":"purchasable","31":"product-type-simple","32":"has-product-nav","33":"col","34":"span_1_of_3","35":"owp-content-center","36":"owp-thumbs-layout-horizontal","37":"owp-btn-normal","38":"owp-tabs-layout-horizontal"},"yoast_head":"<!-- This site is optimized with the Yoast SEO plugin v27.3 - https:\/\/yoast.com\/product\/yoast-seo-wordpress\/ -->\n<title>Book Nong Nooch Entry, Bus And Show \u2013 Ultimate Garden Tour<\/title>\n<meta name=\"description\" content=\"Experience Nong Nooch With An Admission Ticket, Scenic Bus Tour, And Cultural Show. Enjoy The Best Of Nature And Culture! Book Your Tickets Now.\" \/>\n<meta name=\"robots\" content=\"index, follow, max-snippet:-1, max-image-preview:large, max-video-preview:-1\" \/>\n<link rel=\"canonical\" href=\"https:\/\/nongnoochtickets.com\/de\/tickets\/eintrittskarte-fur-den-tropischen-garten-nong-nooch-sightseeing-busshow\/\" \/>\n<meta property=\"og:locale\" content=\"de_DE\" \/>\n<meta property=\"og:type\" content=\"article\" \/>\n<meta property=\"og:title\" content=\"Book Nong Nooch Entry, Bus And Show \u2013 Ultimate Garden Tour\" \/>\n<meta property=\"og:description\" content=\"Experience Nong Nooch With An Admission Ticket, Scenic Bus Tour, And Cultural Show. Enjoy The Best Of Nature And Culture! Book Your Tickets Now.\" \/>\n<meta property=\"og:url\" content=\"https:\/\/nongnoochtickets.com\/de\/tickets\/eintrittskarte-fur-den-tropischen-garten-nong-nooch-sightseeing-busshow\/\" \/>\n<meta property=\"og:site_name\" content=\"Nong Nooch Tropical Garden\" \/>\n<meta property=\"article:modified_time\" content=\"2025-09-19T09:52:22+00:00\" \/>\n<meta property=\"og:image\" content=\"https:\/\/nongnoochtickets.com\/wp-content\/uploads\/2024\/11\/Nong-Nooch-Tropical-Garden.webp\" \/>\n\t<meta property=\"og:image:width\" content=\"1607\" \/>\n\t<meta property=\"og:image:height\" content=\"904\" \/>\n\t<meta property=\"og:image:type\" content=\"image\/webp\" \/>\n<meta name=\"twitter:card\" content=\"summary_large_image\" \/>\n<meta name=\"twitter:label1\" content=\"Gesch\u00e4tzte Lesezeit\" \/>\n\t<meta name=\"twitter:data1\" content=\"4\u00a0Minuten\" \/>\n<script type=\"application\/ld+json\" class=\"yoast-schema-graph\">{\"@context\":\"https:\\\/\\\/schema.org\",\"@graph\":[{\"@type\":\"WebPage\",\"@id\":\"https:\\\/\\\/nongnoochtickets.com\\\/tickets\\\/nong-nooch-tropical-garden-admission-ticket-sightseeing-bus-show\\\/\",\"url\":\"https:\\\/\\\/nongnoochtickets.com\\\/tickets\\\/nong-nooch-tropical-garden-admission-ticket-sightseeing-bus-show\\\/\",\"name\":\"Book Nong Nooch Entry, Bus And Show \u2013 Ultimate Garden Tour\",\"isPartOf\":{\"@id\":\"https:\\\/\\\/nongnoochtickets.com\\\/#website\"},\"primaryImageOfPage\":{\"@id\":\"https:\\\/\\\/nongnoochtickets.com\\\/tickets\\\/nong-nooch-tropical-garden-admission-ticket-sightseeing-bus-show\\\/#primaryimage\"},\"image\":{\"@id\":\"https:\\\/\\\/nongnoochtickets.com\\\/tickets\\\/nong-nooch-tropical-garden-admission-ticket-sightseeing-bus-show\\\/#primaryimage\"},\"thumbnailUrl\":\"https:\\\/\\\/nongnoochtickets.com\\\/wp-content\\\/uploads\\\/2024\\\/11\\\/Nong-Nooch-Tropical-Garden.webp\",\"datePublished\":\"2024-11-12T05:10:47+00:00\",\"dateModified\":\"2025-09-19T09:52:22+00:00\",\"description\":\"Experience Nong Nooch With An Admission Ticket, Scenic Bus Tour, And Cultural Show. Enjoy The Best Of Nature And Culture! Book Your Tickets Now.\",\"breadcrumb\":{\"@id\":\"https:\\\/\\\/nongnoochtickets.com\\\/tickets\\\/nong-nooch-tropical-garden-admission-ticket-sightseeing-bus-show\\\/#breadcrumb\"},\"inLanguage\":\"de\",\"potentialAction\":[{\"@type\":\"ReadAction\",\"target\":[\"https:\\\/\\\/nongnoochtickets.com\\\/tickets\\\/nong-nooch-tropical-garden-admission-ticket-sightseeing-bus-show\\\/\"]}]},{\"@type\":\"ImageObject\",\"inLanguage\":\"de\",\"@id\":\"https:\\\/\\\/nongnoochtickets.com\\\/tickets\\\/nong-nooch-tropical-garden-admission-ticket-sightseeing-bus-show\\\/#primaryimage\",\"url\":\"https:\\\/\\\/nongnoochtickets.com\\\/wp-content\\\/uploads\\\/2024\\\/11\\\/Nong-Nooch-Tropical-Garden.webp\",\"contentUrl\":\"https:\\\/\\\/nongnoochtickets.com\\\/wp-content\\\/uploads\\\/2024\\\/11\\\/Nong-Nooch-Tropical-Garden.webp\",\"width\":1607,\"height\":904,\"caption\":\"Nong Nooch Tropical Garden\"},{\"@type\":\"BreadcrumbList\",\"@id\":\"https:\\\/\\\/nongnoochtickets.com\\\/tickets\\\/nong-nooch-tropical-garden-admission-ticket-sightseeing-bus-show\\\/#breadcrumb\",\"itemListElement\":[{\"@type\":\"ListItem\",\"position\":1,\"name\":\"Home\",\"item\":\"https:\\\/\\\/nongnoochtickets.com\\\/\"},{\"@type\":\"ListItem\",\"position\":2,\"name\":\"Tickets\",\"item\":\"https:\\\/\\\/nongnoochtickets.com\\\/tickets\\\/\"},{\"@type\":\"ListItem\",\"position\":3,\"name\":\"Nong Nooch Tropical Garden Admission Ticket + Sightseeing Bus + Show\"}]},{\"@type\":\"WebSite\",\"@id\":\"https:\\\/\\\/nongnoochtickets.com\\\/#website\",\"url\":\"https:\\\/\\\/nongnoochtickets.com\\\/\",\"name\":\"Nong Nooch Tropical Garden\",\"description\":\"\",\"publisher\":{\"@id\":\"https:\\\/\\\/nongnoochtickets.com\\\/#organization\"},\"potentialAction\":[{\"@type\":\"SearchAction\",\"target\":{\"@type\":\"EntryPoint\",\"urlTemplate\":\"https:\\\/\\\/nongnoochtickets.com\\\/?s={search_term_string}\"},\"query-input\":{\"@type\":\"PropertyValueSpecification\",\"valueRequired\":true,\"valueName\":\"search_term_string\"}}],\"inLanguage\":\"de\"},{\"@type\":\"Organization\",\"@id\":\"https:\\\/\\\/nongnoochtickets.com\\\/#organization\",\"name\":\"Nong Nooch Tropical Garden\",\"url\":\"https:\\\/\\\/nongnoochtickets.com\\\/\",\"logo\":{\"@type\":\"ImageObject\",\"inLanguage\":\"de\",\"@id\":\"https:\\\/\\\/nongnoochtickets.com\\\/#\\\/schema\\\/logo\\\/image\\\/\",\"url\":\"https:\\\/\\\/nongnoochtickets.com\\\/wp-content\\\/uploads\\\/2024\\\/08\\\/Nong-Nooch-Tropical-Garden.png\",\"contentUrl\":\"https:\\\/\\\/nongnoochtickets.com\\\/wp-content\\\/uploads\\\/2024\\\/08\\\/Nong-Nooch-Tropical-Garden.png\",\"width\":350,\"height\":100,\"caption\":\"Nong Nooch Tropical Garden\"},\"image\":{\"@id\":\"https:\\\/\\\/nongnoochtickets.com\\\/#\\\/schema\\\/logo\\\/image\\\/\"}}]}<\/script>\n<!-- \/ Yoast SEO plugin. -->","yoast_head_json":{"title":"Buchen Sie den Eintritt, Bus und die Show in Nong Nooch \u2013 die ultimative Gartentour","description":"Erleben Sie Nong Nooch mit einer Eintrittskarte, einer malerischen Bustour und einer kulturellen Show. Genie\u00dfen Sie das Beste aus Natur und Kultur! Buchen Sie jetzt Ihre Tickets.","robots":{"index":"index","follow":"follow","max-snippet":"max-snippet:-1","max-image-preview":"max-image-preview:large","max-video-preview":"max-video-preview:-1"},"canonical":"https:\/\/nongnoochtickets.com\/de\/tickets\/eintrittskarte-fur-den-tropischen-garten-nong-nooch-sightseeing-busshow\/","og_locale":"de_DE","og_type":"article","og_title":"Book Nong Nooch Entry, Bus And Show \u2013 Ultimate Garden Tour","og_description":"Experience Nong Nooch With An Admission Ticket, Scenic Bus Tour, And Cultural Show. Enjoy The Best Of Nature And Culture! Book Your Tickets Now.","og_url":"https:\/\/nongnoochtickets.com\/de\/tickets\/eintrittskarte-fur-den-tropischen-garten-nong-nooch-sightseeing-busshow\/","og_site_name":"Nong Nooch Tropical Garden","article_modified_time":"2025-09-19T09:52:22+00:00","og_image":[{"width":1607,"height":904,"url":"https:\/\/nongnoochtickets.com\/wp-content\/uploads\/2024\/11\/Nong-Nooch-Tropical-Garden.webp","type":"image\/webp"}],"twitter_card":"summary_large_image","twitter_misc":{"Gesch\u00e4tzte Lesezeit":"4\u00a0Minuten"},"schema":{"@context":"https:\/\/schema.org","@graph":[{"@type":"WebPage","@id":"https:\/\/nongnoochtickets.com\/tickets\/nong-nooch-tropical-garden-admission-ticket-sightseeing-bus-show\/","url":"https:\/\/nongnoochtickets.com\/tickets\/nong-nooch-tropical-garden-admission-ticket-sightseeing-bus-show\/","name":"Buchen Sie den Eintritt, Bus und die Show in Nong Nooch \u2013 die ultimative Gartentour","isPartOf":{"@id":"https:\/\/nongnoochtickets.com\/#website"},"primaryImageOfPage":{"@id":"https:\/\/nongnoochtickets.com\/tickets\/nong-nooch-tropical-garden-admission-ticket-sightseeing-bus-show\/#primaryimage"},"image":{"@id":"https:\/\/nongnoochtickets.com\/tickets\/nong-nooch-tropical-garden-admission-ticket-sightseeing-bus-show\/#primaryimage"},"thumbnailUrl":"https:\/\/nongnoochtickets.com\/wp-content\/uploads\/2024\/11\/Nong-Nooch-Tropical-Garden.webp","datePublished":"2024-11-12T05:10:47+00:00","dateModified":"2025-09-19T09:52:22+00:00","description":"Erleben Sie Nong Nooch mit einer Eintrittskarte, einer malerischen Bustour und einer kulturellen Show. Genie\u00dfen Sie das Beste aus Natur und Kultur! Buchen Sie jetzt Ihre Tickets.","breadcrumb":{"@id":"https:\/\/nongnoochtickets.com\/tickets\/nong-nooch-tropical-garden-admission-ticket-sightseeing-bus-show\/#breadcrumb"},"inLanguage":"de","potentialAction":[{"@type":"ReadAction","target":["https:\/\/nongnoochtickets.com\/tickets\/nong-nooch-tropical-garden-admission-ticket-sightseeing-bus-show\/"]}]},{"@type":"ImageObject","inLanguage":"de","@id":"https:\/\/nongnoochtickets.com\/tickets\/nong-nooch-tropical-garden-admission-ticket-sightseeing-bus-show\/#primaryimage","url":"https:\/\/nongnoochtickets.com\/wp-content\/uploads\/2024\/11\/Nong-Nooch-Tropical-Garden.webp","contentUrl":"https:\/\/nongnoochtickets.com\/wp-content\/uploads\/2024\/11\/Nong-Nooch-Tropical-Garden.webp","width":1607,"height":904,"caption":"Nong Nooch Tropical Garden"},{"@type":"BreadcrumbList","@id":"https:\/\/nongnoochtickets.com\/tickets\/nong-nooch-tropical-garden-admission-ticket-sightseeing-bus-show\/#breadcrumb","itemListElement":[{"@type":"ListItem","position":1,"name":"Home","item":"https:\/\/nongnoochtickets.com\/"},{"@type":"ListItem","position":2,"name":"Tickets","item":"https:\/\/nongnoochtickets.com\/tickets\/"},{"@type":"ListItem","position":3,"name":"Nong Nooch Tropical Garden Admission Ticket + Sightseeing Bus + Show"}]},{"@type":"WebSite","@id":"https:\/\/nongnoochtickets.com\/#website","url":"https:\/\/nongnoochtickets.com\/","name":"Tropischer Garten Nong Nooch","description":"","publisher":{"@id":"https:\/\/nongnoochtickets.com\/#organization"},"potentialAction":[{"@type":"SearchAction","target":{"@type":"EntryPoint","urlTemplate":"https:\/\/nongnoochtickets.com\/?s={search_term_string}"},"query-input":{"@type":"PropertyValueSpecification","valueRequired":true,"valueName":"search_term_string"}}],"inLanguage":"de"},{"@type":"Organization","@id":"https:\/\/nongnoochtickets.com\/#organization","name":"Tropischer Garten Nong Nooch","url":"https:\/\/nongnoochtickets.com\/","logo":{"@type":"ImageObject","inLanguage":"de","@id":"https:\/\/nongnoochtickets.com\/#\/schema\/logo\/image\/","url":"https:\/\/nongnoochtickets.com\/wp-content\/uploads\/2024\/08\/Nong-Nooch-Tropical-Garden.png","contentUrl":"https:\/\/nongnoochtickets.com\/wp-content\/uploads\/2024\/08\/Nong-Nooch-Tropical-Garden.png","width":350,"height":100,"caption":"Nong Nooch Tropical Garden"},"image":{"@id":"https:\/\/nongnoochtickets.com\/#\/schema\/logo\/image\/"}}]}},"jetpack_sharing_enabled":true,"_links":{"self":[{"href":"https:\/\/nongnoochtickets.com\/de\/wp-json\/wp\/v2\/product\/3296","targetHints":{"allow":["GET"]}}],"collection":[{"href":"https:\/\/nongnoochtickets.com\/de\/wp-json\/wp\/v2\/product"}],"about":[{"href":"https:\/\/nongnoochtickets.com\/de\/wp-json\/wp\/v2\/types\/product"}],"wp:featuredmedia":[{"embeddable":true,"href":"https:\/\/nongnoochtickets.com\/de\/wp-json\/wp\/v2\/media\/3179"}],"wp:attachment":[{"href":"https:\/\/nongnoochtickets.com\/de\/wp-json\/wp\/v2\/media?parent=3296"}],"wp:term":[{"taxonomy":"product_brand","embeddable":true,"href":"https:\/\/nongnoochtickets.com\/de\/wp-json\/wp\/v2\/product_brand?post=3296"},{"taxonomy":"product_cat","embeddable":true,"href":"https:\/\/nongnoochtickets.com\/de\/wp-json\/wp\/v2\/product_cat?post=3296"},{"taxonomy":"product_tag","embeddable":true,"href":"https:\/\/nongnoochtickets.com\/de\/wp-json\/wp\/v2\/product_tag?post=3296"}],"curies":[{"name":"wp","href":"https:\/\/api.w.org\/{rel}","templated":true}]}}