{"id":3295,"date":"2024-11-12T10:37:46","date_gmt":"2024-11-12T05:07:46","guid":{"rendered":"https:\/\/nongnoochtickets.com\/?post_type=product&#038;p=3295"},"modified":"2025-09-19T15:22:07","modified_gmt":"2025-09-19T09:52:07","slug":"eintrittskarte-fur-den-tropischen-garten-nong-nooch-sightseeing-bus-mittagsbuffet","status":"publish","type":"product","link":"https:\/\/nongnoochtickets.com\/de\/tickets\/eintrittskarte-fur-den-tropischen-garten-nong-nooch-sightseeing-bus-mittagsbuffet\/","title":{"rendered":"Eintrittskarte f\u00fcr den Nong Nooch Tropical Garden + Sightseeing-Bus + Mittagsbuffet"},"content":{"rendered":"<h2>\u00dcber Nong Nooch Tropical Garden \u2013 Eintrittskarte + Sightseeing-Bus + Mittagsbuffet<\/h2>\n<p>Der <strong>Eintrittskarte + Sightseeing-Bus + Mittagsbuffet<\/strong> Paket bietet ein All-Inclusive-Erlebnis bei <strong>Tropischer Garten Nong Nooch<\/strong>. Genie\u00dfen Sie den nahtlosen Zugang zu den atemberaubenden Landschaften des Gartens, nehmen Sie an einer gef\u00fchrten Tour auf dem <strong>Sightseeing-Bus<\/strong> um jeden Winkel dieses riesigen botanischen Wunderlandes zu erkunden und sich ein k\u00f6stliches <strong>Mittagsbuffet<\/strong> mit thail\u00e4ndischer, internationaler und indischer K\u00fcche. Dieses Paket ist f\u00fcr diejenigen gedacht, die ihren Besuch mit Komfort, Entspannung und einem unvergesslichen kulinarischen Erlebnis maximieren m\u00f6chten.<\/p>\n<hr \/>\n<h3>Zeiten<\/h3>\n<ul>\n<li><strong>Gartenzeiten<\/strong>: 08:00 \u2013 18:00 Uhr, t\u00e4glich.<\/li>\n<li><strong>\u00d6ffnungszeiten des Mittagsbuffets<\/strong>: 11:30 \u2013 14:00 Uhr.<\/li>\n<li><strong>Sightseeing-Bustouren<\/strong>: Den ganzen Tag \u00fcber verf\u00fcgbar; die Tourzeiten erfahren Sie vor Ort.<\/li>\n<\/ul>\n<hr \/>\n<h3>Highlights<\/h3>\n<ul>\n<li><strong>Umfassende Erkundung<\/strong>: Entdecken Sie den gesamten Garten bequem bei einer gef\u00fchrten Sightseeing-Bustour.<\/li>\n<li><strong>Leckeres Essen<\/strong>: Genie\u00dfen Sie ein Mittagsbuffet mit Gerichten der thail\u00e4ndischen, internationalen und indischen K\u00fcche.<\/li>\n<li><strong>Malerische Landschaften<\/strong>: Besuchen Sie ber\u00fchmte Orte wie das Dinosaur Valley, den French Garden und den Cactus Garden.<\/li>\n<li><strong>Perfekt f\u00fcr alle Altersgruppen<\/strong>: Eine stressfreie M\u00f6glichkeit zum Erkunden f\u00fcr Familien, Senioren und Gruppen.<\/li>\n<\/ul>\n<hr \/>\n<h3>Im Leistungsumfang enthalten<\/h3>\n<ul>\n<li><strong>Zulassung<\/strong> zum Tropengarten Nong Nooch.<\/li>\n<li><strong>Sightseeing-Bus<\/strong> Rundgang durch alle wichtigen Bereiche des Gartens.<\/li>\n<li><strong>Mittagsbuffet<\/strong> mit einer Auswahl an thail\u00e4ndischen, internationalen und indischen Gerichten.<\/li>\n<\/ul>\n<hr \/>\n<h3>Einschl\u00fcsse \/ Ausschl\u00fcsse<\/h3>\n<p><strong>Einschl\u00fcsse<\/strong>:<\/p>\n<ul>\n<li>Eingang zum Garten.<\/li>\n<li>Besichtigungstour mit dem Bus.<\/li>\n<li>Mittagsbuffet mit thail\u00e4ndischer, internationaler und indischer K\u00fcche.<\/li>\n<\/ul>\n<p><strong>Ausschl\u00fcsse<\/strong>:<\/p>\n<ul>\n<li>Live-Kultur- und Elefantenshows (verf\u00fcgbar mit bestimmten Ticket-Upgrades).<\/li>\n<li>Zus\u00e4tzliche Mahlzeiten oder Getr\u00e4nke \u00fcber das Mittagsbuffet hinaus.<\/li>\n<li>Transport zum und vom Garten.<\/li>\n<\/ul>\n<hr \/>\n<h3>Richtlinien zu Kindern<\/h3>\n<ul>\n<li><strong>Ticketberechtigung f\u00fcr Kinder<\/strong>: F\u00fcr Kinder mit einer K\u00f6rpergr\u00f6\u00dfe zwischen 90 und 130 cm gilt ein Kinderpreis.<\/li>\n<li><strong>Eintritt f\u00fcr Kleinkinder<\/strong>: Kinder unter 90 cm haben freien Eintritt.<\/li>\n<\/ul>\n<hr \/>\n<h3>R\u00fcckerstattungs- und Stornierungsbedingungen<\/h3>\n<ul>\n<li><strong>Keine R\u00fcckerstattungen<\/strong>: Dieses Paket ist nicht erstattungsf\u00e4hig und nicht stornierbar.<\/li>\n<li><strong>Umplanung<\/strong>: Bei bestimmten Paketen, die den Transport beinhalten, ist eine Umbuchung m\u00f6glicherweise mit einer Frist von 48 Stunden m\u00f6glich, je nach Verf\u00fcgbarkeit.<\/li>\n<\/ul>\n<hr \/>\n<h3>Was gibt es noch?<\/h3>\n<ul>\n<li><strong>Bequemes Reisen<\/strong>: Der Sightseeing-Bus f\u00e4hrt alle wichtigen Sehensw\u00fcrdigkeiten an und erspart Ihnen weite Fu\u00dfm\u00e4rsche.<\/li>\n<li><strong>K\u00f6stliche Buffet-Optionen<\/strong>: Genie\u00dfen Sie eine gro\u00dfe Auswahl an Aromen, von authentischen thail\u00e4ndischen Gerichten bis hin zu beliebten internationalen und indischen Optionen.<\/li>\n<li><strong>Malerische Aussichten<\/strong>: Speisen Sie mit Blick auf die wundersch\u00f6ne Gartenlandschaft, was das Gesamterlebnis noch verst\u00e4rkt.<\/li>\n<\/ul>\n<hr \/>\n<h3>Insider-Tipps<\/h3>\n<ul>\n<li><strong>Planen Sie Ihren Besuch<\/strong>: Kommen Sie fr\u00fch, um den Garten, die Sightseeing-Bustour und das Mittagessen in entspannter Atmosph\u00e4re zu genie\u00dfen.<\/li>\n<li><strong>Probieren Sie alle K\u00fcchen<\/strong>: Probieren Sie eine Auswahl an Gerichten vom Buffet und erleben Sie thail\u00e4ndische, indische und internationale Aromen.<\/li>\n<li><strong>Nutzen Sie den Sightseeing-Bus<\/strong>: Der Sightseeing-Bus ist eine bequeme M\u00f6glichkeit, den gesamten Garten zu besichtigen, ideal f\u00fcr eine Pause zwischen den Spazierg\u00e4ngen.<\/li>\n<\/ul>\n<hr \/>\n<h3>Was man tun und lassen sollte<\/h3>\n<p><strong>DOS<\/strong>:<\/p>\n<ul>\n<li>F\u00fchren Sie zur Einreisebest\u00e4tigung einen g\u00fcltigen Lichtbildausweis mit.<\/li>\n<li>Kommen Sie fr\u00fchzeitig, um sich Ihren bevorzugten Zeitrahmen f\u00fcr die Sightseeing-Bustour zu sichern.<\/li>\n<li>Planen Sie Ihr Mittagsbuffet rund um die Tour, um Ihre Zeit optimal zu nutzen.<\/li>\n<\/ul>\n<p><strong>Was Sie nicht tun sollten<\/strong>:<\/p>\n<ul>\n<li>Vermeiden Sie das Mitbringen von Speisen und Getr\u00e4nken von au\u00dferhalb.<\/li>\n<li>Lassen Sie keine pers\u00f6nlichen Gegenst\u00e4nde unbeaufsichtigt im Bus zur\u00fcck.<\/li>\n<\/ul>\n<hr \/>\n<h3>Wissenswertes vor der Reise<\/h3>\n<ul>\n<li><strong>Ausweispflicht<\/strong>: Ausl\u00e4nder m\u00fcssen ihren Reisepass als Identit\u00e4tsnachweis mitf\u00fchren.<\/li>\n<li><strong>Wettertipps<\/strong>: Der Garten ist bei leichtem Regen ge\u00f6ffnet. Bringen Sie bei Bedarf einen Regenschirm oder Regenmantel mit.<\/li>\n<li><strong>Planen Sie voraus<\/strong>: Das Buffet wird nur w\u00e4hrend der Mittagszeiten (11:30 \u2013 14:00 Uhr) serviert. Kommen Sie also rechtzeitig.<\/li>\n<\/ul>\n<hr \/>\n<h3>Adresse, Karten und Standort<\/h3>\n<ul>\n<li><strong>Adresse<\/strong>: 34\/1 Sukhumvit Road, Na Chom Thian, Bezirk Sattahip, Chon Buri 20250, Thailand<\/li>\n<li><strong>Google Maps Standort<\/strong>: <a href=\"https:\/\/maps.app.goo.gl\/AwWepSfe6DdhvcTr8\" target=\"_new\" rel=\"noopener\">Lage des tropischen Gartens Nong Nooch<\/a><\/li>\n<\/ul>\n<hr \/>\n<h3>Wie man erreicht<\/h3>\n<ul>\n<li><strong>Mit dem Auto oder Taxi<\/strong>: Ungef\u00e4hr 20 Autominuten vom Stadtzentrum von Pattaya entfernt.<\/li>\n<li><strong>\u00d6ffentliche Verkehrsmittel<\/strong>: Lokale Busse und Taxis bieten eine einfache Anbindung nach Nong Nooch.<\/li>\n<li><strong>Transportpaket<\/strong>: Als Add-on f\u00fcr ausgew\u00e4hlte Tickets verf\u00fcgbar.<\/li>\n<\/ul>\n<hr \/>\n<h3>H\u00e4ufig gestellte Fragen (FAQs)<\/h3>\n<p><strong>1. Was ist in der Eintrittskarte + Sightseeing-Bus + Mittagsbuffet enthalten?<\/strong><br \/>\nDieses Paket beinhaltet den Eintritt in den Garten, eine gef\u00fchrte Sightseeing-Bustour und Zugang zu einem Mittagsbuffet mit thail\u00e4ndischen, internationalen und indischen Gerichten.<\/p>\n<p><strong>2. Kann ich mein Ticket erweitern, um die Shows einzuschlie\u00dfen?<\/strong><br \/>\nJa, der Showzugang kann separat oder \u00fcber andere Ticketoptionen hinzugef\u00fcgt werden.<\/p>\n<p><strong>3. Gibt es vegetarische Optionen am Buffet?<\/strong><br \/>\nJa, das Buffet umfasst eine Auswahl an vegetarischen Gerichten aus allen K\u00fcchenrichtungen.<\/p>\n<p><strong>4. Ist die Sightseeing-Bustour f\u00fcr alle Altersgruppen geeignet?<\/strong><br \/>\nAuf jeden Fall! Die Sightseeing-Bustour ist eine bequeme M\u00f6glichkeit f\u00fcr Besucher jeden Alters, den Garten zu erkunden.<\/p>\n<p><strong>5. Kann ich den Sightseeing Bus an einem Tag mehrmals nutzen?<\/strong><br \/>\nNormalerweise gilt f\u00fcr jedes Ticket eine komplette Runde, Details zur Mehrfachnutzung erfragen Sie bitte vor Ort.<\/p>\n<p><strong>6. Sind Getr\u00e4nke im Buffet inbegriffen?<\/strong><br \/>\nAlkoholfreie Getr\u00e4nke sind im Buffet inkludiert, weitere Getr\u00e4nke k\u00f6nnen separat erworben werden.<\/p>\n<p><strong>7. Was soll ich f\u00fcr die Sightseeing-Bustour anziehen?<\/strong><br \/>\nTragen Sie bequeme Kleidung und bringen Sie einen Hut oder eine Sonnenbrille mit, da die Tour Ausblicke in die Natur beinhaltet.<\/p>\n<p><strong>8. Ist der Sightseeing Bus f\u00fcr Menschen mit eingeschr\u00e4nkter Mobilit\u00e4t zug\u00e4nglich?<\/strong><br \/>\nJa, der Sightseeing-Bus ist barrierefrei und daher f\u00fcr Besucher mit eingeschr\u00e4nkter Mobilit\u00e4t geeignet.<\/p>\n<p>Der <strong>Eintrittskarte + Sightseeing-Bus + Mittagsbuffet<\/strong> Paket bei <a href=\"https:\/\/nongnoochtickets.com\/de\"><strong>Tropischer Garten Nong Nooch<\/strong><\/a> kombiniert Erkundung, Entspannung und Essen und ist somit die ideale Wahl f\u00fcr einen erf\u00fcllten Tag an dieser wundersch\u00f6nen Sehensw\u00fcrdigkeit.<\/p>","protected":false},"excerpt":{"rendered":"<p>About Nong Nooch Tropical Garden \u2013 Admission Ticket + Sightseeing Bus + Buffet Lunch The Admission Ticket + Sightseeing Bus + Buffet Lunch package offers an all-inclusive experience at Nong Nooch Tropical Garden. Enjoy seamless access to the garden\u2019s stunning landscapes, take a guided tour on the Sightseeing Bus to explore every corner of this [&hellip;]<\/p>\n","protected":false},"featured_media":3177,"template":"","meta":{"ocean_post_layout":"","ocean_both_sidebars_style":"","ocean_both_sidebars_content_width":0,"ocean_both_sidebars_sidebars_width":0,"ocean_sidebar":"0","ocean_second_sidebar":"0","ocean_disable_margins":"enable","ocean_add_body_class":"","ocean_shortcode_before_top_bar":"","ocean_shortcode_after_top_bar":"","ocean_shortcode_before_header":"","ocean_shortcode_after_header":"","ocean_has_shortcode":"","ocean_shortcode_after_title":"","ocean_shortcode_before_footer_widgets":"","ocean_shortcode_after_footer_widgets":"","ocean_shortcode_before_footer_bottom":"","ocean_shortcode_after_footer_bottom":"","ocean_display_top_bar":"default","ocean_display_header":"default","ocean_header_style":"","ocean_center_header_left_menu":"0","ocean_custom_header_template":"0","ocean_custom_logo":0,"ocean_custom_retina_logo":0,"ocean_custom_logo_max_width":0,"ocean_custom_logo_tablet_max_width":0,"ocean_custom_logo_mobile_max_width":0,"ocean_custom_logo_max_height":0,"ocean_custom_logo_tablet_max_height":0,"ocean_custom_logo_mobile_max_height":0,"ocean_header_custom_menu":"0","ocean_menu_typo_font_family":"0","ocean_menu_typo_font_subset":"","ocean_menu_typo_font_size":0,"ocean_menu_typo_font_size_tablet":0,"ocean_menu_typo_font_size_mobile":0,"ocean_menu_typo_font_size_unit":"px","ocean_menu_typo_font_weight":"","ocean_menu_typo_font_weight_tablet":"","ocean_menu_typo_font_weight_mobile":"","ocean_menu_typo_transform":"","ocean_menu_typo_transform_tablet":"","ocean_menu_typo_transform_mobile":"","ocean_menu_typo_line_height":0,"ocean_menu_typo_line_height_tablet":0,"ocean_menu_typo_line_height_mobile":0,"ocean_menu_typo_line_height_unit":"","ocean_menu_typo_spacing":0,"ocean_menu_typo_spacing_tablet":0,"ocean_menu_typo_spacing_mobile":0,"ocean_menu_typo_spacing_unit":"","ocean_menu_link_color":"","ocean_menu_link_color_hover":"","ocean_menu_link_color_active":"","ocean_menu_link_background":"","ocean_menu_link_hover_background":"","ocean_menu_link_active_background":"","ocean_menu_social_links_bg":"","ocean_menu_social_hover_links_bg":"","ocean_menu_social_links_color":"","ocean_menu_social_hover_links_color":"","ocean_disable_title":"default","ocean_disable_heading":"default","ocean_post_title":"","ocean_post_subheading":"","ocean_post_title_style":"","ocean_post_title_background_color":"","ocean_post_title_background":0,"ocean_post_title_bg_image_position":"","ocean_post_title_bg_image_attachment":"","ocean_post_title_bg_image_repeat":"","ocean_post_title_bg_image_size":"","ocean_post_title_height":0,"ocean_post_title_bg_overlay":0.5,"ocean_post_title_bg_overlay_color":"","ocean_disable_breadcrumbs":"default","ocean_breadcrumbs_color":"","ocean_breadcrumbs_separator_color":"","ocean_breadcrumbs_links_color":"","ocean_breadcrumbs_links_hover_color":"","ocean_display_footer_widgets":"default","ocean_display_footer_bottom":"default","ocean_custom_footer_template":"0"},"product_brand":[],"product_cat":[20],"product_tag":[485,499,489,465,446,447,496,488,490,458,470,498,475,497,500],"class_list":{"0":"post-3295","1":"product","2":"type-product","3":"status-publish","4":"has-post-thumbnail","6":"product_cat-tickets","7":"product_tag-nong-nooch-admission-lunch","8":"product_tag-nong-nooch-buffet","9":"product_tag-nong-nooch-entry-meal","10":"product_tag-nong-nooch-garden-pass","11":"product_tag-nong-nooch-garden-thailand","12":"product_tag-nong-nooch-garden-ticket","13":"product_tag-nong-nooch-lunch-combo","14":"product_tag-nong-nooch-meal-package","15":"product_tag-nong-nooch-park-access","16":"product_tag-nong-nooch-sightseeing-bus","17":"product_tag-nong-nooch-thailand-entry","18":"product_tag-nong-nooch-thailand-tour","19":"product_tag-nong-nooch-tickets","20":"product_tag-nong-nooch-tour-buffet","21":"product_tag-thailand-bus-tour","23":"entry","24":"has-media","25":"tm-has-options","27":"first","28":"instock","29":"virtual","30":"taxable","31":"purchasable","32":"product-type-simple","33":"has-product-nav","34":"col","35":"span_1_of_3","36":"owp-content-center","37":"owp-thumbs-layout-horizontal","38":"owp-btn-normal","39":"owp-tabs-layout-horizontal"},"yoast_head":"<!-- This site is optimized with the Yoast SEO plugin v27.3 - https:\/\/yoast.com\/product\/yoast-seo-wordpress\/ -->\n<title>Book Nong Nooch Admission, Bus Tour &amp; Buffet - Full Experience<\/title>\n<meta name=\"description\" content=\"Book Admission, A Sightseeing Bus Tour, And Buffet Lunch At Nong Nooch For The Ultimate Experience. Reserve This All-In-One Package Now!\" \/>\n<meta name=\"robots\" content=\"index, follow, max-snippet:-1, max-image-preview:large, max-video-preview:-1\" \/>\n<link rel=\"canonical\" href=\"https:\/\/nongnoochtickets.com\/de\/tickets\/eintrittskarte-fur-den-tropischen-garten-nong-nooch-sightseeing-bus-mittagsbuffet\/\" \/>\n<meta property=\"og:locale\" content=\"de_DE\" \/>\n<meta property=\"og:type\" content=\"article\" \/>\n<meta property=\"og:title\" content=\"Book Nong Nooch Admission, Bus Tour &amp; Buffet - Full Experience\" \/>\n<meta property=\"og:description\" content=\"Book Admission, A Sightseeing Bus Tour, And Buffet Lunch At Nong Nooch For The Ultimate Experience. Reserve This All-In-One Package Now!\" \/>\n<meta property=\"og:url\" content=\"https:\/\/nongnoochtickets.com\/de\/tickets\/eintrittskarte-fur-den-tropischen-garten-nong-nooch-sightseeing-bus-mittagsbuffet\/\" \/>\n<meta property=\"og:site_name\" content=\"Nong Nooch Tropical Garden\" \/>\n<meta property=\"article:modified_time\" content=\"2025-09-19T09:52:07+00:00\" \/>\n<meta name=\"twitter:card\" content=\"summary_large_image\" \/>\n<meta name=\"twitter:label1\" content=\"Gesch\u00e4tzte Lesezeit\" \/>\n\t<meta name=\"twitter:data1\" content=\"4\u00a0Minuten\" \/>\n<script type=\"application\/ld+json\" class=\"yoast-schema-graph\">{\"@context\":\"https:\\\/\\\/schema.org\",\"@graph\":[{\"@type\":\"WebPage\",\"@id\":\"https:\\\/\\\/nongnoochtickets.com\\\/tickets\\\/nong-nooch-tropical-garden-admission-ticket-sightseeing-bus-buffet-lunch\\\/\",\"url\":\"https:\\\/\\\/nongnoochtickets.com\\\/tickets\\\/nong-nooch-tropical-garden-admission-ticket-sightseeing-bus-buffet-lunch\\\/\",\"name\":\"Book Nong Nooch Admission, Bus Tour & Buffet - Full Experience\",\"isPartOf\":{\"@id\":\"https:\\\/\\\/nongnoochtickets.com\\\/#website\"},\"primaryImageOfPage\":{\"@id\":\"https:\\\/\\\/nongnoochtickets.com\\\/tickets\\\/nong-nooch-tropical-garden-admission-ticket-sightseeing-bus-buffet-lunch\\\/#primaryimage\"},\"image\":{\"@id\":\"https:\\\/\\\/nongnoochtickets.com\\\/tickets\\\/nong-nooch-tropical-garden-admission-ticket-sightseeing-bus-buffet-lunch\\\/#primaryimage\"},\"thumbnailUrl\":\"https:\\\/\\\/nongnoochtickets.com\\\/wp-content\\\/uploads\\\/2024\\\/11\\\/Nong-Nooch-Tickets.avif\",\"datePublished\":\"2024-11-12T05:07:46+00:00\",\"dateModified\":\"2025-09-19T09:52:07+00:00\",\"description\":\"Book Admission, A Sightseeing Bus Tour, And Buffet Lunch At Nong Nooch For The Ultimate Experience. Reserve This All-In-One Package Now!\",\"breadcrumb\":{\"@id\":\"https:\\\/\\\/nongnoochtickets.com\\\/tickets\\\/nong-nooch-tropical-garden-admission-ticket-sightseeing-bus-buffet-lunch\\\/#breadcrumb\"},\"inLanguage\":\"de\",\"potentialAction\":[{\"@type\":\"ReadAction\",\"target\":[\"https:\\\/\\\/nongnoochtickets.com\\\/tickets\\\/nong-nooch-tropical-garden-admission-ticket-sightseeing-bus-buffet-lunch\\\/\"]}]},{\"@type\":\"ImageObject\",\"inLanguage\":\"de\",\"@id\":\"https:\\\/\\\/nongnoochtickets.com\\\/tickets\\\/nong-nooch-tropical-garden-admission-ticket-sightseeing-bus-buffet-lunch\\\/#primaryimage\",\"url\":\"https:\\\/\\\/nongnoochtickets.com\\\/wp-content\\\/uploads\\\/2024\\\/11\\\/Nong-Nooch-Tickets.avif\",\"contentUrl\":\"https:\\\/\\\/nongnoochtickets.com\\\/wp-content\\\/uploads\\\/2024\\\/11\\\/Nong-Nooch-Tickets.avif\",\"width\":1356,\"height\":904,\"caption\":\"Nong Nooch Tickets\"},{\"@type\":\"BreadcrumbList\",\"@id\":\"https:\\\/\\\/nongnoochtickets.com\\\/tickets\\\/nong-nooch-tropical-garden-admission-ticket-sightseeing-bus-buffet-lunch\\\/#breadcrumb\",\"itemListElement\":[{\"@type\":\"ListItem\",\"position\":1,\"name\":\"Home\",\"item\":\"https:\\\/\\\/nongnoochtickets.com\\\/\"},{\"@type\":\"ListItem\",\"position\":2,\"name\":\"Tickets\",\"item\":\"https:\\\/\\\/nongnoochtickets.com\\\/tickets\\\/\"},{\"@type\":\"ListItem\",\"position\":3,\"name\":\"Nong Nooch Tropical Garden Admission Ticket + Sightseeing Bus + Buffet Lunch\"}]},{\"@type\":\"WebSite\",\"@id\":\"https:\\\/\\\/nongnoochtickets.com\\\/#website\",\"url\":\"https:\\\/\\\/nongnoochtickets.com\\\/\",\"name\":\"Nong Nooch Tropical Garden\",\"description\":\"\",\"publisher\":{\"@id\":\"https:\\\/\\\/nongnoochtickets.com\\\/#organization\"},\"potentialAction\":[{\"@type\":\"SearchAction\",\"target\":{\"@type\":\"EntryPoint\",\"urlTemplate\":\"https:\\\/\\\/nongnoochtickets.com\\\/?s={search_term_string}\"},\"query-input\":{\"@type\":\"PropertyValueSpecification\",\"valueRequired\":true,\"valueName\":\"search_term_string\"}}],\"inLanguage\":\"de\"},{\"@type\":\"Organization\",\"@id\":\"https:\\\/\\\/nongnoochtickets.com\\\/#organization\",\"name\":\"Nong Nooch Tropical Garden\",\"url\":\"https:\\\/\\\/nongnoochtickets.com\\\/\",\"logo\":{\"@type\":\"ImageObject\",\"inLanguage\":\"de\",\"@id\":\"https:\\\/\\\/nongnoochtickets.com\\\/#\\\/schema\\\/logo\\\/image\\\/\",\"url\":\"https:\\\/\\\/nongnoochtickets.com\\\/wp-content\\\/uploads\\\/2024\\\/08\\\/Nong-Nooch-Tropical-Garden.png\",\"contentUrl\":\"https:\\\/\\\/nongnoochtickets.com\\\/wp-content\\\/uploads\\\/2024\\\/08\\\/Nong-Nooch-Tropical-Garden.png\",\"width\":350,\"height\":100,\"caption\":\"Nong Nooch Tropical Garden\"},\"image\":{\"@id\":\"https:\\\/\\\/nongnoochtickets.com\\\/#\\\/schema\\\/logo\\\/image\\\/\"}}]}<\/script>\n<!-- \/ Yoast SEO plugin. -->","yoast_head_json":{"title":"Buchen Sie den Eintritt zu Nong Nooch, die Bustour und das Buffet \u2013 das volle Erlebnis","description":"Buchen Sie den Eintritt, eine Sightseeing-Bustour und ein Mittagsbuffet im Nong Nooch f\u00fcr das ultimative Erlebnis. Reservieren Sie dieses All-in-One-Paket jetzt!","robots":{"index":"index","follow":"follow","max-snippet":"max-snippet:-1","max-image-preview":"max-image-preview:large","max-video-preview":"max-video-preview:-1"},"canonical":"https:\/\/nongnoochtickets.com\/de\/tickets\/eintrittskarte-fur-den-tropischen-garten-nong-nooch-sightseeing-bus-mittagsbuffet\/","og_locale":"de_DE","og_type":"article","og_title":"Book Nong Nooch Admission, Bus Tour & Buffet - Full Experience","og_description":"Book Admission, A Sightseeing Bus Tour, And Buffet Lunch At Nong Nooch For The Ultimate Experience. Reserve This All-In-One Package Now!","og_url":"https:\/\/nongnoochtickets.com\/de\/tickets\/eintrittskarte-fur-den-tropischen-garten-nong-nooch-sightseeing-bus-mittagsbuffet\/","og_site_name":"Nong Nooch Tropical Garden","article_modified_time":"2025-09-19T09:52:07+00:00","twitter_card":"summary_large_image","twitter_misc":{"Gesch\u00e4tzte Lesezeit":"4\u00a0Minuten"},"schema":{"@context":"https:\/\/schema.org","@graph":[{"@type":"WebPage","@id":"https:\/\/nongnoochtickets.com\/tickets\/nong-nooch-tropical-garden-admission-ticket-sightseeing-bus-buffet-lunch\/","url":"https:\/\/nongnoochtickets.com\/tickets\/nong-nooch-tropical-garden-admission-ticket-sightseeing-bus-buffet-lunch\/","name":"Buchen Sie den Eintritt zu Nong Nooch, die Bustour und das Buffet \u2013 das volle Erlebnis","isPartOf":{"@id":"https:\/\/nongnoochtickets.com\/#website"},"primaryImageOfPage":{"@id":"https:\/\/nongnoochtickets.com\/tickets\/nong-nooch-tropical-garden-admission-ticket-sightseeing-bus-buffet-lunch\/#primaryimage"},"image":{"@id":"https:\/\/nongnoochtickets.com\/tickets\/nong-nooch-tropical-garden-admission-ticket-sightseeing-bus-buffet-lunch\/#primaryimage"},"thumbnailUrl":"https:\/\/nongnoochtickets.com\/wp-content\/uploads\/2024\/11\/Nong-Nooch-Tickets.avif","datePublished":"2024-11-12T05:07:46+00:00","dateModified":"2025-09-19T09:52:07+00:00","description":"Buchen Sie den Eintritt, eine Sightseeing-Bustour und ein Mittagsbuffet im Nong Nooch f\u00fcr das ultimative Erlebnis. Reservieren Sie dieses All-in-One-Paket jetzt!","breadcrumb":{"@id":"https:\/\/nongnoochtickets.com\/tickets\/nong-nooch-tropical-garden-admission-ticket-sightseeing-bus-buffet-lunch\/#breadcrumb"},"inLanguage":"de","potentialAction":[{"@type":"ReadAction","target":["https:\/\/nongnoochtickets.com\/tickets\/nong-nooch-tropical-garden-admission-ticket-sightseeing-bus-buffet-lunch\/"]}]},{"@type":"ImageObject","inLanguage":"de","@id":"https:\/\/nongnoochtickets.com\/tickets\/nong-nooch-tropical-garden-admission-ticket-sightseeing-bus-buffet-lunch\/#primaryimage","url":"https:\/\/nongnoochtickets.com\/wp-content\/uploads\/2024\/11\/Nong-Nooch-Tickets.avif","contentUrl":"https:\/\/nongnoochtickets.com\/wp-content\/uploads\/2024\/11\/Nong-Nooch-Tickets.avif","width":1356,"height":904,"caption":"Nong Nooch Tickets"},{"@type":"BreadcrumbList","@id":"https:\/\/nongnoochtickets.com\/tickets\/nong-nooch-tropical-garden-admission-ticket-sightseeing-bus-buffet-lunch\/#breadcrumb","itemListElement":[{"@type":"ListItem","position":1,"name":"Home","item":"https:\/\/nongnoochtickets.com\/"},{"@type":"ListItem","position":2,"name":"Tickets","item":"https:\/\/nongnoochtickets.com\/tickets\/"},{"@type":"ListItem","position":3,"name":"Nong Nooch Tropical Garden Admission Ticket + Sightseeing Bus + Buffet Lunch"}]},{"@type":"WebSite","@id":"https:\/\/nongnoochtickets.com\/#website","url":"https:\/\/nongnoochtickets.com\/","name":"Tropischer Garten Nong Nooch","description":"","publisher":{"@id":"https:\/\/nongnoochtickets.com\/#organization"},"potentialAction":[{"@type":"SearchAction","target":{"@type":"EntryPoint","urlTemplate":"https:\/\/nongnoochtickets.com\/?s={search_term_string}"},"query-input":{"@type":"PropertyValueSpecification","valueRequired":true,"valueName":"search_term_string"}}],"inLanguage":"de"},{"@type":"Organization","@id":"https:\/\/nongnoochtickets.com\/#organization","name":"Tropischer Garten Nong Nooch","url":"https:\/\/nongnoochtickets.com\/","logo":{"@type":"ImageObject","inLanguage":"de","@id":"https:\/\/nongnoochtickets.com\/#\/schema\/logo\/image\/","url":"https:\/\/nongnoochtickets.com\/wp-content\/uploads\/2024\/08\/Nong-Nooch-Tropical-Garden.png","contentUrl":"https:\/\/nongnoochtickets.com\/wp-content\/uploads\/2024\/08\/Nong-Nooch-Tropical-Garden.png","width":350,"height":100,"caption":"Nong Nooch Tropical Garden"},"image":{"@id":"https:\/\/nongnoochtickets.com\/#\/schema\/logo\/image\/"}}]}},"jetpack_sharing_enabled":true,"_links":{"self":[{"href":"https:\/\/nongnoochtickets.com\/de\/wp-json\/wp\/v2\/product\/3295","targetHints":{"allow":["GET"]}}],"collection":[{"href":"https:\/\/nongnoochtickets.com\/de\/wp-json\/wp\/v2\/product"}],"about":[{"href":"https:\/\/nongnoochtickets.com\/de\/wp-json\/wp\/v2\/types\/product"}],"wp:featuredmedia":[{"embeddable":true,"href":"https:\/\/nongnoochtickets.com\/de\/wp-json\/wp\/v2\/media\/3177"}],"wp:attachment":[{"href":"https:\/\/nongnoochtickets.com\/de\/wp-json\/wp\/v2\/media?parent=3295"}],"wp:term":[{"taxonomy":"product_brand","embeddable":true,"href":"https:\/\/nongnoochtickets.com\/de\/wp-json\/wp\/v2\/product_brand?post=3295"},{"taxonomy":"product_cat","embeddable":true,"href":"https:\/\/nongnoochtickets.com\/de\/wp-json\/wp\/v2\/product_cat?post=3295"},{"taxonomy":"product_tag","embeddable":true,"href":"https:\/\/nongnoochtickets.com\/de\/wp-json\/wp\/v2\/product_tag?post=3295"}],"curies":[{"name":"wp","href":"https:\/\/api.w.org\/{rel}","templated":true}]}}