{"id":3294,"date":"2024-11-12T10:30:46","date_gmt":"2024-11-12T05:00:46","guid":{"rendered":"https:\/\/nongnoochtickets.com\/?post_type=product&#038;p=3294"},"modified":"2025-09-29T13:00:07","modified_gmt":"2025-09-29T07:30:07","slug":"eintrittskarte-fur-den-tropischen-garten-von-nong-nooch-mittagsbuffet","status":"publish","type":"product","link":"https:\/\/nongnoochtickets.com\/de\/tickets\/eintrittskarte-fur-den-tropischen-garten-von-nong-nooch-mittagsbuffet\/","title":{"rendered":"Eintrittskarte f\u00fcr den Nong Nooch Tropical Garden + Mittagsbuffet"},"content":{"rendered":"<h2>\u00dcber Nong Nooch Tropical Garden \u2013 Eintrittskarte + Mittagsbuffet<\/h2>\n<p>Mit dem <strong>Eintrittskarte + Mittagsbuffet<\/strong> Paket bei <strong>Tropischer Garten Nong Nooch<\/strong>, genie\u00dfen Sie nicht nur den Zugang zu diesem atemberaubenden botanischen Paradies, sondern auch ein herrliches Buffet-Erlebnis. W\u00e4hlen Sie aus einer Vielzahl von kulinarischen Optionen, darunter <strong>Internationale, thail\u00e4ndische und indische Gerichte<\/strong>, garantiert eine unvergessliche Mahlzeit inmitten der Sch\u00f6nheit der \u00fcppigen Landschaft von Nong Nooch. Dieses Paket ist perfekt f\u00fcr ein ganzt\u00e4giges Erlebnis, das Natur, Kultur und kulinarischen Genuss in einer der Topattraktionen Thailands kombiniert.<\/p>\n<hr \/>\n<h3>Zeiten<\/h3>\n<ul>\n<li><strong>Gartenzeiten<\/strong>: 08:00 \u2013 18:00 Uhr, t\u00e4glich.<\/li>\n<li><strong>\u00d6ffnungszeiten des Mittagsbuffets<\/strong>: Serviert zwischen 11:30 und 14:00 Uhr.<\/li>\n<\/ul>\n<hr \/>\n<h3>Highlights<\/h3>\n<ul>\n<li><strong>Malerische Sch\u00f6nheit<\/strong>: Wandern Sie durch Themeng\u00e4rten wie den Franz\u00f6sischen Garten, den Kaktusgarten und das Dinosauriertal.<\/li>\n<li><strong>Leckeres Essen<\/strong>: Genie\u00dfen Sie ein Mittagsbuffet mit thail\u00e4ndischen, internationalen und indischen Gerichten.<\/li>\n<li><strong>Entspannen und neue Kraft tanken<\/strong>: Perfekt f\u00fcr Familien oder Gruppen, die sowohl eine Mahlzeit als auch einen ganzen Tag voller Entdeckungen genie\u00dfen m\u00f6chten.<\/li>\n<\/ul>\n<hr \/>\n<h3>Im Leistungsumfang enthalten<\/h3>\n<ul>\n<li><strong>Zulassung<\/strong> zum Tropengarten Nong Nooch.<\/li>\n<li><strong>Mittagsbuffet<\/strong> mit thail\u00e4ndischer, internationaler und indischer K\u00fcche.<\/li>\n<li>Zugang zu allen \u00f6ffentlichen Gartenbereichen, Wegen und Themenlandschaften.<\/li>\n<\/ul>\n<hr \/>\n<h3>Einschl\u00fcsse \/ Ausschl\u00fcsse<\/h3>\n<p><strong>Einschl\u00fcsse<\/strong>:<\/p>\n<ul>\n<li>Eintritt in den Garten.<\/li>\n<li>Mittagsbuffet mit thail\u00e4ndischer, internationaler und indischer K\u00fcche.<\/li>\n<\/ul>\n<p><strong>Ausschl\u00fcsse<\/strong>:<\/p>\n<ul>\n<li>Sightseeing-Bus (als Zusatz erh\u00e4ltlich).<\/li>\n<li>Zugang zu Live-Shows (mit verschiedenen Ticketoptionen verf\u00fcgbar).<\/li>\n<li>Transport zum und vom Garten.<\/li>\n<\/ul>\n<hr \/>\n<h3>Richtlinien zu Kindern<\/h3>\n<ul>\n<li><strong>Ticketberechtigung f\u00fcr Kinder<\/strong>: F\u00fcr Kinder mit einer K\u00f6rpergr\u00f6\u00dfe zwischen 90 und 130 cm gilt ein Kinderpreis.<\/li>\n<li><strong>Eintritt f\u00fcr Kleinkinder<\/strong>: Kinder unter 90 cm haben freien Eintritt.<\/li>\n<\/ul>\n<hr \/>\n<h3>R\u00fcckerstattungs- und Stornierungsbedingungen<\/h3>\n<ul>\n<li><strong>Keine R\u00fcckerstattungen<\/strong>: Tickets sind nicht erstattungsf\u00e4hig und nicht stornierbar.<\/li>\n<li><strong>Umplanung<\/strong>: Bei bestimmten Paketen mit Transport ist eine Umbuchung m\u00f6glicherweise mit einer Frist von 48 Stunden und je nach Verf\u00fcgbarkeit m\u00f6glich.<\/li>\n<\/ul>\n<hr \/>\n<h3>Was gibt es noch?<\/h3>\n<ul>\n<li><strong>Kulinarische Vielfalt<\/strong>: Genie\u00dfen Sie ein abwechslungsreiches Buffetmen\u00fc mit schmackhaften thail\u00e4ndischen Gerichten, beliebten internationalen Gerichten und traditionellen indischen Optionen.<\/li>\n<li><strong>Speiseambiente<\/strong>: Das Buffet wird in einer malerischen Gartenanlage aufgebaut und bietet Ausblicke auf das umliegende Gr\u00fcn und eine ruhige Atmosph\u00e4re.<\/li>\n<\/ul>\n<hr \/>\n<h3>Insider-Tipps<\/h3>\n<ul>\n<li><strong>Kommen Sie fr\u00fch<\/strong>: Wenn Sie fr\u00fch ankommen, haben Sie mehr Zeit, den Garten zu erkunden, bevor Sie zu Mittag essen.<\/li>\n<li><strong>Probieren Sie alle K\u00fcchen<\/strong>: Machen Sie das Beste aus dem Buffet, indem Sie Gerichte aus jeder K\u00fcche probieren \u2013 thail\u00e4ndisch, indisch und international.<\/li>\n<li><strong>Planen Sie Ihre Mittagspausen ein<\/strong>: Um Ihren Tag optimal zu nutzen, planen Sie den Besuch der wichtigsten Sehensw\u00fcrdigkeiten vor oder nach dem Buffet ein.<\/li>\n<\/ul>\n<hr \/>\n<h3>Was man tun und lassen sollte<\/h3>\n<p><strong>DOS<\/strong>:<\/p>\n<ul>\n<li>Tragen Sie f\u00fcr den Zutritt einen g\u00fcltigen Lichtbildausweis mit sich.<\/li>\n<li>Kommen Sie innerhalb der Servierzeiten zum Buffet, um Zugriff auf das gesamte Men\u00fc zu gew\u00e4hrleisten.<\/li>\n<li>Tragen Sie bequeme Schuhe, wenn Sie den gro\u00dfen Gartenbereich erkunden m\u00f6chten.<\/li>\n<\/ul>\n<p><strong>Was Sie nicht tun sollten<\/strong>:<\/p>\n<ul>\n<li>Vermeiden Sie das Mitbringen von Speisen und Getr\u00e4nken von au\u00dferhalb, da diese nicht gestattet sind.<\/li>\n<li>F\u00fcttern Sie keine Tiere im Garten.<\/li>\n<\/ul>\n<hr \/>\n<h3>Wissenswertes vor der Reise<\/h3>\n<ul>\n<li><strong>Ausweispflicht<\/strong>: Alle Ausl\u00e4nder m\u00fcssen ihren Reisepass als Identit\u00e4tsnachweis mitf\u00fchren.<\/li>\n<li><strong>Wettervorbereitung<\/strong>: Der Garten ist bei leichtem Regen ge\u00f6ffnet. Bringen Sie bei Bedarf einen Regenschirm oder Regenmantel mit.<\/li>\n<li><strong>Mittagessen planen<\/strong>: Kommen Sie w\u00e4hrend der angegebenen Mittagszeiten (11:30 \u2013 14:00 Uhr), um das Buffet zu genie\u00dfen.<\/li>\n<\/ul>\n<hr \/>\n<h3>Adresse, Karten und Standort<\/h3>\n<ul>\n<li><strong>Adresse<\/strong>: 34\/1 Sukhumvit Road, Na Chom Thian, Bezirk Sattahip, Chon Buri 20250, Thailand<\/li>\n<li><strong>Google Maps Standort<\/strong>: <a href=\"https:\/\/maps.app.goo.gl\/AwWepSfe6DdhvcTr8\" target=\"_new\" rel=\"noopener\">Lage des tropischen Gartens Nong Nooch<\/a><\/li>\n<\/ul>\n<hr \/>\n<h3>Wie man erreicht<\/h3>\n<ul>\n<li><strong>Mit dem Auto oder Taxi<\/strong>: Liegt etwa 20 Minuten vom Stadtzentrum von Pattaya entfernt.<\/li>\n<li><strong>\u00d6ffentliche Verkehrsmittel<\/strong>: Leicht mit dem \u00f6rtlichen Bus oder Taxi erreichbar.<\/li>\n<li><strong>Transportpaket<\/strong>: F\u00fcr zus\u00e4tzlichen Komfort bei ausgew\u00e4hlten Tickets verf\u00fcgbar.<\/li>\n<\/ul>\n<hr \/>\n<h3>H\u00e4ufig gestellte Fragen (FAQs)<\/h3>\n<p><strong>1. Was ist in der Eintrittskarte + Mittagsbuffet enthalten?<\/strong><br \/>\nDas Paket beinhaltet den Eintritt zum Garten und Zugang zu einem Mittagsbuffet mit thail\u00e4ndischen, internationalen und indischen Gerichten.<\/p>\n<p><strong>2. Gibt es andere Speisem\u00f6glichkeiten?<\/strong><br \/>\nDas Buffet bietet eine gro\u00dfe Auswahl, zudem gibt es vor Ort noch weitere Restaurants, die verschiedene Gerichte anbieten (gegen Aufpreis).<\/p>\n<p><strong>3. Kann ich mein Ticket erweitern, um die Live-Shows einzuschlie\u00dfen?<\/strong><br \/>\nJa, Besucher k\u00f6nnen ein Upgrade durchf\u00fchren oder zus\u00e4tzliche Tickets f\u00fcr Shows kaufen, sofern verf\u00fcgbar.<\/p>\n<p><strong>4. Ist das Mittagsbuffet f\u00fcr Vegetarier geeignet?<\/strong><br \/>\nJa, das Buffet umfasst eine Auswahl an vegetarischen Gerichten aus allen drei K\u00fcchen.<\/p>\n<p><strong>5. Sind Getr\u00e4nke im Buffet inbegriffen?<\/strong><br \/>\nEinige alkoholfreie Getr\u00e4nke sind inklusive, alkoholische Getr\u00e4nke k\u00f6nnen k\u00e4uflich erworben werden.<\/p>\n<p><strong>6. Kann ich spezielle Ern\u00e4hrungsbed\u00fcrfnisse erf\u00fcllen?<\/strong><br \/>\nBitte erkundigen Sie sich bei Ihrer Ankunft beim Gartenpersonal; das Buffet bietet in der Regel eine Auswahl an Gerichten, die unterschiedlichen Ern\u00e4hrungsbed\u00fcrfnissen gerecht werden.<\/p>\n<p><strong>7. Gibt es Sitzgelegenheiten f\u00fcr das Mittagessen?<\/strong><br \/>\nJa, das Buffet wird in einem gem\u00fctlichen Essbereich mit reichlich Sitzgelegenheiten f\u00fcr Besucher aufgebaut.<\/p>\n<p><strong>8. Gibt es eine zeitliche Begrenzung f\u00fcr das Buffet?<\/strong><br \/>\nInnerhalb der Ausgabezeiten von 11:30 \u2013 14:00 Uhr k\u00f6nnen Sie das Buffet genie\u00dfen.<\/p>\n<p>Das <strong>Eintrittskarte + Mittagsbuffet<\/strong> Paket bei <a href=\"https:\/\/nongnoochtickets.com\/de\"><strong>Tropischer Garten Nong Nooch<\/strong><\/a> bietet eine wunderbare Kombination aus Erkundung und Essen und garantiert ein umfassendes Erlebnis an einem der sch\u00f6nsten Reiseziele Thailands.<\/p>","protected":false},"excerpt":{"rendered":"<p>About Nong Nooch Tropical Garden \u2013 Admission Ticket + Buffet Lunch With the Admission Ticket + Buffet Lunch package at Nong Nooch Tropical Garden, enjoy not only access to this breathtaking botanical paradise but also a delightful buffet experience. Choose from a variety of cuisine options, including International, Thai, and Indian dishes, ensuring a memorable [&hellip;]<\/p>\n","protected":false},"featured_media":3177,"template":"","meta":{"ocean_post_layout":"","ocean_both_sidebars_style":"","ocean_both_sidebars_content_width":0,"ocean_both_sidebars_sidebars_width":0,"ocean_sidebar":"0","ocean_second_sidebar":"0","ocean_disable_margins":"enable","ocean_add_body_class":"","ocean_shortcode_before_top_bar":"","ocean_shortcode_after_top_bar":"","ocean_shortcode_before_header":"","ocean_shortcode_after_header":"","ocean_has_shortcode":"","ocean_shortcode_after_title":"","ocean_shortcode_before_footer_widgets":"","ocean_shortcode_after_footer_widgets":"","ocean_shortcode_before_footer_bottom":"","ocean_shortcode_after_footer_bottom":"","ocean_display_top_bar":"default","ocean_display_header":"default","ocean_header_style":"","ocean_center_header_left_menu":"0","ocean_custom_header_template":"0","ocean_custom_logo":0,"ocean_custom_retina_logo":0,"ocean_custom_logo_max_width":0,"ocean_custom_logo_tablet_max_width":0,"ocean_custom_logo_mobile_max_width":0,"ocean_custom_logo_max_height":0,"ocean_custom_logo_tablet_max_height":0,"ocean_custom_logo_mobile_max_height":0,"ocean_header_custom_menu":"0","ocean_menu_typo_font_family":"0","ocean_menu_typo_font_subset":"","ocean_menu_typo_font_size":0,"ocean_menu_typo_font_size_tablet":0,"ocean_menu_typo_font_size_mobile":0,"ocean_menu_typo_font_size_unit":"px","ocean_menu_typo_font_weight":"","ocean_menu_typo_font_weight_tablet":"","ocean_menu_typo_font_weight_mobile":"","ocean_menu_typo_transform":"","ocean_menu_typo_transform_tablet":"","ocean_menu_typo_transform_mobile":"","ocean_menu_typo_line_height":0,"ocean_menu_typo_line_height_tablet":0,"ocean_menu_typo_line_height_mobile":0,"ocean_menu_typo_line_height_unit":"","ocean_menu_typo_spacing":0,"ocean_menu_typo_spacing_tablet":0,"ocean_menu_typo_spacing_mobile":0,"ocean_menu_typo_spacing_unit":"","ocean_menu_link_color":"","ocean_menu_link_color_hover":"","ocean_menu_link_color_active":"","ocean_menu_link_background":"","ocean_menu_link_hover_background":"","ocean_menu_link_active_background":"","ocean_menu_social_links_bg":"","ocean_menu_social_hover_links_bg":"","ocean_menu_social_links_color":"","ocean_menu_social_hover_links_color":"","ocean_disable_title":"default","ocean_disable_heading":"default","ocean_post_title":"","ocean_post_subheading":"","ocean_post_title_style":"","ocean_post_title_background_color":"","ocean_post_title_background":0,"ocean_post_title_bg_image_position":"","ocean_post_title_bg_image_attachment":"","ocean_post_title_bg_image_repeat":"","ocean_post_title_bg_image_size":"","ocean_post_title_height":0,"ocean_post_title_bg_overlay":0.5,"ocean_post_title_bg_overlay_color":"","ocean_disable_breadcrumbs":"default","ocean_breadcrumbs_color":"","ocean_breadcrumbs_separator_color":"","ocean_breadcrumbs_links_color":"","ocean_breadcrumbs_links_hover_color":"","ocean_display_footer_widgets":"default","ocean_display_footer_bottom":"default","ocean_custom_footer_template":"0"},"product_brand":[],"product_cat":[20],"product_tag":[485,484,491,489,486,493,446,483,488,494,490,492,487,495],"class_list":{"0":"post-3294","1":"product","2":"type-product","3":"status-publish","4":"has-post-thumbnail","6":"product_cat-tickets","7":"product_tag-nong-nooch-admission-lunch","8":"product_tag-nong-nooch-buffet-entry","9":"product_tag-nong-nooch-buffet-package","10":"product_tag-nong-nooch-entry-meal","11":"product_tag-nong-nooch-garden-buffet","12":"product_tag-nong-nooch-garden-lunch","13":"product_tag-nong-nooch-garden-thailand","14":"product_tag-nong-nooch-lunch-ticket","15":"product_tag-nong-nooch-meal-package","16":"product_tag-nong-nooch-meal-plan","17":"product_tag-nong-nooch-park-access","18":"product_tag-nong-nooch-thailand-ticket","19":"product_tag-nong-nooch-tickets-lunch","20":"product_tag-thailand-buffet-ticket","22":"entry","23":"has-media","24":"tm-has-options","26":"first","27":"instock","28":"virtual","29":"taxable","30":"purchasable","31":"product-type-simple","32":"has-product-nav","33":"col","34":"span_1_of_3","35":"owp-content-center","36":"owp-thumbs-layout-horizontal","37":"owp-btn-normal","38":"owp-tabs-layout-horizontal"},"yoast_head":"<!-- This site is optimized with the Yoast SEO plugin v27.3 - https:\/\/yoast.com\/product\/yoast-seo-wordpress\/ -->\n<title>Book Nong Nooch Entry &amp; Buffet Lunch - Delight In Nature &amp; Food<\/title>\n<meta name=\"description\" content=\"Experience Nong Nooch Admission With A Delicious Buffet Lunch Included. Nature And Flavor Await \u2013 Reserve Your Tickets Now!\" \/>\n<meta name=\"robots\" content=\"index, follow, max-snippet:-1, max-image-preview:large, max-video-preview:-1\" \/>\n<link rel=\"canonical\" href=\"https:\/\/nongnoochtickets.com\/de\/tickets\/eintrittskarte-fur-den-tropischen-garten-von-nong-nooch-mittagsbuffet\/\" \/>\n<meta property=\"og:locale\" content=\"de_DE\" \/>\n<meta property=\"og:type\" content=\"article\" \/>\n<meta property=\"og:title\" content=\"Book Nong Nooch Entry &amp; Buffet Lunch - Delight In Nature &amp; Food\" \/>\n<meta property=\"og:description\" content=\"Experience Nong Nooch Admission With A Delicious Buffet Lunch Included. Nature And Flavor Await \u2013 Reserve Your Tickets Now!\" \/>\n<meta property=\"og:url\" content=\"https:\/\/nongnoochtickets.com\/de\/tickets\/eintrittskarte-fur-den-tropischen-garten-von-nong-nooch-mittagsbuffet\/\" \/>\n<meta property=\"og:site_name\" content=\"Nong Nooch Tropical Garden\" \/>\n<meta property=\"article:modified_time\" content=\"2025-09-29T07:30:07+00:00\" \/>\n<meta name=\"twitter:card\" content=\"summary_large_image\" \/>\n<meta name=\"twitter:label1\" content=\"Gesch\u00e4tzte Lesezeit\" \/>\n\t<meta name=\"twitter:data1\" content=\"4\u00a0Minuten\" \/>\n<script type=\"application\/ld+json\" class=\"yoast-schema-graph\">{\"@context\":\"https:\\\/\\\/schema.org\",\"@graph\":[{\"@type\":\"WebPage\",\"@id\":\"https:\\\/\\\/nongnoochtickets.com\\\/tickets\\\/nong-nooch-tropical-garden-admission-ticket-buffet-lunch\\\/\",\"url\":\"https:\\\/\\\/nongnoochtickets.com\\\/tickets\\\/nong-nooch-tropical-garden-admission-ticket-buffet-lunch\\\/\",\"name\":\"Book Nong Nooch Entry & Buffet Lunch - Delight In Nature & Food\",\"isPartOf\":{\"@id\":\"https:\\\/\\\/nongnoochtickets.com\\\/#website\"},\"primaryImageOfPage\":{\"@id\":\"https:\\\/\\\/nongnoochtickets.com\\\/tickets\\\/nong-nooch-tropical-garden-admission-ticket-buffet-lunch\\\/#primaryimage\"},\"image\":{\"@id\":\"https:\\\/\\\/nongnoochtickets.com\\\/tickets\\\/nong-nooch-tropical-garden-admission-ticket-buffet-lunch\\\/#primaryimage\"},\"thumbnailUrl\":\"https:\\\/\\\/nongnoochtickets.com\\\/wp-content\\\/uploads\\\/2024\\\/11\\\/Nong-Nooch-Tickets.avif\",\"datePublished\":\"2024-11-12T05:00:46+00:00\",\"dateModified\":\"2025-09-29T07:30:07+00:00\",\"description\":\"Experience Nong Nooch Admission With A Delicious Buffet Lunch Included. Nature And Flavor Await \u2013 Reserve Your Tickets Now!\",\"breadcrumb\":{\"@id\":\"https:\\\/\\\/nongnoochtickets.com\\\/tickets\\\/nong-nooch-tropical-garden-admission-ticket-buffet-lunch\\\/#breadcrumb\"},\"inLanguage\":\"de\",\"potentialAction\":[{\"@type\":\"ReadAction\",\"target\":[\"https:\\\/\\\/nongnoochtickets.com\\\/tickets\\\/nong-nooch-tropical-garden-admission-ticket-buffet-lunch\\\/\"]}]},{\"@type\":\"ImageObject\",\"inLanguage\":\"de\",\"@id\":\"https:\\\/\\\/nongnoochtickets.com\\\/tickets\\\/nong-nooch-tropical-garden-admission-ticket-buffet-lunch\\\/#primaryimage\",\"url\":\"https:\\\/\\\/nongnoochtickets.com\\\/wp-content\\\/uploads\\\/2024\\\/11\\\/Nong-Nooch-Tickets.avif\",\"contentUrl\":\"https:\\\/\\\/nongnoochtickets.com\\\/wp-content\\\/uploads\\\/2024\\\/11\\\/Nong-Nooch-Tickets.avif\",\"width\":1356,\"height\":904,\"caption\":\"Nong Nooch Tickets\"},{\"@type\":\"BreadcrumbList\",\"@id\":\"https:\\\/\\\/nongnoochtickets.com\\\/tickets\\\/nong-nooch-tropical-garden-admission-ticket-buffet-lunch\\\/#breadcrumb\",\"itemListElement\":[{\"@type\":\"ListItem\",\"position\":1,\"name\":\"Home\",\"item\":\"https:\\\/\\\/nongnoochtickets.com\\\/\"},{\"@type\":\"ListItem\",\"position\":2,\"name\":\"Tickets\",\"item\":\"https:\\\/\\\/nongnoochtickets.com\\\/tickets\\\/\"},{\"@type\":\"ListItem\",\"position\":3,\"name\":\"Nong Nooch Tropical Garden Admission Ticket + Buffet Lunch\"}]},{\"@type\":\"WebSite\",\"@id\":\"https:\\\/\\\/nongnoochtickets.com\\\/#website\",\"url\":\"https:\\\/\\\/nongnoochtickets.com\\\/\",\"name\":\"Nong Nooch Tropical Garden\",\"description\":\"\",\"publisher\":{\"@id\":\"https:\\\/\\\/nongnoochtickets.com\\\/#organization\"},\"potentialAction\":[{\"@type\":\"SearchAction\",\"target\":{\"@type\":\"EntryPoint\",\"urlTemplate\":\"https:\\\/\\\/nongnoochtickets.com\\\/?s={search_term_string}\"},\"query-input\":{\"@type\":\"PropertyValueSpecification\",\"valueRequired\":true,\"valueName\":\"search_term_string\"}}],\"inLanguage\":\"de\"},{\"@type\":\"Organization\",\"@id\":\"https:\\\/\\\/nongnoochtickets.com\\\/#organization\",\"name\":\"Nong Nooch Tropical Garden\",\"url\":\"https:\\\/\\\/nongnoochtickets.com\\\/\",\"logo\":{\"@type\":\"ImageObject\",\"inLanguage\":\"de\",\"@id\":\"https:\\\/\\\/nongnoochtickets.com\\\/#\\\/schema\\\/logo\\\/image\\\/\",\"url\":\"https:\\\/\\\/nongnoochtickets.com\\\/wp-content\\\/uploads\\\/2024\\\/08\\\/Nong-Nooch-Tropical-Garden.png\",\"contentUrl\":\"https:\\\/\\\/nongnoochtickets.com\\\/wp-content\\\/uploads\\\/2024\\\/08\\\/Nong-Nooch-Tropical-Garden.png\",\"width\":350,\"height\":100,\"caption\":\"Nong Nooch Tropical Garden\"},\"image\":{\"@id\":\"https:\\\/\\\/nongnoochtickets.com\\\/#\\\/schema\\\/logo\\\/image\\\/\"}}]}<\/script>\n<!-- \/ Yoast SEO plugin. -->","yoast_head_json":{"title":"Buchen Sie den Eintritt in Nong Nooch und das Mittagsbuffet - Genie\u00dfen Sie Natur und Essen","description":"Erleben Sie den Eintritt zu Nong Nooch mit einem k\u00f6stlichen Mittagsbuffet. Natur und Geschmack erwarten Sie \u2013 reservieren Sie jetzt Ihre Tickets!","robots":{"index":"index","follow":"follow","max-snippet":"max-snippet:-1","max-image-preview":"max-image-preview:large","max-video-preview":"max-video-preview:-1"},"canonical":"https:\/\/nongnoochtickets.com\/de\/tickets\/eintrittskarte-fur-den-tropischen-garten-von-nong-nooch-mittagsbuffet\/","og_locale":"de_DE","og_type":"article","og_title":"Book Nong Nooch Entry & Buffet Lunch - Delight In Nature & Food","og_description":"Experience Nong Nooch Admission With A Delicious Buffet Lunch Included. Nature And Flavor Await \u2013 Reserve Your Tickets Now!","og_url":"https:\/\/nongnoochtickets.com\/de\/tickets\/eintrittskarte-fur-den-tropischen-garten-von-nong-nooch-mittagsbuffet\/","og_site_name":"Nong Nooch Tropical Garden","article_modified_time":"2025-09-29T07:30:07+00:00","twitter_card":"summary_large_image","twitter_misc":{"Gesch\u00e4tzte Lesezeit":"4\u00a0Minuten"},"schema":{"@context":"https:\/\/schema.org","@graph":[{"@type":"WebPage","@id":"https:\/\/nongnoochtickets.com\/tickets\/nong-nooch-tropical-garden-admission-ticket-buffet-lunch\/","url":"https:\/\/nongnoochtickets.com\/tickets\/nong-nooch-tropical-garden-admission-ticket-buffet-lunch\/","name":"Buchen Sie den Eintritt in Nong Nooch und das Mittagsbuffet - Genie\u00dfen Sie Natur und Essen","isPartOf":{"@id":"https:\/\/nongnoochtickets.com\/#website"},"primaryImageOfPage":{"@id":"https:\/\/nongnoochtickets.com\/tickets\/nong-nooch-tropical-garden-admission-ticket-buffet-lunch\/#primaryimage"},"image":{"@id":"https:\/\/nongnoochtickets.com\/tickets\/nong-nooch-tropical-garden-admission-ticket-buffet-lunch\/#primaryimage"},"thumbnailUrl":"https:\/\/nongnoochtickets.com\/wp-content\/uploads\/2024\/11\/Nong-Nooch-Tickets.avif","datePublished":"2024-11-12T05:00:46+00:00","dateModified":"2025-09-29T07:30:07+00:00","description":"Erleben Sie den Eintritt zu Nong Nooch mit einem k\u00f6stlichen Mittagsbuffet. Natur und Geschmack erwarten Sie \u2013 reservieren Sie jetzt Ihre Tickets!","breadcrumb":{"@id":"https:\/\/nongnoochtickets.com\/tickets\/nong-nooch-tropical-garden-admission-ticket-buffet-lunch\/#breadcrumb"},"inLanguage":"de","potentialAction":[{"@type":"ReadAction","target":["https:\/\/nongnoochtickets.com\/tickets\/nong-nooch-tropical-garden-admission-ticket-buffet-lunch\/"]}]},{"@type":"ImageObject","inLanguage":"de","@id":"https:\/\/nongnoochtickets.com\/tickets\/nong-nooch-tropical-garden-admission-ticket-buffet-lunch\/#primaryimage","url":"https:\/\/nongnoochtickets.com\/wp-content\/uploads\/2024\/11\/Nong-Nooch-Tickets.avif","contentUrl":"https:\/\/nongnoochtickets.com\/wp-content\/uploads\/2024\/11\/Nong-Nooch-Tickets.avif","width":1356,"height":904,"caption":"Nong Nooch Tickets"},{"@type":"BreadcrumbList","@id":"https:\/\/nongnoochtickets.com\/tickets\/nong-nooch-tropical-garden-admission-ticket-buffet-lunch\/#breadcrumb","itemListElement":[{"@type":"ListItem","position":1,"name":"Home","item":"https:\/\/nongnoochtickets.com\/"},{"@type":"ListItem","position":2,"name":"Tickets","item":"https:\/\/nongnoochtickets.com\/tickets\/"},{"@type":"ListItem","position":3,"name":"Nong Nooch Tropical Garden Admission Ticket + Buffet Lunch"}]},{"@type":"WebSite","@id":"https:\/\/nongnoochtickets.com\/#website","url":"https:\/\/nongnoochtickets.com\/","name":"Tropischer Garten Nong Nooch","description":"","publisher":{"@id":"https:\/\/nongnoochtickets.com\/#organization"},"potentialAction":[{"@type":"SearchAction","target":{"@type":"EntryPoint","urlTemplate":"https:\/\/nongnoochtickets.com\/?s={search_term_string}"},"query-input":{"@type":"PropertyValueSpecification","valueRequired":true,"valueName":"search_term_string"}}],"inLanguage":"de"},{"@type":"Organization","@id":"https:\/\/nongnoochtickets.com\/#organization","name":"Tropischer Garten Nong Nooch","url":"https:\/\/nongnoochtickets.com\/","logo":{"@type":"ImageObject","inLanguage":"de","@id":"https:\/\/nongnoochtickets.com\/#\/schema\/logo\/image\/","url":"https:\/\/nongnoochtickets.com\/wp-content\/uploads\/2024\/08\/Nong-Nooch-Tropical-Garden.png","contentUrl":"https:\/\/nongnoochtickets.com\/wp-content\/uploads\/2024\/08\/Nong-Nooch-Tropical-Garden.png","width":350,"height":100,"caption":"Nong Nooch Tropical Garden"},"image":{"@id":"https:\/\/nongnoochtickets.com\/#\/schema\/logo\/image\/"}}]}},"jetpack_sharing_enabled":true,"_links":{"self":[{"href":"https:\/\/nongnoochtickets.com\/de\/wp-json\/wp\/v2\/product\/3294","targetHints":{"allow":["GET"]}}],"collection":[{"href":"https:\/\/nongnoochtickets.com\/de\/wp-json\/wp\/v2\/product"}],"about":[{"href":"https:\/\/nongnoochtickets.com\/de\/wp-json\/wp\/v2\/types\/product"}],"wp:featuredmedia":[{"embeddable":true,"href":"https:\/\/nongnoochtickets.com\/de\/wp-json\/wp\/v2\/media\/3177"}],"wp:attachment":[{"href":"https:\/\/nongnoochtickets.com\/de\/wp-json\/wp\/v2\/media?parent=3294"}],"wp:term":[{"taxonomy":"product_brand","embeddable":true,"href":"https:\/\/nongnoochtickets.com\/de\/wp-json\/wp\/v2\/product_brand?post=3294"},{"taxonomy":"product_cat","embeddable":true,"href":"https:\/\/nongnoochtickets.com\/de\/wp-json\/wp\/v2\/product_cat?post=3294"},{"taxonomy":"product_tag","embeddable":true,"href":"https:\/\/nongnoochtickets.com\/de\/wp-json\/wp\/v2\/product_tag?post=3294"}],"curies":[{"name":"wp","href":"https:\/\/api.w.org\/{rel}","templated":true}]}}