{"id":3168,"date":"2024-11-03T05:11:27","date_gmt":"2024-11-02T23:41:27","guid":{"rendered":"https:\/\/nongnoochtickets.com\/?post_type=product&#038;p=3168"},"modified":"2026-04-29T15:26:10","modified_gmt":"2026-04-29T09:56:10","slug":"eintrittskarte-fur-den-tropischen-garten-von-nong-nooch","status":"publish","type":"product","link":"https:\/\/nongnoochtickets.com\/de\/tickets\/eintrittskarte-fur-den-tropischen-garten-von-nong-nooch\/","title":{"rendered":"Eintrittskarte f\u00fcr den Nong Nooch Tropical Garden"},"content":{"rendered":"<h2><span style=\"color: #000000;\">\u00dcber den Nong Nooch Tropical Garden \u2013 Eintrittskarte<\/span><\/h2>\n<p><span style=\"color: #000000;\"><a href=\"https:\/\/nongnoochtickets.com\/de\/\">Tropischer Garten Nong Nooch<\/a> ist ein weltber\u00fchmtes kulturelles und botanisches Wunder in Pattaya, Thailand. Der Garten ist f\u00fcr seine weitl\u00e4ufigen Landschaften bekannt und beherbergt exquisit gepflegte Themeng\u00e4rten, traditionelle thail\u00e4ndische Architektur und lebendige kulturelle Darbietungen. Der <strong>Eintrittskarte<\/strong> bietet Besuchern die M\u00f6glichkeit, in die ruhige Sch\u00f6nheit des Gartens einzutauchen und fesselnde Shows zu genie\u00dfen, was ihn zu einem unverzichtbaren Zwischenstopp f\u00fcr Touristen und Einheimische macht, die eine Mischung aus Natur und Kultur suchen.<\/span><\/p>\n<h3><span style=\"color: #000000;\">Zeiten<\/span><\/h3>\n<ul>\n<li><span style=\"color: #000000;\"><strong>Betriebsstunden<\/strong>: 08:00 \u2013 18:00 Uhr (t\u00e4glich ge\u00f6ffnet)<\/span><\/li>\n<li><span style=\"color: #000000;\"><strong>Showzeiten<\/strong>:<\/span>\n<ul>\n<li><span style=\"color: #000000;\">Elefantenshow + Thail\u00e4ndische Kulturshow: 10:30 Uhr, 11:30 Uhr, 13:30 Uhr und 15:30 Uhr (vier Runden t\u00e4glich)<\/span><\/li>\n<\/ul>\n<\/li>\n<\/ul>\n<h3><span style=\"color: #000000;\">Highlights<\/span><\/h3>\n<ul>\n<li><span style=\"color: #000000;\"><strong>Weitl\u00e4ufige G\u00e4rten<\/strong>: Erkunden Sie Themeng\u00e4rten voller exotischer Pflanzen und sorgf\u00e4ltig gestalteter Landschaften.<\/span><\/li>\n<li><span style=\"color: #000000;\"><strong>Kulturelle Darbietungen<\/strong>: Genie\u00dfen Sie die ber\u00fchmte Elefantenshow und die thail\u00e4ndische Kulturshow, die im Eintrittsticket inbegriffen sind.<\/span><\/li>\n<li><span style=\"color: #000000;\"><strong>Familienfreundliche Preise<\/strong>: Sonderpreise f\u00fcr Kinder zwischen 90 \u2013 130 cm.<\/span><\/li>\n<li><span style=\"color: #000000;\"><strong>Sofortige Buchungsbest\u00e4tigung<\/strong>: Genie\u00dfen Sie ein nahtloses Erlebnis mit mobilem Ticketing.<\/span><\/li>\n<li><span style=\"color: #000000;\"><strong>Bei jedem Wetter ge\u00f6ffnet<\/strong>: Bei leichtem Nieselregen bleibt der Garten ge\u00f6ffnet.<\/span><\/li>\n<\/ul>\n<h3><span style=\"color: #000000;\">Im Leistungsumfang enthalten<\/span><\/h3>\n<ul>\n<li><span style=\"color: #000000;\"><strong>Ganzt\u00e4giger Zugang<\/strong> zum Tropengarten Nong Nooch.<\/span><\/li>\n<\/ul>\n<h3><span style=\"color: #000000;\">Einschl\u00fcsse \/ Ausschl\u00fcsse<\/span><\/h3>\n<h4><span style=\"color: #000000;\"><strong>Einschl\u00fcsse<\/strong>:<\/span><\/h4>\n<ul>\n<li><span style=\"color: #000000;\">Full-day garden admission.<\/span><\/li>\n<li><span style=\"color: #000000;\">Child-friendly pricing.<\/span><\/li>\n<\/ul>\n<h4><span style=\"color: #000000;\"><strong>Ausschl\u00fcsse<\/strong>:<\/span><\/h4>\n<ul>\n<li><span style=\"color: #000000;\">Meals and dining (unless specified with other ticket types).<\/span><\/li>\n<li><span style=\"color: #000000;\">Sightseeing bus tour and additional activities.<\/span><\/li>\n<li><span style=\"color: #000000;\">Access to cultural shows (Optional).<\/span><\/li>\n<li><span style=\"color: #000000;\">Transport zum\/vom Veranstaltungsort.<\/span><\/li>\n<\/ul>\n<h3><span style=\"color: #000000;\">Richtlinien zu Kindern<\/span><\/h3>\n<ul>\n<li><span style=\"color: #000000;\">F\u00fcr Kinder mit einer K\u00f6rpergr\u00f6\u00dfe zwischen 90 und 130 cm gelten spezielle Kinderpreise.<\/span><\/li>\n<li><span style=\"color: #000000;\">F\u00fcr Kinder unter 90 cm ist der Eintritt h\u00e4ufig frei, es k\u00f6nnen jedoch Bedingungen gelten.<\/span><\/li>\n<\/ul>\n<h3><span style=\"color: #000000;\">R\u00fcckerstattungs- und Stornierungsbedingungen<\/span><\/h3>\n<ul>\n<li><span style=\"color: #000000;\"><strong>Keine R\u00fcckerstattung oder Stornierung<\/strong>: Alle Ticketk\u00e4ufe sind endg\u00fcltig. Stellen Sie sicher, dass Ihre Reisepl\u00e4ne vor der Buchung best\u00e4tigt sind.<\/span><\/li>\n<\/ul>\n<h3><span style=\"color: #000000;\">Was gibt es noch?<\/span><\/h3>\n<ul>\n<li><span style=\"color: #000000;\"><strong>Speisem\u00f6glichkeiten<\/strong>: Besuchen Sie das Restaurant Plub Plueng f\u00fcr eine traditionelle thail\u00e4ndische Mahlzeit (mit bestimmten Ticketarten verf\u00fcgbar).<\/span><\/li>\n<li><span style=\"color: #000000;\"><strong>Sightseeing-Bus<\/strong>: Erkunden Sie den Garten bequem bei einer Sightseeing-Bustour (in Zusatzpaketen buchbar).<\/span><\/li>\n<li><span style=\"color: #000000;\"><strong>Elefantenreiten<\/strong>: Optionale Aktivit\u00e4t mit ausgew\u00e4hlten Ticketarten f\u00fcr ein abenteuerliches Erlebnis.<\/span><\/li>\n<\/ul>\n<h3><span style=\"color: #000000;\">Insider-Tipps<\/span><\/h3>\n<ul>\n<li><span style=\"color: #000000;\">Kommen Sie fr\u00fch, um alle Attraktionen in aller Ruhe genie\u00dfen zu k\u00f6nnen.<\/span><\/li>\n<li><span style=\"color: #000000;\">W\u00e4hlen Sie Sitzpl\u00e4tze f\u00fcr die thail\u00e4ndische Kulturshow f\u00fcr eine optimale Sicht.<\/span><\/li>\n<li><span style=\"color: #000000;\">Bringen Sie eine Kamera mit, um die atemberaubenden Landschaften und unvergesslichen Momente w\u00e4hrend der Shows festzuhalten.<\/span><\/li>\n<\/ul>\n<h3><span style=\"color: #000000;\">Was man tun und lassen sollte<\/span><\/h3>\n<h4><span style=\"color: #000000;\"><strong>DOS<\/strong>:<\/span><\/h4>\n<ul>\n<li><span style=\"color: #000000;\">Arrive at least 10 minutes before showtime for easy entry.<\/span><\/li>\n<li><span style=\"color: #000000;\">Carry a valid photo ID or passport (required for foreign nationals).<\/span><\/li>\n<li><span style=\"color: #000000;\">Wear comfortable shoes suitable for walking.<\/span><\/li>\n<\/ul>\n<h4><span style=\"color: #000000;\"><strong>Was Sie nicht tun sollten<\/strong>:<\/span><\/h4>\n<ul>\n<li><span style=\"color: #000000;\">Don\u2019t bring outside food or beverages.<\/span><\/li>\n<li><span style=\"color: #000000;\">Avoid littering; help keep the garden clean.<\/span><\/li>\n<li><span style=\"color: #000000;\">Don\u2019t forget your umbrella or raincoat if rain is expected.<\/span><\/li>\n<\/ul>\n<h3><span style=\"color: #000000;\">Wissenswertes vor der Reise<\/span><\/h3>\n<ul>\n<li><span style=\"color: #000000;\">F\u00fchren Sie einen g\u00fcltigen Lichtbildausweis mit. Ausl\u00e4nder m\u00fcssen ihren Reisepass mitbringen.<\/span><\/li>\n<li><span style=\"color: #000000;\">Der Garten ist bei jedem Wetter ge\u00f6ffnet; leichter Nieselregen stellt f\u00fcr den Zutritt kein Hindernis dar.<\/span><\/li>\n<li><span style=\"color: #000000;\">Planen Sie Ihren Besuch entsprechend den Showzeiten, um ein umfassendes Erlebnis zu gew\u00e4hrleisten.<\/span><\/li>\n<\/ul>\n<h3><span style=\"color: #000000;\">Adresse, Karten und Standort<\/span><\/h3>\n<p><span style=\"color: #000000;\"><strong>Adresse<\/strong>: Nong Nooch Tropical Garden, 34\/1 Sukhumvit Road, Na Chom Thian, Sattahip District, Chon Buri 20250, Thailand.<\/span><\/p>\n<p><span style=\"color: #000000;\"><strong>Lageplan<\/strong>: <span style=\"color: #008000;\"><a style=\"color: #008000;\" href=\"https:\/\/maps.app.goo.gl\/AwWepSfe6DdhvcTr8\" target=\"_blank\" rel=\"noopener\">Link zu Google Maps<\/a><\/span><\/span><\/p>\n<h3><span style=\"color: #000000;\">Wie man erreicht<\/span><\/h3>\n<ul>\n<li><span style=\"color: #000000;\"><strong>Mit dem Auto<\/strong>: 20 Autominuten vom Stadtzentrum von Pattaya entfernt. Ausreichend Parkpl\u00e4tze vor Ort vorhanden.<\/span><\/li>\n<li><span style=\"color: #000000;\"><strong>Mit dem Taxi<\/strong>: Einfach per Taxi oder Mitfahrdienst zu erreichen.<\/span><\/li>\n<li><span style=\"color: #000000;\"><strong>\u00d6ffentliche Verkehrsmittel<\/strong>: Nutzen Sie lokale Busse oder mieten Sie Tuk-Tuks f\u00fcr ein traditionelleres Thailand-Reiseerlebnis.<\/span><\/li>\n<\/ul>\n<h3><span style=\"color: #000000;\">H\u00e4ufig gestellte Fragen (FAQs)<\/span><\/h3>\n<p><span style=\"color: #000000;\"><strong>1. Was sind die \u00d6ffnungszeiten des Nong Nooch Tropical Garden?<\/strong><\/span><br \/>\n<span style=\"color: #000000;\">Der Garten ist t\u00e4glich von 08:00 bis 18:00 Uhr ge\u00f6ffnet.<\/span><\/p>\n<p><span style=\"color: #000000;\"><strong>2. Welche Shows sind in der Eintrittskarte enthalten?<\/strong><\/span><br \/>\n<span style=\"color: #000000;\">Das Ticket beinhaltet den Zugang zur Elefantenshow und zur thail\u00e4ndischen Kulturshow.<\/span><\/p>\n<p><span style=\"color: #000000;\"><strong>3. Sind Mahlzeiten in der Eintrittskarte inbegriffen?<\/strong><\/span><br \/>\n<span style=\"color: #000000;\">Mahlzeiten sind nicht in der Standard-Eintrittskarte enthalten, k\u00f6nnen aber bei ausgew\u00e4hlten Ticketarten hinzugef\u00fcgt werden.<\/span><\/p>\n<p><span style=\"color: #000000;\"><strong>4. Gibt es eine Kinderrichtlinie?<\/strong><\/span><br \/>\n<span style=\"color: #000000;\">Ja, f\u00fcr Kinder mit einer K\u00f6rpergr\u00f6\u00dfe zwischen 90 und 130 cm gelten Sonderpreise.<\/span><\/p>\n<p><span style=\"color: #000000;\"><strong>5. Bekomme ich eine R\u00fcckerstattung, wenn ich mein Ticket storniere?<\/strong><\/span><br \/>\n<span style=\"color: #000000;\">Nein, alle Tickets sind nicht erstattungsf\u00e4hig und nicht stornierbar.<\/span><\/p>\n<p><span style=\"color: #000000;\"><strong>6. Was soll ich mitbringen?<\/strong><\/span><br \/>\n<span style=\"color: #000000;\">Nehmen Sie einen g\u00fcltigen Lichtbildausweis oder Reisepass, bequeme Wanderschuhe und einen Regenschirm oder Regenmantel mit, falls Regen erwartet wird.<\/span><\/p>\n<p><span style=\"color: #000000;\"><strong>7. Gibt es Add-ons?<\/strong><\/span><br \/>\n<span style=\"color: #000000;\">Ja, es sind Ticketoptionen mit Mahlzeiten, Sightseeing-Bustouren, VIP-Showpl\u00e4tzen und Elefantenreiten verf\u00fcgbar.<\/span><\/p>","protected":false},"excerpt":{"rendered":"<p>About Nong Nooch Tropical Garden &#8211; Admission Ticket Nong Nooch Tropical Garden is a world-renowned cultural and botanical wonder located in Pattaya, Thailand. Known for its vast landscapes, the garden is home to exquisitely manicured themed gardens, traditional Thai architecture, and vibrant cultural performances. The Admission Ticket offers visitors an opportunity to immerse themselves in [&hellip;]<\/p>\n","protected":false},"featured_media":3179,"template":"","meta":{"ocean_post_layout":"","ocean_both_sidebars_style":"","ocean_both_sidebars_content_width":0,"ocean_both_sidebars_sidebars_width":0,"ocean_sidebar":"0","ocean_second_sidebar":"0","ocean_disable_margins":"enable","ocean_add_body_class":"","ocean_shortcode_before_top_bar":"","ocean_shortcode_after_top_bar":"","ocean_shortcode_before_header":"","ocean_shortcode_after_header":"","ocean_has_shortcode":"","ocean_shortcode_after_title":"","ocean_shortcode_before_footer_widgets":"","ocean_shortcode_after_footer_widgets":"","ocean_shortcode_before_footer_bottom":"","ocean_shortcode_after_footer_bottom":"","ocean_display_top_bar":"default","ocean_display_header":"default","ocean_header_style":"","ocean_center_header_left_menu":"0","ocean_custom_header_template":"0","ocean_custom_logo":0,"ocean_custom_retina_logo":0,"ocean_custom_logo_max_width":0,"ocean_custom_logo_tablet_max_width":0,"ocean_custom_logo_mobile_max_width":0,"ocean_custom_logo_max_height":0,"ocean_custom_logo_tablet_max_height":0,"ocean_custom_logo_mobile_max_height":0,"ocean_header_custom_menu":"0","ocean_menu_typo_font_family":"0","ocean_menu_typo_font_subset":"","ocean_menu_typo_font_size":0,"ocean_menu_typo_font_size_tablet":0,"ocean_menu_typo_font_size_mobile":0,"ocean_menu_typo_font_size_unit":"px","ocean_menu_typo_font_weight":"","ocean_menu_typo_font_weight_tablet":"","ocean_menu_typo_font_weight_mobile":"","ocean_menu_typo_transform":"","ocean_menu_typo_transform_tablet":"","ocean_menu_typo_transform_mobile":"","ocean_menu_typo_line_height":0,"ocean_menu_typo_line_height_tablet":0,"ocean_menu_typo_line_height_mobile":0,"ocean_menu_typo_line_height_unit":"","ocean_menu_typo_spacing":0,"ocean_menu_typo_spacing_tablet":0,"ocean_menu_typo_spacing_mobile":0,"ocean_menu_typo_spacing_unit":"","ocean_menu_link_color":"","ocean_menu_link_color_hover":"","ocean_menu_link_color_active":"","ocean_menu_link_background":"","ocean_menu_link_hover_background":"","ocean_menu_link_active_background":"","ocean_menu_social_links_bg":"","ocean_menu_social_hover_links_bg":"","ocean_menu_social_links_color":"","ocean_menu_social_hover_links_color":"","ocean_disable_title":"default","ocean_disable_heading":"default","ocean_post_title":"","ocean_post_subheading":"","ocean_post_title_style":"","ocean_post_title_background_color":"","ocean_post_title_background":0,"ocean_post_title_bg_image_position":"","ocean_post_title_bg_image_attachment":"","ocean_post_title_bg_image_repeat":"","ocean_post_title_bg_image_size":"","ocean_post_title_height":0,"ocean_post_title_bg_overlay":0.5,"ocean_post_title_bg_overlay_color":"","ocean_disable_breadcrumbs":"default","ocean_breadcrumbs_color":"","ocean_breadcrumbs_separator_color":"","ocean_breadcrumbs_links_color":"","ocean_breadcrumbs_links_hover_color":"","ocean_display_footer_widgets":"default","ocean_display_footer_bottom":"default","ocean_custom_footer_template":"0"},"product_brand":[],"product_cat":[20],"product_tag":[449,453,443,456,455,444,452,446,447,451,450,445,457,448,454],"class_list":{"0":"post-3168","1":"product","2":"type-product","3":"status-publish","4":"has-post-thumbnail","6":"product_cat-tickets","7":"product_tag-nong-nooch-access","8":"product_tag-nong-nooch-admission-price","9":"product_tag-nong-nooch-admission-ticket","10":"product_tag-nong-nooch-attraction","11":"product_tag-nong-nooch-garden-admission","12":"product_tag-nong-nooch-garden-entry","13":"product_tag-nong-nooch-garden-entry-fee","14":"product_tag-nong-nooch-garden-thailand","15":"product_tag-nong-nooch-garden-ticket","16":"product_tag-nong-nooch-park-ticket","17":"product_tag-nong-nooch-pass","18":"product_tag-nong-nooch-ticket-booking","19":"product_tag-nong-nooch-ticket-price","20":"product_tag-nong-nooch-tickets-online","21":"product_tag-thailand-garden-entry","23":"entry","24":"has-media","25":"tm-has-options","27":"first","28":"instock","29":"virtual","30":"taxable","31":"purchasable","32":"product-type-simple","33":"has-product-nav","34":"col","35":"span_1_of_3","36":"owp-content-center","37":"owp-thumbs-layout-horizontal","38":"owp-btn-normal","39":"owp-tabs-layout-horizontal"},"yoast_head":"<!-- This site is optimized with the Yoast SEO plugin v27.5 - https:\/\/yoast.com\/product\/yoast-seo-wordpress\/ -->\n<title>Explore Nong Nooch With Admission Ticket - Book Now<\/title>\n<meta name=\"description\" content=\"Book Your Nong Nooch Admission Ticket For An Amazing Day Among Thailand\u2019s Stunning Gardens. Experience Nature\u2019s Beauty Firsthand!\" \/>\n<meta name=\"robots\" content=\"index, follow, max-snippet:-1, max-image-preview:large, max-video-preview:-1\" \/>\n<link rel=\"canonical\" href=\"https:\/\/nongnoochtickets.com\/de\/tickets\/eintrittskarte-fur-den-tropischen-garten-von-nong-nooch\/\" \/>\n<meta property=\"og:locale\" content=\"de_DE\" \/>\n<meta property=\"og:type\" content=\"article\" \/>\n<meta property=\"og:title\" content=\"Explore Nong Nooch With Admission Ticket - Book Now\" \/>\n<meta property=\"og:description\" content=\"Book Your Nong Nooch Admission Ticket For An Amazing Day Among Thailand\u2019s Stunning Gardens. Experience Nature\u2019s Beauty Firsthand!\" \/>\n<meta property=\"og:url\" content=\"https:\/\/nongnoochtickets.com\/de\/tickets\/eintrittskarte-fur-den-tropischen-garten-von-nong-nooch\/\" \/>\n<meta property=\"og:site_name\" content=\"Nong Nooch Tropical Garden\" \/>\n<meta property=\"article:modified_time\" content=\"2026-04-29T09:56:10+00:00\" \/>\n<meta property=\"og:image\" content=\"https:\/\/nongnoochtickets.com\/wp-content\/uploads\/2024\/11\/Nong-Nooch-Tropical-Garden.webp\" \/>\n\t<meta property=\"og:image:width\" content=\"1607\" \/>\n\t<meta property=\"og:image:height\" content=\"904\" \/>\n\t<meta property=\"og:image:type\" content=\"image\/webp\" \/>\n<meta name=\"twitter:card\" content=\"summary_large_image\" \/>\n<meta name=\"twitter:label1\" content=\"Gesch\u00e4tzte Lesezeit\" \/>\n\t<meta name=\"twitter:data1\" content=\"4\u00a0Minuten\" \/>\n<script type=\"application\/ld+json\" class=\"yoast-schema-graph\">{\"@context\":\"https:\\\/\\\/schema.org\",\"@graph\":[{\"@type\":\"WebPage\",\"@id\":\"https:\\\/\\\/nongnoochtickets.com\\\/tickets\\\/nong-nooch-tropical-garden-admission-ticket\\\/\",\"url\":\"https:\\\/\\\/nongnoochtickets.com\\\/tickets\\\/nong-nooch-tropical-garden-admission-ticket\\\/\",\"name\":\"Explore Nong Nooch With Admission Ticket - Book Now\",\"isPartOf\":{\"@id\":\"https:\\\/\\\/nongnoochtickets.com\\\/#website\"},\"primaryImageOfPage\":{\"@id\":\"https:\\\/\\\/nongnoochtickets.com\\\/tickets\\\/nong-nooch-tropical-garden-admission-ticket\\\/#primaryimage\"},\"image\":{\"@id\":\"https:\\\/\\\/nongnoochtickets.com\\\/tickets\\\/nong-nooch-tropical-garden-admission-ticket\\\/#primaryimage\"},\"thumbnailUrl\":\"https:\\\/\\\/nongnoochtickets.com\\\/wp-content\\\/uploads\\\/2024\\\/11\\\/Nong-Nooch-Tropical-Garden.webp\",\"datePublished\":\"2024-11-02T23:41:27+00:00\",\"dateModified\":\"2026-04-29T09:56:10+00:00\",\"description\":\"Book Your Nong Nooch Admission Ticket For An Amazing Day Among Thailand\u2019s Stunning Gardens. Experience Nature\u2019s Beauty Firsthand!\",\"breadcrumb\":{\"@id\":\"https:\\\/\\\/nongnoochtickets.com\\\/tickets\\\/nong-nooch-tropical-garden-admission-ticket\\\/#breadcrumb\"},\"inLanguage\":\"de\",\"potentialAction\":[{\"@type\":\"ReadAction\",\"target\":[\"https:\\\/\\\/nongnoochtickets.com\\\/tickets\\\/nong-nooch-tropical-garden-admission-ticket\\\/\"]}]},{\"@type\":\"ImageObject\",\"inLanguage\":\"de\",\"@id\":\"https:\\\/\\\/nongnoochtickets.com\\\/tickets\\\/nong-nooch-tropical-garden-admission-ticket\\\/#primaryimage\",\"url\":\"https:\\\/\\\/nongnoochtickets.com\\\/wp-content\\\/uploads\\\/2024\\\/11\\\/Nong-Nooch-Tropical-Garden.webp\",\"contentUrl\":\"https:\\\/\\\/nongnoochtickets.com\\\/wp-content\\\/uploads\\\/2024\\\/11\\\/Nong-Nooch-Tropical-Garden.webp\",\"width\":1607,\"height\":904,\"caption\":\"Nong Nooch Tropical Garden\"},{\"@type\":\"BreadcrumbList\",\"@id\":\"https:\\\/\\\/nongnoochtickets.com\\\/tickets\\\/nong-nooch-tropical-garden-admission-ticket\\\/#breadcrumb\",\"itemListElement\":[{\"@type\":\"ListItem\",\"position\":1,\"name\":\"Home\",\"item\":\"https:\\\/\\\/nongnoochtickets.com\\\/\"},{\"@type\":\"ListItem\",\"position\":2,\"name\":\"Tickets\",\"item\":\"https:\\\/\\\/nongnoochtickets.com\\\/tickets\\\/\"},{\"@type\":\"ListItem\",\"position\":3,\"name\":\"Nong Nooch Tropical Garden Admission Ticket\u200b\"}]},{\"@type\":\"WebSite\",\"@id\":\"https:\\\/\\\/nongnoochtickets.com\\\/#website\",\"url\":\"https:\\\/\\\/nongnoochtickets.com\\\/\",\"name\":\"Nong Nooch Tropical Garden\",\"description\":\"\",\"publisher\":{\"@id\":\"https:\\\/\\\/nongnoochtickets.com\\\/#organization\"},\"potentialAction\":[{\"@type\":\"SearchAction\",\"target\":{\"@type\":\"EntryPoint\",\"urlTemplate\":\"https:\\\/\\\/nongnoochtickets.com\\\/?s={search_term_string}\"},\"query-input\":{\"@type\":\"PropertyValueSpecification\",\"valueRequired\":true,\"valueName\":\"search_term_string\"}}],\"inLanguage\":\"de\"},{\"@type\":\"Organization\",\"@id\":\"https:\\\/\\\/nongnoochtickets.com\\\/#organization\",\"name\":\"Nong Nooch Tropical Garden\",\"url\":\"https:\\\/\\\/nongnoochtickets.com\\\/\",\"logo\":{\"@type\":\"ImageObject\",\"inLanguage\":\"de\",\"@id\":\"https:\\\/\\\/nongnoochtickets.com\\\/#\\\/schema\\\/logo\\\/image\\\/\",\"url\":\"https:\\\/\\\/nongnoochtickets.com\\\/wp-content\\\/uploads\\\/2024\\\/08\\\/Nong-Nooch-Tropical-Garden.png\",\"contentUrl\":\"https:\\\/\\\/nongnoochtickets.com\\\/wp-content\\\/uploads\\\/2024\\\/08\\\/Nong-Nooch-Tropical-Garden.png\",\"width\":350,\"height\":100,\"caption\":\"Nong Nooch Tropical Garden\"},\"image\":{\"@id\":\"https:\\\/\\\/nongnoochtickets.com\\\/#\\\/schema\\\/logo\\\/image\\\/\"}}]}<\/script>\n<!-- \/ Yoast SEO plugin. -->","yoast_head_json":{"title":"Erkunden Sie Nong Nooch mit einer Eintrittskarte \u2013 Jetzt buchen","description":"Buchen Sie Ihre Eintrittskarte f\u00fcr Nong Nooch f\u00fcr einen fantastischen Tag inmitten der atemberaubenden G\u00e4rten Thailands. Erleben Sie die Sch\u00f6nheit der Natur aus erster Hand!","robots":{"index":"index","follow":"follow","max-snippet":"max-snippet:-1","max-image-preview":"max-image-preview:large","max-video-preview":"max-video-preview:-1"},"canonical":"https:\/\/nongnoochtickets.com\/de\/tickets\/eintrittskarte-fur-den-tropischen-garten-von-nong-nooch\/","og_locale":"de_DE","og_type":"article","og_title":"Explore Nong Nooch With Admission Ticket - Book Now","og_description":"Book Your Nong Nooch Admission Ticket For An Amazing Day Among Thailand\u2019s Stunning Gardens. Experience Nature\u2019s Beauty Firsthand!","og_url":"https:\/\/nongnoochtickets.com\/de\/tickets\/eintrittskarte-fur-den-tropischen-garten-von-nong-nooch\/","og_site_name":"Nong Nooch Tropical Garden","article_modified_time":"2026-04-29T09:56:10+00:00","og_image":[{"width":1607,"height":904,"url":"https:\/\/nongnoochtickets.com\/wp-content\/uploads\/2024\/11\/Nong-Nooch-Tropical-Garden.webp","type":"image\/webp"}],"twitter_card":"summary_large_image","twitter_misc":{"Gesch\u00e4tzte Lesezeit":"4\u00a0Minuten"},"schema":{"@context":"https:\/\/schema.org","@graph":[{"@type":"WebPage","@id":"https:\/\/nongnoochtickets.com\/tickets\/nong-nooch-tropical-garden-admission-ticket\/","url":"https:\/\/nongnoochtickets.com\/tickets\/nong-nooch-tropical-garden-admission-ticket\/","name":"Erkunden Sie Nong Nooch mit einer Eintrittskarte \u2013 Jetzt buchen","isPartOf":{"@id":"https:\/\/nongnoochtickets.com\/#website"},"primaryImageOfPage":{"@id":"https:\/\/nongnoochtickets.com\/tickets\/nong-nooch-tropical-garden-admission-ticket\/#primaryimage"},"image":{"@id":"https:\/\/nongnoochtickets.com\/tickets\/nong-nooch-tropical-garden-admission-ticket\/#primaryimage"},"thumbnailUrl":"https:\/\/nongnoochtickets.com\/wp-content\/uploads\/2024\/11\/Nong-Nooch-Tropical-Garden.webp","datePublished":"2024-11-02T23:41:27+00:00","dateModified":"2026-04-29T09:56:10+00:00","description":"Buchen Sie Ihre Eintrittskarte f\u00fcr Nong Nooch f\u00fcr einen fantastischen Tag inmitten der atemberaubenden G\u00e4rten Thailands. Erleben Sie die Sch\u00f6nheit der Natur aus erster Hand!","breadcrumb":{"@id":"https:\/\/nongnoochtickets.com\/tickets\/nong-nooch-tropical-garden-admission-ticket\/#breadcrumb"},"inLanguage":"de","potentialAction":[{"@type":"ReadAction","target":["https:\/\/nongnoochtickets.com\/tickets\/nong-nooch-tropical-garden-admission-ticket\/"]}]},{"@type":"ImageObject","inLanguage":"de","@id":"https:\/\/nongnoochtickets.com\/tickets\/nong-nooch-tropical-garden-admission-ticket\/#primaryimage","url":"https:\/\/nongnoochtickets.com\/wp-content\/uploads\/2024\/11\/Nong-Nooch-Tropical-Garden.webp","contentUrl":"https:\/\/nongnoochtickets.com\/wp-content\/uploads\/2024\/11\/Nong-Nooch-Tropical-Garden.webp","width":1607,"height":904,"caption":"Nong Nooch Tropical Garden"},{"@type":"BreadcrumbList","@id":"https:\/\/nongnoochtickets.com\/tickets\/nong-nooch-tropical-garden-admission-ticket\/#breadcrumb","itemListElement":[{"@type":"ListItem","position":1,"name":"Home","item":"https:\/\/nongnoochtickets.com\/"},{"@type":"ListItem","position":2,"name":"Tickets","item":"https:\/\/nongnoochtickets.com\/tickets\/"},{"@type":"ListItem","position":3,"name":"Nong Nooch Tropical Garden Admission Ticket\u200b"}]},{"@type":"WebSite","@id":"https:\/\/nongnoochtickets.com\/#website","url":"https:\/\/nongnoochtickets.com\/","name":"Tropischer Garten Nong Nooch","description":"","publisher":{"@id":"https:\/\/nongnoochtickets.com\/#organization"},"potentialAction":[{"@type":"SearchAction","target":{"@type":"EntryPoint","urlTemplate":"https:\/\/nongnoochtickets.com\/?s={search_term_string}"},"query-input":{"@type":"PropertyValueSpecification","valueRequired":true,"valueName":"search_term_string"}}],"inLanguage":"de"},{"@type":"Organization","@id":"https:\/\/nongnoochtickets.com\/#organization","name":"Tropischer Garten Nong Nooch","url":"https:\/\/nongnoochtickets.com\/","logo":{"@type":"ImageObject","inLanguage":"de","@id":"https:\/\/nongnoochtickets.com\/#\/schema\/logo\/image\/","url":"https:\/\/nongnoochtickets.com\/wp-content\/uploads\/2024\/08\/Nong-Nooch-Tropical-Garden.png","contentUrl":"https:\/\/nongnoochtickets.com\/wp-content\/uploads\/2024\/08\/Nong-Nooch-Tropical-Garden.png","width":350,"height":100,"caption":"Nong Nooch Tropical Garden"},"image":{"@id":"https:\/\/nongnoochtickets.com\/#\/schema\/logo\/image\/"}}]}},"jetpack_sharing_enabled":true,"_links":{"self":[{"href":"https:\/\/nongnoochtickets.com\/de\/wp-json\/wp\/v2\/product\/3168","targetHints":{"allow":["GET"]}}],"collection":[{"href":"https:\/\/nongnoochtickets.com\/de\/wp-json\/wp\/v2\/product"}],"about":[{"href":"https:\/\/nongnoochtickets.com\/de\/wp-json\/wp\/v2\/types\/product"}],"wp:featuredmedia":[{"embeddable":true,"href":"https:\/\/nongnoochtickets.com\/de\/wp-json\/wp\/v2\/media\/3179"}],"wp:attachment":[{"href":"https:\/\/nongnoochtickets.com\/de\/wp-json\/wp\/v2\/media?parent=3168"}],"wp:term":[{"taxonomy":"product_brand","embeddable":true,"href":"https:\/\/nongnoochtickets.com\/de\/wp-json\/wp\/v2\/product_brand?post=3168"},{"taxonomy":"product_cat","embeddable":true,"href":"https:\/\/nongnoochtickets.com\/de\/wp-json\/wp\/v2\/product_cat?post=3168"},{"taxonomy":"product_tag","embeddable":true,"href":"https:\/\/nongnoochtickets.com\/de\/wp-json\/wp\/v2\/product_tag?post=3168"}],"curies":[{"name":"wp","href":"https:\/\/api.w.org\/{rel}","templated":true}]}}